{"id":998,"date":"2023-08-11T12:48:18","date_gmt":"2023-08-11T12:48:18","guid":{"rendered":"https:\/\/cncmakinamarket.com.tr\/?post_type=product&#038;p=998"},"modified":"2023-08-11T12:48:19","modified_gmt":"2023-08-11T12:48:19","slug":"craft-fx150-pro-universal-freze","status":"publish","type":"product","link":"https:\/\/cncmakinamarket.com.tr\/en\/product\/craft-fx150-pro-universal-freze\/","title":{"rendered":"CRAFT FX150 Pro \u00dcniversal Freze"},"content":{"rendered":"<h4>Teknik \u00d6zellikler<\/h4>\n<table border=\"1\">\n<tbody>\n<tr>\n<td><strong>Motor G\u00fcc\u00fc<\/strong><\/td>\n<td>3,75 KW<\/td>\n<\/tr>\n<tr>\n<td><strong>Voltaj<\/strong><\/td>\n<td>400V (Trifaze)<\/td>\n<\/tr>\n<tr>\n<td><strong>So\u011futma Pompas\u0131 G\u00fcc\u00fc<\/strong><\/td>\n<td>100 W<\/td>\n<\/tr>\n<tr>\n<td><strong>Tabla \u00d6l\u00e7\u00fcleri<\/strong><\/td>\n<td>1470&#215;300 mm<\/td>\n<\/tr>\n<tr>\n<td><strong>X Eksen Hareketi<\/strong><\/td>\n<td>1130 mm<\/td>\n<\/tr>\n<tr>\n<td><strong>Y Eksen Hareketi<\/strong><\/td>\n<td>400 mm<\/td>\n<\/tr>\n<tr>\n<td><strong>Z Eksen Hareketi<\/strong><\/td>\n<td>450 mm<\/td>\n<\/tr>\n<tr>\n<td><strong>T Kanal \u00d6l\u00e7\u00fcleri<\/strong><\/td>\n<td>3&#215;16 mm<\/td>\n<\/tr>\n<tr>\n<td><strong>Mil Ba\u011flant\u0131s\u0131<\/strong><\/td>\n<td>Dikey:ISO40 Yatay:ISO40<\/td>\n<\/tr>\n<tr>\n<td><strong>H\u0131z<\/strong><\/td>\n<td>Dikey:65-1500 dev\/dak Yatay:65-1500 dev\/dak<\/td>\n<\/tr>\n<tr>\n<td><strong>Kademe<\/strong><\/td>\n<td>Dikey:9 Yatay:9<\/td>\n<\/tr>\n<tr>\n<td><strong>Mil-Tabla Aras\u0131 Mesafe<\/strong><\/td>\n<td>95-545 mm<\/td>\n<\/tr>\n<tr>\n<td><strong>Mil-S\u00fctun Aras\u0131 Mesafe<\/strong><\/td>\n<td>190-690 mm<\/td>\n<\/tr>\n<tr>\n<td><strong>Tabla Besleme Motoru<\/strong><\/td>\n<td>X:3\/4 Hp ; Y,Z:1\/2Hp<\/td>\n<\/tr>\n<tr>\n<td><strong>Makina \u00d6l\u00e7\u00fcleri(UxGxY)<\/strong><\/td>\n<td>1750x1620x2350 mm<\/td>\n<\/tr>\n<tr>\n<td><strong>Net A\u011f\u0131rl\u0131k<\/strong><\/td>\n<td>2350 Kg<\/td>\n<\/tr>\n<\/tbody>\n<\/table>","protected":false},"excerpt":{"rendered":"<h4>Teknik \u00d6zellikler<\/h4>\n<table border=\"1\">\n<tbody>\n<tr>\n<td><strong>Motor G\u00fcc\u00fc<\/strong><\/td>\n<td>3,75 KW<\/td>\n<\/tr>\n<tr>\n<td><strong>Voltaj<\/strong><\/td>\n<td>400V (Trifaze)<\/td>\n<\/tr>\n<tr>\n<td><strong>So\u011futma Pompas\u0131 G\u00fcc\u00fc<\/strong><\/td>\n<td>100 W<\/td>\n<\/tr>\n<tr>\n<td><strong>Tabla \u00d6l\u00e7\u00fcleri<\/strong><\/td>\n<td>1470&#215;300 mm<\/td>\n<\/tr>\n<tr>\n<td><strong>X Eksen Hareketi<\/strong><\/td>\n<td>1130 mm<\/td>\n<\/tr>\n<tr>\n<td><strong>Y Eksen Hareketi<\/strong><\/td>\n<td>400 mm<\/td>\n<\/tr>\n<tr>\n<td><strong>Z Eksen Hareketi<\/strong><\/td>\n<td>450 mm<\/td>\n<\/tr>\n<tr>\n<td><strong>T Kanal \u00d6l\u00e7\u00fcleri<\/strong><\/td>\n<td>3&#215;16 mm<\/td>\n<\/tr>\n<tr>\n<td><strong>Mil Ba\u011flant\u0131s\u0131<\/strong><\/td>\n<td>Dikey:ISO40 Yatay:ISO40<\/td>\n<\/tr>\n<tr>\n<td><strong>H\u0131z<\/strong><\/td>\n<td>Dikey:65-1500 dev\/dak Yatay:65-1500 dev\/dak<\/td>\n<\/tr>\n<tr>\n<td><strong>Kademe<\/strong><\/td>\n<td>Dikey:9 Yatay:9<\/td>\n<\/tr>\n<tr>\n<td><strong>Mil-Tabla Aras\u0131 Mesafe<\/strong><\/td>\n<td>95-545 mm<\/td>\n<\/tr>\n<tr>\n<td><strong>Mil-S\u00fctun Aras\u0131 Mesafe<\/strong><\/td>\n<td>190-690 mm<\/td>\n<\/tr>\n<tr>\n<td><strong>Tabla Besleme Motoru<\/strong><\/td>\n<td>X:3\/4 Hp ; Y,Z:1\/2Hp<\/td>\n<\/tr>\n<tr>\n<td><strong>Makina \u00d6l\u00e7\u00fcleri(UxGxY)<\/strong><\/td>\n<td>1750x1620x2350 mm<\/td>\n<\/tr>\n<tr>\n<td><strong>Net A\u011f\u0131rl\u0131k<\/strong><\/td>\n<td>2350 Kg<\/td>\n<\/tr>\n<\/tbody>\n<\/table>\n<p><a id=\"sendbtn\" class=\"shortcode_wa_button\" href=\"https:\/\/web.whatsapp.com\/send?phone=905056020019&#038;text=\" target=\"_blank\"><span>Get Information with WhatsApp<\/span><\/a><\/p>","protected":false},"featured_media":999,"template":"","meta":[],"product_cat":[15,27,44],"product_tag":[174,173,80],"acf":[],"yoast_head":"<!-- This site is optimized with the Yoast SEO plugin v21.9.1 - https:\/\/yoast.com\/wordpress\/plugins\/seo\/ -->\n<title>CRAFT FX150 Pro \u00dcniversal Freze - CNC Makina Market<\/title>\n<meta name=\"robots\" content=\"index, follow, max-snippet:-1, max-image-preview:large, max-video-preview:-1\" \/>\n<link rel=\"canonical\" href=\"https:\/\/cncmakinamarket.com.tr\/en\/product\/craft-fx150-pro-universal-freze\/\" \/>\n<meta property=\"og:locale\" content=\"en_US\" \/>\n<meta property=\"og:type\" content=\"article\" \/>\n<meta property=\"og:title\" content=\"CRAFT FX150 Pro \u00dcniversal Freze - CNC Makina Market\" \/>\n<meta property=\"og:description\" content=\"Teknik \u00d6zellikler    Motor G\u00fcc\u00fc 3,75 KW   Voltaj 400V (Trifaze)   So\u011futma Pompas\u0131 G\u00fcc\u00fc 100 W   Tabla \u00d6l\u00e7\u00fcleri 1470x300 mm   X Eksen Hareketi 1130 mm   Y Eksen Hareketi 400 mm   Z Eksen Hareketi 450 mm   T Kanal \u00d6l\u00e7\u00fcleri 3x16 mm   Mil Ba\u011flant\u0131s\u0131 Dikey:ISO40 Yatay:ISO40   H\u0131z Dikey:65-1500 dev\/dak Yatay:65-1500 dev\/dak   Kademe Dikey:9 Yatay:9   Mil-Tabla Aras\u0131 Mesafe 95-545 mm   Mil-S\u00fctun Aras\u0131 Mesafe 190-690 mm   Tabla Besleme Motoru X:3\/4 Hp ; Y,Z:1\/2Hp   Makina \u00d6l\u00e7\u00fcleri(UxGxY) 1750x1620x2350 mm   Net A\u011f\u0131rl\u0131k 2350 Kg\" \/>\n<meta property=\"og:url\" content=\"https:\/\/cncmakinamarket.com.tr\/en\/product\/craft-fx150-pro-universal-freze\/\" \/>\n<meta property=\"og:site_name\" content=\"CNC Makina Market\" \/>\n<meta property=\"article:modified_time\" content=\"2023-08-11T12:48:19+00:00\" \/>\n<meta property=\"og:image\" content=\"https:\/\/cncmakinamarket.com.tr\/wp-content\/uploads\/2023\/08\/craft-fx150-pro-universal.jpg\" \/>\n\t<meta property=\"og:image:width\" content=\"1080\" \/>\n\t<meta property=\"og:image:height\" content=\"1058\" \/>\n\t<meta property=\"og:image:type\" content=\"image\/jpeg\" \/>\n<meta name=\"twitter:card\" content=\"summary_large_image\" \/>\n<meta name=\"twitter:label1\" content=\"Est. reading time\" \/>\n\t<meta name=\"twitter:data1\" content=\"1 minute\" \/>\n<script type=\"application\/ld+json\" class=\"yoast-schema-graph\">{\"@context\":\"https:\/\/schema.org\",\"@graph\":[{\"@type\":\"WebPage\",\"@id\":\"https:\/\/cncmakinamarket.com.tr\/product\/craft-fx150-pro-universal-freze\/\",\"url\":\"https:\/\/cncmakinamarket.com.tr\/product\/craft-fx150-pro-universal-freze\/\",\"name\":\"CRAFT FX150 Pro \u00dcniversal Freze - CNC Makina Market\",\"isPartOf\":{\"@id\":\"https:\/\/cncmakinamarket.com.tr\/#website\"},\"datePublished\":\"2023-08-11T12:48:18+00:00\",\"dateModified\":\"2023-08-11T12:48:19+00:00\",\"breadcrumb\":{\"@id\":\"https:\/\/cncmakinamarket.com.tr\/product\/craft-fx150-pro-universal-freze\/#breadcrumb\"},\"inLanguage\":\"en-US\",\"potentialAction\":[{\"@type\":\"ReadAction\",\"target\":[\"https:\/\/cncmakinamarket.com.tr\/product\/craft-fx150-pro-universal-freze\/\"]}]},{\"@type\":\"BreadcrumbList\",\"@id\":\"https:\/\/cncmakinamarket.com.tr\/product\/craft-fx150-pro-universal-freze\/#breadcrumb\",\"itemListElement\":[{\"@type\":\"ListItem\",\"position\":1,\"name\":\"Anasayfa\",\"item\":\"https:\/\/cncmakinamarket.com.tr\/\"},{\"@type\":\"ListItem\",\"position\":2,\"name\":\"\u00dcr\u00fcnler\",\"item\":\"https:\/\/cncmakinamarket.com.tr\/urunler\/\"},{\"@type\":\"ListItem\",\"position\":3,\"name\":\"CRAFT FX150 Pro \u00dcniversal Freze\"}]},{\"@type\":\"WebSite\",\"@id\":\"https:\/\/cncmakinamarket.com.tr\/#website\",\"url\":\"https:\/\/cncmakinamarket.com.tr\/\",\"name\":\"CNC Makina Market\",\"description\":\"\",\"potentialAction\":[{\"@type\":\"SearchAction\",\"target\":{\"@type\":\"EntryPoint\",\"urlTemplate\":\"https:\/\/cncmakinamarket.com.tr\/?s={search_term_string}\"},\"query-input\":\"required name=search_term_string\"}],\"inLanguage\":\"en-US\"}]}<\/script>\n<!-- \/ Yoast SEO plugin. -->","yoast_head_json":{"title":"CRAFT FX150 Pro \u00dcniversal Freze - CNC Makina Market","robots":{"index":"index","follow":"follow","max-snippet":"max-snippet:-1","max-image-preview":"max-image-preview:large","max-video-preview":"max-video-preview:-1"},"canonical":"https:\/\/cncmakinamarket.com.tr\/en\/product\/craft-fx150-pro-universal-freze\/","og_locale":"en_US","og_type":"article","og_title":"CRAFT FX150 Pro \u00dcniversal Freze - CNC Makina Market","og_description":"Teknik \u00d6zellikler    Motor G\u00fcc\u00fc 3,75 KW   Voltaj 400V (Trifaze)   So\u011futma Pompas\u0131 G\u00fcc\u00fc 100 W   Tabla \u00d6l\u00e7\u00fcleri 1470x300 mm   X Eksen Hareketi 1130 mm   Y Eksen Hareketi 400 mm   Z Eksen Hareketi 450 mm   T Kanal \u00d6l\u00e7\u00fcleri 3x16 mm   Mil Ba\u011flant\u0131s\u0131 Dikey:ISO40 Yatay:ISO40   H\u0131z Dikey:65-1500 dev\/dak Yatay:65-1500 dev\/dak   Kademe Dikey:9 Yatay:9   Mil-Tabla Aras\u0131 Mesafe 95-545 mm   Mil-S\u00fctun Aras\u0131 Mesafe 190-690 mm   Tabla Besleme Motoru X:3\/4 Hp ; Y,Z:1\/2Hp   Makina \u00d6l\u00e7\u00fcleri(UxGxY) 1750x1620x2350 mm   Net A\u011f\u0131rl\u0131k 2350 Kg","og_url":"https:\/\/cncmakinamarket.com.tr\/en\/product\/craft-fx150-pro-universal-freze\/","og_site_name":"CNC Makina Market","article_modified_time":"2023-08-11T12:48:19+00:00","og_image":[{"width":1080,"height":1058,"url":"https:\/\/cncmakinamarket.com.tr\/wp-content\/uploads\/2023\/08\/craft-fx150-pro-universal.jpg","type":"image\/jpeg"}],"twitter_card":"summary_large_image","twitter_misc":{"Est. reading time":"1 minute"},"schema":{"@context":"https:\/\/schema.org","@graph":[{"@type":"WebPage","@id":"https:\/\/cncmakinamarket.com.tr\/product\/craft-fx150-pro-universal-freze\/","url":"https:\/\/cncmakinamarket.com.tr\/product\/craft-fx150-pro-universal-freze\/","name":"CRAFT FX150 Pro \u00dcniversal Freze - CNC Makina Market","isPartOf":{"@id":"https:\/\/cncmakinamarket.com.tr\/#website"},"datePublished":"2023-08-11T12:48:18+00:00","dateModified":"2023-08-11T12:48:19+00:00","breadcrumb":{"@id":"https:\/\/cncmakinamarket.com.tr\/product\/craft-fx150-pro-universal-freze\/#breadcrumb"},"inLanguage":"en-US","potentialAction":[{"@type":"ReadAction","target":["https:\/\/cncmakinamarket.com.tr\/product\/craft-fx150-pro-universal-freze\/"]}]},{"@type":"BreadcrumbList","@id":"https:\/\/cncmakinamarket.com.tr\/product\/craft-fx150-pro-universal-freze\/#breadcrumb","itemListElement":[{"@type":"ListItem","position":1,"name":"Anasayfa","item":"https:\/\/cncmakinamarket.com.tr\/"},{"@type":"ListItem","position":2,"name":"\u00dcr\u00fcnler","item":"https:\/\/cncmakinamarket.com.tr\/urunler\/"},{"@type":"ListItem","position":3,"name":"CRAFT FX150 Pro \u00dcniversal Freze"}]},{"@type":"WebSite","@id":"https:\/\/cncmakinamarket.com.tr\/#website","url":"https:\/\/cncmakinamarket.com.tr\/","name":"CNC Makina Market","description":"","potentialAction":[{"@type":"SearchAction","target":{"@type":"EntryPoint","urlTemplate":"https:\/\/cncmakinamarket.com.tr\/?s={search_term_string}"},"query-input":"required name=search_term_string"}],"inLanguage":"en-US"}]}},"_links":{"self":[{"href":"https:\/\/cncmakinamarket.com.tr\/en\/wp-json\/wp\/v2\/product\/998"}],"collection":[{"href":"https:\/\/cncmakinamarket.com.tr\/en\/wp-json\/wp\/v2\/product"}],"about":[{"href":"https:\/\/cncmakinamarket.com.tr\/en\/wp-json\/wp\/v2\/types\/product"}],"wp:featuredmedia":[{"embeddable":true,"href":"https:\/\/cncmakinamarket.com.tr\/en\/wp-json\/wp\/v2\/media\/999"}],"wp:attachment":[{"href":"https:\/\/cncmakinamarket.com.tr\/en\/wp-json\/wp\/v2\/media?parent=998"}],"wp:term":[{"taxonomy":"product_cat","embeddable":true,"href":"https:\/\/cncmakinamarket.com.tr\/en\/wp-json\/wp\/v2\/product_cat?post=998"},{"taxonomy":"product_tag","embeddable":true,"href":"https:\/\/cncmakinamarket.com.tr\/en\/wp-json\/wp\/v2\/product_tag?post=998"}],"curies":[{"name":"wp","href":"https:\/\/api.w.org\/{rel}","templated":true}]}}