{"id":978,"date":"2023-08-11T12:23:40","date_gmt":"2023-08-11T12:23:40","guid":{"rendered":"https:\/\/cncmakinamarket.com.tr\/?post_type=product&#038;p=978"},"modified":"2023-08-11T12:23:41","modified_gmt":"2023-08-11T12:23:41","slug":"craft-t180s-serit-testere","status":"publish","type":"product","link":"https:\/\/cncmakinamarket.com.tr\/en\/product\/craft-t180s-serit-testere\/","title":{"rendered":"CRAFT T180S \u015eerit Testere"},"content":{"rendered":"<h4>Teknik \u00d6zellikler<\/h4>\n<table border=\"1\">\n<tbody>\n<tr>\n<td><strong>Motor G\u00fcc\u00fc<\/strong><\/td>\n<td>0,75 KW<\/td>\n<\/tr>\n<tr>\n<td><strong>\u00c7al\u0131\u015fma Tipi<\/strong><\/td>\n<td>\u015eanz\u0131manl\u0131<\/td>\n<\/tr>\n<tr>\n<td><strong>Kesim A\u00e7\u0131s\u0131<\/strong><\/td>\n<td>0\u00b0-45\u00b0<\/td>\n<\/tr>\n<tr>\n<td><strong>Kesim A\u00e7\u0131 Ayar\u0131<\/strong><\/td>\n<td>Mengeneden<\/td>\n<\/tr>\n<tr>\n<td><strong>Kafa \u0130ni\u015f H\u0131z Ayar\u0131\/Besleme<\/strong><\/td>\n<td>Hidrolik<\/td>\n<\/tr>\n<tr>\n<td><strong>Testere B\u0131\u00e7a\u011f\u0131 \u00d6l\u00e7\u00fcleri<\/strong><\/td>\n<td>19&#215;0,9&#215;2360 mm<\/td>\n<\/tr>\n<tr>\n<td><strong>Kesme Kapasitesi 0\u00b0<\/strong><\/td>\n<td>Yuvarlak:180mm ; Dikd\u00f6rtgen:180x270mm,35x300mm<\/td>\n<\/tr>\n<tr>\n<td><strong>Kesme Kapasitesi 45\u00b0<\/strong><\/td>\n<td>Yuvarlak:115mm; Dikd\u00f6rtgen:140x115mm<\/td>\n<\/tr>\n<tr>\n<td><strong>H\u0131z<\/strong><\/td>\n<td>39\/66\/82 m\/dak<\/td>\n<\/tr>\n<tr>\n<td><strong>So\u011futma Pompas\u0131 G\u00fcc\u00fc<\/strong><\/td>\n<td>90 W<\/td>\n<\/tr>\n<tr>\n<td><strong>So\u011futma Tank Kapasitesi<\/strong><\/td>\n<td>11 Litre<\/td>\n<\/tr>\n<tr>\n<td><strong>Makina \u00d6l\u00e7\u00fcleri(UxGxY)<\/strong><\/td>\n<td>1295x450x1060 mm<\/td>\n<\/tr>\n<tr>\n<td><strong>Net A\u011f\u0131rl\u0131k<\/strong><\/td>\n<td>130 Kg<\/td>\n<\/tr>\n<\/tbody>\n<\/table>","protected":false},"excerpt":{"rendered":"<h4>Teknik \u00d6zellikler<\/h4>\n<table border=\"1\">\n<tbody>\n<tr>\n<td><strong>Motor G\u00fcc\u00fc<\/strong><\/td>\n<td>0,75 KW<\/td>\n<\/tr>\n<tr>\n<td><strong>\u00c7al\u0131\u015fma Tipi<\/strong><\/td>\n<td>\u015eanz\u0131manl\u0131<\/td>\n<\/tr>\n<tr>\n<td><strong>Kesim A\u00e7\u0131s\u0131<\/strong><\/td>\n<td>0\u00b0-45\u00b0<\/td>\n<\/tr>\n<tr>\n<td><strong>Kesim A\u00e7\u0131 Ayar\u0131<\/strong><\/td>\n<td>Mengeneden<\/td>\n<\/tr>\n<tr>\n<td><strong>Kafa \u0130ni\u015f H\u0131z Ayar\u0131\/Besleme<\/strong><\/td>\n<td>Hidrolik<\/td>\n<\/tr>\n<tr>\n<td><strong>Testere B\u0131\u00e7a\u011f\u0131 \u00d6l\u00e7\u00fcleri<\/strong><\/td>\n<td>19&#215;0,9&#215;2360 mm<\/td>\n<\/tr>\n<tr>\n<td><strong>Kesme Kapasitesi 0\u00b0<\/strong><\/td>\n<td>Yuvarlak:180mm ; Dikd\u00f6rtgen:180x270mm,35x300mm<\/td>\n<\/tr>\n<tr>\n<td><strong>Kesme Kapasitesi 45\u00b0<\/strong><\/td>\n<td>Yuvarlak:115mm; Dikd\u00f6rtgen:140x115mm<\/td>\n<\/tr>\n<tr>\n<td><strong>H\u0131z<\/strong><\/td>\n<td>39\/66\/82 m\/dak<\/td>\n<\/tr>\n<tr>\n<td><strong>So\u011futma Pompas\u0131 G\u00fcc\u00fc<\/strong><\/td>\n<td>90 W<\/td>\n<\/tr>\n<tr>\n<td><strong>So\u011futma Tank Kapasitesi<\/strong><\/td>\n<td>11 Litre<\/td>\n<\/tr>\n<tr>\n<td><strong>Makina \u00d6l\u00e7\u00fcleri(UxGxY)<\/strong><\/td>\n<td>1295x450x1060 mm<\/td>\n<\/tr>\n<tr>\n<td><strong>Net A\u011f\u0131rl\u0131k<\/strong><\/td>\n<td>130 Kg<\/td>\n<\/tr>\n<\/tbody>\n<\/table>\n<p><a id=\"sendbtn\" class=\"shortcode_wa_button\" href=\"https:\/\/web.whatsapp.com\/send?phone=905056020019&#038;text=\" target=\"_blank\"><span>Get Information with WhatsApp<\/span><\/a><\/p>","protected":false},"featured_media":979,"template":"","meta":[],"product_cat":[15,28,44],"product_tag":[150,149,146],"acf":[],"yoast_head":"<!-- This site is optimized with the Yoast SEO plugin v21.9.1 - https:\/\/yoast.com\/wordpress\/plugins\/seo\/ -->\n<title>CRAFT T180S \u015eerit Testere - CNC Makina Market<\/title>\n<meta name=\"robots\" content=\"index, follow, max-snippet:-1, max-image-preview:large, max-video-preview:-1\" \/>\n<link rel=\"canonical\" href=\"https:\/\/cncmakinamarket.com.tr\/en\/product\/craft-t180s-serit-testere\/\" \/>\n<meta property=\"og:locale\" content=\"en_US\" \/>\n<meta property=\"og:type\" content=\"article\" \/>\n<meta property=\"og:title\" content=\"CRAFT T180S \u015eerit Testere - CNC Makina Market\" \/>\n<meta property=\"og:description\" content=\"Teknik \u00d6zellikler    Motor G\u00fcc\u00fc 0,75 KW   \u00c7al\u0131\u015fma Tipi \u015eanz\u0131manl\u0131   Kesim A\u00e7\u0131s\u0131 0\u00b0-45\u00b0   Kesim A\u00e7\u0131 Ayar\u0131 Mengeneden   Kafa \u0130ni\u015f H\u0131z Ayar\u0131\/Besleme Hidrolik   Testere B\u0131\u00e7a\u011f\u0131 \u00d6l\u00e7\u00fcleri 19x0,9x2360 mm   Kesme Kapasitesi 0\u00b0 Yuvarlak:180mm ; Dikd\u00f6rtgen:180x270mm,35x300mm   Kesme Kapasitesi 45\u00b0 Yuvarlak:115mm; Dikd\u00f6rtgen:140x115mm   H\u0131z 39\/66\/82 m\/dak   So\u011futma Pompas\u0131 G\u00fcc\u00fc 90 W   So\u011futma Tank Kapasitesi 11 Litre   Makina \u00d6l\u00e7\u00fcleri(UxGxY) 1295x450x1060 mm   Net A\u011f\u0131rl\u0131k 130 Kg\" \/>\n<meta property=\"og:url\" content=\"https:\/\/cncmakinamarket.com.tr\/en\/product\/craft-t180s-serit-testere\/\" \/>\n<meta property=\"og:site_name\" content=\"CNC Makina Market\" \/>\n<meta property=\"article:modified_time\" content=\"2023-08-11T12:23:41+00:00\" \/>\n<meta property=\"og:image\" content=\"https:\/\/cncmakinamarket.com.tr\/wp-content\/uploads\/2023\/08\/craft-t180s-serit-testere-1.jpg\" \/>\n\t<meta property=\"og:image:width\" content=\"1080\" \/>\n\t<meta property=\"og:image:height\" content=\"983\" \/>\n\t<meta property=\"og:image:type\" content=\"image\/jpeg\" \/>\n<meta name=\"twitter:card\" content=\"summary_large_image\" \/>\n<meta name=\"twitter:label1\" content=\"Est. reading time\" \/>\n\t<meta name=\"twitter:data1\" content=\"1 minute\" \/>\n<script type=\"application\/ld+json\" class=\"yoast-schema-graph\">{\"@context\":\"https:\/\/schema.org\",\"@graph\":[{\"@type\":\"WebPage\",\"@id\":\"https:\/\/cncmakinamarket.com.tr\/product\/craft-t180s-serit-testere\/\",\"url\":\"https:\/\/cncmakinamarket.com.tr\/product\/craft-t180s-serit-testere\/\",\"name\":\"CRAFT T180S \u015eerit Testere - CNC Makina Market\",\"isPartOf\":{\"@id\":\"https:\/\/cncmakinamarket.com.tr\/#website\"},\"datePublished\":\"2023-08-11T12:23:40+00:00\",\"dateModified\":\"2023-08-11T12:23:41+00:00\",\"breadcrumb\":{\"@id\":\"https:\/\/cncmakinamarket.com.tr\/product\/craft-t180s-serit-testere\/#breadcrumb\"},\"inLanguage\":\"en-US\",\"potentialAction\":[{\"@type\":\"ReadAction\",\"target\":[\"https:\/\/cncmakinamarket.com.tr\/product\/craft-t180s-serit-testere\/\"]}]},{\"@type\":\"BreadcrumbList\",\"@id\":\"https:\/\/cncmakinamarket.com.tr\/product\/craft-t180s-serit-testere\/#breadcrumb\",\"itemListElement\":[{\"@type\":\"ListItem\",\"position\":1,\"name\":\"Anasayfa\",\"item\":\"https:\/\/cncmakinamarket.com.tr\/\"},{\"@type\":\"ListItem\",\"position\":2,\"name\":\"\u00dcr\u00fcnler\",\"item\":\"https:\/\/cncmakinamarket.com.tr\/urunler\/\"},{\"@type\":\"ListItem\",\"position\":3,\"name\":\"CRAFT T180S \u015eerit Testere\"}]},{\"@type\":\"WebSite\",\"@id\":\"https:\/\/cncmakinamarket.com.tr\/#website\",\"url\":\"https:\/\/cncmakinamarket.com.tr\/\",\"name\":\"CNC Makina Market\",\"description\":\"\",\"potentialAction\":[{\"@type\":\"SearchAction\",\"target\":{\"@type\":\"EntryPoint\",\"urlTemplate\":\"https:\/\/cncmakinamarket.com.tr\/?s={search_term_string}\"},\"query-input\":\"required name=search_term_string\"}],\"inLanguage\":\"en-US\"}]}<\/script>\n<!-- \/ Yoast SEO plugin. -->","yoast_head_json":{"title":"CRAFT T180S \u015eerit Testere - CNC Makina Market","robots":{"index":"index","follow":"follow","max-snippet":"max-snippet:-1","max-image-preview":"max-image-preview:large","max-video-preview":"max-video-preview:-1"},"canonical":"https:\/\/cncmakinamarket.com.tr\/en\/product\/craft-t180s-serit-testere\/","og_locale":"en_US","og_type":"article","og_title":"CRAFT T180S \u015eerit Testere - CNC Makina Market","og_description":"Teknik \u00d6zellikler    Motor G\u00fcc\u00fc 0,75 KW   \u00c7al\u0131\u015fma Tipi \u015eanz\u0131manl\u0131   Kesim A\u00e7\u0131s\u0131 0\u00b0-45\u00b0   Kesim A\u00e7\u0131 Ayar\u0131 Mengeneden   Kafa \u0130ni\u015f H\u0131z Ayar\u0131\/Besleme Hidrolik   Testere B\u0131\u00e7a\u011f\u0131 \u00d6l\u00e7\u00fcleri 19x0,9x2360 mm   Kesme Kapasitesi 0\u00b0 Yuvarlak:180mm ; Dikd\u00f6rtgen:180x270mm,35x300mm   Kesme Kapasitesi 45\u00b0 Yuvarlak:115mm; Dikd\u00f6rtgen:140x115mm   H\u0131z 39\/66\/82 m\/dak   So\u011futma Pompas\u0131 G\u00fcc\u00fc 90 W   So\u011futma Tank Kapasitesi 11 Litre   Makina \u00d6l\u00e7\u00fcleri(UxGxY) 1295x450x1060 mm   Net A\u011f\u0131rl\u0131k 130 Kg","og_url":"https:\/\/cncmakinamarket.com.tr\/en\/product\/craft-t180s-serit-testere\/","og_site_name":"CNC Makina Market","article_modified_time":"2023-08-11T12:23:41+00:00","og_image":[{"width":1080,"height":983,"url":"https:\/\/cncmakinamarket.com.tr\/wp-content\/uploads\/2023\/08\/craft-t180s-serit-testere-1.jpg","type":"image\/jpeg"}],"twitter_card":"summary_large_image","twitter_misc":{"Est. reading time":"1 minute"},"schema":{"@context":"https:\/\/schema.org","@graph":[{"@type":"WebPage","@id":"https:\/\/cncmakinamarket.com.tr\/product\/craft-t180s-serit-testere\/","url":"https:\/\/cncmakinamarket.com.tr\/product\/craft-t180s-serit-testere\/","name":"CRAFT T180S \u015eerit Testere - CNC Makina Market","isPartOf":{"@id":"https:\/\/cncmakinamarket.com.tr\/#website"},"datePublished":"2023-08-11T12:23:40+00:00","dateModified":"2023-08-11T12:23:41+00:00","breadcrumb":{"@id":"https:\/\/cncmakinamarket.com.tr\/product\/craft-t180s-serit-testere\/#breadcrumb"},"inLanguage":"en-US","potentialAction":[{"@type":"ReadAction","target":["https:\/\/cncmakinamarket.com.tr\/product\/craft-t180s-serit-testere\/"]}]},{"@type":"BreadcrumbList","@id":"https:\/\/cncmakinamarket.com.tr\/product\/craft-t180s-serit-testere\/#breadcrumb","itemListElement":[{"@type":"ListItem","position":1,"name":"Anasayfa","item":"https:\/\/cncmakinamarket.com.tr\/"},{"@type":"ListItem","position":2,"name":"\u00dcr\u00fcnler","item":"https:\/\/cncmakinamarket.com.tr\/urunler\/"},{"@type":"ListItem","position":3,"name":"CRAFT T180S \u015eerit Testere"}]},{"@type":"WebSite","@id":"https:\/\/cncmakinamarket.com.tr\/#website","url":"https:\/\/cncmakinamarket.com.tr\/","name":"CNC Makina Market","description":"","potentialAction":[{"@type":"SearchAction","target":{"@type":"EntryPoint","urlTemplate":"https:\/\/cncmakinamarket.com.tr\/?s={search_term_string}"},"query-input":"required name=search_term_string"}],"inLanguage":"en-US"}]}},"_links":{"self":[{"href":"https:\/\/cncmakinamarket.com.tr\/en\/wp-json\/wp\/v2\/product\/978"}],"collection":[{"href":"https:\/\/cncmakinamarket.com.tr\/en\/wp-json\/wp\/v2\/product"}],"about":[{"href":"https:\/\/cncmakinamarket.com.tr\/en\/wp-json\/wp\/v2\/types\/product"}],"wp:featuredmedia":[{"embeddable":true,"href":"https:\/\/cncmakinamarket.com.tr\/en\/wp-json\/wp\/v2\/media\/979"}],"wp:attachment":[{"href":"https:\/\/cncmakinamarket.com.tr\/en\/wp-json\/wp\/v2\/media?parent=978"}],"wp:term":[{"taxonomy":"product_cat","embeddable":true,"href":"https:\/\/cncmakinamarket.com.tr\/en\/wp-json\/wp\/v2\/product_cat?post=978"},{"taxonomy":"product_tag","embeddable":true,"href":"https:\/\/cncmakinamarket.com.tr\/en\/wp-json\/wp\/v2\/product_tag?post=978"}],"curies":[{"name":"wp","href":"https:\/\/api.w.org\/{rel}","templated":true}]}}