{"id":972,"date":"2023-08-11T12:11:55","date_gmt":"2023-08-11T12:11:55","guid":{"rendered":"https:\/\/cncmakinamarket.com.tr\/?post_type=product&#038;p=972"},"modified":"2023-08-11T12:11:55","modified_gmt":"2023-08-11T12:11:55","slug":"senfeng-sf-6020t-otomatik-boru-lazer-kesim","status":"publish","type":"product","link":"https:\/\/cncmakinamarket.com.tr\/en\/product\/senfeng-sf-6020t-otomatik-boru-lazer-kesim\/","title":{"rendered":"Senfeng SF 6020T Otomatik Boru Lazer Kesim"},"content":{"rendered":"<h4>Teknik \u00d6zellikler<\/h4>\n<table border=\"1\">\n<tbody>\n<tr>\n<td><strong>Model\u00a0\u00a0\u00a0 \u00a0\u00a0 \u00a0 \u00a0 \u00a0 \u00a0 \u00a0 \u00a0 \u00a0 \u00a0<\/strong><\/td>\n<td><strong>SF6020T<\/strong><\/td>\n<\/tr>\n<tr>\n<td>Boru Uzunlu\u011fu<\/td>\n<td>\n<div>6000mm * \u03c6 20-200mm<\/div>\n<\/td>\n<\/tr>\n<tr>\n<td>Laser Power<\/td>\n<td>1kw\/1.5kw\/2kw\/3kw\/4kw<\/td>\n<\/tr>\n<tr>\n<td>Maksimum H\u0131z<\/td>\n<td>100m\/min<\/td>\n<\/tr>\n<tr>\n<td>Konumland\u0131rma do\u011frulu\u011fu<\/td>\n<td>0.05mm<\/td>\n<\/tr>\n<tr>\n<td>Tekrarlanan konumland\u0131rma do\u011frulu\u011fu<\/td>\n<td>\u00b10.03mm\/m<\/td>\n<\/tr>\n<tr>\n<td>Maximum D\u00f6nme H\u0131z\u0131<\/td>\n<td>100r\/min<\/td>\n<\/tr>\n<\/tbody>\n<\/table>","protected":false},"excerpt":{"rendered":"<h4>Teknik \u00d6zellikler<\/h4>\n<table border=\"1\">\n<tbody>\n<tr>\n<td><strong>Model\u00a0\u00a0\u00a0 \u00a0\u00a0 \u00a0 \u00a0 \u00a0 \u00a0 \u00a0 \u00a0 \u00a0 \u00a0<\/strong><\/td>\n<td><strong>SF6020T<\/strong><\/td>\n<\/tr>\n<tr>\n<td>Boru Uzunlu\u011fu<\/td>\n<td>\n<div>6000mm * \u03c6 20-200mm<\/div>\n<\/td>\n<\/tr>\n<tr>\n<td>Laser Power<\/td>\n<td>1kw\/1.5kw\/2kw\/3kw\/4kw<\/td>\n<\/tr>\n<tr>\n<td>Maksimum H\u0131z<\/td>\n<td>100m\/min<\/td>\n<\/tr>\n<tr>\n<td>Konumland\u0131rma do\u011frulu\u011fu<\/td>\n<td>0.05mm<\/td>\n<\/tr>\n<tr>\n<td>Tekrarlanan konumland\u0131rma do\u011frulu\u011fu<\/td>\n<td>\u00b10.03mm\/m<\/td>\n<\/tr>\n<tr>\n<td>Maximum D\u00f6nme H\u0131z\u0131<\/td>\n<td>100r\/min<\/td>\n<\/tr>\n<\/tbody>\n<\/table>\n<p><a id=\"sendbtn\" class=\"shortcode_wa_button\" href=\"https:\/\/web.whatsapp.com\/send?phone=905056020019&#038;text=\" target=\"_blank\"><span>Get Information with WhatsApp<\/span><\/a><\/p>","protected":false},"featured_media":973,"template":"","meta":[],"product_cat":[42,39,44],"product_tag":[143,144,142],"acf":[],"yoast_head":"<!-- This site is optimized with the Yoast SEO plugin v21.9.1 - https:\/\/yoast.com\/wordpress\/plugins\/seo\/ -->\n<title>Senfeng SF 6020T Otomatik Boru Lazer Kesim - CNC Makina Market<\/title>\n<meta name=\"robots\" content=\"index, follow, max-snippet:-1, max-image-preview:large, max-video-preview:-1\" \/>\n<link rel=\"canonical\" href=\"https:\/\/cncmakinamarket.com.tr\/en\/product\/senfeng-sf-6020t-otomatik-boru-lazer-kesim\/\" \/>\n<meta property=\"og:locale\" content=\"en_US\" \/>\n<meta property=\"og:type\" content=\"article\" \/>\n<meta property=\"og:title\" content=\"Senfeng SF 6020T Otomatik Boru Lazer Kesim - CNC Makina Market\" \/>\n<meta property=\"og:description\" content=\"Teknik \u00d6zellikler    Model\u00a0\u00a0\u00a0 \u00a0\u00a0 \u00a0 \u00a0 \u00a0 \u00a0 \u00a0 \u00a0 \u00a0 \u00a0 SF6020T   Boru Uzunlu\u011fu  6000mm * \u03c6 20-200mm   Lazer G\u00fcc\u00fc 1kw\/1.5kw\/2kw\/3kw\/4kw   Maksimum H\u0131z 100m\/min   Konumland\u0131rma do\u011frulu\u011fu 0.05mm   Tekrarlanan konumland\u0131rma do\u011frulu\u011fu \u00b10.03mm\/m   Maximum D\u00f6nme H\u0131z\u0131 100r\/min\" \/>\n<meta property=\"og:url\" content=\"https:\/\/cncmakinamarket.com.tr\/en\/product\/senfeng-sf-6020t-otomatik-boru-lazer-kesim\/\" \/>\n<meta property=\"og:site_name\" content=\"CNC Makina Market\" \/>\n<meta property=\"og:image\" content=\"https:\/\/cncmakinamarket.com.tr\/wp-content\/uploads\/2023\/08\/SF6020T.jpg\" \/>\n\t<meta property=\"og:image:width\" content=\"744\" \/>\n\t<meta property=\"og:image:height\" content=\"507\" \/>\n\t<meta property=\"og:image:type\" content=\"image\/jpeg\" \/>\n<meta name=\"twitter:card\" content=\"summary_large_image\" \/>\n<meta name=\"twitter:label1\" content=\"Est. reading time\" \/>\n\t<meta name=\"twitter:data1\" content=\"1 minute\" \/>\n<script type=\"application\/ld+json\" class=\"yoast-schema-graph\">{\"@context\":\"https:\/\/schema.org\",\"@graph\":[{\"@type\":\"WebPage\",\"@id\":\"https:\/\/cncmakinamarket.com.tr\/product\/senfeng-sf-6020t-otomatik-boru-lazer-kesim\/\",\"url\":\"https:\/\/cncmakinamarket.com.tr\/product\/senfeng-sf-6020t-otomatik-boru-lazer-kesim\/\",\"name\":\"Senfeng SF 6020T Otomatik Boru Lazer Kesim - CNC Makina Market\",\"isPartOf\":{\"@id\":\"https:\/\/cncmakinamarket.com.tr\/#website\"},\"datePublished\":\"2023-08-11T12:11:55+00:00\",\"dateModified\":\"2023-08-11T12:11:55+00:00\",\"breadcrumb\":{\"@id\":\"https:\/\/cncmakinamarket.com.tr\/product\/senfeng-sf-6020t-otomatik-boru-lazer-kesim\/#breadcrumb\"},\"inLanguage\":\"en-US\",\"potentialAction\":[{\"@type\":\"ReadAction\",\"target\":[\"https:\/\/cncmakinamarket.com.tr\/product\/senfeng-sf-6020t-otomatik-boru-lazer-kesim\/\"]}]},{\"@type\":\"BreadcrumbList\",\"@id\":\"https:\/\/cncmakinamarket.com.tr\/product\/senfeng-sf-6020t-otomatik-boru-lazer-kesim\/#breadcrumb\",\"itemListElement\":[{\"@type\":\"ListItem\",\"position\":1,\"name\":\"Anasayfa\",\"item\":\"https:\/\/cncmakinamarket.com.tr\/\"},{\"@type\":\"ListItem\",\"position\":2,\"name\":\"\u00dcr\u00fcnler\",\"item\":\"https:\/\/cncmakinamarket.com.tr\/urunler\/\"},{\"@type\":\"ListItem\",\"position\":3,\"name\":\"Senfeng SF 6020T Otomatik Boru Lazer Kesim\"}]},{\"@type\":\"WebSite\",\"@id\":\"https:\/\/cncmakinamarket.com.tr\/#website\",\"url\":\"https:\/\/cncmakinamarket.com.tr\/\",\"name\":\"CNC Makina Market\",\"description\":\"\",\"potentialAction\":[{\"@type\":\"SearchAction\",\"target\":{\"@type\":\"EntryPoint\",\"urlTemplate\":\"https:\/\/cncmakinamarket.com.tr\/?s={search_term_string}\"},\"query-input\":\"required name=search_term_string\"}],\"inLanguage\":\"en-US\"}]}<\/script>\n<!-- \/ Yoast SEO plugin. -->","yoast_head_json":{"title":"Senfeng SF 6020T Otomatik Boru Lazer Kesim - CNC Makina Market","robots":{"index":"index","follow":"follow","max-snippet":"max-snippet:-1","max-image-preview":"max-image-preview:large","max-video-preview":"max-video-preview:-1"},"canonical":"https:\/\/cncmakinamarket.com.tr\/en\/product\/senfeng-sf-6020t-otomatik-boru-lazer-kesim\/","og_locale":"en_US","og_type":"article","og_title":"Senfeng SF 6020T Otomatik Boru Lazer Kesim - CNC Makina Market","og_description":"Teknik \u00d6zellikler    Model\u00a0\u00a0\u00a0 \u00a0\u00a0 \u00a0 \u00a0 \u00a0 \u00a0 \u00a0 \u00a0 \u00a0 \u00a0 SF6020T   Boru Uzunlu\u011fu  6000mm * \u03c6 20-200mm   Lazer G\u00fcc\u00fc 1kw\/1.5kw\/2kw\/3kw\/4kw   Maksimum H\u0131z 100m\/min   Konumland\u0131rma do\u011frulu\u011fu 0.05mm   Tekrarlanan konumland\u0131rma do\u011frulu\u011fu \u00b10.03mm\/m   Maximum D\u00f6nme H\u0131z\u0131 100r\/min","og_url":"https:\/\/cncmakinamarket.com.tr\/en\/product\/senfeng-sf-6020t-otomatik-boru-lazer-kesim\/","og_site_name":"CNC Makina Market","og_image":[{"width":744,"height":507,"url":"https:\/\/cncmakinamarket.com.tr\/wp-content\/uploads\/2023\/08\/SF6020T.jpg","type":"image\/jpeg"}],"twitter_card":"summary_large_image","twitter_misc":{"Est. reading time":"1 minute"},"schema":{"@context":"https:\/\/schema.org","@graph":[{"@type":"WebPage","@id":"https:\/\/cncmakinamarket.com.tr\/product\/senfeng-sf-6020t-otomatik-boru-lazer-kesim\/","url":"https:\/\/cncmakinamarket.com.tr\/product\/senfeng-sf-6020t-otomatik-boru-lazer-kesim\/","name":"Senfeng SF 6020T Otomatik Boru Lazer Kesim - CNC Makina Market","isPartOf":{"@id":"https:\/\/cncmakinamarket.com.tr\/#website"},"datePublished":"2023-08-11T12:11:55+00:00","dateModified":"2023-08-11T12:11:55+00:00","breadcrumb":{"@id":"https:\/\/cncmakinamarket.com.tr\/product\/senfeng-sf-6020t-otomatik-boru-lazer-kesim\/#breadcrumb"},"inLanguage":"en-US","potentialAction":[{"@type":"ReadAction","target":["https:\/\/cncmakinamarket.com.tr\/product\/senfeng-sf-6020t-otomatik-boru-lazer-kesim\/"]}]},{"@type":"BreadcrumbList","@id":"https:\/\/cncmakinamarket.com.tr\/product\/senfeng-sf-6020t-otomatik-boru-lazer-kesim\/#breadcrumb","itemListElement":[{"@type":"ListItem","position":1,"name":"Anasayfa","item":"https:\/\/cncmakinamarket.com.tr\/"},{"@type":"ListItem","position":2,"name":"\u00dcr\u00fcnler","item":"https:\/\/cncmakinamarket.com.tr\/urunler\/"},{"@type":"ListItem","position":3,"name":"Senfeng SF 6020T Otomatik Boru Lazer Kesim"}]},{"@type":"WebSite","@id":"https:\/\/cncmakinamarket.com.tr\/#website","url":"https:\/\/cncmakinamarket.com.tr\/","name":"CNC Makina Market","description":"","potentialAction":[{"@type":"SearchAction","target":{"@type":"EntryPoint","urlTemplate":"https:\/\/cncmakinamarket.com.tr\/?s={search_term_string}"},"query-input":"required name=search_term_string"}],"inLanguage":"en-US"}]}},"_links":{"self":[{"href":"https:\/\/cncmakinamarket.com.tr\/en\/wp-json\/wp\/v2\/product\/972"}],"collection":[{"href":"https:\/\/cncmakinamarket.com.tr\/en\/wp-json\/wp\/v2\/product"}],"about":[{"href":"https:\/\/cncmakinamarket.com.tr\/en\/wp-json\/wp\/v2\/types\/product"}],"wp:featuredmedia":[{"embeddable":true,"href":"https:\/\/cncmakinamarket.com.tr\/en\/wp-json\/wp\/v2\/media\/973"}],"wp:attachment":[{"href":"https:\/\/cncmakinamarket.com.tr\/en\/wp-json\/wp\/v2\/media?parent=972"}],"wp:term":[{"taxonomy":"product_cat","embeddable":true,"href":"https:\/\/cncmakinamarket.com.tr\/en\/wp-json\/wp\/v2\/product_cat?post=972"},{"taxonomy":"product_tag","embeddable":true,"href":"https:\/\/cncmakinamarket.com.tr\/en\/wp-json\/wp\/v2\/product_tag?post=972"}],"curies":[{"name":"wp","href":"https:\/\/api.w.org\/{rel}","templated":true}]}}