{"id":960,"date":"2023-08-11T11:54:39","date_gmt":"2023-08-11T11:54:39","guid":{"rendered":"https:\/\/cncmakinamarket.com.tr\/?post_type=product&#038;p=960"},"modified":"2023-08-11T11:54:40","modified_gmt":"2023-08-11T11:54:40","slug":"senfeng-otomatik-lazer-kesim-uretim-hatti","status":"publish","type":"product","link":"https:\/\/cncmakinamarket.com.tr\/en\/product\/senfeng-otomatik-lazer-kesim-uretim-hatti\/","title":{"rendered":"Senfeng Otomatik Lazer Kesim \u00dcretim Hatt\u0131"},"content":{"rendered":"<h4>Teknik \u00d6zellikler<\/h4>\n<table border=\"1\">\n<tbody>\n<tr class=\"firstRow\">\n<td colspan=\"2\" rowspan=\"1\" valign=\"top\"><strong>Model<\/strong><\/td>\n<td rowspan=\"1\" valign=\"top\" width=\"234\"><strong>Otomatik Lazer Kesim \u00dcretim Hatt\u0131<\/strong><\/td>\n<\/tr>\n<tr>\n<td colspan=\"1\" rowspan=\"3\" valign=\"top\" width=\"321\">&nbsp;<\/p>\n<p>Giri\u015f ve \u00e7\u0131k\u0131\u015f kald\u0131rma mekanizmas\u0131<\/td>\n<td valign=\"top\" width=\"241\">Y\u00fck<\/td>\n<td colspan=\"1\" rowspan=\"1\" valign=\"top\" width=\"281\">3.8<\/td>\n<\/tr>\n<tr>\n<td valign=\"top\" width=\"135\">H\u0131z<\/td>\n<td colspan=\"1\" rowspan=\"1\" valign=\"top\" width=\"334\">8.7<\/td>\n<\/tr>\n<tr>\n<td valign=\"top\" width=\"135\">Giri\u015f \u00c7\u0131k\u0131\u015f H\u0131z\u0131<\/td>\n<td colspan=\"1\" rowspan=\"1\" valign=\"top\" width=\"334\">9<\/td>\n<\/tr>\n<tr>\n<td colspan=\"1\" rowspan=\"3\" valign=\"top\" width=\"321\">&nbsp;<\/p>\n<p>Stereo<\/td>\n<td colspan=\"1\" rowspan=\"1\" valign=\"top\" width=\"241\">Toplam Y\u00fck<\/td>\n<td colspan=\"1\" rowspan=\"1\" valign=\"top\" width=\"281\">24<\/td>\n<\/tr>\n<tr>\n<td colspan=\"1\" rowspan=\"1\" valign=\"top\" width=\"53\">Katman Say\u0131s\u0131<\/td>\n<td colspan=\"1\" rowspan=\"1\" valign=\"top\">8<\/td>\n<\/tr>\n<tr>\n<td colspan=\"1\" rowspan=\"1\" valign=\"top\" width=\"53\">Tek Katman Y\u00fck\u00fc<\/td>\n<td colspan=\"1\" rowspan=\"1\" valign=\"top\">3<\/td>\n<\/tr>\n<tr>\n<td colspan=\"1\" rowspan=\"5\" valign=\"top\" width=\"321\">&nbsp;<\/p>\n<p>&nbsp;<\/p>\n<p>&nbsp;<\/p>\n<p>&nbsp;<\/p>\n<p>Makine y\u00fckleme mekanizmas\u0131<\/td>\n<td colspan=\"1\" rowspan=\"1\" valign=\"top\" width=\"53\">Yatay ta\u015f\u0131ma h\u0131z\u0131<\/td>\n<td colspan=\"1\" rowspan=\"1\" valign=\"top\">0-27<\/td>\n<\/tr>\n<tr>\n<td colspan=\"1\" rowspan=\"1\" valign=\"top\" width=\"53\">Yatay ta\u015f\u0131ma konumland\u0131rma do\u011frulu\u011fu<\/td>\n<td colspan=\"1\" rowspan=\"1\" valign=\"top\">\u00b10.5<\/td>\n<\/tr>\n<tr>\n<td colspan=\"1\" rowspan=\"1\" valign=\"top\" width=\"53\">Dikey Ta\u015f\u0131ma H\u0131z\u0131<\/td>\n<td colspan=\"1\" rowspan=\"1\" valign=\"top\">0-10<\/td>\n<\/tr>\n<tr>\n<td colspan=\"1\" rowspan=\"1\" valign=\"top\" width=\"53\">Dikey kald\u0131rma konumland\u0131rma do\u011frulu\u011fu<\/td>\n<td colspan=\"1\" rowspan=\"1\" valign=\"top\">\u00b10.2mm<\/td>\n<\/tr>\n<tr>\n<td colspan=\"1\" rowspan=\"1\" valign=\"top\" width=\"53\">Maksimum plaka ta\u015f\u0131ma a\u011f\u0131rl\u0131\u011f\u0131<\/td>\n<td colspan=\"1\" rowspan=\"1\" valign=\"top\">300<\/td>\n<\/tr>\n<tr>\n<td colspan=\"1\" rowspan=\"5\" valign=\"top\" width=\"321\">&nbsp;<\/p>\n<p>&nbsp;<\/p>\n<p>&nbsp;<\/p>\n<p>&nbsp;<\/p>\n<p>Makine ay\u0131rma mekanizmas\u0131<\/td>\n<td colspan=\"1\" rowspan=\"1\" valign=\"top\" width=\"53\">Yatay ta\u015f\u0131ma h\u0131z\u0131<\/td>\n<td colspan=\"1\" rowspan=\"1\" valign=\"top\">0-27<\/td>\n<\/tr>\n<tr>\n<td colspan=\"1\" rowspan=\"1\" valign=\"top\" width=\"53\">Yatay ta\u015f\u0131ma konumland\u0131rma do\u011frulu\u011fu<\/td>\n<td colspan=\"1\" rowspan=\"1\" valign=\"top\">\u00b10.5<\/td>\n<\/tr>\n<tr>\n<td colspan=\"1\" rowspan=\"1\" valign=\"top\" width=\"53\">Dikey ta\u015f\u0131ma h\u0131z\u0131<\/td>\n<td colspan=\"1\" rowspan=\"1\" valign=\"top\">0-10<\/td>\n<\/tr>\n<tr>\n<td colspan=\"1\" rowspan=\"1\" valign=\"top\" width=\"53\">Dikey kald\u0131rma konumland\u0131rma do\u011frulu\u011fu<\/td>\n<td colspan=\"1\" rowspan=\"1\" valign=\"top\">\u00b10.2mm<\/td>\n<\/tr>\n<tr>\n<td colspan=\"1\" rowspan=\"1\" valign=\"top\" width=\"53\">Maksimum plaka ta\u015f\u0131ma a\u011f\u0131rl\u0131\u011f\u0131<\/td>\n<td colspan=\"1\" rowspan=\"1\" valign=\"top\">300<\/td>\n<\/tr>\n<tr>\n<td colspan=\"1\" rowspan=\"2\" valign=\"top\" width=\"321\">&nbsp;<\/p>\n<p>Bo\u015faltma arabas\u0131<\/td>\n<td colspan=\"1\" rowspan=\"1\" valign=\"top\" width=\"53\">Maksimum y\u00fck<\/td>\n<td colspan=\"1\" rowspan=\"1\" valign=\"top\">3<\/td>\n<\/tr>\n<tr>\n<td colspan=\"1\" rowspan=\"1\" valign=\"top\" width=\"53\">Ta\u015f\u0131ma h\u0131z\u0131<\/td>\n<td colspan=\"1\" rowspan=\"1\" valign=\"top\">10<\/td>\n<\/tr>\n<tr>\n<td colspan=\"2\" rowspan=\"1\" valign=\"top\">Boyut, uzunluk, geni\u015flik ve y\u00fckseklik<\/td>\n<td colspan=\"1\" rowspan=\"1\" valign=\"top\">20.5*7.7*4.7<\/td>\n<\/tr>\n<tr>\n<td colspan=\"2\" rowspan=\"1\" valign=\"top\">Toplam a\u011f\u0131rl\u0131k (makine tablas\u0131 hari\u00e7)<\/td>\n<td colspan=\"1\" rowspan=\"1\" valign=\"top\">23<\/td>\n<\/tr>\n<\/tbody>\n<\/table>","protected":false},"excerpt":{"rendered":"<h4>Teknik \u00d6zellikler<\/h4>\n<table border=\"1\">\n<tbody>\n<tr class=\"firstRow\">\n<td colspan=\"2\" rowspan=\"1\" valign=\"top\"><strong>Model<\/strong><\/td>\n<td rowspan=\"1\" valign=\"top\" width=\"234\"><strong>Otomatik Lazer Kesim \u00dcretim Hatt\u0131<\/strong><\/td>\n<\/tr>\n<tr>\n<td colspan=\"1\" rowspan=\"3\" valign=\"top\" width=\"321\">&nbsp;<\/p>\n<p>Giri\u015f ve \u00e7\u0131k\u0131\u015f kald\u0131rma mekanizmas\u0131<\/td>\n<td valign=\"top\" width=\"241\">Y\u00fck<\/td>\n<td colspan=\"1\" rowspan=\"1\" valign=\"top\" width=\"281\">3.8<\/td>\n<\/tr>\n<tr>\n<td valign=\"top\" width=\"135\">H\u0131z<\/td>\n<td colspan=\"1\" rowspan=\"1\" valign=\"top\" width=\"334\">8.7<\/td>\n<\/tr>\n<tr>\n<td valign=\"top\" width=\"135\">Giri\u015f \u00c7\u0131k\u0131\u015f H\u0131z\u0131<\/td>\n<td colspan=\"1\" rowspan=\"1\" valign=\"top\" width=\"334\">9<\/td>\n<\/tr>\n<tr>\n<td colspan=\"1\" rowspan=\"3\" valign=\"top\" width=\"321\">&nbsp;<\/p>\n<p>Stereo<\/td>\n<td colspan=\"1\" rowspan=\"1\" valign=\"top\" width=\"241\">Toplam Y\u00fck<\/td>\n<td colspan=\"1\" rowspan=\"1\" valign=\"top\" width=\"281\">24<\/td>\n<\/tr>\n<tr>\n<td colspan=\"1\" rowspan=\"1\" valign=\"top\" width=\"53\">Katman Say\u0131s\u0131<\/td>\n<td colspan=\"1\" rowspan=\"1\" valign=\"top\">8<\/td>\n<\/tr>\n<tr>\n<td colspan=\"1\" rowspan=\"1\" valign=\"top\" width=\"53\">Tek Katman Y\u00fck\u00fc<\/td>\n<td colspan=\"1\" rowspan=\"1\" valign=\"top\">3<\/td>\n<\/tr>\n<tr>\n<td colspan=\"1\" rowspan=\"5\" valign=\"top\" width=\"321\">&nbsp;<\/p>\n<p>&nbsp;<\/p>\n<p>&nbsp;<\/p>\n<p>&nbsp;<\/p>\n<p>Makine y\u00fckleme mekanizmas\u0131<\/td>\n<td colspan=\"1\" rowspan=\"1\" valign=\"top\" width=\"53\">Yatay ta\u015f\u0131ma h\u0131z\u0131<\/td>\n<td colspan=\"1\" rowspan=\"1\" valign=\"top\">0-27<\/td>\n<\/tr>\n<tr>\n<td colspan=\"1\" rowspan=\"1\" valign=\"top\" width=\"53\">Yatay ta\u015f\u0131ma konumland\u0131rma do\u011frulu\u011fu<\/td>\n<td colspan=\"1\" rowspan=\"1\" valign=\"top\">\u00b10.5<\/td>\n<\/tr>\n<tr>\n<td colspan=\"1\" rowspan=\"1\" valign=\"top\" width=\"53\">Dikey Ta\u015f\u0131ma H\u0131z\u0131<\/td>\n<td colspan=\"1\" rowspan=\"1\" valign=\"top\">0-10<\/td>\n<\/tr>\n<tr>\n<td colspan=\"1\" rowspan=\"1\" valign=\"top\" width=\"53\">Dikey kald\u0131rma konumland\u0131rma do\u011frulu\u011fu<\/td>\n<td colspan=\"1\" rowspan=\"1\" valign=\"top\">\u00b10.2mm<\/td>\n<\/tr>\n<tr>\n<td colspan=\"1\" rowspan=\"1\" valign=\"top\" width=\"53\">Maksimum plaka ta\u015f\u0131ma a\u011f\u0131rl\u0131\u011f\u0131<\/td>\n<td colspan=\"1\" rowspan=\"1\" valign=\"top\">300<\/td>\n<\/tr>\n<tr>\n<td colspan=\"1\" rowspan=\"5\" valign=\"top\" width=\"321\">&nbsp;<\/p>\n<p>&nbsp;<\/p>\n<p>&nbsp;<\/p>\n<p>&nbsp;<\/p>\n<p>Makine ay\u0131rma mekanizmas\u0131<\/td>\n<td colspan=\"1\" rowspan=\"1\" valign=\"top\" width=\"53\">Yatay ta\u015f\u0131ma h\u0131z\u0131<\/td>\n<td colspan=\"1\" rowspan=\"1\" valign=\"top\">0-27<\/td>\n<\/tr>\n<tr>\n<td colspan=\"1\" rowspan=\"1\" valign=\"top\" width=\"53\">Yatay ta\u015f\u0131ma konumland\u0131rma do\u011frulu\u011fu<\/td>\n<td colspan=\"1\" rowspan=\"1\" valign=\"top\">\u00b10.5<\/td>\n<\/tr>\n<tr>\n<td colspan=\"1\" rowspan=\"1\" valign=\"top\" width=\"53\">Dikey ta\u015f\u0131ma h\u0131z\u0131<\/td>\n<td colspan=\"1\" rowspan=\"1\" valign=\"top\">0-10<\/td>\n<\/tr>\n<tr>\n<td colspan=\"1\" rowspan=\"1\" valign=\"top\" width=\"53\">Dikey kald\u0131rma konumland\u0131rma do\u011frulu\u011fu<\/td>\n<td colspan=\"1\" rowspan=\"1\" valign=\"top\">\u00b10.2mm<\/td>\n<\/tr>\n<tr>\n<td colspan=\"1\" rowspan=\"1\" valign=\"top\" width=\"53\">Maksimum plaka ta\u015f\u0131ma a\u011f\u0131rl\u0131\u011f\u0131<\/td>\n<td colspan=\"1\" rowspan=\"1\" valign=\"top\">300<\/td>\n<\/tr>\n<tr>\n<td colspan=\"1\" rowspan=\"2\" valign=\"top\" width=\"321\">&nbsp;<\/p>\n<p>Bo\u015faltma arabas\u0131<\/td>\n<td colspan=\"1\" rowspan=\"1\" valign=\"top\" width=\"53\">Maksimum y\u00fck<\/td>\n<td colspan=\"1\" rowspan=\"1\" valign=\"top\">3<\/td>\n<\/tr>\n<tr>\n<td colspan=\"1\" rowspan=\"1\" valign=\"top\" width=\"53\">Ta\u015f\u0131ma h\u0131z\u0131<\/td>\n<td colspan=\"1\" rowspan=\"1\" valign=\"top\">10<\/td>\n<\/tr>\n<tr>\n<td colspan=\"2\" rowspan=\"1\" valign=\"top\">Boyut, uzunluk, geni\u015flik ve y\u00fckseklik<\/td>\n<td colspan=\"1\" rowspan=\"1\" valign=\"top\">20.5*7.7*4.7<\/td>\n<\/tr>\n<tr>\n<td colspan=\"2\" rowspan=\"1\" valign=\"top\">Toplam a\u011f\u0131rl\u0131k (makine tablas\u0131 hari\u00e7)<\/td>\n<td colspan=\"1\" rowspan=\"1\" valign=\"top\">23<\/td>\n<\/tr>\n<\/tbody>\n<\/table>\n<p><a id=\"sendbtn\" class=\"shortcode_wa_button\" href=\"https:\/\/web.whatsapp.com\/send?phone=905056020019&#038;text=\" target=\"_blank\"><span>Get Information with WhatsApp<\/span><\/a><\/p>","protected":false},"featured_media":961,"template":"","meta":[],"product_cat":[39,40,44],"product_tag":[129,128,127],"acf":[],"yoast_head":"<!-- This site is optimized with the Yoast SEO plugin v21.9.1 - https:\/\/yoast.com\/wordpress\/plugins\/seo\/ -->\n<title>Senfeng Otomatik Lazer Kesim \u00dcretim Hatt\u0131 - CNC Makina Market<\/title>\n<meta name=\"robots\" content=\"index, follow, max-snippet:-1, max-image-preview:large, max-video-preview:-1\" \/>\n<link rel=\"canonical\" href=\"https:\/\/cncmakinamarket.com.tr\/en\/product\/senfeng-otomatik-lazer-kesim-uretim-hatti\/\" \/>\n<meta property=\"og:locale\" content=\"en_US\" \/>\n<meta property=\"og:type\" content=\"article\" \/>\n<meta property=\"og:title\" content=\"Senfeng Otomatik Lazer Kesim \u00dcretim Hatt\u0131 - CNC Makina Market\" \/>\n<meta property=\"og:description\" content=\"Teknik \u00d6zellikler    Model Otomatik Lazer Kesim \u00dcretim Hatt\u0131   &nbsp;  Giri\u015f ve \u00e7\u0131k\u0131\u015f kald\u0131rma mekanizmas\u0131 Y\u00fck 3.8   H\u0131z 8.7   Giri\u015f \u00c7\u0131k\u0131\u015f H\u0131z\u0131 9   &nbsp;  Stereo Toplam Y\u00fck 24   Katman Say\u0131s\u0131 8   Tek Katman Y\u00fck\u00fc 3   &nbsp;  &nbsp;  &nbsp;  &nbsp;  Makine y\u00fckleme mekanizmas\u0131 Yatay ta\u015f\u0131ma h\u0131z\u0131 0-27   Yatay ta\u015f\u0131ma konumland\u0131rma do\u011frulu\u011fu \u00b10.5   Dikey Ta\u015f\u0131ma H\u0131z\u0131 0-10   Dikey kald\u0131rma konumland\u0131rma do\u011frulu\u011fu \u00b10.2mm   Maksimum plaka ta\u015f\u0131ma a\u011f\u0131rl\u0131\u011f\u0131 300   &nbsp;  &nbsp;  &nbsp;  &nbsp;  Makine ay\u0131rma mekanizmas\u0131 Yatay ta\u015f\u0131ma h\u0131z\u0131 0-27   Yatay ta\u015f\u0131ma konumland\u0131rma do\u011frulu\u011fu \u00b10.5   Dikey ta\u015f\u0131ma h\u0131z\u0131 0-10   Dikey kald\u0131rma konumland\u0131rma do\u011frulu\u011fu \u00b10.2mm   Maksimum plaka ta\u015f\u0131ma a\u011f\u0131rl\u0131\u011f\u0131 300   &nbsp;  Bo\u015faltma arabas\u0131 Maksimum y\u00fck 3   Ta\u015f\u0131ma h\u0131z\u0131 10   Boyut, uzunluk, geni\u015flik ve y\u00fckseklik 20.5*7.7*4.7   Toplam a\u011f\u0131rl\u0131k (makine tablas\u0131 hari\u00e7) 23\" \/>\n<meta property=\"og:url\" content=\"https:\/\/cncmakinamarket.com.tr\/en\/product\/senfeng-otomatik-lazer-kesim-uretim-hatti\/\" \/>\n<meta property=\"og:site_name\" content=\"CNC Makina Market\" \/>\n<meta property=\"article:modified_time\" content=\"2023-08-11T11:54:40+00:00\" \/>\n<meta property=\"og:image\" content=\"https:\/\/cncmakinamarket.com.tr\/wp-content\/uploads\/2023\/08\/otomatik-lazer-kesim-uretim-hatti.jpg\" \/>\n\t<meta property=\"og:image:width\" content=\"743\" \/>\n\t<meta property=\"og:image:height\" content=\"507\" \/>\n\t<meta property=\"og:image:type\" content=\"image\/jpeg\" \/>\n<meta name=\"twitter:card\" content=\"summary_large_image\" \/>\n<meta name=\"twitter:label1\" content=\"Est. reading time\" \/>\n\t<meta name=\"twitter:data1\" content=\"1 minute\" \/>\n<script type=\"application\/ld+json\" class=\"yoast-schema-graph\">{\"@context\":\"https:\/\/schema.org\",\"@graph\":[{\"@type\":\"WebPage\",\"@id\":\"https:\/\/cncmakinamarket.com.tr\/product\/senfeng-otomatik-lazer-kesim-uretim-hatti\/\",\"url\":\"https:\/\/cncmakinamarket.com.tr\/product\/senfeng-otomatik-lazer-kesim-uretim-hatti\/\",\"name\":\"Senfeng Otomatik Lazer Kesim \u00dcretim Hatt\u0131 - CNC Makina Market\",\"isPartOf\":{\"@id\":\"https:\/\/cncmakinamarket.com.tr\/#website\"},\"datePublished\":\"2023-08-11T11:54:39+00:00\",\"dateModified\":\"2023-08-11T11:54:40+00:00\",\"breadcrumb\":{\"@id\":\"https:\/\/cncmakinamarket.com.tr\/product\/senfeng-otomatik-lazer-kesim-uretim-hatti\/#breadcrumb\"},\"inLanguage\":\"en-US\",\"potentialAction\":[{\"@type\":\"ReadAction\",\"target\":[\"https:\/\/cncmakinamarket.com.tr\/product\/senfeng-otomatik-lazer-kesim-uretim-hatti\/\"]}]},{\"@type\":\"BreadcrumbList\",\"@id\":\"https:\/\/cncmakinamarket.com.tr\/product\/senfeng-otomatik-lazer-kesim-uretim-hatti\/#breadcrumb\",\"itemListElement\":[{\"@type\":\"ListItem\",\"position\":1,\"name\":\"Anasayfa\",\"item\":\"https:\/\/cncmakinamarket.com.tr\/\"},{\"@type\":\"ListItem\",\"position\":2,\"name\":\"\u00dcr\u00fcnler\",\"item\":\"https:\/\/cncmakinamarket.com.tr\/urunler\/\"},{\"@type\":\"ListItem\",\"position\":3,\"name\":\"Senfeng Otomatik Lazer Kesim \u00dcretim Hatt\u0131\"}]},{\"@type\":\"WebSite\",\"@id\":\"https:\/\/cncmakinamarket.com.tr\/#website\",\"url\":\"https:\/\/cncmakinamarket.com.tr\/\",\"name\":\"CNC Makina Market\",\"description\":\"\",\"potentialAction\":[{\"@type\":\"SearchAction\",\"target\":{\"@type\":\"EntryPoint\",\"urlTemplate\":\"https:\/\/cncmakinamarket.com.tr\/?s={search_term_string}\"},\"query-input\":\"required name=search_term_string\"}],\"inLanguage\":\"en-US\"}]}<\/script>\n<!-- \/ Yoast SEO plugin. -->","yoast_head_json":{"title":"Senfeng Otomatik Lazer Kesim \u00dcretim Hatt\u0131 - CNC Makina Market","robots":{"index":"index","follow":"follow","max-snippet":"max-snippet:-1","max-image-preview":"max-image-preview:large","max-video-preview":"max-video-preview:-1"},"canonical":"https:\/\/cncmakinamarket.com.tr\/en\/product\/senfeng-otomatik-lazer-kesim-uretim-hatti\/","og_locale":"en_US","og_type":"article","og_title":"Senfeng Otomatik Lazer Kesim \u00dcretim Hatt\u0131 - CNC Makina Market","og_description":"Teknik \u00d6zellikler    Model Otomatik Lazer Kesim \u00dcretim Hatt\u0131   &nbsp;  Giri\u015f ve \u00e7\u0131k\u0131\u015f kald\u0131rma mekanizmas\u0131 Y\u00fck 3.8   H\u0131z 8.7   Giri\u015f \u00c7\u0131k\u0131\u015f H\u0131z\u0131 9   &nbsp;  Stereo Toplam Y\u00fck 24   Katman Say\u0131s\u0131 8   Tek Katman Y\u00fck\u00fc 3   &nbsp;  &nbsp;  &nbsp;  &nbsp;  Makine y\u00fckleme mekanizmas\u0131 Yatay ta\u015f\u0131ma h\u0131z\u0131 0-27   Yatay ta\u015f\u0131ma konumland\u0131rma do\u011frulu\u011fu \u00b10.5   Dikey Ta\u015f\u0131ma H\u0131z\u0131 0-10   Dikey kald\u0131rma konumland\u0131rma do\u011frulu\u011fu \u00b10.2mm   Maksimum plaka ta\u015f\u0131ma a\u011f\u0131rl\u0131\u011f\u0131 300   &nbsp;  &nbsp;  &nbsp;  &nbsp;  Makine ay\u0131rma mekanizmas\u0131 Yatay ta\u015f\u0131ma h\u0131z\u0131 0-27   Yatay ta\u015f\u0131ma konumland\u0131rma do\u011frulu\u011fu \u00b10.5   Dikey ta\u015f\u0131ma h\u0131z\u0131 0-10   Dikey kald\u0131rma konumland\u0131rma do\u011frulu\u011fu \u00b10.2mm   Maksimum plaka ta\u015f\u0131ma a\u011f\u0131rl\u0131\u011f\u0131 300   &nbsp;  Bo\u015faltma arabas\u0131 Maksimum y\u00fck 3   Ta\u015f\u0131ma h\u0131z\u0131 10   Boyut, uzunluk, geni\u015flik ve y\u00fckseklik 20.5*7.7*4.7   Toplam a\u011f\u0131rl\u0131k (makine tablas\u0131 hari\u00e7) 23","og_url":"https:\/\/cncmakinamarket.com.tr\/en\/product\/senfeng-otomatik-lazer-kesim-uretim-hatti\/","og_site_name":"CNC Makina Market","article_modified_time":"2023-08-11T11:54:40+00:00","og_image":[{"width":743,"height":507,"url":"https:\/\/cncmakinamarket.com.tr\/wp-content\/uploads\/2023\/08\/otomatik-lazer-kesim-uretim-hatti.jpg","type":"image\/jpeg"}],"twitter_card":"summary_large_image","twitter_misc":{"Est. reading time":"1 minute"},"schema":{"@context":"https:\/\/schema.org","@graph":[{"@type":"WebPage","@id":"https:\/\/cncmakinamarket.com.tr\/product\/senfeng-otomatik-lazer-kesim-uretim-hatti\/","url":"https:\/\/cncmakinamarket.com.tr\/product\/senfeng-otomatik-lazer-kesim-uretim-hatti\/","name":"Senfeng Otomatik Lazer Kesim \u00dcretim Hatt\u0131 - CNC Makina Market","isPartOf":{"@id":"https:\/\/cncmakinamarket.com.tr\/#website"},"datePublished":"2023-08-11T11:54:39+00:00","dateModified":"2023-08-11T11:54:40+00:00","breadcrumb":{"@id":"https:\/\/cncmakinamarket.com.tr\/product\/senfeng-otomatik-lazer-kesim-uretim-hatti\/#breadcrumb"},"inLanguage":"en-US","potentialAction":[{"@type":"ReadAction","target":["https:\/\/cncmakinamarket.com.tr\/product\/senfeng-otomatik-lazer-kesim-uretim-hatti\/"]}]},{"@type":"BreadcrumbList","@id":"https:\/\/cncmakinamarket.com.tr\/product\/senfeng-otomatik-lazer-kesim-uretim-hatti\/#breadcrumb","itemListElement":[{"@type":"ListItem","position":1,"name":"Anasayfa","item":"https:\/\/cncmakinamarket.com.tr\/"},{"@type":"ListItem","position":2,"name":"\u00dcr\u00fcnler","item":"https:\/\/cncmakinamarket.com.tr\/urunler\/"},{"@type":"ListItem","position":3,"name":"Senfeng Otomatik Lazer Kesim \u00dcretim Hatt\u0131"}]},{"@type":"WebSite","@id":"https:\/\/cncmakinamarket.com.tr\/#website","url":"https:\/\/cncmakinamarket.com.tr\/","name":"CNC Makina Market","description":"","potentialAction":[{"@type":"SearchAction","target":{"@type":"EntryPoint","urlTemplate":"https:\/\/cncmakinamarket.com.tr\/?s={search_term_string}"},"query-input":"required name=search_term_string"}],"inLanguage":"en-US"}]}},"_links":{"self":[{"href":"https:\/\/cncmakinamarket.com.tr\/en\/wp-json\/wp\/v2\/product\/960"}],"collection":[{"href":"https:\/\/cncmakinamarket.com.tr\/en\/wp-json\/wp\/v2\/product"}],"about":[{"href":"https:\/\/cncmakinamarket.com.tr\/en\/wp-json\/wp\/v2\/types\/product"}],"wp:featuredmedia":[{"embeddable":true,"href":"https:\/\/cncmakinamarket.com.tr\/en\/wp-json\/wp\/v2\/media\/961"}],"wp:attachment":[{"href":"https:\/\/cncmakinamarket.com.tr\/en\/wp-json\/wp\/v2\/media?parent=960"}],"wp:term":[{"taxonomy":"product_cat","embeddable":true,"href":"https:\/\/cncmakinamarket.com.tr\/en\/wp-json\/wp\/v2\/product_cat?post=960"},{"taxonomy":"product_tag","embeddable":true,"href":"https:\/\/cncmakinamarket.com.tr\/en\/wp-json\/wp\/v2\/product_tag?post=960"}],"curies":[{"name":"wp","href":"https:\/\/api.w.org\/{rel}","templated":true}]}}