{"id":946,"date":"2023-08-11T11:19:13","date_gmt":"2023-08-11T11:19:13","guid":{"rendered":"https:\/\/cncmakinamarket.com.tr\/?post_type=product&#038;p=946"},"modified":"2023-08-11T11:19:14","modified_gmt":"2023-08-11T11:19:14","slug":"senfeng-sf6020h-tam-kapali-fiber-lazer-kesim-makinesi","status":"publish","type":"product","link":"https:\/\/cncmakinamarket.com.tr\/en\/product\/senfeng-sf6020h-tam-kapali-fiber-lazer-kesim-makinesi\/","title":{"rendered":"Senfeng SF6020H Tam Kapal\u0131 Fiber Lazer Kesim Makinesi"},"content":{"rendered":"<h4>Teknik \u00d6zellikler<\/h4>\n<table border=\"1\">\n<tbody>\n<tr>\n<td><strong>Model\u00a0\u00a0\u00a0 \u00a0\u00a0 \u00a0 \u00a0 \u00a0 \u00a0 \u00a0 \u00a0 \u00a0 \u00a0<\/strong><\/td>\n<td><strong>SF3015H \/ SF4020H \/ SF6020H \/ SF6025H<\/strong><\/td>\n<\/tr>\n<tr>\n<td>Working Area(mm)<\/td>\n<td>\n<div>3060*1530\uff08Ba\u011f\u0131ms\u0131z da\u011f\u0131t\u0131m kabini\uff09\/\u00a04060*2030\/\u00a06060*2030\/\u00a06060*2530<\/div>\n<\/td>\n<\/tr>\n<tr>\n<td>Workspace(in)<\/td>\n<td>120*60\/160*80\/239*80\/239*100<\/td>\n<\/tr>\n<tr>\n<td>X-eksen Hareketi<\/td>\n<td>1530mm\/2030mm\/2530mm<\/td>\n<\/tr>\n<tr>\n<td>Y-eksen Hareketi<\/td>\n<td>3060mm\/4060mm\/6060mm<\/td>\n<\/tr>\n<tr>\n<td>Laser Power<\/td>\n<td>1KW\/1.5KW\/2KW\/3KW\/4KW\/6KW<\/td>\n<\/tr>\n<tr>\n<td>Maksimum\u00a0H\u0131z<\/td>\n<td>130m\/min<\/td>\n<\/tr>\n<tr>\n<td>Maksimum \u0130vme<\/td>\n<td>1.0G<\/td>\n<\/tr>\n<tr>\n<td>X\/Y Eksen Konumland\u0131rma Do\u011frulu\u011fu<\/td>\n<td>\u00b10.05mm\/m<\/td>\n<\/tr>\n<tr>\n<td>X\/Y Eksen\u00a0Tekrarlanan Konumland\u0131rma Do\u011frulu\u011fu<\/td>\n<td>\u00b1 0.02mm<\/td>\n<\/tr>\n<\/tbody>\n<\/table>","protected":false},"excerpt":{"rendered":"<h4>Teknik \u00d6zellikler<\/h4>\n<table border=\"1\">\n<tbody>\n<tr>\n<td><strong>Model\u00a0\u00a0\u00a0 \u00a0\u00a0 \u00a0 \u00a0 \u00a0 \u00a0 \u00a0 \u00a0 \u00a0 \u00a0<\/strong><\/td>\n<td><strong>SF3015H \/ SF4020H \/ SF6020H \/ SF6025H<\/strong><\/td>\n<\/tr>\n<tr>\n<td>Working Area(mm)<\/td>\n<td>\n<div>3060*1530\uff08Ba\u011f\u0131ms\u0131z da\u011f\u0131t\u0131m kabini\uff09\/\u00a04060*2030\/\u00a06060*2030\/\u00a06060*2530<\/div>\n<\/td>\n<\/tr>\n<tr>\n<td>Workspace(in)<\/td>\n<td>120*60\/160*80\/239*80\/239*100<\/td>\n<\/tr>\n<tr>\n<td>X-eksen Hareketi<\/td>\n<td>1530mm\/2030mm\/2530mm<\/td>\n<\/tr>\n<tr>\n<td>Y-eksen Hareketi<\/td>\n<td>3060mm\/4060mm\/6060mm<\/td>\n<\/tr>\n<tr>\n<td>Laser Power<\/td>\n<td>1KW\/1.5KW\/2KW\/3KW\/4KW\/6KW<\/td>\n<\/tr>\n<tr>\n<td>Maksimum\u00a0H\u0131z<\/td>\n<td>130m\/min<\/td>\n<\/tr>\n<tr>\n<td>Maksimum \u0130vme<\/td>\n<td>1.0G<\/td>\n<\/tr>\n<tr>\n<td>X\/Y Eksen Konumland\u0131rma Do\u011frulu\u011fu<\/td>\n<td>\u00b10.05mm\/m<\/td>\n<\/tr>\n<tr>\n<td>X\/Y Eksen\u00a0Tekrarlanan Konumland\u0131rma Do\u011frulu\u011fu<\/td>\n<td>\u00b1 0.02mm<\/td>\n<\/tr>\n<\/tbody>\n<\/table>\n<p><a id=\"sendbtn\" class=\"shortcode_wa_button\" href=\"https:\/\/web.whatsapp.com\/send?phone=905056020019&#038;text=\" target=\"_blank\"><span>Get Information with WhatsApp<\/span><\/a><\/p>","protected":false},"featured_media":947,"template":"","meta":[],"product_cat":[39,40,44],"product_tag":[107,109,108],"acf":[],"yoast_head":"<!-- This site is optimized with the Yoast SEO plugin v21.9.1 - https:\/\/yoast.com\/wordpress\/plugins\/seo\/ -->\n<title>Senfeng SF6020H Tam Kapal\u0131 Fiber Lazer Kesim Makinesi - CNC Makina Market<\/title>\n<meta name=\"robots\" content=\"index, follow, max-snippet:-1, max-image-preview:large, max-video-preview:-1\" \/>\n<link rel=\"canonical\" href=\"https:\/\/cncmakinamarket.com.tr\/en\/product\/senfeng-sf6020h-tam-kapali-fiber-lazer-kesim-makinesi\/\" \/>\n<meta property=\"og:locale\" content=\"en_US\" \/>\n<meta property=\"og:type\" content=\"article\" \/>\n<meta property=\"og:title\" content=\"Senfeng SF6020H Tam Kapal\u0131 Fiber Lazer Kesim Makinesi - CNC Makina Market\" \/>\n<meta property=\"og:description\" content=\"Teknik \u00d6zellikler    Model\u00a0\u00a0\u00a0 \u00a0\u00a0 \u00a0 \u00a0 \u00a0 \u00a0 \u00a0 \u00a0 \u00a0 \u00a0 SF3015H \/ SF4020H \/ SF6020H \/ SF6025H   \u00c7al\u0131\u015fma Alan\u0131(mm)  3060*1530\uff08Ba\u011f\u0131ms\u0131z da\u011f\u0131t\u0131m kabini\uff09\/\u00a04060*2030\/\u00a06060*2030\/\u00a06060*2530   \u00c7al\u0131\u015fma Alan\u0131(in) 120*60\/160*80\/239*80\/239*100   X-eksen Hareketi 1530mm\/2030mm\/2530mm   Y-eksen Hareketi 3060mm\/4060mm\/6060mm   Lazer G\u00fcc\u00fc 1KW\/1.5KW\/2KW\/3KW\/4KW\/6KW   Maksimum\u00a0H\u0131z 130m\/min   Maksimum \u0130vme 1.0G   X\/Y Eksen Konumland\u0131rma Do\u011frulu\u011fu \u00b10.05mm\/m   X\/Y Eksen\u00a0Tekrarlanan Konumland\u0131rma Do\u011frulu\u011fu \u00b1 0.02mm\" \/>\n<meta property=\"og:url\" content=\"https:\/\/cncmakinamarket.com.tr\/en\/product\/senfeng-sf6020h-tam-kapali-fiber-lazer-kesim-makinesi\/\" \/>\n<meta property=\"og:site_name\" content=\"CNC Makina Market\" \/>\n<meta property=\"article:modified_time\" content=\"2023-08-11T11:19:14+00:00\" \/>\n<meta property=\"og:image\" content=\"https:\/\/cncmakinamarket.com.tr\/wp-content\/uploads\/2023\/08\/sf-hs-serisi-sac-lazer-kesim.jpg\" \/>\n\t<meta property=\"og:image:width\" content=\"748\" \/>\n\t<meta property=\"og:image:height\" content=\"507\" \/>\n\t<meta property=\"og:image:type\" content=\"image\/jpeg\" \/>\n<meta name=\"twitter:card\" content=\"summary_large_image\" \/>\n<meta name=\"twitter:label1\" content=\"Est. reading time\" \/>\n\t<meta name=\"twitter:data1\" content=\"1 minute\" \/>\n<script type=\"application\/ld+json\" class=\"yoast-schema-graph\">{\"@context\":\"https:\/\/schema.org\",\"@graph\":[{\"@type\":\"WebPage\",\"@id\":\"https:\/\/cncmakinamarket.com.tr\/product\/senfeng-sf6020h-tam-kapali-fiber-lazer-kesim-makinesi\/\",\"url\":\"https:\/\/cncmakinamarket.com.tr\/product\/senfeng-sf6020h-tam-kapali-fiber-lazer-kesim-makinesi\/\",\"name\":\"Senfeng SF6020H Tam Kapal\u0131 Fiber Lazer Kesim Makinesi - CNC Makina Market\",\"isPartOf\":{\"@id\":\"https:\/\/cncmakinamarket.com.tr\/#website\"},\"datePublished\":\"2023-08-11T11:19:13+00:00\",\"dateModified\":\"2023-08-11T11:19:14+00:00\",\"breadcrumb\":{\"@id\":\"https:\/\/cncmakinamarket.com.tr\/product\/senfeng-sf6020h-tam-kapali-fiber-lazer-kesim-makinesi\/#breadcrumb\"},\"inLanguage\":\"en-US\",\"potentialAction\":[{\"@type\":\"ReadAction\",\"target\":[\"https:\/\/cncmakinamarket.com.tr\/product\/senfeng-sf6020h-tam-kapali-fiber-lazer-kesim-makinesi\/\"]}]},{\"@type\":\"BreadcrumbList\",\"@id\":\"https:\/\/cncmakinamarket.com.tr\/product\/senfeng-sf6020h-tam-kapali-fiber-lazer-kesim-makinesi\/#breadcrumb\",\"itemListElement\":[{\"@type\":\"ListItem\",\"position\":1,\"name\":\"Anasayfa\",\"item\":\"https:\/\/cncmakinamarket.com.tr\/\"},{\"@type\":\"ListItem\",\"position\":2,\"name\":\"\u00dcr\u00fcnler\",\"item\":\"https:\/\/cncmakinamarket.com.tr\/urunler\/\"},{\"@type\":\"ListItem\",\"position\":3,\"name\":\"Senfeng SF6020H Tam Kapal\u0131 Fiber Lazer Kesim Makinesi\"}]},{\"@type\":\"WebSite\",\"@id\":\"https:\/\/cncmakinamarket.com.tr\/#website\",\"url\":\"https:\/\/cncmakinamarket.com.tr\/\",\"name\":\"CNC Makina Market\",\"description\":\"\",\"potentialAction\":[{\"@type\":\"SearchAction\",\"target\":{\"@type\":\"EntryPoint\",\"urlTemplate\":\"https:\/\/cncmakinamarket.com.tr\/?s={search_term_string}\"},\"query-input\":\"required name=search_term_string\"}],\"inLanguage\":\"en-US\"}]}<\/script>\n<!-- \/ Yoast SEO plugin. -->","yoast_head_json":{"title":"Senfeng SF6020H Tam Kapal\u0131 Fiber Lazer Kesim Makinesi - CNC Makina Market","robots":{"index":"index","follow":"follow","max-snippet":"max-snippet:-1","max-image-preview":"max-image-preview:large","max-video-preview":"max-video-preview:-1"},"canonical":"https:\/\/cncmakinamarket.com.tr\/en\/product\/senfeng-sf6020h-tam-kapali-fiber-lazer-kesim-makinesi\/","og_locale":"en_US","og_type":"article","og_title":"Senfeng SF6020H Tam Kapal\u0131 Fiber Lazer Kesim Makinesi - CNC Makina Market","og_description":"Teknik \u00d6zellikler    Model\u00a0\u00a0\u00a0 \u00a0\u00a0 \u00a0 \u00a0 \u00a0 \u00a0 \u00a0 \u00a0 \u00a0 \u00a0 SF3015H \/ SF4020H \/ SF6020H \/ SF6025H   \u00c7al\u0131\u015fma Alan\u0131(mm)  3060*1530\uff08Ba\u011f\u0131ms\u0131z da\u011f\u0131t\u0131m kabini\uff09\/\u00a04060*2030\/\u00a06060*2030\/\u00a06060*2530   \u00c7al\u0131\u015fma Alan\u0131(in) 120*60\/160*80\/239*80\/239*100   X-eksen Hareketi 1530mm\/2030mm\/2530mm   Y-eksen Hareketi 3060mm\/4060mm\/6060mm   Lazer G\u00fcc\u00fc 1KW\/1.5KW\/2KW\/3KW\/4KW\/6KW   Maksimum\u00a0H\u0131z 130m\/min   Maksimum \u0130vme 1.0G   X\/Y Eksen Konumland\u0131rma Do\u011frulu\u011fu \u00b10.05mm\/m   X\/Y Eksen\u00a0Tekrarlanan Konumland\u0131rma Do\u011frulu\u011fu \u00b1 0.02mm","og_url":"https:\/\/cncmakinamarket.com.tr\/en\/product\/senfeng-sf6020h-tam-kapali-fiber-lazer-kesim-makinesi\/","og_site_name":"CNC Makina Market","article_modified_time":"2023-08-11T11:19:14+00:00","og_image":[{"width":748,"height":507,"url":"https:\/\/cncmakinamarket.com.tr\/wp-content\/uploads\/2023\/08\/sf-hs-serisi-sac-lazer-kesim.jpg","type":"image\/jpeg"}],"twitter_card":"summary_large_image","twitter_misc":{"Est. reading time":"1 minute"},"schema":{"@context":"https:\/\/schema.org","@graph":[{"@type":"WebPage","@id":"https:\/\/cncmakinamarket.com.tr\/product\/senfeng-sf6020h-tam-kapali-fiber-lazer-kesim-makinesi\/","url":"https:\/\/cncmakinamarket.com.tr\/product\/senfeng-sf6020h-tam-kapali-fiber-lazer-kesim-makinesi\/","name":"Senfeng SF6020H Tam Kapal\u0131 Fiber Lazer Kesim Makinesi - CNC Makina Market","isPartOf":{"@id":"https:\/\/cncmakinamarket.com.tr\/#website"},"datePublished":"2023-08-11T11:19:13+00:00","dateModified":"2023-08-11T11:19:14+00:00","breadcrumb":{"@id":"https:\/\/cncmakinamarket.com.tr\/product\/senfeng-sf6020h-tam-kapali-fiber-lazer-kesim-makinesi\/#breadcrumb"},"inLanguage":"en-US","potentialAction":[{"@type":"ReadAction","target":["https:\/\/cncmakinamarket.com.tr\/product\/senfeng-sf6020h-tam-kapali-fiber-lazer-kesim-makinesi\/"]}]},{"@type":"BreadcrumbList","@id":"https:\/\/cncmakinamarket.com.tr\/product\/senfeng-sf6020h-tam-kapali-fiber-lazer-kesim-makinesi\/#breadcrumb","itemListElement":[{"@type":"ListItem","position":1,"name":"Anasayfa","item":"https:\/\/cncmakinamarket.com.tr\/"},{"@type":"ListItem","position":2,"name":"\u00dcr\u00fcnler","item":"https:\/\/cncmakinamarket.com.tr\/urunler\/"},{"@type":"ListItem","position":3,"name":"Senfeng SF6020H Tam Kapal\u0131 Fiber Lazer Kesim Makinesi"}]},{"@type":"WebSite","@id":"https:\/\/cncmakinamarket.com.tr\/#website","url":"https:\/\/cncmakinamarket.com.tr\/","name":"CNC Makina Market","description":"","potentialAction":[{"@type":"SearchAction","target":{"@type":"EntryPoint","urlTemplate":"https:\/\/cncmakinamarket.com.tr\/?s={search_term_string}"},"query-input":"required name=search_term_string"}],"inLanguage":"en-US"}]}},"_links":{"self":[{"href":"https:\/\/cncmakinamarket.com.tr\/en\/wp-json\/wp\/v2\/product\/946"}],"collection":[{"href":"https:\/\/cncmakinamarket.com.tr\/en\/wp-json\/wp\/v2\/product"}],"about":[{"href":"https:\/\/cncmakinamarket.com.tr\/en\/wp-json\/wp\/v2\/types\/product"}],"wp:featuredmedia":[{"embeddable":true,"href":"https:\/\/cncmakinamarket.com.tr\/en\/wp-json\/wp\/v2\/media\/947"}],"wp:attachment":[{"href":"https:\/\/cncmakinamarket.com.tr\/en\/wp-json\/wp\/v2\/media?parent=946"}],"wp:term":[{"taxonomy":"product_cat","embeddable":true,"href":"https:\/\/cncmakinamarket.com.tr\/en\/wp-json\/wp\/v2\/product_cat?post=946"},{"taxonomy":"product_tag","embeddable":true,"href":"https:\/\/cncmakinamarket.com.tr\/en\/wp-json\/wp\/v2\/product_tag?post=946"}],"curies":[{"name":"wp","href":"https:\/\/api.w.org\/{rel}","templated":true}]}}