{"id":931,"date":"2023-07-07T12:24:48","date_gmt":"2023-07-07T12:24:48","guid":{"rendered":"https:\/\/cncmakinamarket.com.tr\/?post_type=product&#038;p=931"},"modified":"2023-07-07T13:25:06","modified_gmt":"2023-07-07T13:25:06","slug":"senfeng-lazer-kaynak-makinesi","status":"publish","type":"product","link":"https:\/\/cncmakinamarket.com.tr\/en\/product\/senfeng-lazer-kaynak-makinesi\/","title":{"rendered":"Senfeng Laser Welding Machine"},"content":{"rendered":"<p><a href=\"https:\/\/www.youtube.com\/watch?v=4q40Cpf5gQw\">INTRODUCTION VIDEO<\/a><\/p>\n<table border=\"1\">\n<tbody>\n<tr>\n<td><strong>Model<\/strong><\/td>\n<td colspan=\"2\" rowspan=\"1\"><strong>Laser Welding Machine<\/strong><\/td>\n<\/tr>\n<tr>\n<td>Laser Power<\/td>\n<td colspan=\"2\" rowspan=\"1\">1-20kw<\/td>\n<\/tr>\n<tr>\n<td>Fiber core diameter<\/td>\n<td colspan=\"2\" rowspan=\"1\">600\u03bcm<\/td>\n<\/tr>\n<tr>\n<td colspan=\"1\" rowspan=\"4\">\n<div>Robot<\/div>\n<p>&nbsp;<\/td>\n<td>Model<\/td>\n<td>M-20iB\/25<\/td>\n<\/tr>\n<tr>\n<td>wingspan<\/td>\n<td>1853mm<\/td>\n<\/tr>\n<tr>\n<td>load capacity<\/td>\n<td>25kg<\/td>\n<\/tr>\n<tr>\n<td>Repeat<\/td>\n<td>\u00b10.02mm<\/td>\n<\/tr>\n<tr>\n<td colspan=\"1\" rowspan=\"5\">Translation tool<\/td>\n<td>Maximum load capacity<\/td>\n<td>10 T<\/td>\n<\/tr>\n<tr>\n<td>Maximum part diameter<\/td>\n<td>1000mm<\/td>\n<\/tr>\n<tr>\n<td>Maximum weight of compressed part<\/td>\n<td>3 T<\/td>\n<\/tr>\n<tr>\n<td>Spindle speed<\/td>\n<td>0\uff5e150 RPM<\/td>\n<\/tr>\n<tr>\n<td>Maximum piece length<\/td>\n<td>5 m<\/td>\n<\/tr>\n<tr>\n<td colspan=\"1\" rowspan=\"4\">Biaxial positioner<\/td>\n<td>load capacity<\/td>\n<td>500kg<\/td>\n<\/tr>\n<tr>\n<td>X axis rotation speed<\/td>\n<td>0-20 RPM<\/td>\n<\/tr>\n<tr>\n<td>Variable position angle (Relative vertical direction)<\/td>\n<td>\u2264\u00b192\u00b0<\/td>\n<\/tr>\n<tr>\n<td>Four-jaw independent chuck<\/td>\n<td>\u03a6500mm<\/td>\n<\/tr>\n<tr>\n<td>Powder feeder<\/td>\n<td colspan=\"2\" rowspan=\"1\">Double barrel pneumatic powder feeding<\/td>\n<\/tr>\n<tr>\n<td>Coating\u00a0head<\/td>\n<td colspan=\"2\" rowspan=\"1\">Optical path forming module, three-way powder feed nozzle, coaxial circular nozzle<\/td>\n<\/tr>\n<tr>\n<td>Robot axis of motion<\/td>\n<td>stroke<\/td>\n<td>4 meters<\/td>\n<\/tr>\n<\/tbody>\n<\/table>","protected":false},"excerpt":{"rendered":"<div class=\"page-header\">\n<h2>Senfeng Laser Welding Machine<\/h2>\n<\/div>\n<div class=\"fields-container clearfix\">\n<table border=\"1\">\n<tbody>\n<tr>\n<td><strong>Model<\/strong><\/td>\n<td colspan=\"2\" rowspan=\"1\"><strong>Laser Welding Machine<\/strong><\/td>\n<\/tr>\n<tr>\n<td>Laser Power<\/td>\n<td colspan=\"2\" rowspan=\"1\">1-20kw<\/td>\n<\/tr>\n<tr>\n<td>Fiber core diameter<\/td>\n<td colspan=\"2\" rowspan=\"1\">600\u03bcm<\/td>\n<\/tr>\n<tr>\n<td colspan=\"1\" rowspan=\"4\">\n<div>Robot<\/div>\n<p>&nbsp;<\/td>\n<td>Model<\/td>\n<td>M-20iB\/25<\/td>\n<\/tr>\n<tr>\n<td>wingspan<\/td>\n<td>1853mm<\/td>\n<\/tr>\n<tr>\n<td>load capacity<\/td>\n<td>25kg<\/td>\n<\/tr>\n<tr>\n<td>Repeat<\/td>\n<td>\u00b10.02mm<\/td>\n<\/tr>\n<tr>\n<td colspan=\"1\" rowspan=\"5\">Translation tool<\/td>\n<td>Maximum load capacity<\/td>\n<td>10 T<\/td>\n<\/tr>\n<tr>\n<td>Maximum part diameter<\/td>\n<td>1000mm<\/td>\n<\/tr>\n<tr>\n<td>Maximum weight of compressed part<\/td>\n<td>3 T<\/td>\n<\/tr>\n<tr>\n<td>Spindle speed<\/td>\n<td>0\uff5e150 RPM<\/td>\n<\/tr>\n<tr>\n<td>Maximum piece length<\/td>\n<td>5 m<\/td>\n<\/tr>\n<tr>\n<td colspan=\"1\" rowspan=\"4\">Biaxial positioner<\/td>\n<td>load capacity<\/td>\n<td>500kg<\/td>\n<\/tr>\n<tr>\n<td>X axis rotation speed<\/td>\n<td>0-20 RPM<\/td>\n<\/tr>\n<tr>\n<td>Variable position angle (Relative vertical direction)<\/td>\n<td>\u2264\u00b192\u00b0<\/td>\n<\/tr>\n<tr>\n<td>Four-jaw independent chuck<\/td>\n<td>\u03a6500mm<\/td>\n<\/tr>\n<tr>\n<td>Powder feeder<\/td>\n<td colspan=\"2\" rowspan=\"1\">Double barrel pneumatic powder feeding<\/td>\n<\/tr>\n<tr>\n<td>Coating\u00a0head<\/td>\n<td colspan=\"2\" rowspan=\"1\">Optical path forming module, three-way powder feed nozzle, coaxial circular nozzle<\/td>\n<\/tr>\n<tr>\n<td>Robot axis of motion<\/td>\n<td>stroke<\/td>\n<td>4 meters<\/td>\n<\/tr>\n<\/tbody>\n<\/table>\n<p><a id=\"sendbtn\" class=\"shortcode_wa_button\" href=\"https:\/\/web.whatsapp.com\/send?phone=905056020019&#038;text=\" target=\"_blank\"><span>Get Information with WhatsApp<\/span><\/a><\/p>\n<\/div>","protected":false},"featured_media":932,"template":"","meta":[],"product_cat":[43,39,44],"product_tag":[100,99],"acf":[],"yoast_head":"<!-- This site is optimized with the Yoast SEO plugin v21.9.1 - https:\/\/yoast.com\/wordpress\/plugins\/seo\/ -->\n<title>Senfeng Lazer Kaynak Makinesi - CNC Makina Market<\/title>\n<meta name=\"description\" content=\"Senfeng Lazer Kaynak Makinesi , Lazer G\u00fcc\u00fc:1-20kw - Fiber \u00e7ekirdek \u00e7ap\u0131: 600\u03bcm - Toz besleyici \u00c7ift namlulu pn\u00f6matik toz besleme\" \/>\n<meta name=\"robots\" content=\"index, follow, max-snippet:-1, max-image-preview:large, max-video-preview:-1\" \/>\n<link rel=\"canonical\" href=\"https:\/\/cncmakinamarket.com.tr\/en\/product\/senfeng-lazer-kaynak-makinesi\/\" \/>\n<meta property=\"og:locale\" content=\"en_US\" \/>\n<meta property=\"og:type\" content=\"article\" \/>\n<meta property=\"og:title\" content=\"Senfeng Lazer Kaynak Makinesi - CNC Makina Market\" \/>\n<meta property=\"og:description\" content=\"Senfeng Lazer Kaynak Makinesi , Lazer G\u00fcc\u00fc:1-20kw - Fiber \u00e7ekirdek \u00e7ap\u0131: 600\u03bcm - Toz besleyici \u00c7ift namlulu pn\u00f6matik toz besleme\" \/>\n<meta property=\"og:url\" content=\"https:\/\/cncmakinamarket.com.tr\/en\/product\/senfeng-lazer-kaynak-makinesi\/\" \/>\n<meta property=\"og:site_name\" content=\"CNC Makina Market\" \/>\n<meta property=\"article:modified_time\" content=\"2023-07-07T13:25:06+00:00\" \/>\n<meta property=\"og:image\" content=\"https:\/\/cncmakinamarket.com.tr\/wp-content\/uploads\/2023\/07\/lazer_kaynak.jpg\" \/>\n\t<meta property=\"og:image:width\" content=\"595\" \/>\n\t<meta property=\"og:image:height\" content=\"438\" \/>\n\t<meta property=\"og:image:type\" content=\"image\/jpeg\" \/>\n<meta name=\"twitter:card\" content=\"summary_large_image\" \/>\n<meta name=\"twitter:label1\" content=\"Est. reading time\" \/>\n\t<meta name=\"twitter:data1\" content=\"1 minute\" \/>\n<script type=\"application\/ld+json\" class=\"yoast-schema-graph\">{\"@context\":\"https:\/\/schema.org\",\"@graph\":[{\"@type\":\"WebPage\",\"@id\":\"https:\/\/cncmakinamarket.com.tr\/product\/senfeng-lazer-kaynak-makinesi\/\",\"url\":\"https:\/\/cncmakinamarket.com.tr\/product\/senfeng-lazer-kaynak-makinesi\/\",\"name\":\"Senfeng Lazer Kaynak Makinesi - CNC Makina Market\",\"isPartOf\":{\"@id\":\"https:\/\/cncmakinamarket.com.tr\/#website\"},\"datePublished\":\"2023-07-07T12:24:48+00:00\",\"dateModified\":\"2023-07-07T13:25:06+00:00\",\"description\":\"Senfeng Lazer Kaynak Makinesi , Lazer G\u00fcc\u00fc:1-20kw - Fiber \u00e7ekirdek \u00e7ap\u0131: 600\u03bcm - Toz besleyici \u00c7ift namlulu pn\u00f6matik toz besleme\",\"breadcrumb\":{\"@id\":\"https:\/\/cncmakinamarket.com.tr\/product\/senfeng-lazer-kaynak-makinesi\/#breadcrumb\"},\"inLanguage\":\"en-US\",\"potentialAction\":[{\"@type\":\"ReadAction\",\"target\":[\"https:\/\/cncmakinamarket.com.tr\/product\/senfeng-lazer-kaynak-makinesi\/\"]}]},{\"@type\":\"BreadcrumbList\",\"@id\":\"https:\/\/cncmakinamarket.com.tr\/product\/senfeng-lazer-kaynak-makinesi\/#breadcrumb\",\"itemListElement\":[{\"@type\":\"ListItem\",\"position\":1,\"name\":\"Anasayfa\",\"item\":\"https:\/\/cncmakinamarket.com.tr\/\"},{\"@type\":\"ListItem\",\"position\":2,\"name\":\"\u00dcr\u00fcnler\",\"item\":\"https:\/\/cncmakinamarket.com.tr\/urunler\/\"},{\"@type\":\"ListItem\",\"position\":3,\"name\":\"Senfeng Lazer Kaynak Makinesi\"}]},{\"@type\":\"WebSite\",\"@id\":\"https:\/\/cncmakinamarket.com.tr\/#website\",\"url\":\"https:\/\/cncmakinamarket.com.tr\/\",\"name\":\"CNC Makina Market\",\"description\":\"\",\"potentialAction\":[{\"@type\":\"SearchAction\",\"target\":{\"@type\":\"EntryPoint\",\"urlTemplate\":\"https:\/\/cncmakinamarket.com.tr\/?s={search_term_string}\"},\"query-input\":\"required name=search_term_string\"}],\"inLanguage\":\"en-US\"}]}<\/script>\n<!-- \/ Yoast SEO plugin. -->","yoast_head_json":{"title":"Senfeng Lazer Kaynak Makinesi - CNC Makina Market","description":"Senfeng Lazer Kaynak Makinesi , Lazer G\u00fcc\u00fc:1-20kw - Fiber \u00e7ekirdek \u00e7ap\u0131: 600\u03bcm - Toz besleyici \u00c7ift namlulu pn\u00f6matik toz besleme","robots":{"index":"index","follow":"follow","max-snippet":"max-snippet:-1","max-image-preview":"max-image-preview:large","max-video-preview":"max-video-preview:-1"},"canonical":"https:\/\/cncmakinamarket.com.tr\/en\/product\/senfeng-lazer-kaynak-makinesi\/","og_locale":"en_US","og_type":"article","og_title":"Senfeng Lazer Kaynak Makinesi - CNC Makina Market","og_description":"Senfeng Lazer Kaynak Makinesi , Lazer G\u00fcc\u00fc:1-20kw - Fiber \u00e7ekirdek \u00e7ap\u0131: 600\u03bcm - Toz besleyici \u00c7ift namlulu pn\u00f6matik toz besleme","og_url":"https:\/\/cncmakinamarket.com.tr\/en\/product\/senfeng-lazer-kaynak-makinesi\/","og_site_name":"CNC Makina Market","article_modified_time":"2023-07-07T13:25:06+00:00","og_image":[{"width":595,"height":438,"url":"https:\/\/cncmakinamarket.com.tr\/wp-content\/uploads\/2023\/07\/lazer_kaynak.jpg","type":"image\/jpeg"}],"twitter_card":"summary_large_image","twitter_misc":{"Est. reading time":"1 minute"},"schema":{"@context":"https:\/\/schema.org","@graph":[{"@type":"WebPage","@id":"https:\/\/cncmakinamarket.com.tr\/product\/senfeng-lazer-kaynak-makinesi\/","url":"https:\/\/cncmakinamarket.com.tr\/product\/senfeng-lazer-kaynak-makinesi\/","name":"Senfeng Lazer Kaynak Makinesi - CNC Makina Market","isPartOf":{"@id":"https:\/\/cncmakinamarket.com.tr\/#website"},"datePublished":"2023-07-07T12:24:48+00:00","dateModified":"2023-07-07T13:25:06+00:00","description":"Senfeng Lazer Kaynak Makinesi , Lazer G\u00fcc\u00fc:1-20kw - Fiber \u00e7ekirdek \u00e7ap\u0131: 600\u03bcm - Toz besleyici \u00c7ift namlulu pn\u00f6matik toz besleme","breadcrumb":{"@id":"https:\/\/cncmakinamarket.com.tr\/product\/senfeng-lazer-kaynak-makinesi\/#breadcrumb"},"inLanguage":"en-US","potentialAction":[{"@type":"ReadAction","target":["https:\/\/cncmakinamarket.com.tr\/product\/senfeng-lazer-kaynak-makinesi\/"]}]},{"@type":"BreadcrumbList","@id":"https:\/\/cncmakinamarket.com.tr\/product\/senfeng-lazer-kaynak-makinesi\/#breadcrumb","itemListElement":[{"@type":"ListItem","position":1,"name":"Anasayfa","item":"https:\/\/cncmakinamarket.com.tr\/"},{"@type":"ListItem","position":2,"name":"\u00dcr\u00fcnler","item":"https:\/\/cncmakinamarket.com.tr\/urunler\/"},{"@type":"ListItem","position":3,"name":"Senfeng Lazer Kaynak Makinesi"}]},{"@type":"WebSite","@id":"https:\/\/cncmakinamarket.com.tr\/#website","url":"https:\/\/cncmakinamarket.com.tr\/","name":"CNC Makina Market","description":"","potentialAction":[{"@type":"SearchAction","target":{"@type":"EntryPoint","urlTemplate":"https:\/\/cncmakinamarket.com.tr\/?s={search_term_string}"},"query-input":"required name=search_term_string"}],"inLanguage":"en-US"}]}},"_links":{"self":[{"href":"https:\/\/cncmakinamarket.com.tr\/en\/wp-json\/wp\/v2\/product\/931"}],"collection":[{"href":"https:\/\/cncmakinamarket.com.tr\/en\/wp-json\/wp\/v2\/product"}],"about":[{"href":"https:\/\/cncmakinamarket.com.tr\/en\/wp-json\/wp\/v2\/types\/product"}],"wp:featuredmedia":[{"embeddable":true,"href":"https:\/\/cncmakinamarket.com.tr\/en\/wp-json\/wp\/v2\/media\/932"}],"wp:attachment":[{"href":"https:\/\/cncmakinamarket.com.tr\/en\/wp-json\/wp\/v2\/media?parent=931"}],"wp:term":[{"taxonomy":"product_cat","embeddable":true,"href":"https:\/\/cncmakinamarket.com.tr\/en\/wp-json\/wp\/v2\/product_cat?post=931"},{"taxonomy":"product_tag","embeddable":true,"href":"https:\/\/cncmakinamarket.com.tr\/en\/wp-json\/wp\/v2\/product_tag?post=931"}],"curies":[{"name":"wp","href":"https:\/\/api.w.org\/{rel}","templated":true}]}}