{"id":925,"date":"2023-07-07T11:30:45","date_gmt":"2023-07-07T11:30:45","guid":{"rendered":"https:\/\/cncmakinamarket.com.tr\/?post_type=product&#038;p=925"},"modified":"2023-07-07T11:32:27","modified_gmt":"2023-07-07T11:32:27","slug":"uzay-280-yari-otomatik-testere","status":"publish","type":"product","link":"https:\/\/cncmakinamarket.com.tr\/en\/product\/uzay-280-yari-otomatik-testere\/","title":{"rendered":"UZAY 280 yar\u0131 otomatik testere"},"content":{"rendered":"<div class=\"ozbaslik\"><strong>TEKN\u0130K \u00d6ZELL\u0130KLER ;<br \/>\n<\/strong><\/div>\n<div class=\"ozbaslik\"><\/div>\n<div class=\"ozbaslik\"><strong>Ana Motor:<\/strong>\u00a0 \u00a0 \u00a0 \u00a0 \u00a0 \u00a0 \u00a0 \u00a0 \u00a0 \u00a01,5 kW 1500 d\/d<\/div>\n<div class=\"ozbaslik\"><strong>So\u011futma Motoru:<\/strong>\u00a0 \u00a0 \u00a0 \u00a0 \u00a00.09 kW 3000 d\/d<\/div>\n<div class=\"ozbaslik\"><strong>Hidrolik Motor:\u00a0<\/strong>\u00a0\u00a0 \u00a0 \u00a0 \u00a0 \u00a0 \u00a00.25 kW 1500 d\/d<\/div>\n<div class=\"ozbaslik\"><strong>Tala\u015f Konvey\u00f6r\u00fc:<\/strong>\u00a0 \u00a0 \u00a0 \u00a0 \u00a0 0.18 kW 1000 d\/d<\/div>\n<div class=\"ozbaslik\"><strong>Elektrovaryat\u00f6r:\u00a0<\/strong>\u00a0 \u00a0 \u00a0 \u00a0 \u00a0 0 &#8211; 100<\/div>\n<div class=\"ozbaslik\"><strong>Kesme H\u0131z\u0131:<\/strong>\u00a0 \u00a0 \u00a0 \u00a0 \u00a0 \u00a0 \u00a0 \u00a0 \u00a0 20-100 m\/dk<\/div>\n<div class=\"ozbaslik\"><strong>\u015eerit \u00d6l\u00e7\u00fcs\u00fc:\u00a0<\/strong>\u00a0 \u00a0 \u00a0 \u00a0 \u00a0 \u00a0 \u00a0 \u00a0 3660x27x0.9<\/div>\n<div class=\"ozbaslik\"><strong>Y\u00fckleme A\u011f\u0131rl\u0131\u011f\u0131:<\/strong>\u00a0 \u00a0 \u00a0 \u00a0 \u00a0 520 Kg<\/div>\n<div class=\"ozbaslik\"><strong>Besleme Y\u00fcksekli\u011fi:<\/strong>\u00a0 \u00a0 \u00a0 650 mm<\/div>\n<div class=\"ozbaslik\"><strong>\u00c7al\u0131\u015fma Ebatlar\u0131:<\/strong>\u00a0 \u00a0 \u00a0 \u00a0 \u00a0 200x1300x1730<\/div>","protected":false},"excerpt":{"rendered":"<div class=\"page-header\">\n<h2>UZAY 280 yar\u0131 otomatik testere<\/h2>\n<\/div>\n<div class=\"fields-container clearfix\">\n<div class=\"column span5\">\n<div class=\"ozbaslik\"><strong>DONANIM VE AKSESUAR ;<\/strong><\/div>\n<div class=\"ozbaslik\">\n<p>Manuel malzeme s\u00fcrme \/ boy ayarlama<\/p>\n<p>Mengeneden ayarlama ile sa\u011f-sol 45\u00b0 a\u00e7\u0131l\u0131 kesim<\/p>\n<p>\u0130nvert\u00f6rl\u00fc \u015ferit h\u0131z\u0131 kontrol\u00fc<\/p>\n<p>Hidro-mekanik \u015ferit gerdirme<\/p>\n<p>\u015eerit kopma swich<\/p>\n<p>So\u011futu pompa<\/p>\n<p>Tek rulo malzeme sehpas\u0131<\/p>\n<p>Hidrolik mengene<\/p>\n<p>Kesme y\u00fcksekli ayar\u0131<\/p>\n<p>Mekanik malzeme boy dayama ayar\u0131<\/p>\n<p>Hareketli kumanda paneli<\/p>\n<p>Hidrolik Kesme ini\u015f h\u0131z\u0131 kontrol\u00fc<\/p>\n<p>&nbsp;<\/p>\n<p>Makinam\u0131z \u00e7al\u0131\u015f\u0131r ve faal durumdad\u0131r. \u00c7al\u0131\u015fmayan hi\u00e7bir aksam\u0131 yoktur.<\/p>\n<\/div>\n<\/div>\n<\/div>","protected":false},"featured_media":926,"template":"","meta":[],"product_cat":[45,51],"product_tag":[95,96],"acf":[],"yoast_head":"<!-- This site is optimized with the Yoast SEO plugin v21.9.1 - https:\/\/yoast.com\/wordpress\/plugins\/seo\/ -->\n<title>UZAY 280 yar\u0131 otomatik testere - CNC Makina Market<\/title>\n<meta name=\"description\" content=\"UZAY 280 yar\u0131 otomatik testere. Makinam\u0131z \u00e7al\u0131\u015f\u0131r ve faal durumdad\u0131r. \u00c7al\u0131\u015fmayan hi\u00e7bir aksam\u0131 yoktur. Manuel malzeme s\u00fcrme \/ boy ayarlama...\" \/>\n<meta name=\"robots\" content=\"index, follow, max-snippet:-1, max-image-preview:large, max-video-preview:-1\" \/>\n<link rel=\"canonical\" href=\"https:\/\/cncmakinamarket.com.tr\/en\/product\/uzay-280-yari-otomatik-testere\/\" \/>\n<meta property=\"og:locale\" content=\"en_US\" \/>\n<meta property=\"og:type\" content=\"article\" \/>\n<meta property=\"og:title\" content=\"UZAY 280 yar\u0131 otomatik testere - CNC Makina Market\" \/>\n<meta property=\"og:description\" content=\"UZAY 280 yar\u0131 otomatik testere. Makinam\u0131z \u00e7al\u0131\u015f\u0131r ve faal durumdad\u0131r. \u00c7al\u0131\u015fmayan hi\u00e7bir aksam\u0131 yoktur. Manuel malzeme s\u00fcrme \/ boy ayarlama...\" \/>\n<meta property=\"og:url\" content=\"https:\/\/cncmakinamarket.com.tr\/en\/product\/uzay-280-yari-otomatik-testere\/\" \/>\n<meta property=\"og:site_name\" content=\"CNC Makina Market\" \/>\n<meta property=\"article:modified_time\" content=\"2023-07-07T11:32:27+00:00\" \/>\n<meta property=\"og:image\" content=\"https:\/\/cncmakinamarket.com.tr\/wp-content\/uploads\/2023\/07\/testere20.jpeg\" \/>\n\t<meta property=\"og:image:width\" content=\"752\" \/>\n\t<meta property=\"og:image:height\" content=\"519\" \/>\n\t<meta property=\"og:image:type\" content=\"image\/jpeg\" \/>\n<meta name=\"twitter:card\" content=\"summary_large_image\" \/>\n<meta name=\"twitter:label1\" content=\"Est. reading time\" \/>\n\t<meta name=\"twitter:data1\" content=\"1 minute\" \/>\n<script type=\"application\/ld+json\" class=\"yoast-schema-graph\">{\"@context\":\"https:\/\/schema.org\",\"@graph\":[{\"@type\":\"WebPage\",\"@id\":\"https:\/\/cncmakinamarket.com.tr\/product\/uzay-280-yari-otomatik-testere\/\",\"url\":\"https:\/\/cncmakinamarket.com.tr\/product\/uzay-280-yari-otomatik-testere\/\",\"name\":\"UZAY 280 yar\u0131 otomatik testere - CNC Makina Market\",\"isPartOf\":{\"@id\":\"https:\/\/cncmakinamarket.com.tr\/#website\"},\"datePublished\":\"2023-07-07T11:30:45+00:00\",\"dateModified\":\"2023-07-07T11:32:27+00:00\",\"description\":\"UZAY 280 yar\u0131 otomatik testere. Makinam\u0131z \u00e7al\u0131\u015f\u0131r ve faal durumdad\u0131r. \u00c7al\u0131\u015fmayan hi\u00e7bir aksam\u0131 yoktur. Manuel malzeme s\u00fcrme \/ boy ayarlama...\",\"breadcrumb\":{\"@id\":\"https:\/\/cncmakinamarket.com.tr\/product\/uzay-280-yari-otomatik-testere\/#breadcrumb\"},\"inLanguage\":\"en-US\",\"potentialAction\":[{\"@type\":\"ReadAction\",\"target\":[\"https:\/\/cncmakinamarket.com.tr\/product\/uzay-280-yari-otomatik-testere\/\"]}]},{\"@type\":\"BreadcrumbList\",\"@id\":\"https:\/\/cncmakinamarket.com.tr\/product\/uzay-280-yari-otomatik-testere\/#breadcrumb\",\"itemListElement\":[{\"@type\":\"ListItem\",\"position\":1,\"name\":\"Anasayfa\",\"item\":\"https:\/\/cncmakinamarket.com.tr\/\"},{\"@type\":\"ListItem\",\"position\":2,\"name\":\"\u00dcr\u00fcnler\",\"item\":\"https:\/\/cncmakinamarket.com.tr\/urunler\/\"},{\"@type\":\"ListItem\",\"position\":3,\"name\":\"UZAY 280 yar\u0131 otomatik testere\"}]},{\"@type\":\"WebSite\",\"@id\":\"https:\/\/cncmakinamarket.com.tr\/#website\",\"url\":\"https:\/\/cncmakinamarket.com.tr\/\",\"name\":\"CNC Makina Market\",\"description\":\"\",\"potentialAction\":[{\"@type\":\"SearchAction\",\"target\":{\"@type\":\"EntryPoint\",\"urlTemplate\":\"https:\/\/cncmakinamarket.com.tr\/?s={search_term_string}\"},\"query-input\":\"required name=search_term_string\"}],\"inLanguage\":\"en-US\"}]}<\/script>\n<!-- \/ Yoast SEO plugin. -->","yoast_head_json":{"title":"UZAY 280 yar\u0131 otomatik testere - CNC Makina Market","description":"UZAY 280 yar\u0131 otomatik testere. Makinam\u0131z \u00e7al\u0131\u015f\u0131r ve faal durumdad\u0131r. \u00c7al\u0131\u015fmayan hi\u00e7bir aksam\u0131 yoktur. Manuel malzeme s\u00fcrme \/ boy ayarlama...","robots":{"index":"index","follow":"follow","max-snippet":"max-snippet:-1","max-image-preview":"max-image-preview:large","max-video-preview":"max-video-preview:-1"},"canonical":"https:\/\/cncmakinamarket.com.tr\/en\/product\/uzay-280-yari-otomatik-testere\/","og_locale":"en_US","og_type":"article","og_title":"UZAY 280 yar\u0131 otomatik testere - CNC Makina Market","og_description":"UZAY 280 yar\u0131 otomatik testere. Makinam\u0131z \u00e7al\u0131\u015f\u0131r ve faal durumdad\u0131r. \u00c7al\u0131\u015fmayan hi\u00e7bir aksam\u0131 yoktur. Manuel malzeme s\u00fcrme \/ boy ayarlama...","og_url":"https:\/\/cncmakinamarket.com.tr\/en\/product\/uzay-280-yari-otomatik-testere\/","og_site_name":"CNC Makina Market","article_modified_time":"2023-07-07T11:32:27+00:00","og_image":[{"width":752,"height":519,"url":"https:\/\/cncmakinamarket.com.tr\/wp-content\/uploads\/2023\/07\/testere20.jpeg","type":"image\/jpeg"}],"twitter_card":"summary_large_image","twitter_misc":{"Est. reading time":"1 minute"},"schema":{"@context":"https:\/\/schema.org","@graph":[{"@type":"WebPage","@id":"https:\/\/cncmakinamarket.com.tr\/product\/uzay-280-yari-otomatik-testere\/","url":"https:\/\/cncmakinamarket.com.tr\/product\/uzay-280-yari-otomatik-testere\/","name":"UZAY 280 yar\u0131 otomatik testere - CNC Makina Market","isPartOf":{"@id":"https:\/\/cncmakinamarket.com.tr\/#website"},"datePublished":"2023-07-07T11:30:45+00:00","dateModified":"2023-07-07T11:32:27+00:00","description":"UZAY 280 yar\u0131 otomatik testere. Makinam\u0131z \u00e7al\u0131\u015f\u0131r ve faal durumdad\u0131r. \u00c7al\u0131\u015fmayan hi\u00e7bir aksam\u0131 yoktur. Manuel malzeme s\u00fcrme \/ boy ayarlama...","breadcrumb":{"@id":"https:\/\/cncmakinamarket.com.tr\/product\/uzay-280-yari-otomatik-testere\/#breadcrumb"},"inLanguage":"en-US","potentialAction":[{"@type":"ReadAction","target":["https:\/\/cncmakinamarket.com.tr\/product\/uzay-280-yari-otomatik-testere\/"]}]},{"@type":"BreadcrumbList","@id":"https:\/\/cncmakinamarket.com.tr\/product\/uzay-280-yari-otomatik-testere\/#breadcrumb","itemListElement":[{"@type":"ListItem","position":1,"name":"Anasayfa","item":"https:\/\/cncmakinamarket.com.tr\/"},{"@type":"ListItem","position":2,"name":"\u00dcr\u00fcnler","item":"https:\/\/cncmakinamarket.com.tr\/urunler\/"},{"@type":"ListItem","position":3,"name":"UZAY 280 yar\u0131 otomatik testere"}]},{"@type":"WebSite","@id":"https:\/\/cncmakinamarket.com.tr\/#website","url":"https:\/\/cncmakinamarket.com.tr\/","name":"CNC Makina Market","description":"","potentialAction":[{"@type":"SearchAction","target":{"@type":"EntryPoint","urlTemplate":"https:\/\/cncmakinamarket.com.tr\/?s={search_term_string}"},"query-input":"required name=search_term_string"}],"inLanguage":"en-US"}]}},"_links":{"self":[{"href":"https:\/\/cncmakinamarket.com.tr\/en\/wp-json\/wp\/v2\/product\/925"}],"collection":[{"href":"https:\/\/cncmakinamarket.com.tr\/en\/wp-json\/wp\/v2\/product"}],"about":[{"href":"https:\/\/cncmakinamarket.com.tr\/en\/wp-json\/wp\/v2\/types\/product"}],"wp:featuredmedia":[{"embeddable":true,"href":"https:\/\/cncmakinamarket.com.tr\/en\/wp-json\/wp\/v2\/media\/926"}],"wp:attachment":[{"href":"https:\/\/cncmakinamarket.com.tr\/en\/wp-json\/wp\/v2\/media?parent=925"}],"wp:term":[{"taxonomy":"product_cat","embeddable":true,"href":"https:\/\/cncmakinamarket.com.tr\/en\/wp-json\/wp\/v2\/product_cat?post=925"},{"taxonomy":"product_tag","embeddable":true,"href":"https:\/\/cncmakinamarket.com.tr\/en\/wp-json\/wp\/v2\/product_tag?post=925"}],"curies":[{"name":"wp","href":"https:\/\/api.w.org\/{rel}","templated":true}]}}