{"id":921,"date":"2023-07-07T11:20:42","date_gmt":"2023-07-07T11:20:42","guid":{"rendered":"https:\/\/cncmakinamarket.com.tr\/?post_type=product&#038;p=921"},"modified":"2023-07-07T11:23:07","modified_gmt":"2023-07-07T11:23:07","slug":"arsenal-251-bulgar-freze","status":"publish","type":"product","link":"https:\/\/cncmakinamarket.com.tr\/en\/product\/arsenal-251-bulgar-freze\/","title":{"rendered":"ARSENAL 251 BULGAR FREZE"},"content":{"rendered":"<p>Universal diviz\u00f6r dahildir.<\/p>\n<p>Makinam\u0131z \u00e7al\u0131\u015f\u0131r ve faal durumdad\u0131r.\u00c7al\u0131\u015fmayan hi\u00e7bir aksam\u0131 yoktur.<\/p>","protected":false},"excerpt":{"rendered":"<div class=\"page-header\">\n<h2>ARSENAL 251 BULGAR FREZE<\/h2>\n<\/div>\n<div class=\"fields-container clearfix\">\n<div class=\"column span5\">\n<p>Universal diviz\u00f6r dahildir.<\/p>\n<p>Makinam\u0131z \u00e7al\u0131\u015f\u0131r ve faal durumdad\u0131r.\u00c7al\u0131\u015fmayan hi\u00e7bir aksam\u0131 yoktur.<\/p>\n<\/div>\n<\/div>","protected":false},"featured_media":922,"template":"","meta":[],"product_cat":[45,50],"product_tag":[93,94],"acf":[],"yoast_head":"<!-- This site is optimized with the Yoast SEO plugin v21.9.1 - https:\/\/yoast.com\/wordpress\/plugins\/seo\/ -->\n<title>ARSENAL 251 BULGAR FREZE - CNC Makina Market<\/title>\n<meta name=\"description\" content=\"ARSENAL 251 BULGAR FREZE\" \/>\n<meta name=\"robots\" content=\"index, follow, max-snippet:-1, max-image-preview:large, max-video-preview:-1\" \/>\n<link rel=\"canonical\" href=\"https:\/\/cncmakinamarket.com.tr\/en\/product\/arsenal-251-bulgar-freze\/\" \/>\n<meta property=\"og:locale\" content=\"en_US\" \/>\n<meta property=\"og:type\" content=\"article\" \/>\n<meta property=\"og:title\" content=\"ARSENAL 251 BULGAR FREZE - CNC Makina Market\" \/>\n<meta property=\"og:description\" content=\"ARSENAL 251 BULGAR FREZE\" \/>\n<meta property=\"og:url\" content=\"https:\/\/cncmakinamarket.com.tr\/en\/product\/arsenal-251-bulgar-freze\/\" \/>\n<meta property=\"og:site_name\" content=\"CNC Makina Market\" \/>\n<meta property=\"article:modified_time\" content=\"2023-07-07T11:23:07+00:00\" \/>\n<meta property=\"og:image\" content=\"https:\/\/cncmakinamarket.com.tr\/wp-content\/uploads\/2023\/07\/bulgar_freze3.jpeg\" \/>\n\t<meta property=\"og:image:width\" content=\"756\" \/>\n\t<meta property=\"og:image:height\" content=\"939\" \/>\n\t<meta property=\"og:image:type\" content=\"image\/jpeg\" \/>\n<meta name=\"twitter:card\" content=\"summary_large_image\" \/>\n<meta name=\"twitter:label1\" content=\"Est. reading time\" \/>\n\t<meta name=\"twitter:data1\" content=\"1 minute\" \/>\n<script type=\"application\/ld+json\" class=\"yoast-schema-graph\">{\"@context\":\"https:\/\/schema.org\",\"@graph\":[{\"@type\":\"WebPage\",\"@id\":\"https:\/\/cncmakinamarket.com.tr\/product\/arsenal-251-bulgar-freze\/\",\"url\":\"https:\/\/cncmakinamarket.com.tr\/product\/arsenal-251-bulgar-freze\/\",\"name\":\"ARSENAL 251 BULGAR FREZE - CNC Makina Market\",\"isPartOf\":{\"@id\":\"https:\/\/cncmakinamarket.com.tr\/#website\"},\"datePublished\":\"2023-07-07T11:20:42+00:00\",\"dateModified\":\"2023-07-07T11:23:07+00:00\",\"description\":\"ARSENAL 251 BULGAR FREZE\",\"breadcrumb\":{\"@id\":\"https:\/\/cncmakinamarket.com.tr\/product\/arsenal-251-bulgar-freze\/#breadcrumb\"},\"inLanguage\":\"en-US\",\"potentialAction\":[{\"@type\":\"ReadAction\",\"target\":[\"https:\/\/cncmakinamarket.com.tr\/product\/arsenal-251-bulgar-freze\/\"]}]},{\"@type\":\"BreadcrumbList\",\"@id\":\"https:\/\/cncmakinamarket.com.tr\/product\/arsenal-251-bulgar-freze\/#breadcrumb\",\"itemListElement\":[{\"@type\":\"ListItem\",\"position\":1,\"name\":\"Anasayfa\",\"item\":\"https:\/\/cncmakinamarket.com.tr\/\"},{\"@type\":\"ListItem\",\"position\":2,\"name\":\"\u00dcr\u00fcnler\",\"item\":\"https:\/\/cncmakinamarket.com.tr\/urunler\/\"},{\"@type\":\"ListItem\",\"position\":3,\"name\":\"ARSENAL 251 BULGAR FREZE\"}]},{\"@type\":\"WebSite\",\"@id\":\"https:\/\/cncmakinamarket.com.tr\/#website\",\"url\":\"https:\/\/cncmakinamarket.com.tr\/\",\"name\":\"CNC Makina Market\",\"description\":\"\",\"potentialAction\":[{\"@type\":\"SearchAction\",\"target\":{\"@type\":\"EntryPoint\",\"urlTemplate\":\"https:\/\/cncmakinamarket.com.tr\/?s={search_term_string}\"},\"query-input\":\"required name=search_term_string\"}],\"inLanguage\":\"en-US\"}]}<\/script>\n<!-- \/ Yoast SEO plugin. -->","yoast_head_json":{"title":"ARSENAL 251 BULGAR FREZE - CNC Makina Market","description":"ARSENAL 251 BULGAR FREZE","robots":{"index":"index","follow":"follow","max-snippet":"max-snippet:-1","max-image-preview":"max-image-preview:large","max-video-preview":"max-video-preview:-1"},"canonical":"https:\/\/cncmakinamarket.com.tr\/en\/product\/arsenal-251-bulgar-freze\/","og_locale":"en_US","og_type":"article","og_title":"ARSENAL 251 BULGAR FREZE - CNC Makina Market","og_description":"ARSENAL 251 BULGAR FREZE","og_url":"https:\/\/cncmakinamarket.com.tr\/en\/product\/arsenal-251-bulgar-freze\/","og_site_name":"CNC Makina Market","article_modified_time":"2023-07-07T11:23:07+00:00","og_image":[{"width":756,"height":939,"url":"https:\/\/cncmakinamarket.com.tr\/wp-content\/uploads\/2023\/07\/bulgar_freze3.jpeg","type":"image\/jpeg"}],"twitter_card":"summary_large_image","twitter_misc":{"Est. reading time":"1 minute"},"schema":{"@context":"https:\/\/schema.org","@graph":[{"@type":"WebPage","@id":"https:\/\/cncmakinamarket.com.tr\/product\/arsenal-251-bulgar-freze\/","url":"https:\/\/cncmakinamarket.com.tr\/product\/arsenal-251-bulgar-freze\/","name":"ARSENAL 251 BULGAR FREZE - CNC Makina Market","isPartOf":{"@id":"https:\/\/cncmakinamarket.com.tr\/#website"},"datePublished":"2023-07-07T11:20:42+00:00","dateModified":"2023-07-07T11:23:07+00:00","description":"ARSENAL 251 BULGAR FREZE","breadcrumb":{"@id":"https:\/\/cncmakinamarket.com.tr\/product\/arsenal-251-bulgar-freze\/#breadcrumb"},"inLanguage":"en-US","potentialAction":[{"@type":"ReadAction","target":["https:\/\/cncmakinamarket.com.tr\/product\/arsenal-251-bulgar-freze\/"]}]},{"@type":"BreadcrumbList","@id":"https:\/\/cncmakinamarket.com.tr\/product\/arsenal-251-bulgar-freze\/#breadcrumb","itemListElement":[{"@type":"ListItem","position":1,"name":"Anasayfa","item":"https:\/\/cncmakinamarket.com.tr\/"},{"@type":"ListItem","position":2,"name":"\u00dcr\u00fcnler","item":"https:\/\/cncmakinamarket.com.tr\/urunler\/"},{"@type":"ListItem","position":3,"name":"ARSENAL 251 BULGAR FREZE"}]},{"@type":"WebSite","@id":"https:\/\/cncmakinamarket.com.tr\/#website","url":"https:\/\/cncmakinamarket.com.tr\/","name":"CNC Makina Market","description":"","potentialAction":[{"@type":"SearchAction","target":{"@type":"EntryPoint","urlTemplate":"https:\/\/cncmakinamarket.com.tr\/?s={search_term_string}"},"query-input":"required name=search_term_string"}],"inLanguage":"en-US"}]}},"_links":{"self":[{"href":"https:\/\/cncmakinamarket.com.tr\/en\/wp-json\/wp\/v2\/product\/921"}],"collection":[{"href":"https:\/\/cncmakinamarket.com.tr\/en\/wp-json\/wp\/v2\/product"}],"about":[{"href":"https:\/\/cncmakinamarket.com.tr\/en\/wp-json\/wp\/v2\/types\/product"}],"wp:featuredmedia":[{"embeddable":true,"href":"https:\/\/cncmakinamarket.com.tr\/en\/wp-json\/wp\/v2\/media\/922"}],"wp:attachment":[{"href":"https:\/\/cncmakinamarket.com.tr\/en\/wp-json\/wp\/v2\/media?parent=921"}],"wp:term":[{"taxonomy":"product_cat","embeddable":true,"href":"https:\/\/cncmakinamarket.com.tr\/en\/wp-json\/wp\/v2\/product_cat?post=921"},{"taxonomy":"product_tag","embeddable":true,"href":"https:\/\/cncmakinamarket.com.tr\/en\/wp-json\/wp\/v2\/product_tag?post=921"}],"curies":[{"name":"wp","href":"https:\/\/api.w.org\/{rel}","templated":true}]}}