{"id":915,"date":"2023-07-07T11:14:17","date_gmt":"2023-07-07T11:14:17","guid":{"rendered":"https:\/\/cncmakinamarket.com.tr\/?post_type=product&#038;p=915"},"modified":"2023-07-07T11:14:18","modified_gmt":"2023-07-07T11:14:18","slug":"weida-x6336c-universal-freze","status":"publish","type":"product","link":"https:\/\/cncmakinamarket.com.tr\/en\/product\/weida-x6336c-universal-freze\/","title":{"rendered":"WE\u0130DA X6336C UN\u0130VERSAL FREZE"},"content":{"rendered":"<table class=\"tg table\">\n<tbody>\n<tr>\n<td class=\"tg-0pky\">Tabla Ebat\u0131<\/td>\n<td class=\"tg-0pky\">mm<\/td>\n<td class=\"tg-0pky\">1250 x 320<\/td>\n<\/tr>\n<tr>\n<td class=\"tg-0pky\">Tabla Hareketi<\/td>\n<td class=\"tg-0pky\">mm<\/td>\n<td class=\"tg-0pky\">800 x 300 x 350<\/td>\n<\/tr>\n<tr>\n<td class=\"tg-0pky\">T Kanal\u0131 Devir say\u0131s\u0131 \/ Geni\u015fli\u011fi \/ Mesafesi<\/td>\n<td class=\"tg-0pky\">&#8211;<\/td>\n<td class=\"tg-0pky\">5 &#8211; 14 &#8211; 70<\/td>\n<\/tr>\n<tr>\n<td class=\"tg-0pky\">Fener Mili Burnu &#8211; Tabla Y\u00fczey Aras\u0131 Mesafe<\/td>\n<td class=\"tg-0pky\">mm<\/td>\n<td class=\"tg-0pky\">150 &#8211; 500<\/td>\n<\/tr>\n<tr>\n<td class=\"tg-0lax\">Fener Milli Eksen &#8211; Kolon Aras\u0131 Mesafe<\/td>\n<td class=\"tg-0lax\">mm<\/td>\n<td class=\"tg-0lax\">150 &#8211; 500<\/td>\n<\/tr>\n<tr>\n<td class=\"tg-0pky\">Fener Mili Hareketi<\/td>\n<td class=\"tg-0pky\">mm<\/td>\n<td class=\"tg-0pky\">127<\/td>\n<\/tr>\n<tr>\n<td class=\"tg-0pky\">Fener Mili Koni\u011fi (Dikey \/ Yatay)<\/td>\n<td class=\"tg-0pky\">mm<\/td>\n<td class=\"tg-0pky\">ISO 40<\/td>\n<\/tr>\n<tr>\n<td class=\"tg-0pky\">Fener Mili H\u0131z Aral\u0131\u011f\u0131<\/td>\n<td class=\"tg-0pky\">Rpm<\/td>\n<td class=\"tg-0pky\">70-3620 (V) 60 &#8211; 1350 (H)<\/td>\n<\/tr>\n<tr>\n<td class=\"tg-0pky\">Fener Mili Motor G\u00fcc\u00fc<\/td>\n<td class=\"tg-0pky\">Kw<\/td>\n<td class=\"tg-0pky\">3.7 (V) 2.2 (H)<\/td>\n<\/tr>\n<tr>\n<td class=\"tg-0pky\">Ortalama \u00d6l\u00e7\u00fc<\/td>\n<td class=\"tg-0pky\">mm<\/td>\n<td class=\"tg-0pky\">1720x1520x2225<\/td>\n<\/tr>\n<tr>\n<td class=\"tg-0pky\">Makine A\u011f\u0131rl\u0131\u011f\u0131<\/td>\n<td class=\"tg-0pky\">Kg<\/td>\n<td class=\"tg-0pky\">1770<\/td>\n<\/tr>\n<\/tbody>\n<\/table>\n<p>&nbsp;<\/p>\n<p>MAK\u0130NAMIZ TAMAMEN \u00c7ALI\u015eIR VE FAAL DURUMDADIR.\u00c7ALI\u015eMAYAN H\u0130\u00c7B\u0130R AKSAMI YOKTUR.<\/p>","protected":false},"excerpt":{"rendered":"<h2>WE\u0130DA X6336C UN\u0130VERSAL FREZE<\/h2>\n<table class=\"tg table\">\n<tbody>\n<tr>\n<td class=\"tg-0pky\">Tabla Ebat\u0131<\/td>\n<td class=\"tg-0pky\">mm<\/td>\n<td class=\"tg-0pky\">1250 x 320<\/td>\n<\/tr>\n<tr>\n<td class=\"tg-0pky\">Tabla Hareketi<\/td>\n<td class=\"tg-0pky\">mm<\/td>\n<td class=\"tg-0pky\">800 x 300 x 350<\/td>\n<\/tr>\n<tr>\n<td class=\"tg-0pky\">T Kanal\u0131 Devir say\u0131s\u0131 \/ Geni\u015fli\u011fi \/ Mesafesi<\/td>\n<td class=\"tg-0pky\">&#8211;<\/td>\n<td class=\"tg-0pky\">5 &#8211; 14 &#8211; 70<\/td>\n<\/tr>\n<tr>\n<td class=\"tg-0pky\">Fener Mili Burnu &#8211; Tabla Y\u00fczey Aras\u0131 Mesafe<\/td>\n<td class=\"tg-0pky\">mm<\/td>\n<td class=\"tg-0pky\">150 &#8211; 500<\/td>\n<\/tr>\n<tr>\n<td class=\"tg-0lax\">Fener Milli Eksen &#8211; Kolon Aras\u0131 Mesafe<\/td>\n<td class=\"tg-0lax\">mm<\/td>\n<td class=\"tg-0lax\">150 &#8211; 500<\/td>\n<\/tr>\n<tr>\n<td class=\"tg-0pky\">Fener Mili Hareketi<\/td>\n<td class=\"tg-0pky\">mm<\/td>\n<td class=\"tg-0pky\">127<\/td>\n<\/tr>\n<tr>\n<td class=\"tg-0pky\">Fener Mili Koni\u011fi (Dikey \/ Yatay)<\/td>\n<td class=\"tg-0pky\">mm<\/td>\n<td class=\"tg-0pky\">ISO 40<\/td>\n<\/tr>\n<tr>\n<td class=\"tg-0pky\">Fener Mili H\u0131z Aral\u0131\u011f\u0131<\/td>\n<td class=\"tg-0pky\">Rpm<\/td>\n<td class=\"tg-0pky\">70-3620 (V) 60 &#8211; 1350 (H)<\/td>\n<\/tr>\n<tr>\n<td class=\"tg-0pky\">Fener Mili Motor G\u00fcc\u00fc<\/td>\n<td class=\"tg-0pky\">Kw<\/td>\n<td class=\"tg-0pky\">3.7 (V) 2.2 (H)<\/td>\n<\/tr>\n<tr>\n<td class=\"tg-0pky\">Ortalama \u00d6l\u00e7\u00fc<\/td>\n<td class=\"tg-0pky\">mm<\/td>\n<td class=\"tg-0pky\">1720x1520x2225<\/td>\n<\/tr>\n<tr>\n<td class=\"tg-0pky\">Makine A\u011f\u0131rl\u0131\u011f\u0131<\/td>\n<td class=\"tg-0pky\">Kg<\/td>\n<td class=\"tg-0pky\">1770<\/td>\n<\/tr>\n<\/tbody>\n<\/table>\n<p>&nbsp;<\/p>\n<p>MAK\u0130NAMIZ TAMAMEN \u00c7ALI\u015eIR VE FAAL DURUMDADIR.\u00c7ALI\u015eMAYAN H\u0130\u00c7B\u0130R AKSAMI YOKTUR.<\/p>","protected":false},"featured_media":916,"template":"","meta":[],"product_cat":[45,50],"product_tag":[80,92],"acf":[],"yoast_head":"<!-- This site is optimized with the Yoast SEO plugin v21.9.1 - https:\/\/yoast.com\/wordpress\/plugins\/seo\/ -->\n<title>WE\u0130DA X6336C UN\u0130VERSAL FREZE - CNC Makina Market<\/title>\n<meta name=\"description\" content=\"WE\u0130DA X6336C UN\u0130VERSAL FREZE\" \/>\n<meta name=\"robots\" content=\"index, follow, max-snippet:-1, max-image-preview:large, max-video-preview:-1\" \/>\n<link rel=\"canonical\" href=\"https:\/\/cncmakinamarket.com.tr\/en\/product\/weida-x6336c-universal-freze\/\" \/>\n<meta property=\"og:locale\" content=\"en_US\" \/>\n<meta property=\"og:type\" content=\"article\" \/>\n<meta property=\"og:title\" content=\"WE\u0130DA X6336C UN\u0130VERSAL FREZE - CNC Makina Market\" \/>\n<meta property=\"og:description\" content=\"WE\u0130DA X6336C UN\u0130VERSAL FREZE\" \/>\n<meta property=\"og:url\" content=\"https:\/\/cncmakinamarket.com.tr\/en\/product\/weida-x6336c-universal-freze\/\" \/>\n<meta property=\"og:site_name\" content=\"CNC Makina Market\" \/>\n<meta property=\"article:modified_time\" content=\"2023-07-07T11:14:18+00:00\" \/>\n<meta property=\"og:image\" content=\"https:\/\/cncmakinamarket.com.tr\/wp-content\/uploads\/2023\/07\/weida_freze6.jpeg\" \/>\n\t<meta property=\"og:image:width\" content=\"651\" \/>\n\t<meta property=\"og:image:height\" content=\"897\" \/>\n\t<meta property=\"og:image:type\" content=\"image\/jpeg\" \/>\n<meta name=\"twitter:card\" content=\"summary_large_image\" \/>\n<meta name=\"twitter:label1\" content=\"Est. reading time\" \/>\n\t<meta name=\"twitter:data1\" content=\"1 minute\" \/>\n<script type=\"application\/ld+json\" class=\"yoast-schema-graph\">{\"@context\":\"https:\/\/schema.org\",\"@graph\":[{\"@type\":\"WebPage\",\"@id\":\"https:\/\/cncmakinamarket.com.tr\/product\/weida-x6336c-universal-freze\/\",\"url\":\"https:\/\/cncmakinamarket.com.tr\/product\/weida-x6336c-universal-freze\/\",\"name\":\"WE\u0130DA X6336C UN\u0130VERSAL FREZE - CNC Makina Market\",\"isPartOf\":{\"@id\":\"https:\/\/cncmakinamarket.com.tr\/#website\"},\"datePublished\":\"2023-07-07T11:14:17+00:00\",\"dateModified\":\"2023-07-07T11:14:18+00:00\",\"description\":\"WE\u0130DA X6336C UN\u0130VERSAL FREZE\",\"breadcrumb\":{\"@id\":\"https:\/\/cncmakinamarket.com.tr\/product\/weida-x6336c-universal-freze\/#breadcrumb\"},\"inLanguage\":\"en-US\",\"potentialAction\":[{\"@type\":\"ReadAction\",\"target\":[\"https:\/\/cncmakinamarket.com.tr\/product\/weida-x6336c-universal-freze\/\"]}]},{\"@type\":\"BreadcrumbList\",\"@id\":\"https:\/\/cncmakinamarket.com.tr\/product\/weida-x6336c-universal-freze\/#breadcrumb\",\"itemListElement\":[{\"@type\":\"ListItem\",\"position\":1,\"name\":\"Anasayfa\",\"item\":\"https:\/\/cncmakinamarket.com.tr\/\"},{\"@type\":\"ListItem\",\"position\":2,\"name\":\"\u00dcr\u00fcnler\",\"item\":\"https:\/\/cncmakinamarket.com.tr\/urunler\/\"},{\"@type\":\"ListItem\",\"position\":3,\"name\":\"WE\u0130DA X6336C UN\u0130VERSAL FREZE\"}]},{\"@type\":\"WebSite\",\"@id\":\"https:\/\/cncmakinamarket.com.tr\/#website\",\"url\":\"https:\/\/cncmakinamarket.com.tr\/\",\"name\":\"CNC Makina Market\",\"description\":\"\",\"potentialAction\":[{\"@type\":\"SearchAction\",\"target\":{\"@type\":\"EntryPoint\",\"urlTemplate\":\"https:\/\/cncmakinamarket.com.tr\/?s={search_term_string}\"},\"query-input\":\"required name=search_term_string\"}],\"inLanguage\":\"en-US\"}]}<\/script>\n<!-- \/ Yoast SEO plugin. -->","yoast_head_json":{"title":"WE\u0130DA X6336C UN\u0130VERSAL FREZE - CNC Makina Market","description":"WE\u0130DA X6336C UN\u0130VERSAL FREZE","robots":{"index":"index","follow":"follow","max-snippet":"max-snippet:-1","max-image-preview":"max-image-preview:large","max-video-preview":"max-video-preview:-1"},"canonical":"https:\/\/cncmakinamarket.com.tr\/en\/product\/weida-x6336c-universal-freze\/","og_locale":"en_US","og_type":"article","og_title":"WE\u0130DA X6336C UN\u0130VERSAL FREZE - CNC Makina Market","og_description":"WE\u0130DA X6336C UN\u0130VERSAL FREZE","og_url":"https:\/\/cncmakinamarket.com.tr\/en\/product\/weida-x6336c-universal-freze\/","og_site_name":"CNC Makina Market","article_modified_time":"2023-07-07T11:14:18+00:00","og_image":[{"width":651,"height":897,"url":"https:\/\/cncmakinamarket.com.tr\/wp-content\/uploads\/2023\/07\/weida_freze6.jpeg","type":"image\/jpeg"}],"twitter_card":"summary_large_image","twitter_misc":{"Est. reading time":"1 minute"},"schema":{"@context":"https:\/\/schema.org","@graph":[{"@type":"WebPage","@id":"https:\/\/cncmakinamarket.com.tr\/product\/weida-x6336c-universal-freze\/","url":"https:\/\/cncmakinamarket.com.tr\/product\/weida-x6336c-universal-freze\/","name":"WE\u0130DA X6336C UN\u0130VERSAL FREZE - CNC Makina Market","isPartOf":{"@id":"https:\/\/cncmakinamarket.com.tr\/#website"},"datePublished":"2023-07-07T11:14:17+00:00","dateModified":"2023-07-07T11:14:18+00:00","description":"WE\u0130DA X6336C UN\u0130VERSAL FREZE","breadcrumb":{"@id":"https:\/\/cncmakinamarket.com.tr\/product\/weida-x6336c-universal-freze\/#breadcrumb"},"inLanguage":"en-US","potentialAction":[{"@type":"ReadAction","target":["https:\/\/cncmakinamarket.com.tr\/product\/weida-x6336c-universal-freze\/"]}]},{"@type":"BreadcrumbList","@id":"https:\/\/cncmakinamarket.com.tr\/product\/weida-x6336c-universal-freze\/#breadcrumb","itemListElement":[{"@type":"ListItem","position":1,"name":"Anasayfa","item":"https:\/\/cncmakinamarket.com.tr\/"},{"@type":"ListItem","position":2,"name":"\u00dcr\u00fcnler","item":"https:\/\/cncmakinamarket.com.tr\/urunler\/"},{"@type":"ListItem","position":3,"name":"WE\u0130DA X6336C UN\u0130VERSAL FREZE"}]},{"@type":"WebSite","@id":"https:\/\/cncmakinamarket.com.tr\/#website","url":"https:\/\/cncmakinamarket.com.tr\/","name":"CNC Makina Market","description":"","potentialAction":[{"@type":"SearchAction","target":{"@type":"EntryPoint","urlTemplate":"https:\/\/cncmakinamarket.com.tr\/?s={search_term_string}"},"query-input":"required name=search_term_string"}],"inLanguage":"en-US"}]}},"_links":{"self":[{"href":"https:\/\/cncmakinamarket.com.tr\/en\/wp-json\/wp\/v2\/product\/915"}],"collection":[{"href":"https:\/\/cncmakinamarket.com.tr\/en\/wp-json\/wp\/v2\/product"}],"about":[{"href":"https:\/\/cncmakinamarket.com.tr\/en\/wp-json\/wp\/v2\/types\/product"}],"wp:featuredmedia":[{"embeddable":true,"href":"https:\/\/cncmakinamarket.com.tr\/en\/wp-json\/wp\/v2\/media\/916"}],"wp:attachment":[{"href":"https:\/\/cncmakinamarket.com.tr\/en\/wp-json\/wp\/v2\/media?parent=915"}],"wp:term":[{"taxonomy":"product_cat","embeddable":true,"href":"https:\/\/cncmakinamarket.com.tr\/en\/wp-json\/wp\/v2\/product_cat?post=915"},{"taxonomy":"product_tag","embeddable":true,"href":"https:\/\/cncmakinamarket.com.tr\/en\/wp-json\/wp\/v2\/product_tag?post=915"}],"curies":[{"name":"wp","href":"https:\/\/api.w.org\/{rel}","templated":true}]}}