{"id":882,"date":"2023-06-26T15:47:57","date_gmt":"2023-06-26T15:47:57","guid":{"rendered":"https:\/\/cncmakinamarket.com.tr\/?post_type=product&#038;p=882"},"modified":"2023-06-26T15:48:44","modified_gmt":"2023-06-26T15:48:44","slug":"heyligenstaedt-3-mt-universal","status":"publish","type":"product","link":"https:\/\/cncmakinamarket.com.tr\/en\/product\/heyligenstaedt-3-mt-universal\/","title":{"rendered":"HEYLIGENSTAEDT 3 MT UN\u0130VERSAL"},"content":{"rendered":"<p>\u00c7evirme \u00e7ap\u0131 : 600 mm<\/p>\n<p>Araba \u00fcst\u00fc : 350 mm<\/p>\n<p>Merkez mesafesi : 3000 mm<\/p>\n<p>Alman men\u015fei<\/p>","protected":false},"excerpt":{"rendered":"<h2>HEYLIGENSTAEDT 3 MT UN\u0130VERSAL<\/h2>\n<p>\u00c7evirme \u00e7ap\u0131 : 600 mm<\/p>\n<p>Araba \u00fcst\u00fc : 350 mm<\/p>\n<p>Merkez mesafesi : 3000 mm<\/p>\n<p>Alman men\u015fei<\/p>","protected":false},"featured_media":883,"template":"","meta":[],"product_cat":[45,49],"product_tag":[86],"acf":[],"yoast_head":"<!-- This site is optimized with the Yoast SEO plugin v21.9.1 - https:\/\/yoast.com\/wordpress\/plugins\/seo\/ -->\n<title>HEYLIGENSTAEDT 3 MT UN\u0130VERSAL - CNC Makina Market<\/title>\n<meta name=\"description\" content=\"HEYLIGENSTAEDT 3 MT UN\u0130VERSAL, \u00c7evirme \u00e7ap\u0131 : 600 mm Araba \u00fcst\u00fc : 350 mm Merkez mesafesi : 3000 mm Alman men\u015fei \u00fcniversal torna\" \/>\n<meta name=\"robots\" content=\"index, follow, max-snippet:-1, max-image-preview:large, max-video-preview:-1\" \/>\n<link rel=\"canonical\" href=\"https:\/\/cncmakinamarket.com.tr\/en\/product\/heyligenstaedt-3-mt-universal\/\" \/>\n<meta property=\"og:locale\" content=\"en_US\" \/>\n<meta property=\"og:type\" content=\"article\" \/>\n<meta property=\"og:title\" content=\"HEYLIGENSTAEDT 3 MT UN\u0130VERSAL - CNC Makina Market\" \/>\n<meta property=\"og:description\" content=\"HEYLIGENSTAEDT 3 MT UN\u0130VERSAL, \u00c7evirme \u00e7ap\u0131 : 600 mm Araba \u00fcst\u00fc : 350 mm Merkez mesafesi : 3000 mm Alman men\u015fei \u00fcniversal torna\" \/>\n<meta property=\"og:url\" content=\"https:\/\/cncmakinamarket.com.tr\/en\/product\/heyligenstaedt-3-mt-universal\/\" \/>\n<meta property=\"og:site_name\" content=\"CNC Makina Market\" \/>\n<meta property=\"article:modified_time\" content=\"2023-06-26T15:48:44+00:00\" \/>\n<meta property=\"og:image\" content=\"https:\/\/cncmakinamarket.com.tr\/wp-content\/uploads\/2023\/06\/HEYLIGENSTAEDT-3-MT-UNIVERSAL-1-scaled.jpg\" \/>\n\t<meta property=\"og:image:width\" content=\"2560\" \/>\n\t<meta property=\"og:image:height\" content=\"1213\" \/>\n\t<meta property=\"og:image:type\" content=\"image\/jpeg\" \/>\n<meta name=\"twitter:card\" content=\"summary_large_image\" \/>\n<meta name=\"twitter:label1\" content=\"Est. reading time\" \/>\n\t<meta name=\"twitter:data1\" content=\"1 minute\" \/>\n<script type=\"application\/ld+json\" class=\"yoast-schema-graph\">{\"@context\":\"https:\/\/schema.org\",\"@graph\":[{\"@type\":\"WebPage\",\"@id\":\"https:\/\/cncmakinamarket.com.tr\/product\/heyligenstaedt-3-mt-universal\/\",\"url\":\"https:\/\/cncmakinamarket.com.tr\/product\/heyligenstaedt-3-mt-universal\/\",\"name\":\"HEYLIGENSTAEDT 3 MT UN\u0130VERSAL - CNC Makina Market\",\"isPartOf\":{\"@id\":\"https:\/\/cncmakinamarket.com.tr\/#website\"},\"datePublished\":\"2023-06-26T15:47:57+00:00\",\"dateModified\":\"2023-06-26T15:48:44+00:00\",\"description\":\"HEYLIGENSTAEDT 3 MT UN\u0130VERSAL, \u00c7evirme \u00e7ap\u0131 : 600 mm Araba \u00fcst\u00fc : 350 mm Merkez mesafesi : 3000 mm Alman men\u015fei \u00fcniversal torna\",\"breadcrumb\":{\"@id\":\"https:\/\/cncmakinamarket.com.tr\/product\/heyligenstaedt-3-mt-universal\/#breadcrumb\"},\"inLanguage\":\"en-US\",\"potentialAction\":[{\"@type\":\"ReadAction\",\"target\":[\"https:\/\/cncmakinamarket.com.tr\/product\/heyligenstaedt-3-mt-universal\/\"]}]},{\"@type\":\"BreadcrumbList\",\"@id\":\"https:\/\/cncmakinamarket.com.tr\/product\/heyligenstaedt-3-mt-universal\/#breadcrumb\",\"itemListElement\":[{\"@type\":\"ListItem\",\"position\":1,\"name\":\"Anasayfa\",\"item\":\"https:\/\/cncmakinamarket.com.tr\/\"},{\"@type\":\"ListItem\",\"position\":2,\"name\":\"\u00dcr\u00fcnler\",\"item\":\"https:\/\/cncmakinamarket.com.tr\/urunler\/\"},{\"@type\":\"ListItem\",\"position\":3,\"name\":\"HEYLIGENSTAEDT 3 MT UN\u0130VERSAL\"}]},{\"@type\":\"WebSite\",\"@id\":\"https:\/\/cncmakinamarket.com.tr\/#website\",\"url\":\"https:\/\/cncmakinamarket.com.tr\/\",\"name\":\"CNC Makina Market\",\"description\":\"\",\"potentialAction\":[{\"@type\":\"SearchAction\",\"target\":{\"@type\":\"EntryPoint\",\"urlTemplate\":\"https:\/\/cncmakinamarket.com.tr\/?s={search_term_string}\"},\"query-input\":\"required name=search_term_string\"}],\"inLanguage\":\"en-US\"}]}<\/script>\n<!-- \/ Yoast SEO plugin. -->","yoast_head_json":{"title":"HEYLIGENSTAEDT 3 MT UN\u0130VERSAL - CNC Makina Market","description":"HEYLIGENSTAEDT 3 MT UN\u0130VERSAL, \u00c7evirme \u00e7ap\u0131 : 600 mm Araba \u00fcst\u00fc : 350 mm Merkez mesafesi : 3000 mm Alman men\u015fei \u00fcniversal torna","robots":{"index":"index","follow":"follow","max-snippet":"max-snippet:-1","max-image-preview":"max-image-preview:large","max-video-preview":"max-video-preview:-1"},"canonical":"https:\/\/cncmakinamarket.com.tr\/en\/product\/heyligenstaedt-3-mt-universal\/","og_locale":"en_US","og_type":"article","og_title":"HEYLIGENSTAEDT 3 MT UN\u0130VERSAL - CNC Makina Market","og_description":"HEYLIGENSTAEDT 3 MT UN\u0130VERSAL, \u00c7evirme \u00e7ap\u0131 : 600 mm Araba \u00fcst\u00fc : 350 mm Merkez mesafesi : 3000 mm Alman men\u015fei \u00fcniversal torna","og_url":"https:\/\/cncmakinamarket.com.tr\/en\/product\/heyligenstaedt-3-mt-universal\/","og_site_name":"CNC Makina Market","article_modified_time":"2023-06-26T15:48:44+00:00","og_image":[{"width":2560,"height":1213,"url":"https:\/\/cncmakinamarket.com.tr\/wp-content\/uploads\/2023\/06\/HEYLIGENSTAEDT-3-MT-UNIVERSAL-1-scaled.jpg","type":"image\/jpeg"}],"twitter_card":"summary_large_image","twitter_misc":{"Est. reading time":"1 minute"},"schema":{"@context":"https:\/\/schema.org","@graph":[{"@type":"WebPage","@id":"https:\/\/cncmakinamarket.com.tr\/product\/heyligenstaedt-3-mt-universal\/","url":"https:\/\/cncmakinamarket.com.tr\/product\/heyligenstaedt-3-mt-universal\/","name":"HEYLIGENSTAEDT 3 MT UN\u0130VERSAL - CNC Makina Market","isPartOf":{"@id":"https:\/\/cncmakinamarket.com.tr\/#website"},"datePublished":"2023-06-26T15:47:57+00:00","dateModified":"2023-06-26T15:48:44+00:00","description":"HEYLIGENSTAEDT 3 MT UN\u0130VERSAL, \u00c7evirme \u00e7ap\u0131 : 600 mm Araba \u00fcst\u00fc : 350 mm Merkez mesafesi : 3000 mm Alman men\u015fei \u00fcniversal torna","breadcrumb":{"@id":"https:\/\/cncmakinamarket.com.tr\/product\/heyligenstaedt-3-mt-universal\/#breadcrumb"},"inLanguage":"en-US","potentialAction":[{"@type":"ReadAction","target":["https:\/\/cncmakinamarket.com.tr\/product\/heyligenstaedt-3-mt-universal\/"]}]},{"@type":"BreadcrumbList","@id":"https:\/\/cncmakinamarket.com.tr\/product\/heyligenstaedt-3-mt-universal\/#breadcrumb","itemListElement":[{"@type":"ListItem","position":1,"name":"Anasayfa","item":"https:\/\/cncmakinamarket.com.tr\/"},{"@type":"ListItem","position":2,"name":"\u00dcr\u00fcnler","item":"https:\/\/cncmakinamarket.com.tr\/urunler\/"},{"@type":"ListItem","position":3,"name":"HEYLIGENSTAEDT 3 MT UN\u0130VERSAL"}]},{"@type":"WebSite","@id":"https:\/\/cncmakinamarket.com.tr\/#website","url":"https:\/\/cncmakinamarket.com.tr\/","name":"CNC Makina Market","description":"","potentialAction":[{"@type":"SearchAction","target":{"@type":"EntryPoint","urlTemplate":"https:\/\/cncmakinamarket.com.tr\/?s={search_term_string}"},"query-input":"required name=search_term_string"}],"inLanguage":"en-US"}]}},"_links":{"self":[{"href":"https:\/\/cncmakinamarket.com.tr\/en\/wp-json\/wp\/v2\/product\/882"}],"collection":[{"href":"https:\/\/cncmakinamarket.com.tr\/en\/wp-json\/wp\/v2\/product"}],"about":[{"href":"https:\/\/cncmakinamarket.com.tr\/en\/wp-json\/wp\/v2\/types\/product"}],"wp:featuredmedia":[{"embeddable":true,"href":"https:\/\/cncmakinamarket.com.tr\/en\/wp-json\/wp\/v2\/media\/883"}],"wp:attachment":[{"href":"https:\/\/cncmakinamarket.com.tr\/en\/wp-json\/wp\/v2\/media?parent=882"}],"wp:term":[{"taxonomy":"product_cat","embeddable":true,"href":"https:\/\/cncmakinamarket.com.tr\/en\/wp-json\/wp\/v2\/product_cat?post=882"},{"taxonomy":"product_tag","embeddable":true,"href":"https:\/\/cncmakinamarket.com.tr\/en\/wp-json\/wp\/v2\/product_tag?post=882"}],"curies":[{"name":"wp","href":"https:\/\/api.w.org\/{rel}","templated":true}]}}