{"id":868,"date":"2023-06-26T15:26:29","date_gmt":"2023-06-26T15:26:29","guid":{"rendered":"https:\/\/cncmakinamarket.com.tr\/?post_type=product&#038;p=868"},"modified":"2023-06-26T15:26:30","modified_gmt":"2023-06-26T15:26:30","slug":"dmg-dechel-maho-64v-linear-cnc-isleme-merkezi","status":"publish","type":"product","link":"https:\/\/cncmakinamarket.com.tr\/en\/product\/dmg-dechel-maho-64v-linear-cnc-isleme-merkezi\/","title":{"rendered":"DMG DECHEL MAHO 64V L\u0130NEAR CNC \u0130\u015eLEME MERKEZ\u0130"},"content":{"rendered":"<h4>Teknik \u00d6zellikler<\/h4>\n<p>Dikey i\u015fleme merkezi<br \/>\n\u00dcretici: Deckel Maho<br \/>\nTip: DMC 64 V lineer<br \/>\n\u00dcretim y\u0131l\u0131: 2004<br \/>\nKontrol: Heidenhain iTNC530<\/p>\n<p>X\/Y\/Z hareketi yakla\u015f\u0131k: 640 x 600 x 500 mm<br \/>\nTablo boyutu X\/Y yakla\u015f\u0131k: 850 mm x 600 mm,<br \/>\n63 m mesafede 14 T-yuvas\u0131<br \/>\nMasa y\u00fck\u00fc: 600 kg<br \/>\nH\u0131zl\u0131 hareket h\u0131z\u0131: X ekseni 60 m\/dak., Y\/Z ekseni 40 m\/dak.<\/p>\n<p>Mil: SK40<br \/>\nDevir: 12000 rpm<\/p>\n<p>Tak\u0131m de\u011fi\u015ftirici<br \/>\nTak\u0131m yerleri: 30<br \/>\nTak\u0131m a\u011f\u0131rl\u0131\u011f\u0131 maks. yakla\u015f\u0131k: 7 kg<br \/>\nTak\u0131m \u00e7ap\u0131: 80 mm<br \/>\n\u0130ki karde\u015f tak\u0131m yeri atlan\u0131rsa: \u00d8 140 mm<br \/>\nTak\u0131m uzunlu\u011fu maks.: 300 mm<br \/>\nSo\u011futma ya\u011flay\u0131c\u0131 ekipman\u0131 maks.: 1.000 ltr. tank<\/p>\n<p>Pompa kapasitesi:<br \/>\nTak\u0131m so\u011futma: 50l\/dak 2,2 bar<br \/>\nTala\u015f temizleme: 90l\/dak. 2,2 bar<br \/>\nDurulama tabancas\u0131: 50l\/dak. 2,2 bar<br \/>\nAlet kontrol\u00fc: Blum Lazer<br \/>\nRadyo dokunmatik prob: M&amp;H, tip 25.10<\/p>\n<p>Yakla\u015f\u0131k makine boyutlar\u0131: U\/G\/Y 3546 x 2497 x 3600 mm<br \/>\nA\u011f\u0131rl\u0131k: 6500 kg<\/p>\n<p>&nbsp;<\/p>\n<p>MAK\u0130NAMIZ AKT\u0130F VE FAAL OLARAK \u00c7ALI\u015eIR DURUMDADIR.\u00c7ALI\u015eMAYAN H\u0130\u00c7B\u0130R AKSAMI YOKTUR.<\/p>","protected":false},"excerpt":{"rendered":"<div class=\"page-header\">\n<h2>DMG DECHEL MAHO 64V L\u0130NEAR CNC \u0130\u015eLEME MERKEZ\u0130<\/h2>\n<\/div>\n<div class=\"fields-container clearfix\">\n<div class=\"column span5\">\n<h4>Teknik \u00d6zellikler<\/h4>\n<p>Dikey i\u015fleme merkezi<br \/>\n\u00dcretici: Deckel Maho<br \/>\nTip: DMC 64 V lineer<br \/>\n\u00dcretim y\u0131l\u0131: 2004<br \/>\nKontrol: Heidenhain iTNC530<\/p>\n<p>X\/Y\/Z hareketi yakla\u015f\u0131k: 640 x 600 x 500 mm<br \/>\nTablo boyutu X\/Y yakla\u015f\u0131k: 850 mm x 600 mm,<br \/>\n63 m mesafede 14 T-yuvas\u0131<br \/>\nMasa y\u00fck\u00fc: 600 kg<br \/>\nH\u0131zl\u0131 hareket h\u0131z\u0131: X ekseni 60 m\/dak., Y\/Z ekseni 40 m\/dak.<\/p>\n<p>Mil: SK40<br \/>\nDevir: 12000 rpm<\/p>\n<p>Tak\u0131m de\u011fi\u015ftirici<br \/>\nTak\u0131m yerleri: 30<br \/>\nTak\u0131m a\u011f\u0131rl\u0131\u011f\u0131 maks. yakla\u015f\u0131k: 7 kg<br \/>\nTak\u0131m \u00e7ap\u0131: 80 mm<br \/>\n\u0130ki karde\u015f tak\u0131m yeri atlan\u0131rsa: \u00d8 140 mm<br \/>\nTak\u0131m uzunlu\u011fu maks.: 300 mm<br \/>\nSo\u011futma ya\u011flay\u0131c\u0131 ekipman\u0131 maks.: 1.000 ltr. tank<\/p>\n<p>Pompa kapasitesi:<br \/>\nTak\u0131m so\u011futma: 50l\/dak 2,2 bar<br \/>\nTala\u015f temizleme: 90l\/dak. 2,2 bar<br \/>\nDurulama tabancas\u0131: 50l\/dak. 2,2 bar<br \/>\nAlet kontrol\u00fc: Blum Lazer<br \/>\nRadyo dokunmatik prob: M&amp;H, tip 25.10<\/p>\n<p>Yakla\u015f\u0131k makine boyutlar\u0131: U\/G\/Y 3546 x 2497 x 3600 mm<br \/>\nA\u011f\u0131rl\u0131k: 6500 kg<\/p>\n<p>&nbsp;<\/p>\n<p>MAK\u0130NAMIZ AKT\u0130F VE FAAL OLARAK \u00c7ALI\u015eIR DURUMDADIR.\u00c7ALI\u015eMAYAN H\u0130\u00c7B\u0130R AKSAMI YOKTUR.<\/p>\n<\/div>\n<\/div>","protected":false},"featured_media":869,"template":"","meta":[],"product_cat":[47,45],"product_tag":[84],"acf":[],"yoast_head":"<!-- This site is optimized with the Yoast SEO plugin v21.9.1 - https:\/\/yoast.com\/wordpress\/plugins\/seo\/ -->\n<title>DMG DECHEL MAHO 64V L\u0130NEAR CNC \u0130\u015eLEME MERKEZ\u0130<\/title>\n<meta name=\"description\" content=\"DMG DECHEL MAHO 64V L\u0130NEAR CNC \u0130\u015eLEME MERKEZ\u0130\" \/>\n<meta name=\"robots\" content=\"index, follow, max-snippet:-1, max-image-preview:large, max-video-preview:-1\" \/>\n<link rel=\"canonical\" href=\"https:\/\/cncmakinamarket.com.tr\/en\/product\/dmg-dechel-maho-64v-linear-cnc-isleme-merkezi\/\" \/>\n<meta property=\"og:locale\" content=\"en_US\" \/>\n<meta property=\"og:type\" content=\"article\" \/>\n<meta property=\"og:title\" content=\"DMG DECHEL MAHO 64V L\u0130NEAR CNC \u0130\u015eLEME MERKEZ\u0130\" \/>\n<meta property=\"og:description\" content=\"DMG DECHEL MAHO 64V L\u0130NEAR CNC \u0130\u015eLEME MERKEZ\u0130\" \/>\n<meta property=\"og:url\" content=\"https:\/\/cncmakinamarket.com.tr\/en\/product\/dmg-dechel-maho-64v-linear-cnc-isleme-merkezi\/\" \/>\n<meta property=\"og:site_name\" content=\"CNC Makina Market\" \/>\n<meta property=\"article:modified_time\" content=\"2023-06-26T15:26:30+00:00\" \/>\n<meta property=\"og:image\" content=\"https:\/\/cncmakinamarket.com.tr\/wp-content\/uploads\/2023\/06\/DMG-DECHEL-MAHO-64V-1.jpeg\" \/>\n\t<meta property=\"og:image:width\" content=\"721\" \/>\n\t<meta property=\"og:image:height\" content=\"1600\" \/>\n\t<meta property=\"og:image:type\" content=\"image\/jpeg\" \/>\n<meta name=\"twitter:card\" content=\"summary_large_image\" \/>\n<meta name=\"twitter:label1\" content=\"Est. reading time\" \/>\n\t<meta name=\"twitter:data1\" content=\"1 minute\" \/>\n<script type=\"application\/ld+json\" class=\"yoast-schema-graph\">{\"@context\":\"https:\/\/schema.org\",\"@graph\":[{\"@type\":\"WebPage\",\"@id\":\"https:\/\/cncmakinamarket.com.tr\/product\/dmg-dechel-maho-64v-linear-cnc-isleme-merkezi\/\",\"url\":\"https:\/\/cncmakinamarket.com.tr\/product\/dmg-dechel-maho-64v-linear-cnc-isleme-merkezi\/\",\"name\":\"DMG DECHEL MAHO 64V L\u0130NEAR CNC \u0130\u015eLEME MERKEZ\u0130\",\"isPartOf\":{\"@id\":\"https:\/\/cncmakinamarket.com.tr\/#website\"},\"datePublished\":\"2023-06-26T15:26:29+00:00\",\"dateModified\":\"2023-06-26T15:26:30+00:00\",\"description\":\"DMG DECHEL MAHO 64V L\u0130NEAR CNC \u0130\u015eLEME MERKEZ\u0130\",\"breadcrumb\":{\"@id\":\"https:\/\/cncmakinamarket.com.tr\/product\/dmg-dechel-maho-64v-linear-cnc-isleme-merkezi\/#breadcrumb\"},\"inLanguage\":\"en-US\",\"potentialAction\":[{\"@type\":\"ReadAction\",\"target\":[\"https:\/\/cncmakinamarket.com.tr\/product\/dmg-dechel-maho-64v-linear-cnc-isleme-merkezi\/\"]}]},{\"@type\":\"BreadcrumbList\",\"@id\":\"https:\/\/cncmakinamarket.com.tr\/product\/dmg-dechel-maho-64v-linear-cnc-isleme-merkezi\/#breadcrumb\",\"itemListElement\":[{\"@type\":\"ListItem\",\"position\":1,\"name\":\"Anasayfa\",\"item\":\"https:\/\/cncmakinamarket.com.tr\/\"},{\"@type\":\"ListItem\",\"position\":2,\"name\":\"\u00dcr\u00fcnler\",\"item\":\"https:\/\/cncmakinamarket.com.tr\/urunler\/\"},{\"@type\":\"ListItem\",\"position\":3,\"name\":\"DMG DECHEL MAHO 64V L\u0130NEAR CNC \u0130\u015eLEME MERKEZ\u0130\"}]},{\"@type\":\"WebSite\",\"@id\":\"https:\/\/cncmakinamarket.com.tr\/#website\",\"url\":\"https:\/\/cncmakinamarket.com.tr\/\",\"name\":\"CNC Makina Market\",\"description\":\"\",\"potentialAction\":[{\"@type\":\"SearchAction\",\"target\":{\"@type\":\"EntryPoint\",\"urlTemplate\":\"https:\/\/cncmakinamarket.com.tr\/?s={search_term_string}\"},\"query-input\":\"required name=search_term_string\"}],\"inLanguage\":\"en-US\"}]}<\/script>\n<!-- \/ Yoast SEO plugin. -->","yoast_head_json":{"title":"DMG DECHEL MAHO 64V L\u0130NEAR CNC \u0130\u015eLEME MERKEZ\u0130","description":"DMG DECHEL MAHO 64V L\u0130NEAR CNC \u0130\u015eLEME MERKEZ\u0130","robots":{"index":"index","follow":"follow","max-snippet":"max-snippet:-1","max-image-preview":"max-image-preview:large","max-video-preview":"max-video-preview:-1"},"canonical":"https:\/\/cncmakinamarket.com.tr\/en\/product\/dmg-dechel-maho-64v-linear-cnc-isleme-merkezi\/","og_locale":"en_US","og_type":"article","og_title":"DMG DECHEL MAHO 64V L\u0130NEAR CNC \u0130\u015eLEME MERKEZ\u0130","og_description":"DMG DECHEL MAHO 64V L\u0130NEAR CNC \u0130\u015eLEME MERKEZ\u0130","og_url":"https:\/\/cncmakinamarket.com.tr\/en\/product\/dmg-dechel-maho-64v-linear-cnc-isleme-merkezi\/","og_site_name":"CNC Makina Market","article_modified_time":"2023-06-26T15:26:30+00:00","og_image":[{"width":721,"height":1600,"url":"https:\/\/cncmakinamarket.com.tr\/wp-content\/uploads\/2023\/06\/DMG-DECHEL-MAHO-64V-1.jpeg","type":"image\/jpeg"}],"twitter_card":"summary_large_image","twitter_misc":{"Est. reading time":"1 minute"},"schema":{"@context":"https:\/\/schema.org","@graph":[{"@type":"WebPage","@id":"https:\/\/cncmakinamarket.com.tr\/product\/dmg-dechel-maho-64v-linear-cnc-isleme-merkezi\/","url":"https:\/\/cncmakinamarket.com.tr\/product\/dmg-dechel-maho-64v-linear-cnc-isleme-merkezi\/","name":"DMG DECHEL MAHO 64V L\u0130NEAR CNC \u0130\u015eLEME MERKEZ\u0130","isPartOf":{"@id":"https:\/\/cncmakinamarket.com.tr\/#website"},"datePublished":"2023-06-26T15:26:29+00:00","dateModified":"2023-06-26T15:26:30+00:00","description":"DMG DECHEL MAHO 64V L\u0130NEAR CNC \u0130\u015eLEME MERKEZ\u0130","breadcrumb":{"@id":"https:\/\/cncmakinamarket.com.tr\/product\/dmg-dechel-maho-64v-linear-cnc-isleme-merkezi\/#breadcrumb"},"inLanguage":"en-US","potentialAction":[{"@type":"ReadAction","target":["https:\/\/cncmakinamarket.com.tr\/product\/dmg-dechel-maho-64v-linear-cnc-isleme-merkezi\/"]}]},{"@type":"BreadcrumbList","@id":"https:\/\/cncmakinamarket.com.tr\/product\/dmg-dechel-maho-64v-linear-cnc-isleme-merkezi\/#breadcrumb","itemListElement":[{"@type":"ListItem","position":1,"name":"Anasayfa","item":"https:\/\/cncmakinamarket.com.tr\/"},{"@type":"ListItem","position":2,"name":"\u00dcr\u00fcnler","item":"https:\/\/cncmakinamarket.com.tr\/urunler\/"},{"@type":"ListItem","position":3,"name":"DMG DECHEL MAHO 64V L\u0130NEAR CNC \u0130\u015eLEME MERKEZ\u0130"}]},{"@type":"WebSite","@id":"https:\/\/cncmakinamarket.com.tr\/#website","url":"https:\/\/cncmakinamarket.com.tr\/","name":"CNC Makina Market","description":"","potentialAction":[{"@type":"SearchAction","target":{"@type":"EntryPoint","urlTemplate":"https:\/\/cncmakinamarket.com.tr\/?s={search_term_string}"},"query-input":"required name=search_term_string"}],"inLanguage":"en-US"}]}},"_links":{"self":[{"href":"https:\/\/cncmakinamarket.com.tr\/en\/wp-json\/wp\/v2\/product\/868"}],"collection":[{"href":"https:\/\/cncmakinamarket.com.tr\/en\/wp-json\/wp\/v2\/product"}],"about":[{"href":"https:\/\/cncmakinamarket.com.tr\/en\/wp-json\/wp\/v2\/types\/product"}],"wp:featuredmedia":[{"embeddable":true,"href":"https:\/\/cncmakinamarket.com.tr\/en\/wp-json\/wp\/v2\/media\/869"}],"wp:attachment":[{"href":"https:\/\/cncmakinamarket.com.tr\/en\/wp-json\/wp\/v2\/media?parent=868"}],"wp:term":[{"taxonomy":"product_cat","embeddable":true,"href":"https:\/\/cncmakinamarket.com.tr\/en\/wp-json\/wp\/v2\/product_cat?post=868"},{"taxonomy":"product_tag","embeddable":true,"href":"https:\/\/cncmakinamarket.com.tr\/en\/wp-json\/wp\/v2\/product_tag?post=868"}],"curies":[{"name":"wp","href":"https:\/\/api.w.org\/{rel}","templated":true}]}}