{"id":856,"date":"2023-06-26T13:34:21","date_gmt":"2023-06-26T13:34:21","guid":{"rendered":"https:\/\/cncmakinamarket.com.tr\/?post_type=product&#038;p=856"},"modified":"2023-06-26T13:34:22","modified_gmt":"2023-06-26T13:34:22","slug":"goodway-gs260y-c-y-eksenli","status":"publish","type":"product","link":"https:\/\/cncmakinamarket.com.tr\/en\/product\/goodway-gs260y-c-y-eksenli\/","title":{"rendered":"GOODWAY GS260Y (c-y eksenli)"},"content":{"rendered":"<h4>Teknik \u00d6zellikler<\/h4>\n<p>FANUC 18i-TB Kontrol \u00dcnitesi,<br \/>\nMaksimum \u00c7evirme \u00c7ap\u0131: 670 mm,<br \/>\nMaksimum Tornalama \u00c7ap\u0131: 400 mm,<br \/>\nMaximum \u0130\u015fleme Boyu: 570 mm,<br \/>\nAyna Ebad\u0131: 10 inch,<br \/>\n\u00c7ubuk Kapasitesi: 65 mm,<br \/>\n\u0130\u015f Mili Delik \u00c7ap\u0131: 76 mm,<br \/>\n\u0130\u015f Mili Rulman \u00c7ap\u0131: 120 mm,<br \/>\n\u0130\u015f Mili Devri: 4000 d\/dk,<br \/>\n\u0130\u015f Mili Normu: A2-8,<br \/>\n\u0130\u015f Mili G\u00fcc\u00fc: 15 kW,<br \/>\nK\u0131zak Tipi: S\u00fcrt\u00fcnmeli K\u0131zak,<br \/>\nX Eksen Hareketi: 200 mm,<br \/>\nZ Eksen Hareketi: 570 mm,<br \/>\nX Eksen Motor G\u00fcc\u00fc: 1.6 kw,<br \/>\nZ Eksen Motor G\u00fcc\u00fc: 3.0 kw,<br \/>\nX-Z Eksen Seri Hareketi: 20-24 m\/dk,<br \/>\n\u0130stasyon Say\u0131s\u0131: 12 Tak\u0131m,<br \/>\n\u0130ndex Zaman\u0131: 0.2 sn,<br \/>\nKare Tak\u0131m Ebad\u0131: 25&#215;25 mm,<br \/>\nYuvarlak Tak\u0131m Ebad\u0131: 40 mm,<br \/>\nPozisyonlama Hassasiyeti: 0.005 mm,<br \/>\nTekrarlama Hassasiyeti: 0.003 mm,<br \/>\nY Eksen Motor G\u00fcc\u00fc: 1.6 Kw,<br \/>\nY Eksen Hareketi: 120 mm = +65 -55,<br \/>\nCanl\u0131 Tak\u0131m Ba\u011flanabilme: 12 Adet,<br \/>\nCanl\u0131 Tak\u0131m G\u00fcc\u00fc: 4.5 Kw,<br \/>\nPens \u00d6l\u00e7\u00fcs\u00fc: ER-32,<br \/>\nCanl\u0131 Tak\u0131m Devri: 4000 m\/dev,<br \/>\nMakina A\u011f\u0131rl\u0131\u011f\u0131: 5500 kg,<\/p>\n<p>2008 Model<\/p>\n<p>7 Adet canl\u0131 tak\u0131m<\/p>\n<p>Toplam 13500 saat \u00e7al\u0131\u015fma s\u00fcresi<\/p>","protected":false},"excerpt":{"rendered":"<div class=\"page-header\">\n<h2>GOODWAY GS260Y (c-y eksenli)<\/h2>\n<\/div>\n<div class=\"fields-container clearfix\">\n<h4>Teknik \u00d6zellikler<\/h4>\n<p>FANUC 18i-TB Kontrol \u00dcnitesi,<br \/>\nMaksimum \u00c7evirme \u00c7ap\u0131: 670 mm,<br \/>\nMaksimum Tornalama \u00c7ap\u0131: 400 mm,<br \/>\nMaximum \u0130\u015fleme Boyu: 570 mm,<br \/>\nAyna Ebad\u0131: 10 inch,<br \/>\n\u00c7ubuk Kapasitesi: 65 mm,<br \/>\n\u0130\u015f Mili Delik \u00c7ap\u0131: 76 mm,<br \/>\n\u0130\u015f Mili Rulman \u00c7ap\u0131: 120 mm,<br \/>\n\u0130\u015f Mili Devri: 4000 d\/dk,<br \/>\n\u0130\u015f Mili Normu: A2-8,<br \/>\n\u0130\u015f Mili G\u00fcc\u00fc: 15 kW,<br \/>\nK\u0131zak Tipi: S\u00fcrt\u00fcnmeli K\u0131zak,<br \/>\nX Eksen Hareketi: 200 mm,<br \/>\nZ Eksen Hareketi: 570 mm,<br \/>\nX Eksen Motor G\u00fcc\u00fc: 1.6 kw,<br \/>\nZ Eksen Motor G\u00fcc\u00fc: 3.0 kw,<br \/>\nX-Z Eksen Seri Hareketi: 20-24 m\/dk,<br \/>\n\u0130stasyon Say\u0131s\u0131: 12 Tak\u0131m,<br \/>\n\u0130ndex Zaman\u0131: 0.2 sn,<br \/>\nKare Tak\u0131m Ebad\u0131: 25&#215;25 mm,<br \/>\nYuvarlak Tak\u0131m Ebad\u0131: 40 mm,<br \/>\nPozisyonlama Hassasiyeti: 0.005 mm,<br \/>\nTekrarlama Hassasiyeti: 0.003 mm,<br \/>\nY Eksen Motor G\u00fcc\u00fc: 1.6 Kw,<br \/>\nY Eksen Hareketi: 120 mm = +65 -55,<br \/>\nCanl\u0131 Tak\u0131m Ba\u011flanabilme: 12 Adet,<br \/>\nCanl\u0131 Tak\u0131m G\u00fcc\u00fc: 4.5 Kw,<br \/>\nPens \u00d6l\u00e7\u00fcs\u00fc: ER-32,<br \/>\nCanl\u0131 Tak\u0131m Devri: 4000 m\/dev,<br \/>\nMakina A\u011f\u0131rl\u0131\u011f\u0131: 5500 kg,<\/p>\n<p>2008 Model<\/p>\n<p>7 Adet canl\u0131 tak\u0131m<\/p>\n<p>Toplam 13500 saat \u00e7al\u0131\u015fma s\u00fcresi<\/p>\n<\/div>","protected":false},"featured_media":857,"template":"","meta":[],"product_cat":[46,45],"product_tag":[83],"acf":[],"yoast_head":"<!-- This site is optimized with the Yoast SEO plugin v21.9.1 - https:\/\/yoast.com\/wordpress\/plugins\/seo\/ -->\n<title>GOODWAY GS260Y (c-y eksenli) - CNC Makina Market<\/title>\n<meta name=\"description\" content=\"GOODWAY GS260Y (c-y eksenli) 2008 Model7 Adet canl\u0131 tak\u0131mToplam 13500 saat \u00e7al\u0131\u015fma s\u00fcresi, Makina A\u011f\u0131rl\u0131\u011f\u0131: 5500 kg,\u00a0Canl\u0131 Tak\u0131m Devri: 4000 m\/dev,\u00a0\" \/>\n<meta name=\"robots\" content=\"index, follow, max-snippet:-1, max-image-preview:large, max-video-preview:-1\" \/>\n<link rel=\"canonical\" href=\"https:\/\/cncmakinamarket.com.tr\/en\/product\/goodway-gs260y-c-y-eksenli\/\" \/>\n<meta property=\"og:locale\" content=\"en_US\" \/>\n<meta property=\"og:type\" content=\"article\" \/>\n<meta property=\"og:title\" content=\"GOODWAY GS260Y (c-y eksenli) - CNC Makina Market\" \/>\n<meta property=\"og:description\" content=\"GOODWAY GS260Y (c-y eksenli) 2008 Model7 Adet canl\u0131 tak\u0131mToplam 13500 saat \u00e7al\u0131\u015fma s\u00fcresi, Makina A\u011f\u0131rl\u0131\u011f\u0131: 5500 kg,\u00a0Canl\u0131 Tak\u0131m Devri: 4000 m\/dev,\u00a0\" \/>\n<meta property=\"og:url\" content=\"https:\/\/cncmakinamarket.com.tr\/en\/product\/goodway-gs260y-c-y-eksenli\/\" \/>\n<meta property=\"og:site_name\" content=\"CNC Makina Market\" \/>\n<meta property=\"article:modified_time\" content=\"2023-06-26T13:34:22+00:00\" \/>\n<meta property=\"og:image\" content=\"https:\/\/cncmakinamarket.com.tr\/wp-content\/uploads\/2023\/06\/GOODWAY-GS260Y-c-y-eksenli-1-scaled.jpg\" \/>\n\t<meta property=\"og:image:width\" content=\"1701\" \/>\n\t<meta property=\"og:image:height\" content=\"2560\" \/>\n\t<meta property=\"og:image:type\" content=\"image\/jpeg\" \/>\n<meta name=\"twitter:card\" content=\"summary_large_image\" \/>\n<meta name=\"twitter:label1\" content=\"Est. reading time\" \/>\n\t<meta name=\"twitter:data1\" content=\"1 minute\" \/>\n<script type=\"application\/ld+json\" class=\"yoast-schema-graph\">{\"@context\":\"https:\/\/schema.org\",\"@graph\":[{\"@type\":\"WebPage\",\"@id\":\"https:\/\/cncmakinamarket.com.tr\/product\/goodway-gs260y-c-y-eksenli\/\",\"url\":\"https:\/\/cncmakinamarket.com.tr\/product\/goodway-gs260y-c-y-eksenli\/\",\"name\":\"GOODWAY GS260Y (c-y eksenli) - CNC Makina Market\",\"isPartOf\":{\"@id\":\"https:\/\/cncmakinamarket.com.tr\/#website\"},\"datePublished\":\"2023-06-26T13:34:21+00:00\",\"dateModified\":\"2023-06-26T13:34:22+00:00\",\"description\":\"GOODWAY GS260Y (c-y eksenli) 2008 Model7 Adet canl\u0131 tak\u0131mToplam 13500 saat \u00e7al\u0131\u015fma s\u00fcresi, Makina A\u011f\u0131rl\u0131\u011f\u0131: 5500 kg,\u00a0Canl\u0131 Tak\u0131m Devri: 4000 m\/dev,\u00a0\",\"breadcrumb\":{\"@id\":\"https:\/\/cncmakinamarket.com.tr\/product\/goodway-gs260y-c-y-eksenli\/#breadcrumb\"},\"inLanguage\":\"en-US\",\"potentialAction\":[{\"@type\":\"ReadAction\",\"target\":[\"https:\/\/cncmakinamarket.com.tr\/product\/goodway-gs260y-c-y-eksenli\/\"]}]},{\"@type\":\"BreadcrumbList\",\"@id\":\"https:\/\/cncmakinamarket.com.tr\/product\/goodway-gs260y-c-y-eksenli\/#breadcrumb\",\"itemListElement\":[{\"@type\":\"ListItem\",\"position\":1,\"name\":\"Anasayfa\",\"item\":\"https:\/\/cncmakinamarket.com.tr\/\"},{\"@type\":\"ListItem\",\"position\":2,\"name\":\"\u00dcr\u00fcnler\",\"item\":\"https:\/\/cncmakinamarket.com.tr\/urunler\/\"},{\"@type\":\"ListItem\",\"position\":3,\"name\":\"GOODWAY GS260Y (c-y eksenli)\"}]},{\"@type\":\"WebSite\",\"@id\":\"https:\/\/cncmakinamarket.com.tr\/#website\",\"url\":\"https:\/\/cncmakinamarket.com.tr\/\",\"name\":\"CNC Makina Market\",\"description\":\"\",\"potentialAction\":[{\"@type\":\"SearchAction\",\"target\":{\"@type\":\"EntryPoint\",\"urlTemplate\":\"https:\/\/cncmakinamarket.com.tr\/?s={search_term_string}\"},\"query-input\":\"required name=search_term_string\"}],\"inLanguage\":\"en-US\"}]}<\/script>\n<!-- \/ Yoast SEO plugin. -->","yoast_head_json":{"title":"GOODWAY GS260Y (c-y eksenli) - CNC Makina Market","description":"GOODWAY GS260Y (c-y eksenli) 2008 Model7 Adet canl\u0131 tak\u0131mToplam 13500 saat \u00e7al\u0131\u015fma s\u00fcresi, Makina A\u011f\u0131rl\u0131\u011f\u0131: 5500 kg,\u00a0Canl\u0131 Tak\u0131m Devri: 4000 m\/dev,\u00a0","robots":{"index":"index","follow":"follow","max-snippet":"max-snippet:-1","max-image-preview":"max-image-preview:large","max-video-preview":"max-video-preview:-1"},"canonical":"https:\/\/cncmakinamarket.com.tr\/en\/product\/goodway-gs260y-c-y-eksenli\/","og_locale":"en_US","og_type":"article","og_title":"GOODWAY GS260Y (c-y eksenli) - CNC Makina Market","og_description":"GOODWAY GS260Y (c-y eksenli) 2008 Model7 Adet canl\u0131 tak\u0131mToplam 13500 saat \u00e7al\u0131\u015fma s\u00fcresi, Makina A\u011f\u0131rl\u0131\u011f\u0131: 5500 kg,\u00a0Canl\u0131 Tak\u0131m Devri: 4000 m\/dev,\u00a0","og_url":"https:\/\/cncmakinamarket.com.tr\/en\/product\/goodway-gs260y-c-y-eksenli\/","og_site_name":"CNC Makina Market","article_modified_time":"2023-06-26T13:34:22+00:00","og_image":[{"width":1701,"height":2560,"url":"https:\/\/cncmakinamarket.com.tr\/wp-content\/uploads\/2023\/06\/GOODWAY-GS260Y-c-y-eksenli-1-scaled.jpg","type":"image\/jpeg"}],"twitter_card":"summary_large_image","twitter_misc":{"Est. reading time":"1 minute"},"schema":{"@context":"https:\/\/schema.org","@graph":[{"@type":"WebPage","@id":"https:\/\/cncmakinamarket.com.tr\/product\/goodway-gs260y-c-y-eksenli\/","url":"https:\/\/cncmakinamarket.com.tr\/product\/goodway-gs260y-c-y-eksenli\/","name":"GOODWAY GS260Y (c-y eksenli) - CNC Makina Market","isPartOf":{"@id":"https:\/\/cncmakinamarket.com.tr\/#website"},"datePublished":"2023-06-26T13:34:21+00:00","dateModified":"2023-06-26T13:34:22+00:00","description":"GOODWAY GS260Y (c-y eksenli) 2008 Model7 Adet canl\u0131 tak\u0131mToplam 13500 saat \u00e7al\u0131\u015fma s\u00fcresi, Makina A\u011f\u0131rl\u0131\u011f\u0131: 5500 kg,\u00a0Canl\u0131 Tak\u0131m Devri: 4000 m\/dev,\u00a0","breadcrumb":{"@id":"https:\/\/cncmakinamarket.com.tr\/product\/goodway-gs260y-c-y-eksenli\/#breadcrumb"},"inLanguage":"en-US","potentialAction":[{"@type":"ReadAction","target":["https:\/\/cncmakinamarket.com.tr\/product\/goodway-gs260y-c-y-eksenli\/"]}]},{"@type":"BreadcrumbList","@id":"https:\/\/cncmakinamarket.com.tr\/product\/goodway-gs260y-c-y-eksenli\/#breadcrumb","itemListElement":[{"@type":"ListItem","position":1,"name":"Anasayfa","item":"https:\/\/cncmakinamarket.com.tr\/"},{"@type":"ListItem","position":2,"name":"\u00dcr\u00fcnler","item":"https:\/\/cncmakinamarket.com.tr\/urunler\/"},{"@type":"ListItem","position":3,"name":"GOODWAY GS260Y (c-y eksenli)"}]},{"@type":"WebSite","@id":"https:\/\/cncmakinamarket.com.tr\/#website","url":"https:\/\/cncmakinamarket.com.tr\/","name":"CNC Makina Market","description":"","potentialAction":[{"@type":"SearchAction","target":{"@type":"EntryPoint","urlTemplate":"https:\/\/cncmakinamarket.com.tr\/?s={search_term_string}"},"query-input":"required name=search_term_string"}],"inLanguage":"en-US"}]}},"_links":{"self":[{"href":"https:\/\/cncmakinamarket.com.tr\/en\/wp-json\/wp\/v2\/product\/856"}],"collection":[{"href":"https:\/\/cncmakinamarket.com.tr\/en\/wp-json\/wp\/v2\/product"}],"about":[{"href":"https:\/\/cncmakinamarket.com.tr\/en\/wp-json\/wp\/v2\/types\/product"}],"wp:featuredmedia":[{"embeddable":true,"href":"https:\/\/cncmakinamarket.com.tr\/en\/wp-json\/wp\/v2\/media\/857"}],"wp:attachment":[{"href":"https:\/\/cncmakinamarket.com.tr\/en\/wp-json\/wp\/v2\/media?parent=856"}],"wp:term":[{"taxonomy":"product_cat","embeddable":true,"href":"https:\/\/cncmakinamarket.com.tr\/en\/wp-json\/wp\/v2\/product_cat?post=856"},{"taxonomy":"product_tag","embeddable":true,"href":"https:\/\/cncmakinamarket.com.tr\/en\/wp-json\/wp\/v2\/product_tag?post=856"}],"curies":[{"name":"wp","href":"https:\/\/api.w.org\/{rel}","templated":true}]}}