{"id":837,"date":"2023-06-26T10:33:38","date_gmt":"2023-06-26T10:33:38","guid":{"rendered":"https:\/\/cncmakinamarket.com.tr\/?post_type=product&#038;p=837"},"modified":"2023-07-03T08:31:09","modified_gmt":"2023-07-03T08:31:09","slug":"craft-fr60-universal-freze","status":"publish","type":"product","link":"https:\/\/cncmakinamarket.com.tr\/en\/product\/craft-fr60-universal-freze\/","title":{"rendered":"CRAFT FR60 Universal Lathe"},"content":{"rendered":"<table border=\"1\">\n<tbody>\n<tr>\n<td><strong>Motor G\u00fcc\u00fc<\/strong><\/td>\n<td>Dikey: 2,2 KW, Yatay: 2,2 KW<\/td>\n<\/tr>\n<tr>\n<td><strong>\u00c7al\u0131\u015fma Tipi<\/strong><\/td>\n<td>\u015eanz\u0131manl\u0131<\/td>\n<\/tr>\n<tr>\n<td><strong>So\u011futma Pompas\u0131 G\u00fcc\u00fc<\/strong><\/td>\n<td>40 W<\/td>\n<\/tr>\n<tr>\n<td><strong>Tabla \u00d6l\u00e7\u00fcleri<\/strong><\/td>\n<td>1270&#215;320 mm<\/td>\n<\/tr>\n<tr>\n<td><strong>X Eksen Hareketi<\/strong><\/td>\n<td>730 mm<\/td>\n<\/tr>\n<tr>\n<td><strong>Y Eksen Hareketi<\/strong><\/td>\n<td>290 mm<\/td>\n<\/tr>\n<tr>\n<td><strong>Z Eksen Hareketi<\/strong><\/td>\n<td>380 mm<\/td>\n<\/tr>\n<tr>\n<td><strong>Mil Ba\u011flant\u0131s\u0131<\/strong><\/td>\n<td>Dikey:ISO40 Yatay:ISO40<\/td>\n<\/tr>\n<tr>\n<td><strong>H\u0131z<\/strong><\/td>\n<td>Dikey:67-2010 dev\/dak Yatay:40-1300 dev\/dak<\/td>\n<\/tr>\n<tr>\n<td><strong>Kademe<\/strong><\/td>\n<td>Dikey:12 Yatay:12<\/td>\n<\/tr>\n<tr>\n<td><strong>Kafa D\u00f6n\u00fc\u015f A\u00e7\u0131s\u0131<\/strong><\/td>\n<td>\u00b1 45\u00b0<\/td>\n<\/tr>\n<tr>\n<td><strong>Mil-Tabla Aras\u0131 Mesafe<\/strong><\/td>\n<td>115-430 mm<\/td>\n<\/tr>\n<tr>\n<td><strong>Mil-S\u00fctun Aras\u0131 Mesafe<\/strong><\/td>\n<td>220-670 mm<\/td>\n<\/tr>\n<tr>\n<td><strong>Pinol Hareketi<\/strong><\/td>\n<td>120 mm<\/td>\n<\/tr>\n<tr>\n<td><strong>Pinol Besleme<\/strong><\/td>\n<td>0.1 &#8211; 0.15 &#8211; 0.3 mm\/dev<\/td>\n<\/tr>\n<tr>\n<td><strong>Tabla Besleme<\/strong><\/td>\n<td>X: 24-400 mm\/dak (9 kademe) ; Y,Z:400 mm\/dak<\/td>\n<\/tr>\n<tr>\n<td><strong>Tabla Besleme Motoru<\/strong><\/td>\n<td>X,Y:0,375 kW ; Z:0,75 kW<\/td>\n<\/tr>\n<tr>\n<td><strong>RAM Hareketi<\/strong><\/td>\n<td>520 mm<\/td>\n<\/tr>\n<tr>\n<td><strong>Makina \u00d6l\u00e7\u00fcleri(UxGxY)<\/strong><\/td>\n<td>1580x1450x2150 mm<\/td>\n<\/tr>\n<tr>\n<td><strong>Net A\u011f\u0131rl\u0131k<\/strong><\/td>\n<td>1350 Kg<\/td>\n<\/tr>\n<tr>\n<td><strong>Br\u00fct A\u011f\u0131rl\u0131k<\/strong><\/td>\n<td>1500 Kg<\/td>\n<\/tr>\n<\/tbody>\n<\/table>","protected":false},"excerpt":{"rendered":"<div class=\"page-header\">\n<h2>CRAFT FR60 Universal Lathe<\/h2>\n<\/div>\n<ul>\n<li class=\"fields-container clearfix\">Elektromanyetik kavramal\u0131 i\u015f mili besleme-otomatik<\/li>\n<li class=\"fields-container clearfix\">X-Y ekseni elektrik motorlu-otomatik<\/li>\n<li class=\"fields-container clearfix\">Z ekseni rapid motor-otomatik<\/li>\n<li class=\"fields-container clearfix\">Y\u00fcksekli\u011fi ayarlanabilir emniyet sivi\u00e7li siperlik<\/li>\n<li class=\"fields-container clearfix\">3 eksen dijital koordinat okuyucu<\/li>\n<li class=\"fields-container clearfix\">Kontrol paneli<\/li>\n<li class=\"fields-container clearfix\">Otomatik ya\u011flama<\/li>\n<li class=\"fields-container clearfix\">So\u011futma sistemi<\/li>\n<li class=\"fields-container clearfix\">Ayd\u0131nlatma<\/li>\n<li class=\"fields-container clearfix\">Tala\u015f haznesi<\/li>\n<li class=\"fields-container clearfix\">CE normlar\u0131na uygun<\/li>\n<\/ul>\n<p><a id=\"sendbtn\" class=\"shortcode_wa_button\" href=\"https:\/\/web.whatsapp.com\/send?phone=905056020019&#038;text=\" target=\"_blank\"><span>Get Information with WhatsApp<\/span><\/a><\/p>","protected":false},"featured_media":838,"template":"","meta":[],"product_cat":[15,27,44],"product_tag":[79,80],"acf":[],"yoast_head":"<!-- This site is optimized with the Yoast SEO plugin v21.9.1 - https:\/\/yoast.com\/wordpress\/plugins\/seo\/ -->\n<title>CRAFT FR60 \u00dcniversal Freze - CNC Makina Market<\/title>\n<meta name=\"description\" content=\"CRAFT FR60 \u00dcniversal Freze, Elektromanyetik kavramal\u0131 i\u015f mili besleme-otomatikX-Y ekseni elektrik motorlu-otomatikZ ekseni...\" \/>\n<meta name=\"robots\" content=\"index, follow, max-snippet:-1, max-image-preview:large, max-video-preview:-1\" \/>\n<link rel=\"canonical\" href=\"https:\/\/cncmakinamarket.com.tr\/en\/product\/craft-fr60-universal-freze\/\" \/>\n<meta property=\"og:locale\" content=\"en_US\" \/>\n<meta property=\"og:type\" content=\"article\" \/>\n<meta property=\"og:title\" content=\"CRAFT FR60 \u00dcniversal Freze - CNC Makina Market\" \/>\n<meta property=\"og:description\" content=\"CRAFT FR60 \u00dcniversal Freze, Elektromanyetik kavramal\u0131 i\u015f mili besleme-otomatikX-Y ekseni elektrik motorlu-otomatikZ ekseni...\" \/>\n<meta property=\"og:url\" content=\"https:\/\/cncmakinamarket.com.tr\/en\/product\/craft-fr60-universal-freze\/\" \/>\n<meta property=\"og:site_name\" content=\"CNC Makina Market\" \/>\n<meta property=\"article:modified_time\" content=\"2023-07-03T08:31:09+00:00\" \/>\n<meta property=\"og:image\" content=\"https:\/\/cncmakinamarket.com.tr\/wp-content\/uploads\/2023\/06\/craft-fr60-universal.jpg\" \/>\n\t<meta property=\"og:image:width\" content=\"1008\" \/>\n\t<meta property=\"og:image:height\" content=\"1080\" \/>\n\t<meta property=\"og:image:type\" content=\"image\/jpeg\" \/>\n<meta name=\"twitter:card\" content=\"summary_large_image\" \/>\n<meta name=\"twitter:label1\" content=\"Est. reading time\" \/>\n\t<meta name=\"twitter:data1\" content=\"1 minute\" \/>\n<script type=\"application\/ld+json\" class=\"yoast-schema-graph\">{\"@context\":\"https:\/\/schema.org\",\"@graph\":[{\"@type\":\"WebPage\",\"@id\":\"https:\/\/cncmakinamarket.com.tr\/product\/craft-fr60-universal-freze\/\",\"url\":\"https:\/\/cncmakinamarket.com.tr\/product\/craft-fr60-universal-freze\/\",\"name\":\"CRAFT FR60 \u00dcniversal Freze - CNC Makina Market\",\"isPartOf\":{\"@id\":\"https:\/\/cncmakinamarket.com.tr\/#website\"},\"datePublished\":\"2023-06-26T10:33:38+00:00\",\"dateModified\":\"2023-07-03T08:31:09+00:00\",\"description\":\"CRAFT FR60 \u00dcniversal Freze, Elektromanyetik kavramal\u0131 i\u015f mili besleme-otomatikX-Y ekseni elektrik motorlu-otomatikZ ekseni...\",\"breadcrumb\":{\"@id\":\"https:\/\/cncmakinamarket.com.tr\/product\/craft-fr60-universal-freze\/#breadcrumb\"},\"inLanguage\":\"en-US\",\"potentialAction\":[{\"@type\":\"ReadAction\",\"target\":[\"https:\/\/cncmakinamarket.com.tr\/product\/craft-fr60-universal-freze\/\"]}]},{\"@type\":\"BreadcrumbList\",\"@id\":\"https:\/\/cncmakinamarket.com.tr\/product\/craft-fr60-universal-freze\/#breadcrumb\",\"itemListElement\":[{\"@type\":\"ListItem\",\"position\":1,\"name\":\"Anasayfa\",\"item\":\"https:\/\/cncmakinamarket.com.tr\/\"},{\"@type\":\"ListItem\",\"position\":2,\"name\":\"\u00dcr\u00fcnler\",\"item\":\"https:\/\/cncmakinamarket.com.tr\/urunler\/\"},{\"@type\":\"ListItem\",\"position\":3,\"name\":\"CRAFT FR60 \u00dcniversal Freze\"}]},{\"@type\":\"WebSite\",\"@id\":\"https:\/\/cncmakinamarket.com.tr\/#website\",\"url\":\"https:\/\/cncmakinamarket.com.tr\/\",\"name\":\"CNC Makina Market\",\"description\":\"\",\"potentialAction\":[{\"@type\":\"SearchAction\",\"target\":{\"@type\":\"EntryPoint\",\"urlTemplate\":\"https:\/\/cncmakinamarket.com.tr\/?s={search_term_string}\"},\"query-input\":\"required name=search_term_string\"}],\"inLanguage\":\"en-US\"}]}<\/script>\n<!-- \/ Yoast SEO plugin. -->","yoast_head_json":{"title":"CRAFT FR60 \u00dcniversal Freze - CNC Makina Market","description":"CRAFT FR60 \u00dcniversal Freze, Elektromanyetik kavramal\u0131 i\u015f mili besleme-otomatikX-Y ekseni elektrik motorlu-otomatikZ ekseni...","robots":{"index":"index","follow":"follow","max-snippet":"max-snippet:-1","max-image-preview":"max-image-preview:large","max-video-preview":"max-video-preview:-1"},"canonical":"https:\/\/cncmakinamarket.com.tr\/en\/product\/craft-fr60-universal-freze\/","og_locale":"en_US","og_type":"article","og_title":"CRAFT FR60 \u00dcniversal Freze - CNC Makina Market","og_description":"CRAFT FR60 \u00dcniversal Freze, Elektromanyetik kavramal\u0131 i\u015f mili besleme-otomatikX-Y ekseni elektrik motorlu-otomatikZ ekseni...","og_url":"https:\/\/cncmakinamarket.com.tr\/en\/product\/craft-fr60-universal-freze\/","og_site_name":"CNC Makina Market","article_modified_time":"2023-07-03T08:31:09+00:00","og_image":[{"width":1008,"height":1080,"url":"https:\/\/cncmakinamarket.com.tr\/wp-content\/uploads\/2023\/06\/craft-fr60-universal.jpg","type":"image\/jpeg"}],"twitter_card":"summary_large_image","twitter_misc":{"Est. reading time":"1 minute"},"schema":{"@context":"https:\/\/schema.org","@graph":[{"@type":"WebPage","@id":"https:\/\/cncmakinamarket.com.tr\/product\/craft-fr60-universal-freze\/","url":"https:\/\/cncmakinamarket.com.tr\/product\/craft-fr60-universal-freze\/","name":"CRAFT FR60 \u00dcniversal Freze - CNC Makina Market","isPartOf":{"@id":"https:\/\/cncmakinamarket.com.tr\/#website"},"datePublished":"2023-06-26T10:33:38+00:00","dateModified":"2023-07-03T08:31:09+00:00","description":"CRAFT FR60 \u00dcniversal Freze, Elektromanyetik kavramal\u0131 i\u015f mili besleme-otomatikX-Y ekseni elektrik motorlu-otomatikZ ekseni...","breadcrumb":{"@id":"https:\/\/cncmakinamarket.com.tr\/product\/craft-fr60-universal-freze\/#breadcrumb"},"inLanguage":"en-US","potentialAction":[{"@type":"ReadAction","target":["https:\/\/cncmakinamarket.com.tr\/product\/craft-fr60-universal-freze\/"]}]},{"@type":"BreadcrumbList","@id":"https:\/\/cncmakinamarket.com.tr\/product\/craft-fr60-universal-freze\/#breadcrumb","itemListElement":[{"@type":"ListItem","position":1,"name":"Anasayfa","item":"https:\/\/cncmakinamarket.com.tr\/"},{"@type":"ListItem","position":2,"name":"\u00dcr\u00fcnler","item":"https:\/\/cncmakinamarket.com.tr\/urunler\/"},{"@type":"ListItem","position":3,"name":"CRAFT FR60 \u00dcniversal Freze"}]},{"@type":"WebSite","@id":"https:\/\/cncmakinamarket.com.tr\/#website","url":"https:\/\/cncmakinamarket.com.tr\/","name":"CNC Makina Market","description":"","potentialAction":[{"@type":"SearchAction","target":{"@type":"EntryPoint","urlTemplate":"https:\/\/cncmakinamarket.com.tr\/?s={search_term_string}"},"query-input":"required name=search_term_string"}],"inLanguage":"en-US"}]}},"_links":{"self":[{"href":"https:\/\/cncmakinamarket.com.tr\/en\/wp-json\/wp\/v2\/product\/837"}],"collection":[{"href":"https:\/\/cncmakinamarket.com.tr\/en\/wp-json\/wp\/v2\/product"}],"about":[{"href":"https:\/\/cncmakinamarket.com.tr\/en\/wp-json\/wp\/v2\/types\/product"}],"wp:featuredmedia":[{"embeddable":true,"href":"https:\/\/cncmakinamarket.com.tr\/en\/wp-json\/wp\/v2\/media\/838"}],"wp:attachment":[{"href":"https:\/\/cncmakinamarket.com.tr\/en\/wp-json\/wp\/v2\/media?parent=837"}],"wp:term":[{"taxonomy":"product_cat","embeddable":true,"href":"https:\/\/cncmakinamarket.com.tr\/en\/wp-json\/wp\/v2\/product_cat?post=837"},{"taxonomy":"product_tag","embeddable":true,"href":"https:\/\/cncmakinamarket.com.tr\/en\/wp-json\/wp\/v2\/product_tag?post=837"}],"curies":[{"name":"wp","href":"https:\/\/api.w.org\/{rel}","templated":true}]}}