{"id":667,"date":"2023-06-22T13:36:00","date_gmt":"2023-06-22T13:36:00","guid":{"rendered":"https:\/\/cncmakinamarket.com.tr\/?post_type=product&#038;p=667"},"modified":"2023-07-03T08:44:34","modified_gmt":"2023-07-03T08:44:34","slug":"craft-5010-universal-torna","status":"publish","type":"product","link":"https:\/\/cncmakinamarket.com.tr\/en\/product\/craft-5010-universal-torna\/","title":{"rendered":"CRAFT 5010 \u00dcniversal Torna"},"content":{"rendered":"<h5>CRAFT 5010 \u00dcniversal Torna<\/h5>\n<table border=\"1\">\n<tbody>\n<tr>\n<td><strong>Banko \u00dczeri \u00c7ap<\/strong><\/td>\n<td><span style=\"vertical-align: inherit;\"><span style=\"vertical-align: inherit;\">500 mm<\/span><\/span><\/td>\n<\/tr>\n<tr>\n<td><strong>K\u00f6pr\u00fc \u00dczeri \u00c7ap<\/strong><\/td>\n<td><span style=\"vertical-align: inherit;\"><span style=\"vertical-align: inherit;\">760 mm<\/span><\/span><\/td>\n<\/tr>\n<tr>\n<td><strong>Araba \u00dczeri \u00c7ap<\/strong><\/td>\n<td><span style=\"vertical-align: inherit;\"><span style=\"vertical-align: inherit;\">290 mm<\/span><\/span><\/td>\n<\/tr>\n<tr>\n<td><strong>Banko Geni\u015fli\u011fi<\/strong><\/td>\n<td><span style=\"vertical-align: inherit;\"><span style=\"vertical-align: inherit;\">394 mm<\/span><\/span><\/td>\n<\/tr>\n<tr>\n<td><strong>Puntalar Aras\u0131 Mesafe<\/strong><\/td>\n<td><span style=\"vertical-align: inherit;\"><span style=\"vertical-align: inherit;\">1000 mm<\/span><\/span><\/td>\n<\/tr>\n<tr>\n<td><strong>Motor G\u00fcc\u00fc<\/strong><\/td>\n<td><span style=\"vertical-align: inherit;\"><span style=\"vertical-align: inherit;\">7,5 kW, 400 V<\/span><\/span><\/td>\n<\/tr>\n<tr>\n<td><strong>H\u0131z<\/strong><\/td>\n<td>26-2000 dev\/dak<\/td>\n<\/tr>\n<tr>\n<td><strong>Kademe<\/strong><\/td>\n<td>16<\/td>\n<\/tr>\n<tr>\n<td><strong>Fener Mili \u00c7ap\u0131<\/strong><\/td>\n<td><span style=\"vertical-align: inherit;\"><span style=\"vertical-align: inherit;\">82 mm<\/span><\/span><\/td>\n<\/tr>\n<tr>\n<td><strong>Fener Mili Ucu<\/strong><\/td>\n<td><span style=\"vertical-align: inherit;\"><span style=\"vertical-align: inherit;\">D1-8<\/span><\/span><\/td>\n<\/tr>\n<tr>\n<td><strong>Fener Mili Koni\u011fi<\/strong><\/td>\n<td><span style=\"vertical-align: inherit;\"><span style=\"vertical-align: inherit;\">MK6<\/span><\/span><\/td>\n<\/tr>\n<tr>\n<td><strong>Enine Support Hareketi<\/strong><\/td>\n<td><span style=\"vertical-align: inherit;\"><span style=\"vertical-align: inherit;\">348 mm<\/span><\/span><\/td>\n<\/tr>\n<tr>\n<td><strong>\u00c7apraz Support Hareketi<\/strong><\/td>\n<td><span style=\"vertical-align: inherit;\"><span style=\"vertical-align: inherit;\">150 mm<\/span><\/span><\/td>\n<\/tr>\n<tr>\n<td><strong>Gezer Punta Koni\u011fi<\/strong><\/td>\n<td><span style=\"vertical-align: inherit;\"><span style=\"vertical-align: inherit;\">MK5<\/span><\/span><\/td>\n<\/tr>\n<tr>\n<td><strong>Gezer Punta Hareketi<\/strong><\/td>\n<td><span style=\"vertical-align: inherit;\"><span style=\"vertical-align: inherit;\">150 mm<\/span><\/span><\/td>\n<\/tr>\n<tr>\n<td><strong>Do\u011frusal Besleme<\/strong><\/td>\n<td>0,044-1,48 mm\/devir<\/td>\n<\/tr>\n<tr>\n<td><strong>Enine Besleme<\/strong><\/td>\n<td>0,022-0,74 mm\/devir<\/td>\n<\/tr>\n<tr>\n<td><strong>Metrik Hatve Oran\u0131<\/strong><\/td>\n<td>0,35-80 mm (53 adet)<\/td>\n<\/tr>\n<tr>\n<td><strong>\u0130n\u00e7 Hatve Oran\u0131<\/strong><\/td>\n<td>7\/16-80 (47 adet)<\/td>\n<\/tr>\n<tr>\n<td><strong>Mod\u00fcl Hatve Oran\u0131<\/strong><\/td>\n<td>0,20-40 mm (45 adet)<\/td>\n<\/tr>\n<tr>\n<td><strong>Diametrik Hatve Oran\u0131<\/strong><\/td>\n<td>7\/8-160 (42 adet)<\/td>\n<\/tr>\n<tr>\n<td><strong>Kalemlik \u00d6l\u00e7\u00fcs\u00fc<\/strong><\/td>\n<td><span style=\"vertical-align: inherit;\"><span style=\"vertical-align: inherit;\">25&#215;25 mm<\/span><\/span><\/td>\n<\/tr>\n<tr>\n<td><strong>Makina \u00d6l\u00e7\u00fcleri(UxGxY)<\/strong><\/td>\n<td><span style=\"vertical-align: inherit;\"><span style=\"vertical-align: inherit;\">2600x1226x1440mm<\/span><\/span><\/td>\n<\/tr>\n<tr>\n<td><strong>Net A\u011f\u0131rl\u0131k<\/strong><\/td>\n<td><span style=\"vertical-align: inherit;\"><span style=\"vertical-align: inherit;\">2170 Kg<\/span><\/span><\/td>\n<\/tr>\n<\/tbody>\n<\/table>","protected":false},"excerpt":{"rendered":"<h3>CRAFT 5010 \u00dcniversal Torna<\/h3>\n<ul>\n<li>CE normlar\u0131na uygun<\/li>\n<li>Mekanik kavrama sistemi\/debriyaj<\/li>\n<li>Siemens elektrik sistemi<\/li>\n<li>Emniyet sivicli ayna siperli\u011fi<\/li>\n<li>Kolay hareket imkan\u0131 sunan joystick<\/li>\n<li>Ayd\u0131nlatma sistemi<\/li>\n<li>So\u011futma \u00fcnitesi<\/li>\n<li>Ayak freni<\/li>\n<\/ul>\n<p><a id=\"sendbtn\" class=\"shortcode_wa_button\" href=\"https:\/\/web.whatsapp.com\/send?phone=905056020019&#038;text=\" target=\"_blank\"><span>Get Information with WhatsApp<\/span><\/a><\/p>","protected":false},"featured_media":668,"template":"","meta":[],"product_cat":[15,44,26],"product_tag":[57,56],"acf":[],"yoast_head":"<!-- This site is optimized with the Yoast SEO plugin v21.9.1 - https:\/\/yoast.com\/wordpress\/plugins\/seo\/ -->\n<title>CRAFT 5010 \u00dcniversal Torna - CNC Makina Market<\/title>\n<meta name=\"description\" content=\"CRAFT 5010 \u00dcniversal Torna, CE normlar\u0131na uygun, Mekanik kavrama sistemi\/debriyaj, Siemens elektrik sistemi, Emniyet sivicli ayna siperli\u011fi\" \/>\n<meta name=\"robots\" content=\"index, follow, max-snippet:-1, max-image-preview:large, max-video-preview:-1\" \/>\n<link rel=\"canonical\" href=\"https:\/\/cncmakinamarket.com.tr\/en\/product\/craft-5010-universal-torna\/\" \/>\n<meta property=\"og:locale\" content=\"en_US\" \/>\n<meta property=\"og:type\" content=\"article\" \/>\n<meta property=\"og:title\" content=\"CRAFT 5010 \u00dcniversal Torna - CNC Makina Market\" \/>\n<meta property=\"og:description\" content=\"CRAFT 5010 \u00dcniversal Torna, CE normlar\u0131na uygun, Mekanik kavrama sistemi\/debriyaj, Siemens elektrik sistemi, Emniyet sivicli ayna siperli\u011fi\" \/>\n<meta property=\"og:url\" content=\"https:\/\/cncmakinamarket.com.tr\/en\/product\/craft-5010-universal-torna\/\" \/>\n<meta property=\"og:site_name\" content=\"CNC Makina Market\" \/>\n<meta property=\"article:modified_time\" content=\"2023-07-03T08:44:34+00:00\" \/>\n<meta property=\"og:image\" content=\"https:\/\/cncmakinamarket.com.tr\/wp-content\/uploads\/2023\/06\/craft-cr5010-universal-torna.jpg\" \/>\n\t<meta property=\"og:image:width\" content=\"1080\" \/>\n\t<meta property=\"og:image:height\" content=\"900\" \/>\n\t<meta property=\"og:image:type\" content=\"image\/jpeg\" \/>\n<meta name=\"twitter:card\" content=\"summary_large_image\" \/>\n<meta name=\"twitter:label1\" content=\"Est. reading time\" \/>\n\t<meta name=\"twitter:data1\" content=\"1 minute\" \/>\n<script type=\"application\/ld+json\" class=\"yoast-schema-graph\">{\"@context\":\"https:\/\/schema.org\",\"@graph\":[{\"@type\":\"WebPage\",\"@id\":\"https:\/\/cncmakinamarket.com.tr\/product\/craft-5010-universal-torna\/\",\"url\":\"https:\/\/cncmakinamarket.com.tr\/product\/craft-5010-universal-torna\/\",\"name\":\"CRAFT 5010 \u00dcniversal Torna - CNC Makina Market\",\"isPartOf\":{\"@id\":\"https:\/\/cncmakinamarket.com.tr\/#website\"},\"datePublished\":\"2023-06-22T13:36:00+00:00\",\"dateModified\":\"2023-07-03T08:44:34+00:00\",\"description\":\"CRAFT 5010 \u00dcniversal Torna, CE normlar\u0131na uygun, Mekanik kavrama sistemi\/debriyaj, Siemens elektrik sistemi, Emniyet sivicli ayna siperli\u011fi\",\"breadcrumb\":{\"@id\":\"https:\/\/cncmakinamarket.com.tr\/product\/craft-5010-universal-torna\/#breadcrumb\"},\"inLanguage\":\"en-US\",\"potentialAction\":[{\"@type\":\"ReadAction\",\"target\":[\"https:\/\/cncmakinamarket.com.tr\/product\/craft-5010-universal-torna\/\"]}]},{\"@type\":\"BreadcrumbList\",\"@id\":\"https:\/\/cncmakinamarket.com.tr\/product\/craft-5010-universal-torna\/#breadcrumb\",\"itemListElement\":[{\"@type\":\"ListItem\",\"position\":1,\"name\":\"Anasayfa\",\"item\":\"https:\/\/cncmakinamarket.com.tr\/\"},{\"@type\":\"ListItem\",\"position\":2,\"name\":\"\u00dcr\u00fcnler\",\"item\":\"https:\/\/cncmakinamarket.com.tr\/urunler\/\"},{\"@type\":\"ListItem\",\"position\":3,\"name\":\"CRAFT 5010 \u00dcniversal Torna\"}]},{\"@type\":\"WebSite\",\"@id\":\"https:\/\/cncmakinamarket.com.tr\/#website\",\"url\":\"https:\/\/cncmakinamarket.com.tr\/\",\"name\":\"CNC Makina Market\",\"description\":\"\",\"potentialAction\":[{\"@type\":\"SearchAction\",\"target\":{\"@type\":\"EntryPoint\",\"urlTemplate\":\"https:\/\/cncmakinamarket.com.tr\/?s={search_term_string}\"},\"query-input\":\"required name=search_term_string\"}],\"inLanguage\":\"en-US\"}]}<\/script>\n<!-- \/ Yoast SEO plugin. -->","yoast_head_json":{"title":"CRAFT 5010 \u00dcniversal Torna - CNC Makina Market","description":"CRAFT 5010 \u00dcniversal Torna, CE normlar\u0131na uygun, Mekanik kavrama sistemi\/debriyaj, Siemens elektrik sistemi, Emniyet sivicli ayna siperli\u011fi","robots":{"index":"index","follow":"follow","max-snippet":"max-snippet:-1","max-image-preview":"max-image-preview:large","max-video-preview":"max-video-preview:-1"},"canonical":"https:\/\/cncmakinamarket.com.tr\/en\/product\/craft-5010-universal-torna\/","og_locale":"en_US","og_type":"article","og_title":"CRAFT 5010 \u00dcniversal Torna - CNC Makina Market","og_description":"CRAFT 5010 \u00dcniversal Torna, CE normlar\u0131na uygun, Mekanik kavrama sistemi\/debriyaj, Siemens elektrik sistemi, Emniyet sivicli ayna siperli\u011fi","og_url":"https:\/\/cncmakinamarket.com.tr\/en\/product\/craft-5010-universal-torna\/","og_site_name":"CNC Makina Market","article_modified_time":"2023-07-03T08:44:34+00:00","og_image":[{"width":1080,"height":900,"url":"https:\/\/cncmakinamarket.com.tr\/wp-content\/uploads\/2023\/06\/craft-cr5010-universal-torna.jpg","type":"image\/jpeg"}],"twitter_card":"summary_large_image","twitter_misc":{"Est. reading time":"1 minute"},"schema":{"@context":"https:\/\/schema.org","@graph":[{"@type":"WebPage","@id":"https:\/\/cncmakinamarket.com.tr\/product\/craft-5010-universal-torna\/","url":"https:\/\/cncmakinamarket.com.tr\/product\/craft-5010-universal-torna\/","name":"CRAFT 5010 \u00dcniversal Torna - CNC Makina Market","isPartOf":{"@id":"https:\/\/cncmakinamarket.com.tr\/#website"},"datePublished":"2023-06-22T13:36:00+00:00","dateModified":"2023-07-03T08:44:34+00:00","description":"CRAFT 5010 \u00dcniversal Torna, CE normlar\u0131na uygun, Mekanik kavrama sistemi\/debriyaj, Siemens elektrik sistemi, Emniyet sivicli ayna siperli\u011fi","breadcrumb":{"@id":"https:\/\/cncmakinamarket.com.tr\/product\/craft-5010-universal-torna\/#breadcrumb"},"inLanguage":"en-US","potentialAction":[{"@type":"ReadAction","target":["https:\/\/cncmakinamarket.com.tr\/product\/craft-5010-universal-torna\/"]}]},{"@type":"BreadcrumbList","@id":"https:\/\/cncmakinamarket.com.tr\/product\/craft-5010-universal-torna\/#breadcrumb","itemListElement":[{"@type":"ListItem","position":1,"name":"Anasayfa","item":"https:\/\/cncmakinamarket.com.tr\/"},{"@type":"ListItem","position":2,"name":"\u00dcr\u00fcnler","item":"https:\/\/cncmakinamarket.com.tr\/urunler\/"},{"@type":"ListItem","position":3,"name":"CRAFT 5010 \u00dcniversal Torna"}]},{"@type":"WebSite","@id":"https:\/\/cncmakinamarket.com.tr\/#website","url":"https:\/\/cncmakinamarket.com.tr\/","name":"CNC Makina Market","description":"","potentialAction":[{"@type":"SearchAction","target":{"@type":"EntryPoint","urlTemplate":"https:\/\/cncmakinamarket.com.tr\/?s={search_term_string}"},"query-input":"required name=search_term_string"}],"inLanguage":"en-US"}]}},"_links":{"self":[{"href":"https:\/\/cncmakinamarket.com.tr\/en\/wp-json\/wp\/v2\/product\/667"}],"collection":[{"href":"https:\/\/cncmakinamarket.com.tr\/en\/wp-json\/wp\/v2\/product"}],"about":[{"href":"https:\/\/cncmakinamarket.com.tr\/en\/wp-json\/wp\/v2\/types\/product"}],"wp:featuredmedia":[{"embeddable":true,"href":"https:\/\/cncmakinamarket.com.tr\/en\/wp-json\/wp\/v2\/media\/668"}],"wp:attachment":[{"href":"https:\/\/cncmakinamarket.com.tr\/en\/wp-json\/wp\/v2\/media?parent=667"}],"wp:term":[{"taxonomy":"product_cat","embeddable":true,"href":"https:\/\/cncmakinamarket.com.tr\/en\/wp-json\/wp\/v2\/product_cat?post=667"},{"taxonomy":"product_tag","embeddable":true,"href":"https:\/\/cncmakinamarket.com.tr\/en\/wp-json\/wp\/v2\/product_tag?post=667"}],"curies":[{"name":"wp","href":"https:\/\/api.w.org\/{rel}","templated":true}]}}