{"id":1105,"date":"2023-08-12T08:56:39","date_gmt":"2023-08-12T08:56:39","guid":{"rendered":"https:\/\/cncmakinamarket.com.tr\/?post_type=product&#038;p=1105"},"modified":"2023-08-12T08:56:40","modified_gmt":"2023-08-12T08:56:40","slug":"guvenlik-koruyuculu-fiber-lazer-kesici-sf1530g","status":"publish","type":"product","link":"https:\/\/cncmakinamarket.com.tr\/en\/product\/guvenlik-koruyuculu-fiber-lazer-kesici-sf1530g\/","title":{"rendered":"G\u00fcvenlik Koruyuculu Fiber Lazer Kesici SF1530G"},"content":{"rendered":"<div class=\"sliderTable mt10 mb10 sliderTable-index0\">\n<div class=\"inner\">\n<table width=\"883\" align=\"center\">\n<tbody>\n<tr class=\"firstRow\">\n<td width=\"639\">\u00c7al\u0131\u015fma Alan\u0131 (mm)<\/td>\n<td width=\"538\">\n<div>1530*3050<\/div>\n<\/td>\n<\/tr>\n<tr>\n<td width=\"639\">Lazer G\u00fcc\u00fc (KW)<\/td>\n<td width=\"538\">1.5\/2\/3<\/td>\n<\/tr>\n<tr>\n<td width=\"639\">Maksimum hareket h\u0131z\u0131 (m\/dak)<\/td>\n<td width=\"538\">80<\/td>\n<\/tr>\n<tr>\n<td width=\"639\">Maksimum ivme(G)<\/td>\n<td width=\"538\">0.8<\/td>\n<\/tr>\n<tr>\n<td width=\"639\">X\/Y Ekseni konumland\u0131rma do\u011frulu\u011fu (mm\/m)<\/td>\n<td width=\"538\">\u00b10.05<\/td>\n<\/tr>\n<tr>\n<td width=\"639\">X\/Y Ekseni tekrarlanan konumland\u0131rma do\u011frulu\u011fu (mm)<\/td>\n<td width=\"538\">\u00b1 0.02<\/td>\n<\/tr>\n<\/tbody>\n<\/table>\n<\/div>\n<\/div>","protected":false},"excerpt":{"rendered":"<div class=\"sliderTable mt10 mb10 sliderTable-index0\">\n<div class=\"inner\">\n<table width=\"883\" align=\"center\">\n<tbody>\n<tr class=\"firstRow\">\n<td width=\"639\">\u00c7al\u0131\u015fma Alan\u0131 (mm)<\/td>\n<td width=\"538\">\n<div>1530*3050<\/div>\n<\/td>\n<\/tr>\n<tr>\n<td width=\"639\">Lazer G\u00fcc\u00fc (KW)<\/td>\n<td width=\"538\">1.5\/2\/3<\/td>\n<\/tr>\n<tr>\n<td width=\"639\">Maksimum hareket h\u0131z\u0131 (m\/dak)<\/td>\n<td width=\"538\">80<\/td>\n<\/tr>\n<tr>\n<td width=\"639\">Maksimum ivme(G)<\/td>\n<td width=\"538\">0.8<\/td>\n<\/tr>\n<tr>\n<td width=\"639\">X\/Y Ekseni konumland\u0131rma do\u011frulu\u011fu (mm\/m)<\/td>\n<td width=\"538\">\u00b10.05<\/td>\n<\/tr>\n<tr>\n<td width=\"639\">X\/Y Ekseni tekrarlanan konumland\u0131rma do\u011frulu\u011fu (mm)<\/td>\n<td width=\"538\">\u00b1 0.02<\/td>\n<\/tr>\n<\/tbody>\n<\/table>\n<p><a id=\"sendbtn\" class=\"shortcode_wa_button\" href=\"https:\/\/web.whatsapp.com\/send?phone=905056020019&#038;text=\" target=\"_blank\"><span>Get Information with WhatsApp<\/span><\/a><\/p>\n<\/div>\n<\/div>","protected":false},"featured_media":1106,"template":"","meta":[],"product_cat":[39,41,44],"product_tag":[270,271],"acf":[],"yoast_head":"<!-- This site is optimized with the Yoast SEO plugin v21.9.1 - https:\/\/yoast.com\/wordpress\/plugins\/seo\/ -->\n<title>G\u00fcvenlik Koruyuculu Fiber Lazer Kesici SF1530G - CNC Makina Market<\/title>\n<meta name=\"robots\" content=\"index, follow, max-snippet:-1, max-image-preview:large, max-video-preview:-1\" \/>\n<link rel=\"canonical\" href=\"https:\/\/cncmakinamarket.com.tr\/en\/product\/guvenlik-koruyuculu-fiber-lazer-kesici-sf1530g\/\" \/>\n<meta property=\"og:locale\" content=\"en_US\" \/>\n<meta property=\"og:type\" content=\"article\" \/>\n<meta property=\"og:title\" content=\"G\u00fcvenlik Koruyuculu Fiber Lazer Kesici SF1530G - CNC Makina Market\" \/>\n<meta property=\"og:description\" content=\"\u00c7al\u0131\u015fma Alan\u0131 (mm)  1530*3050   Lazer G\u00fcc\u00fc (KW) 1.5\/2\/3   Maksimum hareket h\u0131z\u0131 (m\/dak) 80   Maksimum ivme(G) 0.8   X\/Y Ekseni konumland\u0131rma do\u011frulu\u011fu (mm\/m) \u00b10.05   X\/Y Ekseni tekrarlanan konumland\u0131rma do\u011frulu\u011fu (mm) \u00b1 0.02\" \/>\n<meta property=\"og:url\" content=\"https:\/\/cncmakinamarket.com.tr\/en\/product\/guvenlik-koruyuculu-fiber-lazer-kesici-sf1530g\/\" \/>\n<meta property=\"og:site_name\" content=\"CNC Makina Market\" \/>\n<meta property=\"article:modified_time\" content=\"2023-08-12T08:56:40+00:00\" \/>\n<meta property=\"og:image\" content=\"https:\/\/cncmakinamarket.com.tr\/wp-content\/uploads\/2023\/08\/1530g-800-800.webp\" \/>\n\t<meta property=\"og:image:width\" content=\"800\" \/>\n\t<meta property=\"og:image:height\" content=\"800\" \/>\n\t<meta property=\"og:image:type\" content=\"image\/webp\" \/>\n<meta name=\"twitter:card\" content=\"summary_large_image\" \/>\n<meta name=\"twitter:label1\" content=\"Est. reading time\" \/>\n\t<meta name=\"twitter:data1\" content=\"1 minute\" \/>\n<script type=\"application\/ld+json\" class=\"yoast-schema-graph\">{\"@context\":\"https:\/\/schema.org\",\"@graph\":[{\"@type\":\"WebPage\",\"@id\":\"https:\/\/cncmakinamarket.com.tr\/product\/guvenlik-koruyuculu-fiber-lazer-kesici-sf1530g\/\",\"url\":\"https:\/\/cncmakinamarket.com.tr\/product\/guvenlik-koruyuculu-fiber-lazer-kesici-sf1530g\/\",\"name\":\"G\u00fcvenlik Koruyuculu Fiber Lazer Kesici SF1530G - CNC Makina Market\",\"isPartOf\":{\"@id\":\"https:\/\/cncmakinamarket.com.tr\/#website\"},\"datePublished\":\"2023-08-12T08:56:39+00:00\",\"dateModified\":\"2023-08-12T08:56:40+00:00\",\"breadcrumb\":{\"@id\":\"https:\/\/cncmakinamarket.com.tr\/product\/guvenlik-koruyuculu-fiber-lazer-kesici-sf1530g\/#breadcrumb\"},\"inLanguage\":\"en-US\",\"potentialAction\":[{\"@type\":\"ReadAction\",\"target\":[\"https:\/\/cncmakinamarket.com.tr\/product\/guvenlik-koruyuculu-fiber-lazer-kesici-sf1530g\/\"]}]},{\"@type\":\"BreadcrumbList\",\"@id\":\"https:\/\/cncmakinamarket.com.tr\/product\/guvenlik-koruyuculu-fiber-lazer-kesici-sf1530g\/#breadcrumb\",\"itemListElement\":[{\"@type\":\"ListItem\",\"position\":1,\"name\":\"Anasayfa\",\"item\":\"https:\/\/cncmakinamarket.com.tr\/\"},{\"@type\":\"ListItem\",\"position\":2,\"name\":\"\u00dcr\u00fcnler\",\"item\":\"https:\/\/cncmakinamarket.com.tr\/urunler\/\"},{\"@type\":\"ListItem\",\"position\":3,\"name\":\"G\u00fcvenlik Koruyuculu Fiber Lazer Kesici SF1530G\"}]},{\"@type\":\"WebSite\",\"@id\":\"https:\/\/cncmakinamarket.com.tr\/#website\",\"url\":\"https:\/\/cncmakinamarket.com.tr\/\",\"name\":\"CNC Makina Market\",\"description\":\"\",\"potentialAction\":[{\"@type\":\"SearchAction\",\"target\":{\"@type\":\"EntryPoint\",\"urlTemplate\":\"https:\/\/cncmakinamarket.com.tr\/?s={search_term_string}\"},\"query-input\":\"required name=search_term_string\"}],\"inLanguage\":\"en-US\"}]}<\/script>\n<!-- \/ Yoast SEO plugin. -->","yoast_head_json":{"title":"G\u00fcvenlik Koruyuculu Fiber Lazer Kesici SF1530G - CNC Makina Market","robots":{"index":"index","follow":"follow","max-snippet":"max-snippet:-1","max-image-preview":"max-image-preview:large","max-video-preview":"max-video-preview:-1"},"canonical":"https:\/\/cncmakinamarket.com.tr\/en\/product\/guvenlik-koruyuculu-fiber-lazer-kesici-sf1530g\/","og_locale":"en_US","og_type":"article","og_title":"G\u00fcvenlik Koruyuculu Fiber Lazer Kesici SF1530G - CNC Makina Market","og_description":"\u00c7al\u0131\u015fma Alan\u0131 (mm)  1530*3050   Lazer G\u00fcc\u00fc (KW) 1.5\/2\/3   Maksimum hareket h\u0131z\u0131 (m\/dak) 80   Maksimum ivme(G) 0.8   X\/Y Ekseni konumland\u0131rma do\u011frulu\u011fu (mm\/m) \u00b10.05   X\/Y Ekseni tekrarlanan konumland\u0131rma do\u011frulu\u011fu (mm) \u00b1 0.02","og_url":"https:\/\/cncmakinamarket.com.tr\/en\/product\/guvenlik-koruyuculu-fiber-lazer-kesici-sf1530g\/","og_site_name":"CNC Makina Market","article_modified_time":"2023-08-12T08:56:40+00:00","og_image":[{"width":800,"height":800,"url":"https:\/\/cncmakinamarket.com.tr\/wp-content\/uploads\/2023\/08\/1530g-800-800.webp","type":"image\/webp"}],"twitter_card":"summary_large_image","twitter_misc":{"Est. reading time":"1 minute"},"schema":{"@context":"https:\/\/schema.org","@graph":[{"@type":"WebPage","@id":"https:\/\/cncmakinamarket.com.tr\/product\/guvenlik-koruyuculu-fiber-lazer-kesici-sf1530g\/","url":"https:\/\/cncmakinamarket.com.tr\/product\/guvenlik-koruyuculu-fiber-lazer-kesici-sf1530g\/","name":"G\u00fcvenlik Koruyuculu Fiber Lazer Kesici SF1530G - CNC Makina Market","isPartOf":{"@id":"https:\/\/cncmakinamarket.com.tr\/#website"},"datePublished":"2023-08-12T08:56:39+00:00","dateModified":"2023-08-12T08:56:40+00:00","breadcrumb":{"@id":"https:\/\/cncmakinamarket.com.tr\/product\/guvenlik-koruyuculu-fiber-lazer-kesici-sf1530g\/#breadcrumb"},"inLanguage":"en-US","potentialAction":[{"@type":"ReadAction","target":["https:\/\/cncmakinamarket.com.tr\/product\/guvenlik-koruyuculu-fiber-lazer-kesici-sf1530g\/"]}]},{"@type":"BreadcrumbList","@id":"https:\/\/cncmakinamarket.com.tr\/product\/guvenlik-koruyuculu-fiber-lazer-kesici-sf1530g\/#breadcrumb","itemListElement":[{"@type":"ListItem","position":1,"name":"Anasayfa","item":"https:\/\/cncmakinamarket.com.tr\/"},{"@type":"ListItem","position":2,"name":"\u00dcr\u00fcnler","item":"https:\/\/cncmakinamarket.com.tr\/urunler\/"},{"@type":"ListItem","position":3,"name":"G\u00fcvenlik Koruyuculu Fiber Lazer Kesici SF1530G"}]},{"@type":"WebSite","@id":"https:\/\/cncmakinamarket.com.tr\/#website","url":"https:\/\/cncmakinamarket.com.tr\/","name":"CNC Makina Market","description":"","potentialAction":[{"@type":"SearchAction","target":{"@type":"EntryPoint","urlTemplate":"https:\/\/cncmakinamarket.com.tr\/?s={search_term_string}"},"query-input":"required name=search_term_string"}],"inLanguage":"en-US"}]}},"_links":{"self":[{"href":"https:\/\/cncmakinamarket.com.tr\/en\/wp-json\/wp\/v2\/product\/1105"}],"collection":[{"href":"https:\/\/cncmakinamarket.com.tr\/en\/wp-json\/wp\/v2\/product"}],"about":[{"href":"https:\/\/cncmakinamarket.com.tr\/en\/wp-json\/wp\/v2\/types\/product"}],"wp:featuredmedia":[{"embeddable":true,"href":"https:\/\/cncmakinamarket.com.tr\/en\/wp-json\/wp\/v2\/media\/1106"}],"wp:attachment":[{"href":"https:\/\/cncmakinamarket.com.tr\/en\/wp-json\/wp\/v2\/media?parent=1105"}],"wp:term":[{"taxonomy":"product_cat","embeddable":true,"href":"https:\/\/cncmakinamarket.com.tr\/en\/wp-json\/wp\/v2\/product_cat?post=1105"},{"taxonomy":"product_tag","embeddable":true,"href":"https:\/\/cncmakinamarket.com.tr\/en\/wp-json\/wp\/v2\/product_tag?post=1105"}],"curies":[{"name":"wp","href":"https:\/\/api.w.org\/{rel}","templated":true}]}}