{"id":1103,"date":"2023-08-12T06:48:23","date_gmt":"2023-08-12T06:48:23","guid":{"rendered":"https:\/\/cncmakinamarket.com.tr\/?post_type=product&#038;p=1103"},"modified":"2023-08-12T06:48:24","modified_gmt":"2023-08-12T06:48:24","slug":"el-fiber-lazer-kaynak-makinesi-1kw-15kw-2kw-fiber-lazer","status":"publish","type":"product","link":"https:\/\/cncmakinamarket.com.tr\/en\/product\/el-fiber-lazer-kaynak-makinesi-1kw-15kw-2kw-fiber-lazer\/","title":{"rendered":"El Fiber Lazer Kaynak Makinesi 1KW\/1,5KW\/2KW fiber lazer"},"content":{"rendered":"<div class=\"inner\">\n<table width=\"899\">\n<tbody>\n<tr class=\"firstRow\">\n<td align=\"center\" valign=\"middle\" width=\"335\">Lazer G\u00fcc\u00fc (kw)<\/td>\n<td align=\"center\" valign=\"middle\" width=\"529\">\n<div>1\/1.5\/2<\/div>\n<\/td>\n<\/tr>\n<tr>\n<td align=\"center\" valign=\"middle\" width=\"335\">Lazer Dalga Uzunlu\u011fu (nm)<\/td>\n<td align=\"center\" valign=\"middle\" width=\"529\">1080<\/td>\n<\/tr>\n<tr>\n<td align=\"center\" valign=\"middle\" width=\"335\">Kaynak H\u0131z\u0131 (mm\/s)<\/td>\n<td align=\"center\" valign=\"middle\" width=\"529\">0-120<\/td>\n<\/tr>\n<tr>\n<td align=\"center\" valign=\"middle\" width=\"327\">Kaynak Bo\u015flu\u011fu<\/td>\n<td align=\"center\" valign=\"middle\" width=\"529\">\u22641\/5 of the thickness of sheet metal<\/td>\n<\/tr>\n<tr>\n<td align=\"center\" valign=\"middle\" width=\"335\">Kaynak aral\u0131\u011f\u0131 (mm)<\/td>\n<td align=\"center\" valign=\"middle\" width=\"529\">0.5~4karbon \u00e7elik; 0.5~4paslanmaz \u00e7elik ; 0.5~3 al\u00fcminyum<\/td>\n<\/tr>\n<tr>\n<td align=\"center\" valign=\"middle\" width=\"335\">Elyaf Uzunlu\u011fu (m)<\/td>\n<td align=\"center\" valign=\"middle\" width=\"529\">Standard 10<\/td>\n<\/tr>\n<tr>\n<td align=\"center\" valign=\"middle\" width=\"335\">So\u011futma Modu<\/td>\n<td align=\"center\" valign=\"middle\" width=\"529\">Su so\u011futma<\/td>\n<\/tr>\n<\/tbody>\n<\/table>\n<\/div>","protected":false},"excerpt":{"rendered":"<div class=\"inner\">\n<table width=\"899\">\n<tbody>\n<tr class=\"firstRow\">\n<td align=\"center\" valign=\"middle\" width=\"335\">Lazer G\u00fcc\u00fc (kw)<\/td>\n<td align=\"center\" valign=\"middle\" width=\"529\">\n<div>1\/1.5\/2<\/div>\n<\/td>\n<\/tr>\n<tr>\n<td align=\"center\" valign=\"middle\" width=\"335\">Lazer Dalga Uzunlu\u011fu (nm)<\/td>\n<td align=\"center\" valign=\"middle\" width=\"529\">1080<\/td>\n<\/tr>\n<tr>\n<td align=\"center\" valign=\"middle\" width=\"335\">Kaynak H\u0131z\u0131 (mm\/s)<\/td>\n<td align=\"center\" valign=\"middle\" width=\"529\">0-120<\/td>\n<\/tr>\n<tr>\n<td align=\"center\" valign=\"middle\" width=\"327\">Kaynak Bo\u015flu\u011fu<\/td>\n<td align=\"center\" valign=\"middle\" width=\"529\">\u22641\/5 of the thickness of sheet metal<\/td>\n<\/tr>\n<tr>\n<td align=\"center\" valign=\"middle\" width=\"335\">Kaynak aral\u0131\u011f\u0131 (mm)<\/td>\n<td align=\"center\" valign=\"middle\" width=\"529\">0.5~4karbon \u00e7elik; 0.5~4paslanmaz \u00e7elik ; 0.5~3 al\u00fcminyum<\/td>\n<\/tr>\n<tr>\n<td align=\"center\" valign=\"middle\" width=\"335\">Elyaf Uzunlu\u011fu (m)<\/td>\n<td align=\"center\" valign=\"middle\" width=\"529\">Standard 10<\/td>\n<\/tr>\n<tr>\n<td align=\"center\" valign=\"middle\" width=\"335\">So\u011futma Modu<\/td>\n<td align=\"center\" valign=\"middle\" width=\"529\">Su so\u011futma<\/td>\n<\/tr>\n<\/tbody>\n<\/table>\n<p><a id=\"sendbtn\" class=\"shortcode_wa_button\" href=\"https:\/\/web.whatsapp.com\/send?phone=905056020019&#038;text=\" target=\"_blank\"><span>Get Information with WhatsApp<\/span><\/a><\/p>\n<\/div>","protected":false},"featured_media":1104,"template":"","meta":[],"product_cat":[43,39,44],"product_tag":[268,267,269,266],"acf":[],"yoast_head":"<!-- This site is optimized with the Yoast SEO plugin v21.9.1 - https:\/\/yoast.com\/wordpress\/plugins\/seo\/ -->\n<title>El Fiber Lazer Kaynak Makinesi 1KW\/1,5KW\/2KW fiber lazer - CNC Makina Market<\/title>\n<meta name=\"robots\" content=\"index, follow, max-snippet:-1, max-image-preview:large, max-video-preview:-1\" \/>\n<link rel=\"canonical\" href=\"https:\/\/cncmakinamarket.com.tr\/en\/product\/el-fiber-lazer-kaynak-makinesi-1kw-15kw-2kw-fiber-lazer\/\" \/>\n<meta property=\"og:locale\" content=\"en_US\" \/>\n<meta property=\"og:type\" content=\"article\" \/>\n<meta property=\"og:title\" content=\"El Fiber Lazer Kaynak Makinesi 1KW\/1,5KW\/2KW fiber lazer - CNC Makina Market\" \/>\n<meta property=\"og:description\" content=\"Lazer G\u00fcc\u00fc (kw)  1\/1.5\/2   Lazer Dalga Uzunlu\u011fu (nm) 1080   Kaynak H\u0131z\u0131 (mm\/s) 0-120   Kaynak Bo\u015flu\u011fu \u22641\/5 of the thickness of sheet metal   Kaynak aral\u0131\u011f\u0131 (mm) 0.5~4karbon \u00e7elik; 0.5~4paslanmaz \u00e7elik ; 0.5~3 al\u00fcminyum   Elyaf Uzunlu\u011fu (m) Standard 10   So\u011futma Modu Su so\u011futma\" \/>\n<meta property=\"og:url\" content=\"https:\/\/cncmakinamarket.com.tr\/en\/product\/el-fiber-lazer-kaynak-makinesi-1kw-15kw-2kw-fiber-lazer\/\" \/>\n<meta property=\"og:site_name\" content=\"CNC Makina Market\" \/>\n<meta property=\"article:modified_time\" content=\"2023-08-12T06:48:24+00:00\" \/>\n<meta property=\"og:image\" content=\"https:\/\/cncmakinamarket.com.tr\/wp-content\/uploads\/2023\/08\/SF1000.webp\" \/>\n\t<meta property=\"og:image:width\" content=\"750\" \/>\n\t<meta property=\"og:image:height\" content=\"750\" \/>\n\t<meta property=\"og:image:type\" content=\"image\/webp\" \/>\n<meta name=\"twitter:card\" content=\"summary_large_image\" \/>\n<meta name=\"twitter:label1\" content=\"Est. reading time\" \/>\n\t<meta name=\"twitter:data1\" content=\"1 minute\" \/>\n<script type=\"application\/ld+json\" class=\"yoast-schema-graph\">{\"@context\":\"https:\/\/schema.org\",\"@graph\":[{\"@type\":\"WebPage\",\"@id\":\"https:\/\/cncmakinamarket.com.tr\/product\/el-fiber-lazer-kaynak-makinesi-1kw-15kw-2kw-fiber-lazer\/\",\"url\":\"https:\/\/cncmakinamarket.com.tr\/product\/el-fiber-lazer-kaynak-makinesi-1kw-15kw-2kw-fiber-lazer\/\",\"name\":\"El Fiber Lazer Kaynak Makinesi 1KW\/1,5KW\/2KW fiber lazer - CNC Makina Market\",\"isPartOf\":{\"@id\":\"https:\/\/cncmakinamarket.com.tr\/#website\"},\"datePublished\":\"2023-08-12T06:48:23+00:00\",\"dateModified\":\"2023-08-12T06:48:24+00:00\",\"breadcrumb\":{\"@id\":\"https:\/\/cncmakinamarket.com.tr\/product\/el-fiber-lazer-kaynak-makinesi-1kw-15kw-2kw-fiber-lazer\/#breadcrumb\"},\"inLanguage\":\"en-US\",\"potentialAction\":[{\"@type\":\"ReadAction\",\"target\":[\"https:\/\/cncmakinamarket.com.tr\/product\/el-fiber-lazer-kaynak-makinesi-1kw-15kw-2kw-fiber-lazer\/\"]}]},{\"@type\":\"BreadcrumbList\",\"@id\":\"https:\/\/cncmakinamarket.com.tr\/product\/el-fiber-lazer-kaynak-makinesi-1kw-15kw-2kw-fiber-lazer\/#breadcrumb\",\"itemListElement\":[{\"@type\":\"ListItem\",\"position\":1,\"name\":\"Anasayfa\",\"item\":\"https:\/\/cncmakinamarket.com.tr\/\"},{\"@type\":\"ListItem\",\"position\":2,\"name\":\"\u00dcr\u00fcnler\",\"item\":\"https:\/\/cncmakinamarket.com.tr\/urunler\/\"},{\"@type\":\"ListItem\",\"position\":3,\"name\":\"El Fiber Lazer Kaynak Makinesi 1KW\/1,5KW\/2KW fiber lazer\"}]},{\"@type\":\"WebSite\",\"@id\":\"https:\/\/cncmakinamarket.com.tr\/#website\",\"url\":\"https:\/\/cncmakinamarket.com.tr\/\",\"name\":\"CNC Makina Market\",\"description\":\"\",\"potentialAction\":[{\"@type\":\"SearchAction\",\"target\":{\"@type\":\"EntryPoint\",\"urlTemplate\":\"https:\/\/cncmakinamarket.com.tr\/?s={search_term_string}\"},\"query-input\":\"required name=search_term_string\"}],\"inLanguage\":\"en-US\"}]}<\/script>\n<!-- \/ Yoast SEO plugin. -->","yoast_head_json":{"title":"El Fiber Lazer Kaynak Makinesi 1KW\/1,5KW\/2KW fiber lazer - CNC Makina Market","robots":{"index":"index","follow":"follow","max-snippet":"max-snippet:-1","max-image-preview":"max-image-preview:large","max-video-preview":"max-video-preview:-1"},"canonical":"https:\/\/cncmakinamarket.com.tr\/en\/product\/el-fiber-lazer-kaynak-makinesi-1kw-15kw-2kw-fiber-lazer\/","og_locale":"en_US","og_type":"article","og_title":"El Fiber Lazer Kaynak Makinesi 1KW\/1,5KW\/2KW fiber lazer - CNC Makina Market","og_description":"Lazer G\u00fcc\u00fc (kw)  1\/1.5\/2   Lazer Dalga Uzunlu\u011fu (nm) 1080   Kaynak H\u0131z\u0131 (mm\/s) 0-120   Kaynak Bo\u015flu\u011fu \u22641\/5 of the thickness of sheet metal   Kaynak aral\u0131\u011f\u0131 (mm) 0.5~4karbon \u00e7elik; 0.5~4paslanmaz \u00e7elik ; 0.5~3 al\u00fcminyum   Elyaf Uzunlu\u011fu (m) Standard 10   So\u011futma Modu Su so\u011futma","og_url":"https:\/\/cncmakinamarket.com.tr\/en\/product\/el-fiber-lazer-kaynak-makinesi-1kw-15kw-2kw-fiber-lazer\/","og_site_name":"CNC Makina Market","article_modified_time":"2023-08-12T06:48:24+00:00","og_image":[{"width":750,"height":750,"url":"https:\/\/cncmakinamarket.com.tr\/wp-content\/uploads\/2023\/08\/SF1000.webp","type":"image\/webp"}],"twitter_card":"summary_large_image","twitter_misc":{"Est. reading time":"1 minute"},"schema":{"@context":"https:\/\/schema.org","@graph":[{"@type":"WebPage","@id":"https:\/\/cncmakinamarket.com.tr\/product\/el-fiber-lazer-kaynak-makinesi-1kw-15kw-2kw-fiber-lazer\/","url":"https:\/\/cncmakinamarket.com.tr\/product\/el-fiber-lazer-kaynak-makinesi-1kw-15kw-2kw-fiber-lazer\/","name":"El Fiber Lazer Kaynak Makinesi 1KW\/1,5KW\/2KW fiber lazer - CNC Makina Market","isPartOf":{"@id":"https:\/\/cncmakinamarket.com.tr\/#website"},"datePublished":"2023-08-12T06:48:23+00:00","dateModified":"2023-08-12T06:48:24+00:00","breadcrumb":{"@id":"https:\/\/cncmakinamarket.com.tr\/product\/el-fiber-lazer-kaynak-makinesi-1kw-15kw-2kw-fiber-lazer\/#breadcrumb"},"inLanguage":"en-US","potentialAction":[{"@type":"ReadAction","target":["https:\/\/cncmakinamarket.com.tr\/product\/el-fiber-lazer-kaynak-makinesi-1kw-15kw-2kw-fiber-lazer\/"]}]},{"@type":"BreadcrumbList","@id":"https:\/\/cncmakinamarket.com.tr\/product\/el-fiber-lazer-kaynak-makinesi-1kw-15kw-2kw-fiber-lazer\/#breadcrumb","itemListElement":[{"@type":"ListItem","position":1,"name":"Anasayfa","item":"https:\/\/cncmakinamarket.com.tr\/"},{"@type":"ListItem","position":2,"name":"\u00dcr\u00fcnler","item":"https:\/\/cncmakinamarket.com.tr\/urunler\/"},{"@type":"ListItem","position":3,"name":"El Fiber Lazer Kaynak Makinesi 1KW\/1,5KW\/2KW fiber lazer"}]},{"@type":"WebSite","@id":"https:\/\/cncmakinamarket.com.tr\/#website","url":"https:\/\/cncmakinamarket.com.tr\/","name":"CNC Makina Market","description":"","potentialAction":[{"@type":"SearchAction","target":{"@type":"EntryPoint","urlTemplate":"https:\/\/cncmakinamarket.com.tr\/?s={search_term_string}"},"query-input":"required name=search_term_string"}],"inLanguage":"en-US"}]}},"_links":{"self":[{"href":"https:\/\/cncmakinamarket.com.tr\/en\/wp-json\/wp\/v2\/product\/1103"}],"collection":[{"href":"https:\/\/cncmakinamarket.com.tr\/en\/wp-json\/wp\/v2\/product"}],"about":[{"href":"https:\/\/cncmakinamarket.com.tr\/en\/wp-json\/wp\/v2\/types\/product"}],"wp:featuredmedia":[{"embeddable":true,"href":"https:\/\/cncmakinamarket.com.tr\/en\/wp-json\/wp\/v2\/media\/1104"}],"wp:attachment":[{"href":"https:\/\/cncmakinamarket.com.tr\/en\/wp-json\/wp\/v2\/media?parent=1103"}],"wp:term":[{"taxonomy":"product_cat","embeddable":true,"href":"https:\/\/cncmakinamarket.com.tr\/en\/wp-json\/wp\/v2\/product_cat?post=1103"},{"taxonomy":"product_tag","embeddable":true,"href":"https:\/\/cncmakinamarket.com.tr\/en\/wp-json\/wp\/v2\/product_tag?post=1103"}],"curies":[{"name":"wp","href":"https:\/\/api.w.org\/{rel}","templated":true}]}}