{"id":1078,"date":"2023-08-11T14:14:34","date_gmt":"2023-08-11T14:14:34","guid":{"rendered":"https:\/\/cncmakinamarket.com.tr\/?post_type=product&#038;p=1078"},"modified":"2023-08-11T14:14:35","modified_gmt":"2023-08-11T14:14:35","slug":"excellent-cnc-540-dalma-erozyon","status":"publish","type":"product","link":"https:\/\/cncmakinamarket.com.tr\/en\/product\/excellent-cnc-540-dalma-erozyon\/","title":{"rendered":"Excellent CNC 540 Dalma Erozyon"},"content":{"rendered":"<h4>Teknik \u00d6zellikler<\/h4>\n<ul>\n<li>CNC DALMA EREZYON TABLA SAB\u0130T KAFA HAREKETL\u0130 \u00d6ZELL\u0130KL\u0130<\/li>\n<li>L\u0130NEER KIZAKLI<\/li>\n<li>AC SERVO MOTORLU<\/li>\n<li>CNC DALMA EROZYONLAR X EKSEN\u0130, Y EKSEN\u0130 VE Z EKSEN\u0130NDEN OTOMAT\u0130K EROZYON \u00d6ZELL\u0130\u011e\u0130<\/li>\n<li>D\u0130\u015e \u00c7EKME<\/li>\n<li>DEL\u0130K \u0130\u00c7\u0130 KUMLAMA<\/li>\n<li>TABLADAN ORB\u0130T \u00d6ZELL\u0130\u011e\u0130<\/li>\n<li>A\u00c7ILI EROZYON YAPMA \u00d6ZELL\u0130\u011e\u0130<\/li>\n<li>FARKLI \u00d6L\u00c7\u00dcLERDE MAK\u0130NALARIMIZ MEVCUTTUR<\/li>\n<\/ul>\n<p>&nbsp;<\/p>\n<table class=\"table table-condensed\" border=\"1\">\n<thead>\n<tr>\n<td><span id=\"ContentPlaceHolder1_Label8\">Tip<\/span><\/td>\n<td><span id=\"ContentPlaceHolder1_Label4\">De\u011fer<\/span><\/td>\n<\/tr>\n<\/thead>\n<tbody>\n<tr>\n<td>X EKSEN HAREKET\u0130 : :<\/td>\n<td>500 MM<\/td>\n<\/tr>\n<tr>\n<td>Y EKSEN HAREKET\u0130 : :<\/td>\n<td>400 MM<\/td>\n<\/tr>\n<tr>\n<td>Z EKSEN HAREKET\u0130 : :<\/td>\n<td>300 MM<\/td>\n<\/tr>\n<tr>\n<td>TABLA \u00c7ALI\u015eMA BOYUTLARI : :<\/td>\n<td>1370 x 810 x 450<\/td>\n<\/tr>\n<tr>\n<td>TABLANIN KALDIRAB\u0130LECE\u011e\u0130 A\u011eIRLIK : :<\/td>\n<td>1800 KG<\/td>\n<\/tr>\n<tr>\n<td>MAK\u0130NA A\u011eIRLI\u011eI : :<\/td>\n<td>2500 KG<\/td>\n<\/tr>\n<\/tbody>\n<\/table>\n<p>&nbsp;<\/p>","protected":false},"excerpt":{"rendered":"<h4>Teknik \u00d6zellikler<\/h4>\n<ul>\n<li>CNC DALMA EREZYON TABLA SAB\u0130T KAFA HAREKETL\u0130 \u00d6ZELL\u0130KL\u0130<\/li>\n<li>L\u0130NEER KIZAKLI<\/li>\n<li>AC SERVO MOTORLU<\/li>\n<li>CNC DALMA EROZYONLAR X EKSEN\u0130, Y EKSEN\u0130 VE Z EKSEN\u0130NDEN OTOMAT\u0130K EROZYON \u00d6ZELL\u0130\u011e\u0130<\/li>\n<li>D\u0130\u015e \u00c7EKME<\/li>\n<li>DEL\u0130K \u0130\u00c7\u0130 KUMLAMA<\/li>\n<li>TABLADAN ORB\u0130T \u00d6ZELL\u0130\u011e\u0130<\/li>\n<li>A\u00c7ILI EROZYON YAPMA \u00d6ZELL\u0130\u011e\u0130<\/li>\n<li>FARKLI \u00d6L\u00c7\u00dcLERDE MAK\u0130NALARIMIZ MEVCUTTUR<\/li>\n<\/ul>\n<p>&nbsp;<\/p>\n<table class=\"table table-condensed\" border=\"1\">\n<thead>\n<tr>\n<td><span id=\"ContentPlaceHolder1_Label8\">Tip<\/span><\/td>\n<td><span id=\"ContentPlaceHolder1_Label4\">De\u011fer<\/span><\/td>\n<\/tr>\n<\/thead>\n<tbody>\n<tr>\n<td>X EKSEN HAREKET\u0130 : :<\/td>\n<td>500 MM<\/td>\n<\/tr>\n<tr>\n<td>Y EKSEN HAREKET\u0130 : :<\/td>\n<td>400 MM<\/td>\n<\/tr>\n<tr>\n<td>Z EKSEN HAREKET\u0130 : :<\/td>\n<td>300 MM<\/td>\n<\/tr>\n<tr>\n<td>TABLA \u00c7ALI\u015eMA BOYUTLARI : :<\/td>\n<td>1370 x 810 x 450<\/td>\n<\/tr>\n<tr>\n<td>TABLANIN KALDIRAB\u0130LECE\u011e\u0130 A\u011eIRLIK : :<\/td>\n<td>1800 KG<\/td>\n<\/tr>\n<tr>\n<td>MAK\u0130NA A\u011eIRLI\u011eI : :<\/td>\n<td>2500 KG<\/td>\n<\/tr>\n<\/tbody>\n<\/table>\n<p><a id=\"sendbtn\" class=\"shortcode_wa_button\" href=\"https:\/\/web.whatsapp.com\/send?phone=905056020019&#038;text=\" target=\"_blank\"><span>Get Information with WhatsApp<\/span><\/a><\/p>\n<p>&nbsp;<\/p>","protected":false},"featured_media":1079,"template":"","meta":[],"product_cat":[36,33,44],"product_tag":[244,243],"acf":[],"yoast_head":"<!-- This site is optimized with the Yoast SEO plugin v21.9.1 - https:\/\/yoast.com\/wordpress\/plugins\/seo\/ -->\n<title>Excellent CNC 540 Dalma Erozyon - CNC Makina Market<\/title>\n<meta name=\"robots\" content=\"index, follow, max-snippet:-1, max-image-preview:large, max-video-preview:-1\" \/>\n<link rel=\"canonical\" href=\"https:\/\/cncmakinamarket.com.tr\/en\/product\/excellent-cnc-540-dalma-erozyon\/\" \/>\n<meta property=\"og:locale\" content=\"en_US\" \/>\n<meta property=\"og:type\" content=\"article\" \/>\n<meta property=\"og:title\" content=\"Excellent CNC 540 Dalma Erozyon - CNC Makina Market\" \/>\n<meta property=\"og:description\" content=\"Teknik \u00d6zellikler   CNC DALMA EREZYON TABLA SAB\u0130T KAFA HAREKETL\u0130 \u00d6ZELL\u0130KL\u0130  L\u0130NEER KIZAKLI  AC SERVO MOTORLU  CNC DALMA EROZYONLAR X EKSEN\u0130, Y EKSEN\u0130 VE Z EKSEN\u0130NDEN OTOMAT\u0130K EROZYON \u00d6ZELL\u0130\u011e\u0130  D\u0130\u015e \u00c7EKME  DEL\u0130K \u0130\u00c7\u0130 KUMLAMA  TABLADAN ORB\u0130T \u00d6ZELL\u0130\u011e\u0130  A\u00c7ILI EROZYON YAPMA \u00d6ZELL\u0130\u011e\u0130  FARKLI \u00d6L\u00c7\u00dcLERDE MAK\u0130NALARIMIZ MEVCUTTUR  &nbsp;    Tip De\u011fer     X EKSEN HAREKET\u0130 : : 500 MM   Y EKSEN HAREKET\u0130 : : 400 MM   Z EKSEN HAREKET\u0130 : : 300 MM   TABLA \u00c7ALI\u015eMA BOYUTLARI : : 1370 x 810 x 450   TABLANIN KALDIRAB\u0130LECE\u011e\u0130 A\u011eIRLIK : : 1800 KG   MAK\u0130NA A\u011eIRLI\u011eI : : 2500 KG      &nbsp;\" \/>\n<meta property=\"og:url\" content=\"https:\/\/cncmakinamarket.com.tr\/en\/product\/excellent-cnc-540-dalma-erozyon\/\" \/>\n<meta property=\"og:site_name\" content=\"CNC Makina Market\" \/>\n<meta property=\"article:modified_time\" content=\"2023-08-11T14:14:35+00:00\" \/>\n<meta property=\"og:image\" content=\"https:\/\/cncmakinamarket.com.tr\/wp-content\/uploads\/2023\/08\/cnc-540-dalma-erozyon.jpg\" \/>\n\t<meta property=\"og:image:width\" content=\"800\" \/>\n\t<meta property=\"og:image:height\" content=\"800\" \/>\n\t<meta property=\"og:image:type\" content=\"image\/jpeg\" \/>\n<meta name=\"twitter:card\" content=\"summary_large_image\" \/>\n<meta name=\"twitter:label1\" content=\"Est. reading time\" \/>\n\t<meta name=\"twitter:data1\" content=\"1 minute\" \/>\n<script type=\"application\/ld+json\" class=\"yoast-schema-graph\">{\"@context\":\"https:\/\/schema.org\",\"@graph\":[{\"@type\":\"WebPage\",\"@id\":\"https:\/\/cncmakinamarket.com.tr\/product\/excellent-cnc-540-dalma-erozyon\/\",\"url\":\"https:\/\/cncmakinamarket.com.tr\/product\/excellent-cnc-540-dalma-erozyon\/\",\"name\":\"Excellent CNC 540 Dalma Erozyon - CNC Makina Market\",\"isPartOf\":{\"@id\":\"https:\/\/cncmakinamarket.com.tr\/#website\"},\"datePublished\":\"2023-08-11T14:14:34+00:00\",\"dateModified\":\"2023-08-11T14:14:35+00:00\",\"breadcrumb\":{\"@id\":\"https:\/\/cncmakinamarket.com.tr\/product\/excellent-cnc-540-dalma-erozyon\/#breadcrumb\"},\"inLanguage\":\"en-US\",\"potentialAction\":[{\"@type\":\"ReadAction\",\"target\":[\"https:\/\/cncmakinamarket.com.tr\/product\/excellent-cnc-540-dalma-erozyon\/\"]}]},{\"@type\":\"BreadcrumbList\",\"@id\":\"https:\/\/cncmakinamarket.com.tr\/product\/excellent-cnc-540-dalma-erozyon\/#breadcrumb\",\"itemListElement\":[{\"@type\":\"ListItem\",\"position\":1,\"name\":\"Anasayfa\",\"item\":\"https:\/\/cncmakinamarket.com.tr\/\"},{\"@type\":\"ListItem\",\"position\":2,\"name\":\"\u00dcr\u00fcnler\",\"item\":\"https:\/\/cncmakinamarket.com.tr\/urunler\/\"},{\"@type\":\"ListItem\",\"position\":3,\"name\":\"Excellent CNC 540 Dalma Erozyon\"}]},{\"@type\":\"WebSite\",\"@id\":\"https:\/\/cncmakinamarket.com.tr\/#website\",\"url\":\"https:\/\/cncmakinamarket.com.tr\/\",\"name\":\"CNC Makina Market\",\"description\":\"\",\"potentialAction\":[{\"@type\":\"SearchAction\",\"target\":{\"@type\":\"EntryPoint\",\"urlTemplate\":\"https:\/\/cncmakinamarket.com.tr\/?s={search_term_string}\"},\"query-input\":\"required name=search_term_string\"}],\"inLanguage\":\"en-US\"}]}<\/script>\n<!-- \/ Yoast SEO plugin. -->","yoast_head_json":{"title":"Excellent CNC 540 Dalma Erozyon - CNC Makina Market","robots":{"index":"index","follow":"follow","max-snippet":"max-snippet:-1","max-image-preview":"max-image-preview:large","max-video-preview":"max-video-preview:-1"},"canonical":"https:\/\/cncmakinamarket.com.tr\/en\/product\/excellent-cnc-540-dalma-erozyon\/","og_locale":"en_US","og_type":"article","og_title":"Excellent CNC 540 Dalma Erozyon - CNC Makina Market","og_description":"Teknik \u00d6zellikler   CNC DALMA EREZYON TABLA SAB\u0130T KAFA HAREKETL\u0130 \u00d6ZELL\u0130KL\u0130  L\u0130NEER KIZAKLI  AC SERVO MOTORLU  CNC DALMA EROZYONLAR X EKSEN\u0130, Y EKSEN\u0130 VE Z EKSEN\u0130NDEN OTOMAT\u0130K EROZYON \u00d6ZELL\u0130\u011e\u0130  D\u0130\u015e \u00c7EKME  DEL\u0130K \u0130\u00c7\u0130 KUMLAMA  TABLADAN ORB\u0130T \u00d6ZELL\u0130\u011e\u0130  A\u00c7ILI EROZYON YAPMA \u00d6ZELL\u0130\u011e\u0130  FARKLI \u00d6L\u00c7\u00dcLERDE MAK\u0130NALARIMIZ MEVCUTTUR  &nbsp;    Tip De\u011fer     X EKSEN HAREKET\u0130 : : 500 MM   Y EKSEN HAREKET\u0130 : : 400 MM   Z EKSEN HAREKET\u0130 : : 300 MM   TABLA \u00c7ALI\u015eMA BOYUTLARI : : 1370 x 810 x 450   TABLANIN KALDIRAB\u0130LECE\u011e\u0130 A\u011eIRLIK : : 1800 KG   MAK\u0130NA A\u011eIRLI\u011eI : : 2500 KG      &nbsp;","og_url":"https:\/\/cncmakinamarket.com.tr\/en\/product\/excellent-cnc-540-dalma-erozyon\/","og_site_name":"CNC Makina Market","article_modified_time":"2023-08-11T14:14:35+00:00","og_image":[{"width":800,"height":800,"url":"https:\/\/cncmakinamarket.com.tr\/wp-content\/uploads\/2023\/08\/cnc-540-dalma-erozyon.jpg","type":"image\/jpeg"}],"twitter_card":"summary_large_image","twitter_misc":{"Est. reading time":"1 minute"},"schema":{"@context":"https:\/\/schema.org","@graph":[{"@type":"WebPage","@id":"https:\/\/cncmakinamarket.com.tr\/product\/excellent-cnc-540-dalma-erozyon\/","url":"https:\/\/cncmakinamarket.com.tr\/product\/excellent-cnc-540-dalma-erozyon\/","name":"Excellent CNC 540 Dalma Erozyon - CNC Makina Market","isPartOf":{"@id":"https:\/\/cncmakinamarket.com.tr\/#website"},"datePublished":"2023-08-11T14:14:34+00:00","dateModified":"2023-08-11T14:14:35+00:00","breadcrumb":{"@id":"https:\/\/cncmakinamarket.com.tr\/product\/excellent-cnc-540-dalma-erozyon\/#breadcrumb"},"inLanguage":"en-US","potentialAction":[{"@type":"ReadAction","target":["https:\/\/cncmakinamarket.com.tr\/product\/excellent-cnc-540-dalma-erozyon\/"]}]},{"@type":"BreadcrumbList","@id":"https:\/\/cncmakinamarket.com.tr\/product\/excellent-cnc-540-dalma-erozyon\/#breadcrumb","itemListElement":[{"@type":"ListItem","position":1,"name":"Anasayfa","item":"https:\/\/cncmakinamarket.com.tr\/"},{"@type":"ListItem","position":2,"name":"\u00dcr\u00fcnler","item":"https:\/\/cncmakinamarket.com.tr\/urunler\/"},{"@type":"ListItem","position":3,"name":"Excellent CNC 540 Dalma Erozyon"}]},{"@type":"WebSite","@id":"https:\/\/cncmakinamarket.com.tr\/#website","url":"https:\/\/cncmakinamarket.com.tr\/","name":"CNC Makina Market","description":"","potentialAction":[{"@type":"SearchAction","target":{"@type":"EntryPoint","urlTemplate":"https:\/\/cncmakinamarket.com.tr\/?s={search_term_string}"},"query-input":"required name=search_term_string"}],"inLanguage":"en-US"}]}},"_links":{"self":[{"href":"https:\/\/cncmakinamarket.com.tr\/en\/wp-json\/wp\/v2\/product\/1078"}],"collection":[{"href":"https:\/\/cncmakinamarket.com.tr\/en\/wp-json\/wp\/v2\/product"}],"about":[{"href":"https:\/\/cncmakinamarket.com.tr\/en\/wp-json\/wp\/v2\/types\/product"}],"wp:featuredmedia":[{"embeddable":true,"href":"https:\/\/cncmakinamarket.com.tr\/en\/wp-json\/wp\/v2\/media\/1079"}],"wp:attachment":[{"href":"https:\/\/cncmakinamarket.com.tr\/en\/wp-json\/wp\/v2\/media?parent=1078"}],"wp:term":[{"taxonomy":"product_cat","embeddable":true,"href":"https:\/\/cncmakinamarket.com.tr\/en\/wp-json\/wp\/v2\/product_cat?post=1078"},{"taxonomy":"product_tag","embeddable":true,"href":"https:\/\/cncmakinamarket.com.tr\/en\/wp-json\/wp\/v2\/product_tag?post=1078"}],"curies":[{"name":"wp","href":"https:\/\/api.w.org\/{rel}","templated":true}]}}