{"id":1053,"date":"2023-08-11T13:48:43","date_gmt":"2023-08-11T13:48:43","guid":{"rendered":"https:\/\/cncmakinamarket.com.tr\/?post_type=product&#038;p=1053"},"modified":"2023-08-11T13:48:44","modified_gmt":"2023-08-11T13:48:44","slug":"excellent-znc-435-dalma-erozyon","status":"publish","type":"product","link":"https:\/\/cncmakinamarket.com.tr\/en\/product\/excellent-znc-435-dalma-erozyon\/","title":{"rendered":"Excellent ZNC 435 Dalma Erozyon"},"content":{"rendered":"<h4>Teknik \u00d6zellikler<\/h4>\n<table class=\"table table-condensed\" border=\"1\">\n<thead>\n<tr>\n<td><span id=\"ContentPlaceHolder1_Label8\">Tip<\/span><\/td>\n<td><span id=\"ContentPlaceHolder1_Label4\">De\u011fer<\/span><\/td>\n<\/tr>\n<\/thead>\n<tbody>\n<tr>\n<td>Tabla \u00c7al\u0131\u015fma Boyutlar\u0131 : :<\/td>\n<td>700 x 450<\/td>\n<\/tr>\n<tr>\n<td>X Eksen Hareketi : :<\/td>\n<td>450 MM<\/td>\n<\/tr>\n<tr>\n<td>Y Eksen Hareketi : :<\/td>\n<td>350 MM<\/td>\n<\/tr>\n<tr>\n<td>Z Eksen Hareketi : :<\/td>\n<td>250+250 MM<\/td>\n<\/tr>\n<tr>\n<td>Tablan\u0131n Kald\u0131rabilece\u011fi A\u011f\u0131rl\u0131k : :<\/td>\n<td>700 KG<\/td>\n<\/tr>\n<tr>\n<td>Makina A\u011f\u0131rl\u0131\u011f\u0131 : :<\/td>\n<td>1600 KG<\/td>\n<\/tr>\n<\/tbody>\n<\/table>","protected":false},"excerpt":{"rendered":"<h4>Teknik \u00d6zellikler<\/h4>\n<table class=\"table table-condensed\" border=\"1\">\n<thead>\n<tr>\n<td><span id=\"ContentPlaceHolder1_Label8\">Tip<\/span><\/td>\n<td><span id=\"ContentPlaceHolder1_Label4\">De\u011fer<\/span><\/td>\n<\/tr>\n<\/thead>\n<tbody>\n<tr>\n<td>Tabla \u00c7al\u0131\u015fma Boyutlar\u0131 : :<\/td>\n<td>700 x 450<\/td>\n<\/tr>\n<tr>\n<td>X Eksen Hareketi : :<\/td>\n<td>450 MM<\/td>\n<\/tr>\n<tr>\n<td>Y Eksen Hareketi : :<\/td>\n<td>350 MM<\/td>\n<\/tr>\n<tr>\n<td>Z Eksen Hareketi : :<\/td>\n<td>250+250 MM<\/td>\n<\/tr>\n<tr>\n<td>Tablan\u0131n Kald\u0131rabilece\u011fi A\u011f\u0131rl\u0131k : :<\/td>\n<td>700 KG<\/td>\n<\/tr>\n<tr>\n<td>Makina A\u011f\u0131rl\u0131\u011f\u0131 : :<\/td>\n<td>1600 KG<\/td>\n<\/tr>\n<\/tbody>\n<\/table>\n<p><a id=\"sendbtn\" class=\"shortcode_wa_button\" href=\"https:\/\/web.whatsapp.com\/send?phone=905056020019&#038;text=\" target=\"_blank\"><span>Get Information with WhatsApp<\/span><\/a><\/p>","protected":false},"featured_media":1054,"template":"","meta":[],"product_cat":[33,44,34],"product_tag":[98,221,220],"acf":[],"yoast_head":"<!-- This site is optimized with the Yoast SEO plugin v21.9.1 - https:\/\/yoast.com\/wordpress\/plugins\/seo\/ -->\n<title>Excellent ZNC 435 Dalma Erozyon - CNC Makina Market<\/title>\n<meta name=\"robots\" content=\"index, follow, max-snippet:-1, max-image-preview:large, max-video-preview:-1\" \/>\n<link rel=\"canonical\" href=\"https:\/\/cncmakinamarket.com.tr\/en\/product\/excellent-znc-435-dalma-erozyon\/\" \/>\n<meta property=\"og:locale\" content=\"en_US\" \/>\n<meta property=\"og:type\" content=\"article\" \/>\n<meta property=\"og:title\" content=\"Excellent ZNC 435 Dalma Erozyon - CNC Makina Market\" \/>\n<meta property=\"og:description\" content=\"Teknik \u00d6zellikler    Tip De\u011fer     Tabla \u00c7al\u0131\u015fma Boyutlar\u0131 : : 700 x 450   X Eksen Hareketi : : 450 MM   Y Eksen Hareketi : : 350 MM   Z Eksen Hareketi : : 250+250 MM   Tablan\u0131n Kald\u0131rabilece\u011fi A\u011f\u0131rl\u0131k : : 700 KG   Makina A\u011f\u0131rl\u0131\u011f\u0131 : : 1600 KG\" \/>\n<meta property=\"og:url\" content=\"https:\/\/cncmakinamarket.com.tr\/en\/product\/excellent-znc-435-dalma-erozyon\/\" \/>\n<meta property=\"og:site_name\" content=\"CNC Makina Market\" \/>\n<meta property=\"article:modified_time\" content=\"2023-08-11T13:48:44+00:00\" \/>\n<meta property=\"og:image\" content=\"https:\/\/cncmakinamarket.com.tr\/wp-content\/uploads\/2023\/08\/znc-435.jpg\" \/>\n\t<meta property=\"og:image:width\" content=\"800\" \/>\n\t<meta property=\"og:image:height\" content=\"800\" \/>\n\t<meta property=\"og:image:type\" content=\"image\/jpeg\" \/>\n<meta name=\"twitter:card\" content=\"summary_large_image\" \/>\n<meta name=\"twitter:label1\" content=\"Est. reading time\" \/>\n\t<meta name=\"twitter:data1\" content=\"1 minute\" \/>\n<script type=\"application\/ld+json\" class=\"yoast-schema-graph\">{\"@context\":\"https:\/\/schema.org\",\"@graph\":[{\"@type\":\"WebPage\",\"@id\":\"https:\/\/cncmakinamarket.com.tr\/product\/excellent-znc-435-dalma-erozyon\/\",\"url\":\"https:\/\/cncmakinamarket.com.tr\/product\/excellent-znc-435-dalma-erozyon\/\",\"name\":\"Excellent ZNC 435 Dalma Erozyon - CNC Makina Market\",\"isPartOf\":{\"@id\":\"https:\/\/cncmakinamarket.com.tr\/#website\"},\"datePublished\":\"2023-08-11T13:48:43+00:00\",\"dateModified\":\"2023-08-11T13:48:44+00:00\",\"breadcrumb\":{\"@id\":\"https:\/\/cncmakinamarket.com.tr\/product\/excellent-znc-435-dalma-erozyon\/#breadcrumb\"},\"inLanguage\":\"en-US\",\"potentialAction\":[{\"@type\":\"ReadAction\",\"target\":[\"https:\/\/cncmakinamarket.com.tr\/product\/excellent-znc-435-dalma-erozyon\/\"]}]},{\"@type\":\"BreadcrumbList\",\"@id\":\"https:\/\/cncmakinamarket.com.tr\/product\/excellent-znc-435-dalma-erozyon\/#breadcrumb\",\"itemListElement\":[{\"@type\":\"ListItem\",\"position\":1,\"name\":\"Anasayfa\",\"item\":\"https:\/\/cncmakinamarket.com.tr\/\"},{\"@type\":\"ListItem\",\"position\":2,\"name\":\"\u00dcr\u00fcnler\",\"item\":\"https:\/\/cncmakinamarket.com.tr\/urunler\/\"},{\"@type\":\"ListItem\",\"position\":3,\"name\":\"Excellent ZNC 435 Dalma Erozyon\"}]},{\"@type\":\"WebSite\",\"@id\":\"https:\/\/cncmakinamarket.com.tr\/#website\",\"url\":\"https:\/\/cncmakinamarket.com.tr\/\",\"name\":\"CNC Makina Market\",\"description\":\"\",\"potentialAction\":[{\"@type\":\"SearchAction\",\"target\":{\"@type\":\"EntryPoint\",\"urlTemplate\":\"https:\/\/cncmakinamarket.com.tr\/?s={search_term_string}\"},\"query-input\":\"required name=search_term_string\"}],\"inLanguage\":\"en-US\"}]}<\/script>\n<!-- \/ Yoast SEO plugin. -->","yoast_head_json":{"title":"Excellent ZNC 435 Dalma Erozyon - CNC Makina Market","robots":{"index":"index","follow":"follow","max-snippet":"max-snippet:-1","max-image-preview":"max-image-preview:large","max-video-preview":"max-video-preview:-1"},"canonical":"https:\/\/cncmakinamarket.com.tr\/en\/product\/excellent-znc-435-dalma-erozyon\/","og_locale":"en_US","og_type":"article","og_title":"Excellent ZNC 435 Dalma Erozyon - CNC Makina Market","og_description":"Teknik \u00d6zellikler    Tip De\u011fer     Tabla \u00c7al\u0131\u015fma Boyutlar\u0131 : : 700 x 450   X Eksen Hareketi : : 450 MM   Y Eksen Hareketi : : 350 MM   Z Eksen Hareketi : : 250+250 MM   Tablan\u0131n Kald\u0131rabilece\u011fi A\u011f\u0131rl\u0131k : : 700 KG   Makina A\u011f\u0131rl\u0131\u011f\u0131 : : 1600 KG","og_url":"https:\/\/cncmakinamarket.com.tr\/en\/product\/excellent-znc-435-dalma-erozyon\/","og_site_name":"CNC Makina Market","article_modified_time":"2023-08-11T13:48:44+00:00","og_image":[{"width":800,"height":800,"url":"https:\/\/cncmakinamarket.com.tr\/wp-content\/uploads\/2023\/08\/znc-435.jpg","type":"image\/jpeg"}],"twitter_card":"summary_large_image","twitter_misc":{"Est. reading time":"1 minute"},"schema":{"@context":"https:\/\/schema.org","@graph":[{"@type":"WebPage","@id":"https:\/\/cncmakinamarket.com.tr\/product\/excellent-znc-435-dalma-erozyon\/","url":"https:\/\/cncmakinamarket.com.tr\/product\/excellent-znc-435-dalma-erozyon\/","name":"Excellent ZNC 435 Dalma Erozyon - CNC Makina Market","isPartOf":{"@id":"https:\/\/cncmakinamarket.com.tr\/#website"},"datePublished":"2023-08-11T13:48:43+00:00","dateModified":"2023-08-11T13:48:44+00:00","breadcrumb":{"@id":"https:\/\/cncmakinamarket.com.tr\/product\/excellent-znc-435-dalma-erozyon\/#breadcrumb"},"inLanguage":"en-US","potentialAction":[{"@type":"ReadAction","target":["https:\/\/cncmakinamarket.com.tr\/product\/excellent-znc-435-dalma-erozyon\/"]}]},{"@type":"BreadcrumbList","@id":"https:\/\/cncmakinamarket.com.tr\/product\/excellent-znc-435-dalma-erozyon\/#breadcrumb","itemListElement":[{"@type":"ListItem","position":1,"name":"Anasayfa","item":"https:\/\/cncmakinamarket.com.tr\/"},{"@type":"ListItem","position":2,"name":"\u00dcr\u00fcnler","item":"https:\/\/cncmakinamarket.com.tr\/urunler\/"},{"@type":"ListItem","position":3,"name":"Excellent ZNC 435 Dalma Erozyon"}]},{"@type":"WebSite","@id":"https:\/\/cncmakinamarket.com.tr\/#website","url":"https:\/\/cncmakinamarket.com.tr\/","name":"CNC Makina Market","description":"","potentialAction":[{"@type":"SearchAction","target":{"@type":"EntryPoint","urlTemplate":"https:\/\/cncmakinamarket.com.tr\/?s={search_term_string}"},"query-input":"required name=search_term_string"}],"inLanguage":"en-US"}]}},"_links":{"self":[{"href":"https:\/\/cncmakinamarket.com.tr\/en\/wp-json\/wp\/v2\/product\/1053"}],"collection":[{"href":"https:\/\/cncmakinamarket.com.tr\/en\/wp-json\/wp\/v2\/product"}],"about":[{"href":"https:\/\/cncmakinamarket.com.tr\/en\/wp-json\/wp\/v2\/types\/product"}],"wp:featuredmedia":[{"embeddable":true,"href":"https:\/\/cncmakinamarket.com.tr\/en\/wp-json\/wp\/v2\/media\/1054"}],"wp:attachment":[{"href":"https:\/\/cncmakinamarket.com.tr\/en\/wp-json\/wp\/v2\/media?parent=1053"}],"wp:term":[{"taxonomy":"product_cat","embeddable":true,"href":"https:\/\/cncmakinamarket.com.tr\/en\/wp-json\/wp\/v2\/product_cat?post=1053"},{"taxonomy":"product_tag","embeddable":true,"href":"https:\/\/cncmakinamarket.com.tr\/en\/wp-json\/wp\/v2\/product_tag?post=1053"}],"curies":[{"name":"wp","href":"https:\/\/api.w.org\/{rel}","templated":true}]}}