{"id":1031,"date":"2023-08-11T13:32:18","date_gmt":"2023-08-11T13:32:18","guid":{"rendered":"https:\/\/cncmakinamarket.com.tr\/?post_type=product&#038;p=1031"},"modified":"2023-08-11T13:32:19","modified_gmt":"2023-08-11T13:32:19","slug":"jetco-jml-1","status":"publish","type":"product","link":"https:\/\/cncmakinamarket.com.tr\/en\/product\/jetco-jml-1\/","title":{"rendered":"JETCO JML-1"},"content":{"rendered":"<h4>Teknik \u00d6zellikler<\/h4>\n<table border=\"1\">\n<tbody>\n<tr>\n<td>Teknik \u00d6zellikler<\/td>\n<td>Birim<\/td>\n<td>JML-1<\/td>\n<\/tr>\n<tr>\n<td>Banko \u00fczeri \u00e7ap<\/td>\n<td>mm<\/td>\n<td>110<\/td>\n<\/tr>\n<tr>\n<td>Puntalar aras\u0131 mesafe<\/td>\n<td>mm<\/td>\n<td>125<\/td>\n<\/tr>\n<tr>\n<td>Fener mili delik \u00e7ap\u0131<\/td>\n<td>mm<\/td>\n<td>10<\/td>\n<\/tr>\n<tr>\n<td>Tak\u0131m \u00f6l\u00e7\u00fcs\u00fc<\/td>\n<td>mm<\/td>\n<td>8&#215;8<\/td>\n<\/tr>\n<tr>\n<td>Enine support hareketi<\/td>\n<td>mm<\/td>\n<td>50<\/td>\n<\/tr>\n<tr>\n<td>\u0130\u015f mili h\u0131zlar\u0131: elektronik h\u0131z kontroll\u00fc<\/td>\n<td>devir \/ dakika<\/td>\n<td>100 &#8211; 3800<\/td>\n<\/tr>\n<tr>\n<td>Kar\u015f\u0131 punta hareketi<\/td>\n<td>mm<\/td>\n<td>23<\/td>\n<\/tr>\n<tr>\n<td>Kar\u015f\u0131 punta ucu<\/td>\n<td>mm<\/td>\n<td>M14x1<\/td>\n<\/tr>\n<tr>\n<td>\u00c7al\u0131\u015fma voltaj\u0131<\/td>\n<td>V<\/td>\n<td>230<\/td>\n<\/tr>\n<tr>\n<td>Motor \u00e7\u0131k\u0131\u015f g\u00fcc\u00fc<\/td>\n<td>Watt<\/td>\n<td>150<\/td>\n<\/tr>\n<tr>\n<td>\u00d6l\u00e7\u00fcler (B x G x Y)<\/td>\n<td>mm<\/td>\n<td>500x400x310<\/td>\n<\/tr>\n<tr>\n<td>A\u011f\u0131rl\u0131k<\/td>\n<td>kg<\/td>\n<td>14<\/td>\n<\/tr>\n<\/tbody>\n<\/table>","protected":false},"excerpt":{"rendered":"<h4>Teknik \u00d6zellikler<\/h4>\n<table border=\"1\">\n<tbody>\n<tr>\n<td>Teknik \u00d6zellikler<\/td>\n<td>Birim<\/td>\n<td>JML-1<\/td>\n<\/tr>\n<tr>\n<td>Banko \u00fczeri \u00e7ap<\/td>\n<td>mm<\/td>\n<td>110<\/td>\n<\/tr>\n<tr>\n<td>Puntalar aras\u0131 mesafe<\/td>\n<td>mm<\/td>\n<td>125<\/td>\n<\/tr>\n<tr>\n<td>Fener mili delik \u00e7ap\u0131<\/td>\n<td>mm<\/td>\n<td>10<\/td>\n<\/tr>\n<tr>\n<td>Tak\u0131m \u00f6l\u00e7\u00fcs\u00fc<\/td>\n<td>mm<\/td>\n<td>8&#215;8<\/td>\n<\/tr>\n<tr>\n<td>Enine support hareketi<\/td>\n<td>mm<\/td>\n<td>50<\/td>\n<\/tr>\n<tr>\n<td>\u0130\u015f mili h\u0131zlar\u0131: elektronik h\u0131z kontroll\u00fc<\/td>\n<td>devir \/ dakika<\/td>\n<td>100 &#8211; 3800<\/td>\n<\/tr>\n<tr>\n<td>Kar\u015f\u0131 punta hareketi<\/td>\n<td>mm<\/td>\n<td>23<\/td>\n<\/tr>\n<tr>\n<td>Kar\u015f\u0131 punta ucu<\/td>\n<td>mm<\/td>\n<td>M14x1<\/td>\n<\/tr>\n<tr>\n<td>\u00c7al\u0131\u015fma voltaj\u0131<\/td>\n<td>V<\/td>\n<td>230<\/td>\n<\/tr>\n<tr>\n<td>Motor \u00e7\u0131k\u0131\u015f g\u00fcc\u00fc<\/td>\n<td>Watt<\/td>\n<td>150<\/td>\n<\/tr>\n<tr>\n<td>\u00d6l\u00e7\u00fcler (B x G x Y)<\/td>\n<td>mm<\/td>\n<td>500x400x310<\/td>\n<\/tr>\n<tr>\n<td>A\u011f\u0131rl\u0131k<\/td>\n<td>kg<\/td>\n<td>14<\/td>\n<\/tr>\n<\/tbody>\n<\/table>\n<p><a id=\"sendbtn\" class=\"shortcode_wa_button\" href=\"https:\/\/web.whatsapp.com\/send?phone=905056020019&#038;text=\" target=\"_blank\"><span>Get Information with WhatsApp<\/span><\/a><\/p>","protected":false},"featured_media":1032,"template":"","meta":[],"product_cat":[15,32,44],"product_tag":[210],"acf":[],"yoast_head":"<!-- This site is optimized with the Yoast SEO plugin v21.9.1 - https:\/\/yoast.com\/wordpress\/plugins\/seo\/ -->\n<title>JETCO JML-1 - CNC Makina Market<\/title>\n<meta name=\"robots\" content=\"index, follow, max-snippet:-1, max-image-preview:large, max-video-preview:-1\" \/>\n<link rel=\"canonical\" href=\"https:\/\/cncmakinamarket.com.tr\/en\/product\/jetco-jml-1\/\" \/>\n<meta property=\"og:locale\" content=\"en_US\" \/>\n<meta property=\"og:type\" content=\"article\" \/>\n<meta property=\"og:title\" content=\"JETCO JML-1 - CNC Makina Market\" \/>\n<meta property=\"og:description\" content=\"Teknik \u00d6zellikler    Teknik \u00d6zellikler Birim JML-1   Banko \u00fczeri \u00e7ap mm 110   Puntalar aras\u0131 mesafe mm 125   Fener mili delik \u00e7ap\u0131 mm 10   Tak\u0131m \u00f6l\u00e7\u00fcs\u00fc mm 8x8   Enine support hareketi mm 50   \u0130\u015f mili h\u0131zlar\u0131: elektronik h\u0131z kontroll\u00fc devir \/ dakika 100 - 3800   Kar\u015f\u0131 punta hareketi mm 23   Kar\u015f\u0131 punta ucu mm M14x1   \u00c7al\u0131\u015fma voltaj\u0131 V 230   Motor \u00e7\u0131k\u0131\u015f g\u00fcc\u00fc Watt 150   \u00d6l\u00e7\u00fcler (B x G x Y) mm 500x400x310   A\u011f\u0131rl\u0131k kg 14\" \/>\n<meta property=\"og:url\" content=\"https:\/\/cncmakinamarket.com.tr\/en\/product\/jetco-jml-1\/\" \/>\n<meta property=\"og:site_name\" content=\"CNC Makina Market\" \/>\n<meta property=\"article:modified_time\" content=\"2023-08-11T13:32:19+00:00\" \/>\n<meta property=\"og:image\" content=\"https:\/\/cncmakinamarket.com.tr\/wp-content\/uploads\/2023\/08\/jetco-jml-1-1.jpg\" \/>\n\t<meta property=\"og:image:width\" content=\"800\" \/>\n\t<meta property=\"og:image:height\" content=\"622\" \/>\n\t<meta property=\"og:image:type\" content=\"image\/jpeg\" \/>\n<meta name=\"twitter:card\" content=\"summary_large_image\" \/>\n<meta name=\"twitter:label1\" content=\"Est. reading time\" \/>\n\t<meta name=\"twitter:data1\" content=\"1 minute\" \/>\n<script type=\"application\/ld+json\" class=\"yoast-schema-graph\">{\"@context\":\"https:\/\/schema.org\",\"@graph\":[{\"@type\":\"WebPage\",\"@id\":\"https:\/\/cncmakinamarket.com.tr\/product\/jetco-jml-1\/\",\"url\":\"https:\/\/cncmakinamarket.com.tr\/product\/jetco-jml-1\/\",\"name\":\"JETCO JML-1 - CNC Makina Market\",\"isPartOf\":{\"@id\":\"https:\/\/cncmakinamarket.com.tr\/#website\"},\"datePublished\":\"2023-08-11T13:32:18+00:00\",\"dateModified\":\"2023-08-11T13:32:19+00:00\",\"breadcrumb\":{\"@id\":\"https:\/\/cncmakinamarket.com.tr\/product\/jetco-jml-1\/#breadcrumb\"},\"inLanguage\":\"en-US\",\"potentialAction\":[{\"@type\":\"ReadAction\",\"target\":[\"https:\/\/cncmakinamarket.com.tr\/product\/jetco-jml-1\/\"]}]},{\"@type\":\"BreadcrumbList\",\"@id\":\"https:\/\/cncmakinamarket.com.tr\/product\/jetco-jml-1\/#breadcrumb\",\"itemListElement\":[{\"@type\":\"ListItem\",\"position\":1,\"name\":\"Anasayfa\",\"item\":\"https:\/\/cncmakinamarket.com.tr\/\"},{\"@type\":\"ListItem\",\"position\":2,\"name\":\"\u00dcr\u00fcnler\",\"item\":\"https:\/\/cncmakinamarket.com.tr\/urunler\/\"},{\"@type\":\"ListItem\",\"position\":3,\"name\":\"JETCO JML-1\"}]},{\"@type\":\"WebSite\",\"@id\":\"https:\/\/cncmakinamarket.com.tr\/#website\",\"url\":\"https:\/\/cncmakinamarket.com.tr\/\",\"name\":\"CNC Makina Market\",\"description\":\"\",\"potentialAction\":[{\"@type\":\"SearchAction\",\"target\":{\"@type\":\"EntryPoint\",\"urlTemplate\":\"https:\/\/cncmakinamarket.com.tr\/?s={search_term_string}\"},\"query-input\":\"required name=search_term_string\"}],\"inLanguage\":\"en-US\"}]}<\/script>\n<!-- \/ Yoast SEO plugin. -->","yoast_head_json":{"title":"JETCO JML-1 - CNC Makina Market","robots":{"index":"index","follow":"follow","max-snippet":"max-snippet:-1","max-image-preview":"max-image-preview:large","max-video-preview":"max-video-preview:-1"},"canonical":"https:\/\/cncmakinamarket.com.tr\/en\/product\/jetco-jml-1\/","og_locale":"en_US","og_type":"article","og_title":"JETCO JML-1 - CNC Makina Market","og_description":"Teknik \u00d6zellikler    Teknik \u00d6zellikler Birim JML-1   Banko \u00fczeri \u00e7ap mm 110   Puntalar aras\u0131 mesafe mm 125   Fener mili delik \u00e7ap\u0131 mm 10   Tak\u0131m \u00f6l\u00e7\u00fcs\u00fc mm 8x8   Enine support hareketi mm 50   \u0130\u015f mili h\u0131zlar\u0131: elektronik h\u0131z kontroll\u00fc devir \/ dakika 100 - 3800   Kar\u015f\u0131 punta hareketi mm 23   Kar\u015f\u0131 punta ucu mm M14x1   \u00c7al\u0131\u015fma voltaj\u0131 V 230   Motor \u00e7\u0131k\u0131\u015f g\u00fcc\u00fc Watt 150   \u00d6l\u00e7\u00fcler (B x G x Y) mm 500x400x310   A\u011f\u0131rl\u0131k kg 14","og_url":"https:\/\/cncmakinamarket.com.tr\/en\/product\/jetco-jml-1\/","og_site_name":"CNC Makina Market","article_modified_time":"2023-08-11T13:32:19+00:00","og_image":[{"width":800,"height":622,"url":"https:\/\/cncmakinamarket.com.tr\/wp-content\/uploads\/2023\/08\/jetco-jml-1-1.jpg","type":"image\/jpeg"}],"twitter_card":"summary_large_image","twitter_misc":{"Est. reading time":"1 minute"},"schema":{"@context":"https:\/\/schema.org","@graph":[{"@type":"WebPage","@id":"https:\/\/cncmakinamarket.com.tr\/product\/jetco-jml-1\/","url":"https:\/\/cncmakinamarket.com.tr\/product\/jetco-jml-1\/","name":"JETCO JML-1 - CNC Makina Market","isPartOf":{"@id":"https:\/\/cncmakinamarket.com.tr\/#website"},"datePublished":"2023-08-11T13:32:18+00:00","dateModified":"2023-08-11T13:32:19+00:00","breadcrumb":{"@id":"https:\/\/cncmakinamarket.com.tr\/product\/jetco-jml-1\/#breadcrumb"},"inLanguage":"en-US","potentialAction":[{"@type":"ReadAction","target":["https:\/\/cncmakinamarket.com.tr\/product\/jetco-jml-1\/"]}]},{"@type":"BreadcrumbList","@id":"https:\/\/cncmakinamarket.com.tr\/product\/jetco-jml-1\/#breadcrumb","itemListElement":[{"@type":"ListItem","position":1,"name":"Anasayfa","item":"https:\/\/cncmakinamarket.com.tr\/"},{"@type":"ListItem","position":2,"name":"\u00dcr\u00fcnler","item":"https:\/\/cncmakinamarket.com.tr\/urunler\/"},{"@type":"ListItem","position":3,"name":"JETCO JML-1"}]},{"@type":"WebSite","@id":"https:\/\/cncmakinamarket.com.tr\/#website","url":"https:\/\/cncmakinamarket.com.tr\/","name":"CNC Makina Market","description":"","potentialAction":[{"@type":"SearchAction","target":{"@type":"EntryPoint","urlTemplate":"https:\/\/cncmakinamarket.com.tr\/?s={search_term_string}"},"query-input":"required name=search_term_string"}],"inLanguage":"en-US"}]}},"_links":{"self":[{"href":"https:\/\/cncmakinamarket.com.tr\/en\/wp-json\/wp\/v2\/product\/1031"}],"collection":[{"href":"https:\/\/cncmakinamarket.com.tr\/en\/wp-json\/wp\/v2\/product"}],"about":[{"href":"https:\/\/cncmakinamarket.com.tr\/en\/wp-json\/wp\/v2\/types\/product"}],"wp:featuredmedia":[{"embeddable":true,"href":"https:\/\/cncmakinamarket.com.tr\/en\/wp-json\/wp\/v2\/media\/1032"}],"wp:attachment":[{"href":"https:\/\/cncmakinamarket.com.tr\/en\/wp-json\/wp\/v2\/media?parent=1031"}],"wp:term":[{"taxonomy":"product_cat","embeddable":true,"href":"https:\/\/cncmakinamarket.com.tr\/en\/wp-json\/wp\/v2\/product_cat?post=1031"},{"taxonomy":"product_tag","embeddable":true,"href":"https:\/\/cncmakinamarket.com.tr\/en\/wp-json\/wp\/v2\/product_tag?post=1031"}],"curies":[{"name":"wp","href":"https:\/\/api.w.org\/{rel}","templated":true}]}}