{"id":1023,"date":"2023-08-11T13:23:25","date_gmt":"2023-08-11T13:23:25","guid":{"rendered":"https:\/\/cncmakinamarket.com.tr\/?post_type=product&#038;p=1023"},"modified":"2023-08-11T13:23:26","modified_gmt":"2023-08-11T13:23:26","slug":"craft-sg48-nc-satih-taslama-tezgahi","status":"publish","type":"product","link":"https:\/\/cncmakinamarket.com.tr\/en\/product\/craft-sg48-nc-satih-taslama-tezgahi\/","title":{"rendered":"CRAFT SG48 NC Sat\u0131h Ta\u015flama Tezgah\u0131"},"content":{"rendered":"<h4>Teknik \u00d6zellikler<\/h4>\n<table border=\"1\" width=\"520\" cellspacing=\"0\" cellpadding=\"0\">\n<tbody>\n<tr bgcolor=\"#F8F8F8\">\n<td width=\"169\"><strong>Mil Motor G\u00fcc\u00fc<\/strong><\/td>\n<td width=\"351\">5,5 kW, 400V<\/td>\n<\/tr>\n<tr bgcolor=\"#FFFFFF\">\n<td width=\"169\"><strong>Tabla Ebatlar\u0131<\/strong><\/td>\n<td width=\"351\">400&#215;800 mm<\/td>\n<\/tr>\n<tr bgcolor=\"#F8F8F8\">\n<td width=\"169\"><strong>Tabla Boyuna Hidrolik Hareket<\/strong><\/td>\n<td width=\"351\">850 mm<\/td>\n<\/tr>\n<tr bgcolor=\"#FFFFFF\">\n<td width=\"169\"><strong>Tabla Enine Manuel Hareket<\/strong><\/td>\n<td width=\"351\">440 mm<\/td>\n<\/tr>\n<tr bgcolor=\"#F8F8F8\">\n<td width=\"169\"><strong>\u0130\u015f Mili \u0130le Tabla Aras\u0131 Mesafe<\/strong><\/td>\n<td width=\"351\">580 mm<\/td>\n<\/tr>\n<tr bgcolor=\"#FFFFFF\">\n<td width=\"169\"><strong>Tabla Y\u00fck Kapasitesi (max.)<\/strong><\/td>\n<td width=\"351\">700 kg<\/td>\n<\/tr>\n<tr bgcolor=\"#F8F8F8\">\n<td width=\"169\"><strong>T Kanal \u00d6l\u00e7\u00fcleri<\/strong><\/td>\n<td width=\"351\">3&#215;14 mm<\/td>\n<\/tr>\n<tr bgcolor=\"#FFFFFF\">\n<td width=\"169\"><strong>Tabla \u0130lerleme H\u0131z\u0131<\/strong><\/td>\n<td width=\"351\">5~25 m\/dak.<\/td>\n<\/tr>\n<tr bgcolor=\"#F8F8F8\">\n<td width=\"169\"><strong>Y Eksen El \u00c7ark\u0131 \u0130lerleme \u00c7izgisi<\/strong><\/td>\n<td width=\"351\">0,02 mm<\/td>\n<\/tr>\n<tr bgcolor=\"#FFFFFF\">\n<td width=\"169\"><strong>Y Eksen El \u00c7ark\u0131 Bir Tur<\/strong><\/td>\n<td width=\"351\">5 mm<\/td>\n<\/tr>\n<tr bgcolor=\"#F8F8F8\">\n<td width=\"169\"><strong>Otomatik Y eksen Hareketi<\/strong><\/td>\n<td width=\"351\">0,5~12 mm<\/td>\n<\/tr>\n<tr bgcolor=\"#FFFFFF\">\n<td width=\"169\"><strong>Y eksen Besleme H\u0131z\u0131<\/strong><\/td>\n<td width=\"351\">790 mm\/dak<\/td>\n<\/tr>\n<tr bgcolor=\"#F8F8F8\">\n<td width=\"169\"><strong>Ta\u015f \u00d6l\u00e7\u00fcleri, \u00c7ap x Geni\u015flik x Delik \u00c7ap\u0131<\/strong><\/td>\n<td width=\"351\">355 x 40 x 127 mm<\/td>\n<\/tr>\n<tr bgcolor=\"#FFFFFF\">\n<td width=\"169\"><strong>Mil H\u0131z\u0131<\/strong><\/td>\n<td width=\"351\">1450 dev\/dak<\/td>\n<\/tr>\n<tr bgcolor=\"#F8F8F8\">\n<td width=\"169\"><strong>Z Eksen El \u00c7ark\u0131 \u0130lerleme \u00c7izgisi<\/strong><\/td>\n<td width=\"351\">0,001 mm<\/td>\n<\/tr>\n<tr bgcolor=\"#FFFFFF\">\n<td width=\"169\"><strong>Z Eksen El \u00c7ark\u0131 Bir Tur<\/strong><\/td>\n<td width=\"351\">0,1 mm<\/td>\n<\/tr>\n<tr bgcolor=\"#F8F8F8\">\n<td width=\"169\"><strong>Otomatik Paso Hareketi<\/strong><\/td>\n<td width=\"351\">0,001~1 mm<\/td>\n<\/tr>\n<tr bgcolor=\"#FFFFFF\">\n<td width=\"169\"><strong>Z Eksen Besleme H\u0131z\u0131<\/strong><\/td>\n<td width=\"351\">210 mm\/dak<\/td>\n<\/tr>\n<tr bgcolor=\"#F8F8F8\">\n<td width=\"169\"><strong>Hidrolik Motor G\u00fcc\u00fc<\/strong><\/td>\n<td width=\"351\">2,2 kW<\/td>\n<\/tr>\n<tr bgcolor=\"#FFFFFF\">\n<td width=\"169\"><strong>Toz Toplama Motor G\u00fcc\u00fc<\/strong><\/td>\n<td width=\"351\">550 W<\/td>\n<\/tr>\n<tr bgcolor=\"#F8F8F8\">\n<td width=\"169\"><strong>So\u011futma Motor G\u00fcc\u00fc<\/strong><\/td>\n<td width=\"351\">90 W<\/td>\n<\/tr>\n<tr bgcolor=\"#FFFFFF\">\n<td width=\"169\"><strong>Y Eksen Besleme Motor G\u00fcc\u00fc<\/strong><\/td>\n<td width=\"351\">90 W<\/td>\n<\/tr>\n<tr bgcolor=\"#F8F8F8\">\n<td width=\"169\"><strong>Z Eksen Motor G\u00fcc\u00fc<\/strong><\/td>\n<td width=\"351\">1 kW<\/td>\n<\/tr>\n<tr bgcolor=\"#FFFFFF\">\n<td width=\"169\"><strong>Kaplad\u0131\u011f\u0131 Alan \u00d6l\u00e7\u00fcleri<\/strong><\/td>\n<td width=\"351\">3600&#215;2600 mm<\/td>\n<\/tr>\n<tr bgcolor=\"#F8F8F8\">\n<td width=\"169\"><strong>Ambalaj \u00d6l\u00e7\u00fcleri<\/strong><\/td>\n<td width=\"351\">2790x2225x2195 mm<\/td>\n<\/tr>\n<tr bgcolor=\"#FFFFFF\">\n<td width=\"169\"><strong>Net A\u011f\u0131rl\u0131k<\/strong><\/td>\n<td width=\"351\">2850 Kg<\/td>\n<\/tr>\n<tr bgcolor=\"#F8F8F8\">\n<td width=\"169\"><strong>Br\u00fct A\u011f\u0131rl\u0131k<\/strong><\/td>\n<td width=\"351\">3150 Kg<\/td>\n<\/tr>\n<\/tbody>\n<\/table>\n<h5>\u00dcr\u00fcn Detay\u0131<\/h5>\n<ul>\n<li>X ekseni hidrolik<\/li>\n<li>G\u00fc\u00e7l\u00fc d\u00f6k\u00fcm g\u00f6vde, rijit yap\u0131<\/li>\n<li>Ta\u015flama milinde kullan\u0131lan uzun \u00f6m\u00fcrl\u00fc NSK P4 tip y\u00fcksek hassasiyetli rulman<\/li>\n<li>Uzun \u00f6m\u00fcrl\u00fc ve d\u00fczg\u00fcn hassasiyeti sa\u011flayan V tipi k\u0131zaklar<\/li>\n<li>Sertle\u015ftirilmi\u015f ve ta\u015flanm\u0131\u015f tabla k\u0131zaklar\u0131<\/li>\n<li>Teflon ile lamine edilmi\u015f k\u0131zak yollar\u0131<\/li>\n<li>Merkezi otomatik ya\u011flama sistemi<\/li>\n<li>Is\u0131 ve titre\u015fimin makinaya aktar\u0131lmas\u0131n\u0131 engelleyen ayr\u0131 hidrolik tank\u0131<\/li>\n<li>D\u00fczenli ve kolay eri\u015filebilir elektrik panosu<\/li>\n<li>Ayarlanabilir manyetik g\u00fc\u00e7<\/li>\n<li>24V volataj ile \u00e7al\u0131\u015fan g\u00fcvenli kontrol paneli<\/li>\n<li>CE normlar\u0131na uygun<\/li>\n<\/ul>\n<h5>Makina Yap\u0131s\u0131<\/h5>\n<ul>\n<li>Mil motoru : ABB marka<\/li>\n<li>Mil rulman\u0131 : Japon NSK marka P4 dereceli hassas bilyal\u0131 rulman.<\/li>\n<li>Tabla Y eksen mili: p5 s\u0131n\u0131f\u0131 hassas bilyal\u0131 mil<\/li>\n<li>Elektrik sistemi : SIEMENS<\/li>\n<li>Ana hidrolik systemi : TAIWAN<\/li>\n<\/ul>","protected":false},"excerpt":{"rendered":"<h4>Teknik \u00d6zellikler<\/h4>\n<table border=\"1\" width=\"520\" cellspacing=\"0\" cellpadding=\"0\">\n<tbody>\n<tr bgcolor=\"#F8F8F8\">\n<td width=\"169\"><strong>Mil Motor G\u00fcc\u00fc<\/strong><\/td>\n<td width=\"351\">5,5 kW, 400V<\/td>\n<\/tr>\n<tr bgcolor=\"#FFFFFF\">\n<td width=\"169\"><strong>Tabla Ebatlar\u0131<\/strong><\/td>\n<td width=\"351\">400&#215;800 mm<\/td>\n<\/tr>\n<tr bgcolor=\"#F8F8F8\">\n<td width=\"169\"><strong>Tabla Boyuna Hidrolik Hareket<\/strong><\/td>\n<td width=\"351\">850 mm<\/td>\n<\/tr>\n<tr bgcolor=\"#FFFFFF\">\n<td width=\"169\"><strong>Tabla Enine Manuel Hareket<\/strong><\/td>\n<td width=\"351\">440 mm<\/td>\n<\/tr>\n<tr bgcolor=\"#F8F8F8\">\n<td width=\"169\"><strong>\u0130\u015f Mili \u0130le Tabla Aras\u0131 Mesafe<\/strong><\/td>\n<td width=\"351\">580 mm<\/td>\n<\/tr>\n<tr bgcolor=\"#FFFFFF\">\n<td width=\"169\"><strong>Tabla Y\u00fck Kapasitesi (max.)<\/strong><\/td>\n<td width=\"351\">700 kg<\/td>\n<\/tr>\n<tr bgcolor=\"#F8F8F8\">\n<td width=\"169\"><strong>T Kanal \u00d6l\u00e7\u00fcleri<\/strong><\/td>\n<td width=\"351\">3&#215;14 mm<\/td>\n<\/tr>\n<tr bgcolor=\"#FFFFFF\">\n<td width=\"169\"><strong>Tabla \u0130lerleme H\u0131z\u0131<\/strong><\/td>\n<td width=\"351\">5~25 m\/dak.<\/td>\n<\/tr>\n<tr bgcolor=\"#F8F8F8\">\n<td width=\"169\"><strong>Y Eksen El \u00c7ark\u0131 \u0130lerleme \u00c7izgisi<\/strong><\/td>\n<td width=\"351\">0,02 mm<\/td>\n<\/tr>\n<tr bgcolor=\"#FFFFFF\">\n<td width=\"169\"><strong>Y Eksen El \u00c7ark\u0131 Bir Tur<\/strong><\/td>\n<td width=\"351\">5 mm<\/td>\n<\/tr>\n<tr bgcolor=\"#F8F8F8\">\n<td width=\"169\"><strong>Otomatik Y eksen Hareketi<\/strong><\/td>\n<td width=\"351\">0,5~12 mm<\/td>\n<\/tr>\n<tr bgcolor=\"#FFFFFF\">\n<td width=\"169\"><strong>Y eksen Besleme H\u0131z\u0131<\/strong><\/td>\n<td width=\"351\">790 mm\/dak<\/td>\n<\/tr>\n<tr bgcolor=\"#F8F8F8\">\n<td width=\"169\"><strong>Ta\u015f \u00d6l\u00e7\u00fcleri, \u00c7ap x Geni\u015flik x Delik \u00c7ap\u0131<\/strong><\/td>\n<td width=\"351\">355 x 40 x 127 mm<\/td>\n<\/tr>\n<tr bgcolor=\"#FFFFFF\">\n<td width=\"169\"><strong>Mil H\u0131z\u0131<\/strong><\/td>\n<td width=\"351\">1450 dev\/dak<\/td>\n<\/tr>\n<tr bgcolor=\"#F8F8F8\">\n<td width=\"169\"><strong>Z Eksen El \u00c7ark\u0131 \u0130lerleme \u00c7izgisi<\/strong><\/td>\n<td width=\"351\">0,001 mm<\/td>\n<\/tr>\n<tr bgcolor=\"#FFFFFF\">\n<td width=\"169\"><strong>Z Eksen El \u00c7ark\u0131 Bir Tur<\/strong><\/td>\n<td width=\"351\">0,1 mm<\/td>\n<\/tr>\n<tr bgcolor=\"#F8F8F8\">\n<td width=\"169\"><strong>Otomatik Paso Hareketi<\/strong><\/td>\n<td width=\"351\">0,001~1 mm<\/td>\n<\/tr>\n<tr bgcolor=\"#FFFFFF\">\n<td width=\"169\"><strong>Z Eksen Besleme H\u0131z\u0131<\/strong><\/td>\n<td width=\"351\">210 mm\/dak<\/td>\n<\/tr>\n<tr bgcolor=\"#F8F8F8\">\n<td width=\"169\"><strong>Hidrolik Motor G\u00fcc\u00fc<\/strong><\/td>\n<td width=\"351\">2,2 kW<\/td>\n<\/tr>\n<tr bgcolor=\"#FFFFFF\">\n<td width=\"169\"><strong>Toz Toplama Motor G\u00fcc\u00fc<\/strong><\/td>\n<td width=\"351\">550 W<\/td>\n<\/tr>\n<tr bgcolor=\"#F8F8F8\">\n<td width=\"169\"><strong>So\u011futma Motor G\u00fcc\u00fc<\/strong><\/td>\n<td width=\"351\">90 W<\/td>\n<\/tr>\n<tr bgcolor=\"#FFFFFF\">\n<td width=\"169\"><strong>Y Eksen Besleme Motor G\u00fcc\u00fc<\/strong><\/td>\n<td width=\"351\">90 W<\/td>\n<\/tr>\n<tr bgcolor=\"#F8F8F8\">\n<td width=\"169\"><strong>Z Eksen Motor G\u00fcc\u00fc<\/strong><\/td>\n<td width=\"351\">1 kW<\/td>\n<\/tr>\n<tr bgcolor=\"#FFFFFF\">\n<td width=\"169\"><strong>Kaplad\u0131\u011f\u0131 Alan \u00d6l\u00e7\u00fcleri<\/strong><\/td>\n<td width=\"351\">3600&#215;2600 mm<\/td>\n<\/tr>\n<tr bgcolor=\"#F8F8F8\">\n<td width=\"169\"><strong>Ambalaj \u00d6l\u00e7\u00fcleri<\/strong><\/td>\n<td width=\"351\">2790x2225x2195 mm<\/td>\n<\/tr>\n<tr bgcolor=\"#FFFFFF\">\n<td width=\"169\"><strong>Net A\u011f\u0131rl\u0131k<\/strong><\/td>\n<td width=\"351\">2850 Kg<\/td>\n<\/tr>\n<tr bgcolor=\"#F8F8F8\">\n<td width=\"169\"><strong>Br\u00fct A\u011f\u0131rl\u0131k<\/strong><\/td>\n<td width=\"351\">3150 Kg<\/td>\n<\/tr>\n<\/tbody>\n<\/table>\n<h5>\u00dcr\u00fcn Detay\u0131<\/h5>\n<ul>\n<li>X ekseni hidrolik<\/li>\n<li>G\u00fc\u00e7l\u00fc d\u00f6k\u00fcm g\u00f6vde, rijit yap\u0131<\/li>\n<li>Ta\u015flama milinde kullan\u0131lan uzun \u00f6m\u00fcrl\u00fc NSK P4 tip y\u00fcksek hassasiyetli rulman<\/li>\n<li>Uzun \u00f6m\u00fcrl\u00fc ve d\u00fczg\u00fcn hassasiyeti sa\u011flayan V tipi k\u0131zaklar<\/li>\n<li>Sertle\u015ftirilmi\u015f ve ta\u015flanm\u0131\u015f tabla k\u0131zaklar\u0131<\/li>\n<li>Teflon ile lamine edilmi\u015f k\u0131zak yollar\u0131<\/li>\n<li>Merkezi otomatik ya\u011flama sistemi<\/li>\n<li>Is\u0131 ve titre\u015fimin makinaya aktar\u0131lmas\u0131n\u0131 engelleyen ayr\u0131 hidrolik tank\u0131<\/li>\n<li>D\u00fczenli ve kolay eri\u015filebilir elektrik panosu<\/li>\n<li>Ayarlanabilir manyetik g\u00fc\u00e7<\/li>\n<li>24V volataj ile \u00e7al\u0131\u015fan g\u00fcvenli kontrol paneli<\/li>\n<li>CE normlar\u0131na uygun<\/li>\n<\/ul>\n<h5>Makina Yap\u0131s\u0131<\/h5>\n<ul>\n<li>Mil motoru : ABB marka<\/li>\n<li>Mil rulman\u0131 : Japon NSK marka P4 dereceli hassas bilyal\u0131 rulman.<\/li>\n<li>Tabla Y eksen mili: p5 s\u0131n\u0131f\u0131 hassas bilyal\u0131 mil<\/li>\n<li>Elektrik sistemi : SIEMENS<\/li>\n<li>Ana hidrolik systemi : TAIWAN<\/li>\n<li><a id=\"sendbtn\" class=\"shortcode_wa_button\" href=\"https:\/\/web.whatsapp.com\/send?phone=905056020019&#038;text=\" target=\"_blank\"><span>Get Information with WhatsApp<\/span><\/a><\/li>\n<\/ul>","protected":false},"featured_media":1024,"template":"","meta":[],"product_cat":[15,30,44],"product_tag":[202,201],"acf":[],"yoast_head":"<!-- This site is optimized with the Yoast SEO plugin v21.9.1 - https:\/\/yoast.com\/wordpress\/plugins\/seo\/ -->\n<title>CRAFT SG48 NC Sat\u0131h Ta\u015flama Tezgah\u0131 - CNC Makina Market<\/title>\n<meta name=\"robots\" content=\"index, follow, max-snippet:-1, max-image-preview:large, max-video-preview:-1\" \/>\n<link rel=\"canonical\" href=\"https:\/\/cncmakinamarket.com.tr\/en\/product\/craft-sg48-nc-satih-taslama-tezgahi\/\" \/>\n<meta property=\"og:locale\" content=\"en_US\" \/>\n<meta property=\"og:type\" content=\"article\" \/>\n<meta property=\"og:title\" content=\"CRAFT SG48 NC Sat\u0131h Ta\u015flama Tezgah\u0131 - CNC Makina Market\" \/>\n<meta property=\"og:description\" content=\"Teknik \u00d6zellikler    Mil Motor G\u00fcc\u00fc 5,5 kW, 400V   Tabla Ebatlar\u0131 400x800 mm   Tabla Boyuna Hidrolik Hareket 850 mm   Tabla Enine Manuel Hareket 440 mm   \u0130\u015f Mili \u0130le Tabla Aras\u0131 Mesafe 580 mm   Tabla Y\u00fck Kapasitesi (max.) 700 kg   T Kanal \u00d6l\u00e7\u00fcleri 3x14 mm   Tabla \u0130lerleme H\u0131z\u0131 5~25 m\/dak.   Y Eksen El \u00c7ark\u0131 \u0130lerleme \u00c7izgisi 0,02 mm   Y Eksen El \u00c7ark\u0131 Bir Tur 5 mm   Otomatik Y eksen Hareketi 0,5~12 mm   Y eksen Besleme H\u0131z\u0131 790 mm\/dak   Ta\u015f \u00d6l\u00e7\u00fcleri, \u00c7ap x Geni\u015flik x Delik \u00c7ap\u0131 355 x 40 x 127 mm   Mil H\u0131z\u0131 1450 dev\/dak   Z Eksen El \u00c7ark\u0131 \u0130lerleme \u00c7izgisi 0,001 mm   Z Eksen El \u00c7ark\u0131 Bir Tur 0,1 mm   Otomatik Paso Hareketi 0,001~1 mm   Z Eksen Besleme H\u0131z\u0131 210 mm\/dak   Hidrolik Motor G\u00fcc\u00fc 2,2 kW   Toz Toplama Motor G\u00fcc\u00fc 550 W   So\u011futma Motor G\u00fcc\u00fc 90 W   Y Eksen Besleme Motor G\u00fcc\u00fc 90 W   Z Eksen Motor G\u00fcc\u00fc 1 kW   Kaplad\u0131\u011f\u0131 Alan \u00d6l\u00e7\u00fcleri 3600x2600 mm   Ambalaj \u00d6l\u00e7\u00fcleri 2790x2225x2195 mm   Net A\u011f\u0131rl\u0131k 2850 Kg   Br\u00fct A\u011f\u0131rl\u0131k 3150 Kg    \u00dcr\u00fcn Detay\u0131   X ekseni hidrolik  G\u00fc\u00e7l\u00fc d\u00f6k\u00fcm g\u00f6vde, rijit yap\u0131  Ta\u015flama milinde kullan\u0131lan uzun \u00f6m\u00fcrl\u00fc NSK P4 tip y\u00fcksek hassasiyetli rulman  Uzun \u00f6m\u00fcrl\u00fc ve d\u00fczg\u00fcn hassasiyeti sa\u011flayan V tipi k\u0131zaklar  Sertle\u015ftirilmi\u015f ve ta\u015flanm\u0131\u015f tabla k\u0131zaklar\u0131  Teflon ile lamine edilmi\u015f k\u0131zak yollar\u0131  Merkezi otomatik ya\u011flama sistemi  Is\u0131 ve titre\u015fimin makinaya aktar\u0131lmas\u0131n\u0131 engelleyen ayr\u0131 hidrolik tank\u0131  D\u00fczenli ve kolay eri\u015filebilir elektrik panosu  Ayarlanabilir manyetik g\u00fc\u00e7  24V volataj ile \u00e7al\u0131\u015fan g\u00fcvenli kontrol paneli  CE normlar\u0131na uygun  Makina Yap\u0131s\u0131   Mil motoru : ABB marka  Mil rulman\u0131 : Japon NSK marka P4 dereceli hassas bilyal\u0131 rulman.  Tabla Y eksen mili: p5 s\u0131n\u0131f\u0131 hassas bilyal\u0131 mil  Elektrik sistemi : SIEMENS  Ana hidrolik systemi : TAIWAN\" \/>\n<meta property=\"og:url\" content=\"https:\/\/cncmakinamarket.com.tr\/en\/product\/craft-sg48-nc-satih-taslama-tezgahi\/\" \/>\n<meta property=\"og:site_name\" content=\"CNC Makina Market\" \/>\n<meta property=\"article:modified_time\" content=\"2023-08-11T13:23:26+00:00\" \/>\n<meta property=\"og:image\" content=\"https:\/\/cncmakinamarket.com.tr\/wp-content\/uploads\/2023\/08\/craft-sg48-nc-satih-taslama-tezgahi.jpg\" \/>\n\t<meta property=\"og:image:width\" content=\"1080\" \/>\n\t<meta property=\"og:image:height\" content=\"950\" \/>\n\t<meta property=\"og:image:type\" content=\"image\/jpeg\" \/>\n<meta name=\"twitter:card\" content=\"summary_large_image\" \/>\n<meta name=\"twitter:label1\" content=\"Est. reading time\" \/>\n\t<meta name=\"twitter:data1\" content=\"2 minutes\" \/>\n<script type=\"application\/ld+json\" class=\"yoast-schema-graph\">{\"@context\":\"https:\/\/schema.org\",\"@graph\":[{\"@type\":\"WebPage\",\"@id\":\"https:\/\/cncmakinamarket.com.tr\/product\/craft-sg48-nc-satih-taslama-tezgahi\/\",\"url\":\"https:\/\/cncmakinamarket.com.tr\/product\/craft-sg48-nc-satih-taslama-tezgahi\/\",\"name\":\"CRAFT SG48 NC Sat\u0131h Ta\u015flama Tezgah\u0131 - CNC Makina Market\",\"isPartOf\":{\"@id\":\"https:\/\/cncmakinamarket.com.tr\/#website\"},\"datePublished\":\"2023-08-11T13:23:25+00:00\",\"dateModified\":\"2023-08-11T13:23:26+00:00\",\"breadcrumb\":{\"@id\":\"https:\/\/cncmakinamarket.com.tr\/product\/craft-sg48-nc-satih-taslama-tezgahi\/#breadcrumb\"},\"inLanguage\":\"en-US\",\"potentialAction\":[{\"@type\":\"ReadAction\",\"target\":[\"https:\/\/cncmakinamarket.com.tr\/product\/craft-sg48-nc-satih-taslama-tezgahi\/\"]}]},{\"@type\":\"BreadcrumbList\",\"@id\":\"https:\/\/cncmakinamarket.com.tr\/product\/craft-sg48-nc-satih-taslama-tezgahi\/#breadcrumb\",\"itemListElement\":[{\"@type\":\"ListItem\",\"position\":1,\"name\":\"Anasayfa\",\"item\":\"https:\/\/cncmakinamarket.com.tr\/\"},{\"@type\":\"ListItem\",\"position\":2,\"name\":\"\u00dcr\u00fcnler\",\"item\":\"https:\/\/cncmakinamarket.com.tr\/urunler\/\"},{\"@type\":\"ListItem\",\"position\":3,\"name\":\"CRAFT SG48 NC Sat\u0131h Ta\u015flama Tezgah\u0131\"}]},{\"@type\":\"WebSite\",\"@id\":\"https:\/\/cncmakinamarket.com.tr\/#website\",\"url\":\"https:\/\/cncmakinamarket.com.tr\/\",\"name\":\"CNC Makina Market\",\"description\":\"\",\"potentialAction\":[{\"@type\":\"SearchAction\",\"target\":{\"@type\":\"EntryPoint\",\"urlTemplate\":\"https:\/\/cncmakinamarket.com.tr\/?s={search_term_string}\"},\"query-input\":\"required name=search_term_string\"}],\"inLanguage\":\"en-US\"}]}<\/script>\n<!-- \/ Yoast SEO plugin. -->","yoast_head_json":{"title":"CRAFT SG48 NC Sat\u0131h Ta\u015flama Tezgah\u0131 - CNC Makina Market","robots":{"index":"index","follow":"follow","max-snippet":"max-snippet:-1","max-image-preview":"max-image-preview:large","max-video-preview":"max-video-preview:-1"},"canonical":"https:\/\/cncmakinamarket.com.tr\/en\/product\/craft-sg48-nc-satih-taslama-tezgahi\/","og_locale":"en_US","og_type":"article","og_title":"CRAFT SG48 NC Sat\u0131h Ta\u015flama Tezgah\u0131 - CNC Makina Market","og_description":"Teknik \u00d6zellikler    Mil Motor G\u00fcc\u00fc 5,5 kW, 400V   Tabla Ebatlar\u0131 400x800 mm   Tabla Boyuna Hidrolik Hareket 850 mm   Tabla Enine Manuel Hareket 440 mm   \u0130\u015f Mili \u0130le Tabla Aras\u0131 Mesafe 580 mm   Tabla Y\u00fck Kapasitesi (max.) 700 kg   T Kanal \u00d6l\u00e7\u00fcleri 3x14 mm   Tabla \u0130lerleme H\u0131z\u0131 5~25 m\/dak.   Y Eksen El \u00c7ark\u0131 \u0130lerleme \u00c7izgisi 0,02 mm   Y Eksen El \u00c7ark\u0131 Bir Tur 5 mm   Otomatik Y eksen Hareketi 0,5~12 mm   Y eksen Besleme H\u0131z\u0131 790 mm\/dak   Ta\u015f \u00d6l\u00e7\u00fcleri, \u00c7ap x Geni\u015flik x Delik \u00c7ap\u0131 355 x 40 x 127 mm   Mil H\u0131z\u0131 1450 dev\/dak   Z Eksen El \u00c7ark\u0131 \u0130lerleme \u00c7izgisi 0,001 mm   Z Eksen El \u00c7ark\u0131 Bir Tur 0,1 mm   Otomatik Paso Hareketi 0,001~1 mm   Z Eksen Besleme H\u0131z\u0131 210 mm\/dak   Hidrolik Motor G\u00fcc\u00fc 2,2 kW   Toz Toplama Motor G\u00fcc\u00fc 550 W   So\u011futma Motor G\u00fcc\u00fc 90 W   Y Eksen Besleme Motor G\u00fcc\u00fc 90 W   Z Eksen Motor G\u00fcc\u00fc 1 kW   Kaplad\u0131\u011f\u0131 Alan \u00d6l\u00e7\u00fcleri 3600x2600 mm   Ambalaj \u00d6l\u00e7\u00fcleri 2790x2225x2195 mm   Net A\u011f\u0131rl\u0131k 2850 Kg   Br\u00fct A\u011f\u0131rl\u0131k 3150 Kg    \u00dcr\u00fcn Detay\u0131   X ekseni hidrolik  G\u00fc\u00e7l\u00fc d\u00f6k\u00fcm g\u00f6vde, rijit yap\u0131  Ta\u015flama milinde kullan\u0131lan uzun \u00f6m\u00fcrl\u00fc NSK P4 tip y\u00fcksek hassasiyetli rulman  Uzun \u00f6m\u00fcrl\u00fc ve d\u00fczg\u00fcn hassasiyeti sa\u011flayan V tipi k\u0131zaklar  Sertle\u015ftirilmi\u015f ve ta\u015flanm\u0131\u015f tabla k\u0131zaklar\u0131  Teflon ile lamine edilmi\u015f k\u0131zak yollar\u0131  Merkezi otomatik ya\u011flama sistemi  Is\u0131 ve titre\u015fimin makinaya aktar\u0131lmas\u0131n\u0131 engelleyen ayr\u0131 hidrolik tank\u0131  D\u00fczenli ve kolay eri\u015filebilir elektrik panosu  Ayarlanabilir manyetik g\u00fc\u00e7  24V volataj ile \u00e7al\u0131\u015fan g\u00fcvenli kontrol paneli  CE normlar\u0131na uygun  Makina Yap\u0131s\u0131   Mil motoru : ABB marka  Mil rulman\u0131 : Japon NSK marka P4 dereceli hassas bilyal\u0131 rulman.  Tabla Y eksen mili: p5 s\u0131n\u0131f\u0131 hassas bilyal\u0131 mil  Elektrik sistemi : SIEMENS  Ana hidrolik systemi : TAIWAN","og_url":"https:\/\/cncmakinamarket.com.tr\/en\/product\/craft-sg48-nc-satih-taslama-tezgahi\/","og_site_name":"CNC Makina Market","article_modified_time":"2023-08-11T13:23:26+00:00","og_image":[{"width":1080,"height":950,"url":"https:\/\/cncmakinamarket.com.tr\/wp-content\/uploads\/2023\/08\/craft-sg48-nc-satih-taslama-tezgahi.jpg","type":"image\/jpeg"}],"twitter_card":"summary_large_image","twitter_misc":{"Est. reading time":"2 minutes"},"schema":{"@context":"https:\/\/schema.org","@graph":[{"@type":"WebPage","@id":"https:\/\/cncmakinamarket.com.tr\/product\/craft-sg48-nc-satih-taslama-tezgahi\/","url":"https:\/\/cncmakinamarket.com.tr\/product\/craft-sg48-nc-satih-taslama-tezgahi\/","name":"CRAFT SG48 NC Sat\u0131h Ta\u015flama Tezgah\u0131 - CNC Makina Market","isPartOf":{"@id":"https:\/\/cncmakinamarket.com.tr\/#website"},"datePublished":"2023-08-11T13:23:25+00:00","dateModified":"2023-08-11T13:23:26+00:00","breadcrumb":{"@id":"https:\/\/cncmakinamarket.com.tr\/product\/craft-sg48-nc-satih-taslama-tezgahi\/#breadcrumb"},"inLanguage":"en-US","potentialAction":[{"@type":"ReadAction","target":["https:\/\/cncmakinamarket.com.tr\/product\/craft-sg48-nc-satih-taslama-tezgahi\/"]}]},{"@type":"BreadcrumbList","@id":"https:\/\/cncmakinamarket.com.tr\/product\/craft-sg48-nc-satih-taslama-tezgahi\/#breadcrumb","itemListElement":[{"@type":"ListItem","position":1,"name":"Anasayfa","item":"https:\/\/cncmakinamarket.com.tr\/"},{"@type":"ListItem","position":2,"name":"\u00dcr\u00fcnler","item":"https:\/\/cncmakinamarket.com.tr\/urunler\/"},{"@type":"ListItem","position":3,"name":"CRAFT SG48 NC Sat\u0131h Ta\u015flama Tezgah\u0131"}]},{"@type":"WebSite","@id":"https:\/\/cncmakinamarket.com.tr\/#website","url":"https:\/\/cncmakinamarket.com.tr\/","name":"CNC Makina Market","description":"","potentialAction":[{"@type":"SearchAction","target":{"@type":"EntryPoint","urlTemplate":"https:\/\/cncmakinamarket.com.tr\/?s={search_term_string}"},"query-input":"required name=search_term_string"}],"inLanguage":"en-US"}]}},"_links":{"self":[{"href":"https:\/\/cncmakinamarket.com.tr\/en\/wp-json\/wp\/v2\/product\/1023"}],"collection":[{"href":"https:\/\/cncmakinamarket.com.tr\/en\/wp-json\/wp\/v2\/product"}],"about":[{"href":"https:\/\/cncmakinamarket.com.tr\/en\/wp-json\/wp\/v2\/types\/product"}],"wp:featuredmedia":[{"embeddable":true,"href":"https:\/\/cncmakinamarket.com.tr\/en\/wp-json\/wp\/v2\/media\/1024"}],"wp:attachment":[{"href":"https:\/\/cncmakinamarket.com.tr\/en\/wp-json\/wp\/v2\/media?parent=1023"}],"wp:term":[{"taxonomy":"product_cat","embeddable":true,"href":"https:\/\/cncmakinamarket.com.tr\/en\/wp-json\/wp\/v2\/product_cat?post=1023"},{"taxonomy":"product_tag","embeddable":true,"href":"https:\/\/cncmakinamarket.com.tr\/en\/wp-json\/wp\/v2\/product_tag?post=1023"}],"curies":[{"name":"wp","href":"https:\/\/api.w.org\/{rel}","templated":true}]}}