{"id":1017,"date":"2023-08-11T13:14:05","date_gmt":"2023-08-11T13:14:05","guid":{"rendered":"https:\/\/cncmakinamarket.com.tr\/?post_type=product&#038;p=1017"},"modified":"2023-08-11T13:14:06","modified_gmt":"2023-08-11T13:14:06","slug":"craft-mc32-plus-sanzimanli-matkap-tezgahi","status":"publish","type":"product","link":"https:\/\/cncmakinamarket.com.tr\/en\/product\/craft-mc32-plus-sanzimanli-matkap-tezgahi\/","title":{"rendered":"CRAFT MC32 Plus \u015eanz\u0131manl\u0131 Matkap Tezgah\u0131"},"content":{"rendered":"<h4>Teknik \u00d6zellikler<\/h4>\n<table border=\"1\">\n<tbody>\n<tr>\n<td><strong>Motor G\u00fcc\u00fc<\/strong><\/td>\n<td>1,5 KW<\/td>\n<\/tr>\n<tr>\n<td><strong>\u00c7al\u0131\u015fma Tipi<\/strong><\/td>\n<td>\u015eanz\u0131manl\u0131<\/td>\n<\/tr>\n<tr>\n<td><strong>So\u011futma Pompas\u0131 G\u00fcc\u00fc<\/strong><\/td>\n<td>40 W<\/td>\n<\/tr>\n<tr>\n<td><strong>Delme Kapasitesi<\/strong><\/td>\n<td>32 mm<\/td>\n<\/tr>\n<tr>\n<td><strong>K\u0131lavuz Kapasitesi<\/strong><\/td>\n<td>M20<\/td>\n<\/tr>\n<tr>\n<td><strong>Mil Ba\u011flant\u0131s\u0131<\/strong><\/td>\n<td>MK4<\/td>\n<\/tr>\n<tr>\n<td><strong>Mil Hareketi\/Strok<\/strong><\/td>\n<td>120 mm<\/td>\n<\/tr>\n<tr>\n<td><strong>Mil-S\u00fctun Aras\u0131 Mesafe<\/strong><\/td>\n<td>350 mm<\/td>\n<\/tr>\n<tr>\n<td><strong>Mil-Tabla Aras\u0131 Mesafe<\/strong><\/td>\n<td>610 mm<\/td>\n<\/tr>\n<tr>\n<td><strong>Mil-Taban Aras\u0131 Mesafe<\/strong><\/td>\n<td>1180 mm<\/td>\n<\/tr>\n<tr>\n<td><strong>S\u00fctun \u00c7ap\u0131<\/strong><\/td>\n<td>115 mm<\/td>\n<\/tr>\n<tr>\n<td><strong>H\u0131z<\/strong><\/td>\n<td>75-1600 dev\/dak<\/td>\n<\/tr>\n<tr>\n<td><strong>Kademe<\/strong><\/td>\n<td>6<\/td>\n<\/tr>\n<tr>\n<td><strong>Tabla \u00d6l\u00e7\u00fcleri<\/strong><\/td>\n<td>560&#215;460 mm<\/td>\n<\/tr>\n<tr>\n<td><strong>Taban \u00d6l\u00e7\u00fcleri<\/strong><\/td>\n<td>670&#215;470 mm<\/td>\n<\/tr>\n<tr>\n<td><strong>Mil Besleme<\/strong><\/td>\n<td>0,10-0,18-0,26 mm\/dev<\/td>\n<\/tr>\n<tr>\n<td><strong>Makina \u00d6l\u00e7\u00fcleri(UxGxY)<\/strong><\/td>\n<td>935x560x2280 mm<\/td>\n<\/tr>\n<tr>\n<td><strong>Ambalaj \u00d6l\u00e7\u00fcleri<\/strong><\/td>\n<td>700x720x2050 mm<\/td>\n<\/tr>\n<tr>\n<td><strong>Net A\u011f\u0131rl\u0131k<\/strong><\/td>\n<td>350 Kg<\/td>\n<\/tr>\n<\/tbody>\n<\/table>","protected":false},"excerpt":{"rendered":"<h4>Teknik \u00d6zellikler<\/h4>\n<table border=\"1\">\n<tbody>\n<tr>\n<td><strong>Motor G\u00fcc\u00fc<\/strong><\/td>\n<td>1,5 KW<\/td>\n<\/tr>\n<tr>\n<td><strong>\u00c7al\u0131\u015fma Tipi<\/strong><\/td>\n<td>\u015eanz\u0131manl\u0131<\/td>\n<\/tr>\n<tr>\n<td><strong>So\u011futma Pompas\u0131 G\u00fcc\u00fc<\/strong><\/td>\n<td>40 W<\/td>\n<\/tr>\n<tr>\n<td><strong>Delme Kapasitesi<\/strong><\/td>\n<td>32 mm<\/td>\n<\/tr>\n<tr>\n<td><strong>K\u0131lavuz Kapasitesi<\/strong><\/td>\n<td>M20<\/td>\n<\/tr>\n<tr>\n<td><strong>Mil Ba\u011flant\u0131s\u0131<\/strong><\/td>\n<td>MK4<\/td>\n<\/tr>\n<tr>\n<td><strong>Mil Hareketi\/Strok<\/strong><\/td>\n<td>120 mm<\/td>\n<\/tr>\n<tr>\n<td><strong>Mil-S\u00fctun Aras\u0131 Mesafe<\/strong><\/td>\n<td>350 mm<\/td>\n<\/tr>\n<tr>\n<td><strong>Mil-Tabla Aras\u0131 Mesafe<\/strong><\/td>\n<td>610 mm<\/td>\n<\/tr>\n<tr>\n<td><strong>Mil-Taban Aras\u0131 Mesafe<\/strong><\/td>\n<td>1180 mm<\/td>\n<\/tr>\n<tr>\n<td><strong>S\u00fctun \u00c7ap\u0131<\/strong><\/td>\n<td>115 mm<\/td>\n<\/tr>\n<tr>\n<td><strong>H\u0131z<\/strong><\/td>\n<td>75-1600 dev\/dak<\/td>\n<\/tr>\n<tr>\n<td><strong>Kademe<\/strong><\/td>\n<td>6<\/td>\n<\/tr>\n<tr>\n<td><strong>Tabla \u00d6l\u00e7\u00fcleri<\/strong><\/td>\n<td>560&#215;460 mm<\/td>\n<\/tr>\n<tr>\n<td><strong>Taban \u00d6l\u00e7\u00fcleri<\/strong><\/td>\n<td>670&#215;470 mm<\/td>\n<\/tr>\n<tr>\n<td><strong>Mil Besleme<\/strong><\/td>\n<td>0,10-0,18-0,26 mm\/dev<\/td>\n<\/tr>\n<tr>\n<td><strong>Makina \u00d6l\u00e7\u00fcleri(UxGxY)<\/strong><\/td>\n<td>935x560x2280 mm<\/td>\n<\/tr>\n<tr>\n<td><strong>Ambalaj \u00d6l\u00e7\u00fcleri<\/strong><\/td>\n<td>700x720x2050 mm<\/td>\n<\/tr>\n<tr>\n<td><strong>Net A\u011f\u0131rl\u0131k<\/strong><\/td>\n<td>350 Kg<\/td>\n<\/tr>\n<\/tbody>\n<\/table>\n<p><a id=\"sendbtn\" class=\"shortcode_wa_button\" href=\"https:\/\/web.whatsapp.com\/send?phone=905056020019&#038;text=\" target=\"_blank\"><span>Get Information with WhatsApp<\/span><\/a><\/p>","protected":false},"featured_media":1018,"template":"","meta":[],"product_cat":[15,29,44],"product_tag":[],"acf":[],"yoast_head":"<!-- This site is optimized with the Yoast SEO plugin v21.9.1 - https:\/\/yoast.com\/wordpress\/plugins\/seo\/ -->\n<title>CRAFT MC32 Plus \u015eanz\u0131manl\u0131 Matkap Tezgah\u0131 - CNC Makina Market<\/title>\n<meta name=\"robots\" content=\"index, follow, max-snippet:-1, max-image-preview:large, max-video-preview:-1\" \/>\n<link rel=\"canonical\" href=\"https:\/\/cncmakinamarket.com.tr\/en\/product\/craft-mc32-plus-sanzimanli-matkap-tezgahi\/\" \/>\n<meta property=\"og:locale\" content=\"en_US\" \/>\n<meta property=\"og:type\" content=\"article\" \/>\n<meta property=\"og:title\" content=\"CRAFT MC32 Plus \u015eanz\u0131manl\u0131 Matkap Tezgah\u0131 - CNC Makina Market\" \/>\n<meta property=\"og:description\" content=\"Teknik \u00d6zellikler    Motor G\u00fcc\u00fc 1,5 KW   \u00c7al\u0131\u015fma Tipi \u015eanz\u0131manl\u0131   So\u011futma Pompas\u0131 G\u00fcc\u00fc 40 W   Delme Kapasitesi 32 mm   K\u0131lavuz Kapasitesi M20   Mil Ba\u011flant\u0131s\u0131 MK4   Mil Hareketi\/Strok 120 mm   Mil-S\u00fctun Aras\u0131 Mesafe 350 mm   Mil-Tabla Aras\u0131 Mesafe 610 mm   Mil-Taban Aras\u0131 Mesafe 1180 mm   S\u00fctun \u00c7ap\u0131 115 mm   H\u0131z 75-1600 dev\/dak   Kademe 6   Tabla \u00d6l\u00e7\u00fcleri 560x460 mm   Taban \u00d6l\u00e7\u00fcleri 670x470 mm   Mil Besleme 0,10-0,18-0,26 mm\/dev   Makina \u00d6l\u00e7\u00fcleri(UxGxY) 935x560x2280 mm   Ambalaj \u00d6l\u00e7\u00fcleri 700x720x2050 mm   Net A\u011f\u0131rl\u0131k 350 Kg\" \/>\n<meta property=\"og:url\" content=\"https:\/\/cncmakinamarket.com.tr\/en\/product\/craft-mc32-plus-sanzimanli-matkap-tezgahi\/\" \/>\n<meta property=\"og:site_name\" content=\"CNC Makina Market\" \/>\n<meta property=\"article:modified_time\" content=\"2023-08-11T13:14:06+00:00\" \/>\n<meta property=\"og:image\" content=\"https:\/\/cncmakinamarket.com.tr\/wp-content\/uploads\/2023\/08\/craft-mc32-plus-matkap-tezgahi-1.jpg\" \/>\n\t<meta property=\"og:image:width\" content=\"1080\" \/>\n\t<meta property=\"og:image:height\" content=\"1080\" \/>\n\t<meta property=\"og:image:type\" content=\"image\/jpeg\" \/>\n<meta name=\"twitter:card\" content=\"summary_large_image\" \/>\n<meta name=\"twitter:label1\" content=\"Est. reading time\" \/>\n\t<meta name=\"twitter:data1\" content=\"1 minute\" \/>\n<script type=\"application\/ld+json\" class=\"yoast-schema-graph\">{\"@context\":\"https:\/\/schema.org\",\"@graph\":[{\"@type\":\"WebPage\",\"@id\":\"https:\/\/cncmakinamarket.com.tr\/product\/craft-mc32-plus-sanzimanli-matkap-tezgahi\/\",\"url\":\"https:\/\/cncmakinamarket.com.tr\/product\/craft-mc32-plus-sanzimanli-matkap-tezgahi\/\",\"name\":\"CRAFT MC32 Plus \u015eanz\u0131manl\u0131 Matkap Tezgah\u0131 - CNC Makina Market\",\"isPartOf\":{\"@id\":\"https:\/\/cncmakinamarket.com.tr\/#website\"},\"datePublished\":\"2023-08-11T13:14:05+00:00\",\"dateModified\":\"2023-08-11T13:14:06+00:00\",\"breadcrumb\":{\"@id\":\"https:\/\/cncmakinamarket.com.tr\/product\/craft-mc32-plus-sanzimanli-matkap-tezgahi\/#breadcrumb\"},\"inLanguage\":\"en-US\",\"potentialAction\":[{\"@type\":\"ReadAction\",\"target\":[\"https:\/\/cncmakinamarket.com.tr\/product\/craft-mc32-plus-sanzimanli-matkap-tezgahi\/\"]}]},{\"@type\":\"BreadcrumbList\",\"@id\":\"https:\/\/cncmakinamarket.com.tr\/product\/craft-mc32-plus-sanzimanli-matkap-tezgahi\/#breadcrumb\",\"itemListElement\":[{\"@type\":\"ListItem\",\"position\":1,\"name\":\"Anasayfa\",\"item\":\"https:\/\/cncmakinamarket.com.tr\/\"},{\"@type\":\"ListItem\",\"position\":2,\"name\":\"\u00dcr\u00fcnler\",\"item\":\"https:\/\/cncmakinamarket.com.tr\/urunler\/\"},{\"@type\":\"ListItem\",\"position\":3,\"name\":\"CRAFT MC32 Plus \u015eanz\u0131manl\u0131 Matkap Tezgah\u0131\"}]},{\"@type\":\"WebSite\",\"@id\":\"https:\/\/cncmakinamarket.com.tr\/#website\",\"url\":\"https:\/\/cncmakinamarket.com.tr\/\",\"name\":\"CNC Makina Market\",\"description\":\"\",\"potentialAction\":[{\"@type\":\"SearchAction\",\"target\":{\"@type\":\"EntryPoint\",\"urlTemplate\":\"https:\/\/cncmakinamarket.com.tr\/?s={search_term_string}\"},\"query-input\":\"required name=search_term_string\"}],\"inLanguage\":\"en-US\"}]}<\/script>\n<!-- \/ Yoast SEO plugin. -->","yoast_head_json":{"title":"CRAFT MC32 Plus \u015eanz\u0131manl\u0131 Matkap Tezgah\u0131 - CNC Makina Market","robots":{"index":"index","follow":"follow","max-snippet":"max-snippet:-1","max-image-preview":"max-image-preview:large","max-video-preview":"max-video-preview:-1"},"canonical":"https:\/\/cncmakinamarket.com.tr\/en\/product\/craft-mc32-plus-sanzimanli-matkap-tezgahi\/","og_locale":"en_US","og_type":"article","og_title":"CRAFT MC32 Plus \u015eanz\u0131manl\u0131 Matkap Tezgah\u0131 - CNC Makina Market","og_description":"Teknik \u00d6zellikler    Motor G\u00fcc\u00fc 1,5 KW   \u00c7al\u0131\u015fma Tipi \u015eanz\u0131manl\u0131   So\u011futma Pompas\u0131 G\u00fcc\u00fc 40 W   Delme Kapasitesi 32 mm   K\u0131lavuz Kapasitesi M20   Mil Ba\u011flant\u0131s\u0131 MK4   Mil Hareketi\/Strok 120 mm   Mil-S\u00fctun Aras\u0131 Mesafe 350 mm   Mil-Tabla Aras\u0131 Mesafe 610 mm   Mil-Taban Aras\u0131 Mesafe 1180 mm   S\u00fctun \u00c7ap\u0131 115 mm   H\u0131z 75-1600 dev\/dak   Kademe 6   Tabla \u00d6l\u00e7\u00fcleri 560x460 mm   Taban \u00d6l\u00e7\u00fcleri 670x470 mm   Mil Besleme 0,10-0,18-0,26 mm\/dev   Makina \u00d6l\u00e7\u00fcleri(UxGxY) 935x560x2280 mm   Ambalaj \u00d6l\u00e7\u00fcleri 700x720x2050 mm   Net A\u011f\u0131rl\u0131k 350 Kg","og_url":"https:\/\/cncmakinamarket.com.tr\/en\/product\/craft-mc32-plus-sanzimanli-matkap-tezgahi\/","og_site_name":"CNC Makina Market","article_modified_time":"2023-08-11T13:14:06+00:00","og_image":[{"width":1080,"height":1080,"url":"https:\/\/cncmakinamarket.com.tr\/wp-content\/uploads\/2023\/08\/craft-mc32-plus-matkap-tezgahi-1.jpg","type":"image\/jpeg"}],"twitter_card":"summary_large_image","twitter_misc":{"Est. reading time":"1 minute"},"schema":{"@context":"https:\/\/schema.org","@graph":[{"@type":"WebPage","@id":"https:\/\/cncmakinamarket.com.tr\/product\/craft-mc32-plus-sanzimanli-matkap-tezgahi\/","url":"https:\/\/cncmakinamarket.com.tr\/product\/craft-mc32-plus-sanzimanli-matkap-tezgahi\/","name":"CRAFT MC32 Plus \u015eanz\u0131manl\u0131 Matkap Tezgah\u0131 - CNC Makina Market","isPartOf":{"@id":"https:\/\/cncmakinamarket.com.tr\/#website"},"datePublished":"2023-08-11T13:14:05+00:00","dateModified":"2023-08-11T13:14:06+00:00","breadcrumb":{"@id":"https:\/\/cncmakinamarket.com.tr\/product\/craft-mc32-plus-sanzimanli-matkap-tezgahi\/#breadcrumb"},"inLanguage":"en-US","potentialAction":[{"@type":"ReadAction","target":["https:\/\/cncmakinamarket.com.tr\/product\/craft-mc32-plus-sanzimanli-matkap-tezgahi\/"]}]},{"@type":"BreadcrumbList","@id":"https:\/\/cncmakinamarket.com.tr\/product\/craft-mc32-plus-sanzimanli-matkap-tezgahi\/#breadcrumb","itemListElement":[{"@type":"ListItem","position":1,"name":"Anasayfa","item":"https:\/\/cncmakinamarket.com.tr\/"},{"@type":"ListItem","position":2,"name":"\u00dcr\u00fcnler","item":"https:\/\/cncmakinamarket.com.tr\/urunler\/"},{"@type":"ListItem","position":3,"name":"CRAFT MC32 Plus \u015eanz\u0131manl\u0131 Matkap Tezgah\u0131"}]},{"@type":"WebSite","@id":"https:\/\/cncmakinamarket.com.tr\/#website","url":"https:\/\/cncmakinamarket.com.tr\/","name":"CNC Makina Market","description":"","potentialAction":[{"@type":"SearchAction","target":{"@type":"EntryPoint","urlTemplate":"https:\/\/cncmakinamarket.com.tr\/?s={search_term_string}"},"query-input":"required name=search_term_string"}],"inLanguage":"en-US"}]}},"_links":{"self":[{"href":"https:\/\/cncmakinamarket.com.tr\/en\/wp-json\/wp\/v2\/product\/1017"}],"collection":[{"href":"https:\/\/cncmakinamarket.com.tr\/en\/wp-json\/wp\/v2\/product"}],"about":[{"href":"https:\/\/cncmakinamarket.com.tr\/en\/wp-json\/wp\/v2\/types\/product"}],"wp:featuredmedia":[{"embeddable":true,"href":"https:\/\/cncmakinamarket.com.tr\/en\/wp-json\/wp\/v2\/media\/1018"}],"wp:attachment":[{"href":"https:\/\/cncmakinamarket.com.tr\/en\/wp-json\/wp\/v2\/media?parent=1017"}],"wp:term":[{"taxonomy":"product_cat","embeddable":true,"href":"https:\/\/cncmakinamarket.com.tr\/en\/wp-json\/wp\/v2\/product_cat?post=1017"},{"taxonomy":"product_tag","embeddable":true,"href":"https:\/\/cncmakinamarket.com.tr\/en\/wp-json\/wp\/v2\/product_tag?post=1017"}],"curies":[{"name":"wp","href":"https:\/\/api.w.org\/{rel}","templated":true}]}}