{"id":1014,"date":"2023-08-11T13:11:53","date_gmt":"2023-08-11T13:11:53","guid":{"rendered":"https:\/\/cncmakinamarket.com.tr\/?post_type=product&#038;p=1014"},"modified":"2023-08-11T13:11:54","modified_gmt":"2023-08-11T13:11:54","slug":"craft-mc35-sanzimanli-matkap-tezgahi","status":"publish","type":"product","link":"https:\/\/cncmakinamarket.com.tr\/en\/product\/craft-mc35-sanzimanli-matkap-tezgahi\/","title":{"rendered":"CRAFT MC35 \u015eanz\u0131manl\u0131 Matkap Tezgah\u0131"},"content":{"rendered":"<h4>Teknik \u00d6zellikler<\/h4>\n<table border=\"1\">\n<tbody>\n<tr>\n<td width=\"250\">Motor G\u00fcc\u00fc<\/td>\n<td width=\"600\">1,5 KW<\/td>\n<\/tr>\n<tr>\n<td width=\"250\">\u00c7al\u0131\u015fma Tipi<\/td>\n<td width=\"600\">\u015eanz\u0131manl\u0131<\/td>\n<\/tr>\n<tr>\n<td width=\"250\">So\u011futma Pompas\u0131 G\u00fcc\u00fc<\/td>\n<td width=\"600\">60 W<\/td>\n<\/tr>\n<tr>\n<td width=\"250\">Delme Kapasitesi<\/td>\n<td width=\"600\">35 mm<\/td>\n<\/tr>\n<tr>\n<td width=\"250\">K\u0131lavuz Kapasitesi<\/td>\n<td width=\"600\">M24<\/td>\n<\/tr>\n<tr>\n<td width=\"250\">Mil Ba\u011flant\u0131s\u0131<\/td>\n<td width=\"600\">MK4<\/td>\n<\/tr>\n<tr>\n<td width=\"250\">Mil Hareketi\/Strok<\/td>\n<td width=\"600\">180 mm<\/td>\n<\/tr>\n<tr>\n<td width=\"250\">Mil-S\u00fctun Aras\u0131 Mesafe<\/td>\n<td width=\"600\">350 mm<\/td>\n<\/tr>\n<tr>\n<td width=\"250\">Mil-Tabla Aras\u0131 Mesafe<\/td>\n<td width=\"600\">780 mm<\/td>\n<\/tr>\n<tr>\n<td width=\"250\">Mil-Taban Aras\u0131 Mesafe<\/td>\n<td width=\"600\">1320 mm<\/td>\n<\/tr>\n<tr>\n<td width=\"250\">S\u00fctun \u00c7ap\u0131<\/td>\n<td width=\"600\">150 mm<\/td>\n<\/tr>\n<tr>\n<td width=\"250\">H\u0131z<\/td>\n<td width=\"600\">50-1450 dev\/dak<\/td>\n<\/tr>\n<tr>\n<td width=\"250\">Kademe<\/td>\n<td width=\"600\">18<\/td>\n<\/tr>\n<tr>\n<td width=\"250\">Tabla \u00d6l\u00e7\u00fcleri<\/td>\n<td width=\"600\">560&#215;560 mm<\/td>\n<\/tr>\n<tr>\n<td width=\"250\">Taban \u00d6l\u00e7\u00fcleri<\/td>\n<td width=\"600\">730&#215;500 mm<\/td>\n<\/tr>\n<tr>\n<td width=\"250\">Mil Besleme<\/td>\n<td width=\"600\">0,1-0,2 mm\/dev<\/td>\n<\/tr>\n<tr>\n<td width=\"250\">Makina \u00d6l\u00e7\u00fcleri(UxGxY)<\/td>\n<td width=\"600\">935x560x2280 mm<\/td>\n<\/tr>\n<tr>\n<td width=\"250\">Ambalaj \u00d6l\u00e7\u00fcleri<\/td>\n<td width=\"600\">1130x700x2480 mm<\/td>\n<\/tr>\n<tr>\n<td width=\"250\">Net A\u011f\u0131rl\u0131k<\/td>\n<td width=\"600\">500 Kg<\/td>\n<\/tr>\n<tr>\n<td width=\"250\">Br\u00fct A\u011f\u0131rl\u0131k<\/td>\n<td width=\"600\">550 Kg<\/td>\n<\/tr>\n<\/tbody>\n<\/table>","protected":false},"excerpt":{"rendered":"<h4>Teknik \u00d6zellikler<\/h4>\n<table border=\"1\">\n<tbody>\n<tr>\n<td width=\"250\">Motor G\u00fcc\u00fc<\/td>\n<td width=\"600\">1,5 KW<\/td>\n<\/tr>\n<tr>\n<td width=\"250\">\u00c7al\u0131\u015fma Tipi<\/td>\n<td width=\"600\">\u015eanz\u0131manl\u0131<\/td>\n<\/tr>\n<tr>\n<td width=\"250\">So\u011futma Pompas\u0131 G\u00fcc\u00fc<\/td>\n<td width=\"600\">60 W<\/td>\n<\/tr>\n<tr>\n<td width=\"250\">Delme Kapasitesi<\/td>\n<td width=\"600\">35 mm<\/td>\n<\/tr>\n<tr>\n<td width=\"250\">K\u0131lavuz Kapasitesi<\/td>\n<td width=\"600\">M24<\/td>\n<\/tr>\n<tr>\n<td width=\"250\">Mil Ba\u011flant\u0131s\u0131<\/td>\n<td width=\"600\">MK4<\/td>\n<\/tr>\n<tr>\n<td width=\"250\">Mil Hareketi\/Strok<\/td>\n<td width=\"600\">180 mm<\/td>\n<\/tr>\n<tr>\n<td width=\"250\">Mil-S\u00fctun Aras\u0131 Mesafe<\/td>\n<td width=\"600\">350 mm<\/td>\n<\/tr>\n<tr>\n<td width=\"250\">Mil-Tabla Aras\u0131 Mesafe<\/td>\n<td width=\"600\">780 mm<\/td>\n<\/tr>\n<tr>\n<td width=\"250\">Mil-Taban Aras\u0131 Mesafe<\/td>\n<td width=\"600\">1320 mm<\/td>\n<\/tr>\n<tr>\n<td width=\"250\">S\u00fctun \u00c7ap\u0131<\/td>\n<td width=\"600\">150 mm<\/td>\n<\/tr>\n<tr>\n<td width=\"250\">H\u0131z<\/td>\n<td width=\"600\">50-1450 dev\/dak<\/td>\n<\/tr>\n<tr>\n<td width=\"250\">Kademe<\/td>\n<td width=\"600\">18<\/td>\n<\/tr>\n<tr>\n<td width=\"250\">Tabla \u00d6l\u00e7\u00fcleri<\/td>\n<td width=\"600\">560&#215;560 mm<\/td>\n<\/tr>\n<tr>\n<td width=\"250\">Taban \u00d6l\u00e7\u00fcleri<\/td>\n<td width=\"600\">730&#215;500 mm<\/td>\n<\/tr>\n<tr>\n<td width=\"250\">Mil Besleme<\/td>\n<td width=\"600\">0,1-0,2 mm\/dev<\/td>\n<\/tr>\n<tr>\n<td width=\"250\">Makina \u00d6l\u00e7\u00fcleri(UxGxY)<\/td>\n<td width=\"600\">935x560x2280 mm<\/td>\n<\/tr>\n<tr>\n<td width=\"250\">Ambalaj \u00d6l\u00e7\u00fcleri<\/td>\n<td width=\"600\">1130x700x2480 mm<\/td>\n<\/tr>\n<tr>\n<td width=\"250\">Net A\u011f\u0131rl\u0131k<\/td>\n<td width=\"600\">500 Kg<\/td>\n<\/tr>\n<tr>\n<td width=\"250\">Br\u00fct A\u011f\u0131rl\u0131k<\/td>\n<td width=\"600\">550 Kg<\/td>\n<\/tr>\n<\/tbody>\n<\/table>\n<p><a id=\"sendbtn\" class=\"shortcode_wa_button\" href=\"https:\/\/web.whatsapp.com\/send?phone=905056020019&#038;text=\" target=\"_blank\"><span>Get Information with WhatsApp<\/span><\/a><\/p>","protected":false},"featured_media":1016,"template":"","meta":[],"product_cat":[15,29,44],"product_tag":[195,193,194],"acf":[],"yoast_head":"<!-- This site is optimized with the Yoast SEO plugin v21.9.1 - https:\/\/yoast.com\/wordpress\/plugins\/seo\/ -->\n<title>CRAFT MC35 \u015eanz\u0131manl\u0131 Matkap Tezgah\u0131 - CNC Makina Market<\/title>\n<meta name=\"robots\" content=\"index, follow, max-snippet:-1, max-image-preview:large, max-video-preview:-1\" \/>\n<link rel=\"canonical\" href=\"https:\/\/cncmakinamarket.com.tr\/en\/product\/craft-mc35-sanzimanli-matkap-tezgahi\/\" \/>\n<meta property=\"og:locale\" content=\"en_US\" \/>\n<meta property=\"og:type\" content=\"article\" \/>\n<meta property=\"og:title\" content=\"CRAFT MC35 \u015eanz\u0131manl\u0131 Matkap Tezgah\u0131 - CNC Makina Market\" \/>\n<meta property=\"og:description\" content=\"Teknik \u00d6zellikler    Motor G\u00fcc\u00fc 1,5 KW   \u00c7al\u0131\u015fma Tipi \u015eanz\u0131manl\u0131   So\u011futma Pompas\u0131 G\u00fcc\u00fc 60 W   Delme Kapasitesi 35 mm   K\u0131lavuz Kapasitesi M24   Mil Ba\u011flant\u0131s\u0131 MK4   Mil Hareketi\/Strok 180 mm   Mil-S\u00fctun Aras\u0131 Mesafe 350 mm   Mil-Tabla Aras\u0131 Mesafe 780 mm   Mil-Taban Aras\u0131 Mesafe 1320 mm   S\u00fctun \u00c7ap\u0131 150 mm   H\u0131z 50-1450 dev\/dak   Kademe 18   Tabla \u00d6l\u00e7\u00fcleri 560x560 mm   Taban \u00d6l\u00e7\u00fcleri 730x500 mm   Mil Besleme 0,1-0,2 mm\/dev   Makina \u00d6l\u00e7\u00fcleri(UxGxY) 935x560x2280 mm   Ambalaj \u00d6l\u00e7\u00fcleri 1130x700x2480 mm   Net A\u011f\u0131rl\u0131k 500 Kg   Br\u00fct A\u011f\u0131rl\u0131k 550 Kg\" \/>\n<meta property=\"og:url\" content=\"https:\/\/cncmakinamarket.com.tr\/en\/product\/craft-mc35-sanzimanli-matkap-tezgahi\/\" \/>\n<meta property=\"og:site_name\" content=\"CNC Makina Market\" \/>\n<meta property=\"article:modified_time\" content=\"2023-08-11T13:11:54+00:00\" \/>\n<meta property=\"og:image\" content=\"https:\/\/cncmakinamarket.com.tr\/wp-content\/uploads\/2023\/08\/craft-mc35-matkap-tezgahi-1.jpg\" \/>\n\t<meta property=\"og:image:width\" content=\"1080\" \/>\n\t<meta property=\"og:image:height\" content=\"1080\" \/>\n\t<meta property=\"og:image:type\" content=\"image\/jpeg\" \/>\n<meta name=\"twitter:card\" content=\"summary_large_image\" \/>\n<meta name=\"twitter:label1\" content=\"Est. reading time\" \/>\n\t<meta name=\"twitter:data1\" content=\"1 minute\" \/>\n<script type=\"application\/ld+json\" class=\"yoast-schema-graph\">{\"@context\":\"https:\/\/schema.org\",\"@graph\":[{\"@type\":\"WebPage\",\"@id\":\"https:\/\/cncmakinamarket.com.tr\/product\/craft-mc35-sanzimanli-matkap-tezgahi\/\",\"url\":\"https:\/\/cncmakinamarket.com.tr\/product\/craft-mc35-sanzimanli-matkap-tezgahi\/\",\"name\":\"CRAFT MC35 \u015eanz\u0131manl\u0131 Matkap Tezgah\u0131 - CNC Makina Market\",\"isPartOf\":{\"@id\":\"https:\/\/cncmakinamarket.com.tr\/#website\"},\"datePublished\":\"2023-08-11T13:11:53+00:00\",\"dateModified\":\"2023-08-11T13:11:54+00:00\",\"breadcrumb\":{\"@id\":\"https:\/\/cncmakinamarket.com.tr\/product\/craft-mc35-sanzimanli-matkap-tezgahi\/#breadcrumb\"},\"inLanguage\":\"en-US\",\"potentialAction\":[{\"@type\":\"ReadAction\",\"target\":[\"https:\/\/cncmakinamarket.com.tr\/product\/craft-mc35-sanzimanli-matkap-tezgahi\/\"]}]},{\"@type\":\"BreadcrumbList\",\"@id\":\"https:\/\/cncmakinamarket.com.tr\/product\/craft-mc35-sanzimanli-matkap-tezgahi\/#breadcrumb\",\"itemListElement\":[{\"@type\":\"ListItem\",\"position\":1,\"name\":\"Anasayfa\",\"item\":\"https:\/\/cncmakinamarket.com.tr\/\"},{\"@type\":\"ListItem\",\"position\":2,\"name\":\"\u00dcr\u00fcnler\",\"item\":\"https:\/\/cncmakinamarket.com.tr\/urunler\/\"},{\"@type\":\"ListItem\",\"position\":3,\"name\":\"CRAFT MC35 \u015eanz\u0131manl\u0131 Matkap Tezgah\u0131\"}]},{\"@type\":\"WebSite\",\"@id\":\"https:\/\/cncmakinamarket.com.tr\/#website\",\"url\":\"https:\/\/cncmakinamarket.com.tr\/\",\"name\":\"CNC Makina Market\",\"description\":\"\",\"potentialAction\":[{\"@type\":\"SearchAction\",\"target\":{\"@type\":\"EntryPoint\",\"urlTemplate\":\"https:\/\/cncmakinamarket.com.tr\/?s={search_term_string}\"},\"query-input\":\"required name=search_term_string\"}],\"inLanguage\":\"en-US\"}]}<\/script>\n<!-- \/ Yoast SEO plugin. -->","yoast_head_json":{"title":"CRAFT MC35 \u015eanz\u0131manl\u0131 Matkap Tezgah\u0131 - CNC Makina Market","robots":{"index":"index","follow":"follow","max-snippet":"max-snippet:-1","max-image-preview":"max-image-preview:large","max-video-preview":"max-video-preview:-1"},"canonical":"https:\/\/cncmakinamarket.com.tr\/en\/product\/craft-mc35-sanzimanli-matkap-tezgahi\/","og_locale":"en_US","og_type":"article","og_title":"CRAFT MC35 \u015eanz\u0131manl\u0131 Matkap Tezgah\u0131 - CNC Makina Market","og_description":"Teknik \u00d6zellikler    Motor G\u00fcc\u00fc 1,5 KW   \u00c7al\u0131\u015fma Tipi \u015eanz\u0131manl\u0131   So\u011futma Pompas\u0131 G\u00fcc\u00fc 60 W   Delme Kapasitesi 35 mm   K\u0131lavuz Kapasitesi M24   Mil Ba\u011flant\u0131s\u0131 MK4   Mil Hareketi\/Strok 180 mm   Mil-S\u00fctun Aras\u0131 Mesafe 350 mm   Mil-Tabla Aras\u0131 Mesafe 780 mm   Mil-Taban Aras\u0131 Mesafe 1320 mm   S\u00fctun \u00c7ap\u0131 150 mm   H\u0131z 50-1450 dev\/dak   Kademe 18   Tabla \u00d6l\u00e7\u00fcleri 560x560 mm   Taban \u00d6l\u00e7\u00fcleri 730x500 mm   Mil Besleme 0,1-0,2 mm\/dev   Makina \u00d6l\u00e7\u00fcleri(UxGxY) 935x560x2280 mm   Ambalaj \u00d6l\u00e7\u00fcleri 1130x700x2480 mm   Net A\u011f\u0131rl\u0131k 500 Kg   Br\u00fct A\u011f\u0131rl\u0131k 550 Kg","og_url":"https:\/\/cncmakinamarket.com.tr\/en\/product\/craft-mc35-sanzimanli-matkap-tezgahi\/","og_site_name":"CNC Makina Market","article_modified_time":"2023-08-11T13:11:54+00:00","og_image":[{"width":1080,"height":1080,"url":"https:\/\/cncmakinamarket.com.tr\/wp-content\/uploads\/2023\/08\/craft-mc35-matkap-tezgahi-1.jpg","type":"image\/jpeg"}],"twitter_card":"summary_large_image","twitter_misc":{"Est. reading time":"1 minute"},"schema":{"@context":"https:\/\/schema.org","@graph":[{"@type":"WebPage","@id":"https:\/\/cncmakinamarket.com.tr\/product\/craft-mc35-sanzimanli-matkap-tezgahi\/","url":"https:\/\/cncmakinamarket.com.tr\/product\/craft-mc35-sanzimanli-matkap-tezgahi\/","name":"CRAFT MC35 \u015eanz\u0131manl\u0131 Matkap Tezgah\u0131 - CNC Makina Market","isPartOf":{"@id":"https:\/\/cncmakinamarket.com.tr\/#website"},"datePublished":"2023-08-11T13:11:53+00:00","dateModified":"2023-08-11T13:11:54+00:00","breadcrumb":{"@id":"https:\/\/cncmakinamarket.com.tr\/product\/craft-mc35-sanzimanli-matkap-tezgahi\/#breadcrumb"},"inLanguage":"en-US","potentialAction":[{"@type":"ReadAction","target":["https:\/\/cncmakinamarket.com.tr\/product\/craft-mc35-sanzimanli-matkap-tezgahi\/"]}]},{"@type":"BreadcrumbList","@id":"https:\/\/cncmakinamarket.com.tr\/product\/craft-mc35-sanzimanli-matkap-tezgahi\/#breadcrumb","itemListElement":[{"@type":"ListItem","position":1,"name":"Anasayfa","item":"https:\/\/cncmakinamarket.com.tr\/"},{"@type":"ListItem","position":2,"name":"\u00dcr\u00fcnler","item":"https:\/\/cncmakinamarket.com.tr\/urunler\/"},{"@type":"ListItem","position":3,"name":"CRAFT MC35 \u015eanz\u0131manl\u0131 Matkap Tezgah\u0131"}]},{"@type":"WebSite","@id":"https:\/\/cncmakinamarket.com.tr\/#website","url":"https:\/\/cncmakinamarket.com.tr\/","name":"CNC Makina Market","description":"","potentialAction":[{"@type":"SearchAction","target":{"@type":"EntryPoint","urlTemplate":"https:\/\/cncmakinamarket.com.tr\/?s={search_term_string}"},"query-input":"required name=search_term_string"}],"inLanguage":"en-US"}]}},"_links":{"self":[{"href":"https:\/\/cncmakinamarket.com.tr\/en\/wp-json\/wp\/v2\/product\/1014"}],"collection":[{"href":"https:\/\/cncmakinamarket.com.tr\/en\/wp-json\/wp\/v2\/product"}],"about":[{"href":"https:\/\/cncmakinamarket.com.tr\/en\/wp-json\/wp\/v2\/types\/product"}],"wp:featuredmedia":[{"embeddable":true,"href":"https:\/\/cncmakinamarket.com.tr\/en\/wp-json\/wp\/v2\/media\/1016"}],"wp:attachment":[{"href":"https:\/\/cncmakinamarket.com.tr\/en\/wp-json\/wp\/v2\/media?parent=1014"}],"wp:term":[{"taxonomy":"product_cat","embeddable":true,"href":"https:\/\/cncmakinamarket.com.tr\/en\/wp-json\/wp\/v2\/product_cat?post=1014"},{"taxonomy":"product_tag","embeddable":true,"href":"https:\/\/cncmakinamarket.com.tr\/en\/wp-json\/wp\/v2\/product_tag?post=1014"}],"curies":[{"name":"wp","href":"https:\/\/api.w.org\/{rel}","templated":true}]}}