{"id":1008,"date":"2023-08-11T13:05:05","date_gmt":"2023-08-11T13:05:05","guid":{"rendered":"https:\/\/cncmakinamarket.com.tr\/?post_type=product&#038;p=1008"},"modified":"2023-08-11T13:05:06","modified_gmt":"2023-08-11T13:05:06","slug":"craft-mc50-yuksek-verimli-sanzimanli-matkap-tezgahi","status":"publish","type":"product","link":"https:\/\/cncmakinamarket.com.tr\/en\/product\/craft-mc50-yuksek-verimli-sanzimanli-matkap-tezgahi\/","title":{"rendered":"CRAFT MC50 Y\u00fcksek Verimli \u015eanz\u0131manl\u0131 Matkap Tezgah\u0131"},"content":{"rendered":"<h4>Teknik \u00d6zellikler<\/h4>\n<table border=\"1\">\n<tbody>\n<tr>\n<td><strong>Motor G\u00fcc\u00fc<\/strong><\/td>\n<td>0,75 KW<\/td>\n<\/tr>\n<tr>\n<td><strong>Tork G\u00fcc\u00fc<\/strong><\/td>\n<td>300 N.m<\/td>\n<\/tr>\n<tr>\n<td><strong>\u00c7al\u0131\u015fma Tipi<\/strong><\/td>\n<td>\u015eanz\u0131manl\u0131<\/td>\n<\/tr>\n<tr>\n<td><strong>So\u011futma Pompas\u0131 G\u00fcc\u00fc<\/strong><\/td>\n<td>40 W<\/td>\n<\/tr>\n<tr>\n<td><strong>Delme Kapasitesi<\/strong><\/td>\n<td>50 mm<\/td>\n<\/tr>\n<tr>\n<td><strong>K\u0131lavuz Kapasitesi<\/strong><\/td>\n<td>M30<\/td>\n<\/tr>\n<tr>\n<td><strong>Mil Ba\u011flant\u0131s\u0131<\/strong><\/td>\n<td>MK5<\/td>\n<\/tr>\n<tr>\n<td><strong>Mil Hareketi\/Strok<\/strong><\/td>\n<td>240 mm<\/td>\n<\/tr>\n<tr>\n<td><strong>Mil-S\u00fctun Aras\u0131 Mesafe<\/strong><\/td>\n<td>360 mm<\/td>\n<\/tr>\n<tr>\n<td><strong>Mil-Tabla Aras\u0131 Mesafe<\/strong><\/td>\n<td>500 mm<\/td>\n<\/tr>\n<tr>\n<td><strong>Mil-Taban Aras\u0131 Mesafe<\/strong><\/td>\n<td>1130 mm<\/td>\n<\/tr>\n<tr>\n<td><strong>S\u00fctun \u00c7ap\u0131<\/strong><\/td>\n<td>180 mm<\/td>\n<\/tr>\n<tr>\n<td><strong>H\u0131z<\/strong><\/td>\n<td>50-2000 dev\/dak<\/td>\n<\/tr>\n<tr>\n<td><strong>Kademe<\/strong><\/td>\n<td>2 (Varyat\u00f6rl\u00fc Devir Kontrol\u00fc)<\/td>\n<\/tr>\n<tr>\n<td><strong>Tabla \u00d6l\u00e7\u00fcleri<\/strong><\/td>\n<td>550&#215;470 mm<\/td>\n<\/tr>\n<tr>\n<td><strong>T Kanal \u00d6l\u00e7\u00fcleri<\/strong><\/td>\n<td>2&#215;14 mm<\/td>\n<\/tr>\n<tr>\n<td><strong>Tablan\u0131n Kendi Etraf\u0131nda D\u00f6nmesi<\/strong><\/td>\n<td>360\u00b0<\/td>\n<\/tr>\n<tr>\n<td><strong>Tabla E\u011fimi<\/strong><\/td>\n<td>45\u00b0<\/td>\n<\/tr>\n<tr>\n<td><strong>Taban \u00d6l\u00e7\u00fcleri<\/strong><\/td>\n<td>450&#215;460 mm<\/td>\n<\/tr>\n<tr>\n<td><strong>Mil Besleme<\/strong><\/td>\n<td>20-204 mm\/dev (invert\u00f6rl\u00fc)<\/td>\n<\/tr>\n<tr>\n<td><strong>Makina \u00d6l\u00e7\u00fcleri(UxGxY)<\/strong><\/td>\n<td>1055x810x2150 mm<\/td>\n<\/tr>\n<tr>\n<td><strong>Ambalaj \u00d6l\u00e7\u00fcleri<\/strong><\/td>\n<td>1220x820x2300 mm<\/td>\n<\/tr>\n<tr>\n<td><strong>Net A\u011f\u0131rl\u0131k<\/strong><\/td>\n<td>800 Kg<\/td>\n<\/tr>\n<tr>\n<td><strong>Br\u00fct A\u011f\u0131rl\u0131k<\/strong><\/td>\n<td>850 Kg<\/td>\n<\/tr>\n<\/tbody>\n<\/table>","protected":false},"excerpt":{"rendered":"<h4>Teknik \u00d6zellikler<\/h4>\n<table border=\"1\">\n<tbody>\n<tr>\n<td><strong>Motor G\u00fcc\u00fc<\/strong><\/td>\n<td>0,75 KW<\/td>\n<\/tr>\n<tr>\n<td><strong>Tork G\u00fcc\u00fc<\/strong><\/td>\n<td>300 N.m<\/td>\n<\/tr>\n<tr>\n<td><strong>\u00c7al\u0131\u015fma Tipi<\/strong><\/td>\n<td>\u015eanz\u0131manl\u0131<\/td>\n<\/tr>\n<tr>\n<td><strong>So\u011futma Pompas\u0131 G\u00fcc\u00fc<\/strong><\/td>\n<td>40 W<\/td>\n<\/tr>\n<tr>\n<td><strong>Delme Kapasitesi<\/strong><\/td>\n<td>50 mm<\/td>\n<\/tr>\n<tr>\n<td><strong>K\u0131lavuz Kapasitesi<\/strong><\/td>\n<td>M30<\/td>\n<\/tr>\n<tr>\n<td><strong>Mil Ba\u011flant\u0131s\u0131<\/strong><\/td>\n<td>MK5<\/td>\n<\/tr>\n<tr>\n<td><strong>Mil Hareketi\/Strok<\/strong><\/td>\n<td>240 mm<\/td>\n<\/tr>\n<tr>\n<td><strong>Mil-S\u00fctun Aras\u0131 Mesafe<\/strong><\/td>\n<td>360 mm<\/td>\n<\/tr>\n<tr>\n<td><strong>Mil-Tabla Aras\u0131 Mesafe<\/strong><\/td>\n<td>500 mm<\/td>\n<\/tr>\n<tr>\n<td><strong>Mil-Taban Aras\u0131 Mesafe<\/strong><\/td>\n<td>1130 mm<\/td>\n<\/tr>\n<tr>\n<td><strong>S\u00fctun \u00c7ap\u0131<\/strong><\/td>\n<td>180 mm<\/td>\n<\/tr>\n<tr>\n<td><strong>H\u0131z<\/strong><\/td>\n<td>50-2000 dev\/dak<\/td>\n<\/tr>\n<tr>\n<td><strong>Kademe<\/strong><\/td>\n<td>2 (Varyat\u00f6rl\u00fc Devir Kontrol\u00fc)<\/td>\n<\/tr>\n<tr>\n<td><strong>Tabla \u00d6l\u00e7\u00fcleri<\/strong><\/td>\n<td>550&#215;470 mm<\/td>\n<\/tr>\n<tr>\n<td><strong>T Kanal \u00d6l\u00e7\u00fcleri<\/strong><\/td>\n<td>2&#215;14 mm<\/td>\n<\/tr>\n<tr>\n<td><strong>Tablan\u0131n Kendi Etraf\u0131nda D\u00f6nmesi<\/strong><\/td>\n<td>360\u00b0<\/td>\n<\/tr>\n<tr>\n<td><strong>Tabla E\u011fimi<\/strong><\/td>\n<td>45\u00b0<\/td>\n<\/tr>\n<tr>\n<td><strong>Taban \u00d6l\u00e7\u00fcleri<\/strong><\/td>\n<td>450&#215;460 mm<\/td>\n<\/tr>\n<tr>\n<td><strong>Mil Besleme<\/strong><\/td>\n<td>20-204 mm\/dev (invert\u00f6rl\u00fc)<\/td>\n<\/tr>\n<tr>\n<td><strong>Makina \u00d6l\u00e7\u00fcleri(UxGxY)<\/strong><\/td>\n<td>1055x810x2150 mm<\/td>\n<\/tr>\n<tr>\n<td><strong>Ambalaj \u00d6l\u00e7\u00fcleri<\/strong><\/td>\n<td>1220x820x2300 mm<\/td>\n<\/tr>\n<tr>\n<td><strong>Net A\u011f\u0131rl\u0131k<\/strong><\/td>\n<td>800 Kg<\/td>\n<\/tr>\n<tr>\n<td><strong>Br\u00fct A\u011f\u0131rl\u0131k<\/strong><\/td>\n<td>850 Kg<\/td>\n<\/tr>\n<\/tbody>\n<\/table>\n<p><a id=\"sendbtn\" class=\"shortcode_wa_button\" href=\"https:\/\/web.whatsapp.com\/send?phone=905056020019&#038;text=\" target=\"_blank\"><span>Get Information with WhatsApp<\/span><\/a><\/p>","protected":false},"featured_media":1009,"template":"","meta":[],"product_cat":[15,29,44],"product_tag":[188,187,189],"acf":[],"yoast_head":"<!-- This site is optimized with the Yoast SEO plugin v21.9.1 - https:\/\/yoast.com\/wordpress\/plugins\/seo\/ -->\n<title>CRAFT MC50 Y\u00fcksek Verimli \u015eanz\u0131manl\u0131 Matkap Tezgah\u0131 - CNC Makina Market<\/title>\n<meta name=\"robots\" content=\"index, follow, max-snippet:-1, max-image-preview:large, max-video-preview:-1\" \/>\n<link rel=\"canonical\" href=\"https:\/\/cncmakinamarket.com.tr\/en\/product\/craft-mc50-yuksek-verimli-sanzimanli-matkap-tezgahi\/\" \/>\n<meta property=\"og:locale\" content=\"en_US\" \/>\n<meta property=\"og:type\" content=\"article\" \/>\n<meta property=\"og:title\" content=\"CRAFT MC50 Y\u00fcksek Verimli \u015eanz\u0131manl\u0131 Matkap Tezgah\u0131 - CNC Makina Market\" \/>\n<meta property=\"og:description\" content=\"Teknik \u00d6zellikler    Motor G\u00fcc\u00fc 0,75 KW   Tork G\u00fcc\u00fc 300 N.m   \u00c7al\u0131\u015fma Tipi \u015eanz\u0131manl\u0131   So\u011futma Pompas\u0131 G\u00fcc\u00fc 40 W   Delme Kapasitesi 50 mm   K\u0131lavuz Kapasitesi M30   Mil Ba\u011flant\u0131s\u0131 MK5   Mil Hareketi\/Strok 240 mm   Mil-S\u00fctun Aras\u0131 Mesafe 360 mm   Mil-Tabla Aras\u0131 Mesafe 500 mm   Mil-Taban Aras\u0131 Mesafe 1130 mm   S\u00fctun \u00c7ap\u0131 180 mm   H\u0131z 50-2000 dev\/dak   Kademe 2 (Varyat\u00f6rl\u00fc Devir Kontrol\u00fc)   Tabla \u00d6l\u00e7\u00fcleri 550x470 mm   T Kanal \u00d6l\u00e7\u00fcleri 2x14 mm   Tablan\u0131n Kendi Etraf\u0131nda D\u00f6nmesi 360\u00b0   Tabla E\u011fimi 45\u00b0   Taban \u00d6l\u00e7\u00fcleri 450x460 mm   Mil Besleme 20-204 mm\/dev (invert\u00f6rl\u00fc)   Makina \u00d6l\u00e7\u00fcleri(UxGxY) 1055x810x2150 mm   Ambalaj \u00d6l\u00e7\u00fcleri 1220x820x2300 mm   Net A\u011f\u0131rl\u0131k 800 Kg   Br\u00fct A\u011f\u0131rl\u0131k 850 Kg\" \/>\n<meta property=\"og:url\" content=\"https:\/\/cncmakinamarket.com.tr\/en\/product\/craft-mc50-yuksek-verimli-sanzimanli-matkap-tezgahi\/\" \/>\n<meta property=\"og:site_name\" content=\"CNC Makina Market\" \/>\n<meta property=\"article:modified_time\" content=\"2023-08-11T13:05:06+00:00\" \/>\n<meta property=\"og:image\" content=\"https:\/\/cncmakinamarket.com.tr\/wp-content\/uploads\/2023\/08\/craft-mc50-matkap-tezgahi-1.jpg\" \/>\n\t<meta property=\"og:image:width\" content=\"1080\" \/>\n\t<meta property=\"og:image:height\" content=\"1080\" \/>\n\t<meta property=\"og:image:type\" content=\"image\/jpeg\" \/>\n<meta name=\"twitter:card\" content=\"summary_large_image\" \/>\n<meta name=\"twitter:label1\" content=\"Est. reading time\" \/>\n\t<meta name=\"twitter:data1\" content=\"1 minute\" \/>\n<script type=\"application\/ld+json\" class=\"yoast-schema-graph\">{\"@context\":\"https:\/\/schema.org\",\"@graph\":[{\"@type\":\"WebPage\",\"@id\":\"https:\/\/cncmakinamarket.com.tr\/product\/craft-mc50-yuksek-verimli-sanzimanli-matkap-tezgahi\/\",\"url\":\"https:\/\/cncmakinamarket.com.tr\/product\/craft-mc50-yuksek-verimli-sanzimanli-matkap-tezgahi\/\",\"name\":\"CRAFT MC50 Y\u00fcksek Verimli \u015eanz\u0131manl\u0131 Matkap Tezgah\u0131 - CNC Makina Market\",\"isPartOf\":{\"@id\":\"https:\/\/cncmakinamarket.com.tr\/#website\"},\"datePublished\":\"2023-08-11T13:05:05+00:00\",\"dateModified\":\"2023-08-11T13:05:06+00:00\",\"breadcrumb\":{\"@id\":\"https:\/\/cncmakinamarket.com.tr\/product\/craft-mc50-yuksek-verimli-sanzimanli-matkap-tezgahi\/#breadcrumb\"},\"inLanguage\":\"en-US\",\"potentialAction\":[{\"@type\":\"ReadAction\",\"target\":[\"https:\/\/cncmakinamarket.com.tr\/product\/craft-mc50-yuksek-verimli-sanzimanli-matkap-tezgahi\/\"]}]},{\"@type\":\"BreadcrumbList\",\"@id\":\"https:\/\/cncmakinamarket.com.tr\/product\/craft-mc50-yuksek-verimli-sanzimanli-matkap-tezgahi\/#breadcrumb\",\"itemListElement\":[{\"@type\":\"ListItem\",\"position\":1,\"name\":\"Anasayfa\",\"item\":\"https:\/\/cncmakinamarket.com.tr\/\"},{\"@type\":\"ListItem\",\"position\":2,\"name\":\"\u00dcr\u00fcnler\",\"item\":\"https:\/\/cncmakinamarket.com.tr\/urunler\/\"},{\"@type\":\"ListItem\",\"position\":3,\"name\":\"CRAFT MC50 Y\u00fcksek Verimli \u015eanz\u0131manl\u0131 Matkap Tezgah\u0131\"}]},{\"@type\":\"WebSite\",\"@id\":\"https:\/\/cncmakinamarket.com.tr\/#website\",\"url\":\"https:\/\/cncmakinamarket.com.tr\/\",\"name\":\"CNC Makina Market\",\"description\":\"\",\"potentialAction\":[{\"@type\":\"SearchAction\",\"target\":{\"@type\":\"EntryPoint\",\"urlTemplate\":\"https:\/\/cncmakinamarket.com.tr\/?s={search_term_string}\"},\"query-input\":\"required name=search_term_string\"}],\"inLanguage\":\"en-US\"}]}<\/script>\n<!-- \/ Yoast SEO plugin. -->","yoast_head_json":{"title":"CRAFT MC50 Y\u00fcksek Verimli \u015eanz\u0131manl\u0131 Matkap Tezgah\u0131 - CNC Makina Market","robots":{"index":"index","follow":"follow","max-snippet":"max-snippet:-1","max-image-preview":"max-image-preview:large","max-video-preview":"max-video-preview:-1"},"canonical":"https:\/\/cncmakinamarket.com.tr\/en\/product\/craft-mc50-yuksek-verimli-sanzimanli-matkap-tezgahi\/","og_locale":"en_US","og_type":"article","og_title":"CRAFT MC50 Y\u00fcksek Verimli \u015eanz\u0131manl\u0131 Matkap Tezgah\u0131 - CNC Makina Market","og_description":"Teknik \u00d6zellikler    Motor G\u00fcc\u00fc 0,75 KW   Tork G\u00fcc\u00fc 300 N.m   \u00c7al\u0131\u015fma Tipi \u015eanz\u0131manl\u0131   So\u011futma Pompas\u0131 G\u00fcc\u00fc 40 W   Delme Kapasitesi 50 mm   K\u0131lavuz Kapasitesi M30   Mil Ba\u011flant\u0131s\u0131 MK5   Mil Hareketi\/Strok 240 mm   Mil-S\u00fctun Aras\u0131 Mesafe 360 mm   Mil-Tabla Aras\u0131 Mesafe 500 mm   Mil-Taban Aras\u0131 Mesafe 1130 mm   S\u00fctun \u00c7ap\u0131 180 mm   H\u0131z 50-2000 dev\/dak   Kademe 2 (Varyat\u00f6rl\u00fc Devir Kontrol\u00fc)   Tabla \u00d6l\u00e7\u00fcleri 550x470 mm   T Kanal \u00d6l\u00e7\u00fcleri 2x14 mm   Tablan\u0131n Kendi Etraf\u0131nda D\u00f6nmesi 360\u00b0   Tabla E\u011fimi 45\u00b0   Taban \u00d6l\u00e7\u00fcleri 450x460 mm   Mil Besleme 20-204 mm\/dev (invert\u00f6rl\u00fc)   Makina \u00d6l\u00e7\u00fcleri(UxGxY) 1055x810x2150 mm   Ambalaj \u00d6l\u00e7\u00fcleri 1220x820x2300 mm   Net A\u011f\u0131rl\u0131k 800 Kg   Br\u00fct A\u011f\u0131rl\u0131k 850 Kg","og_url":"https:\/\/cncmakinamarket.com.tr\/en\/product\/craft-mc50-yuksek-verimli-sanzimanli-matkap-tezgahi\/","og_site_name":"CNC Makina Market","article_modified_time":"2023-08-11T13:05:06+00:00","og_image":[{"width":1080,"height":1080,"url":"https:\/\/cncmakinamarket.com.tr\/wp-content\/uploads\/2023\/08\/craft-mc50-matkap-tezgahi-1.jpg","type":"image\/jpeg"}],"twitter_card":"summary_large_image","twitter_misc":{"Est. reading time":"1 minute"},"schema":{"@context":"https:\/\/schema.org","@graph":[{"@type":"WebPage","@id":"https:\/\/cncmakinamarket.com.tr\/product\/craft-mc50-yuksek-verimli-sanzimanli-matkap-tezgahi\/","url":"https:\/\/cncmakinamarket.com.tr\/product\/craft-mc50-yuksek-verimli-sanzimanli-matkap-tezgahi\/","name":"CRAFT MC50 Y\u00fcksek Verimli \u015eanz\u0131manl\u0131 Matkap Tezgah\u0131 - CNC Makina Market","isPartOf":{"@id":"https:\/\/cncmakinamarket.com.tr\/#website"},"datePublished":"2023-08-11T13:05:05+00:00","dateModified":"2023-08-11T13:05:06+00:00","breadcrumb":{"@id":"https:\/\/cncmakinamarket.com.tr\/product\/craft-mc50-yuksek-verimli-sanzimanli-matkap-tezgahi\/#breadcrumb"},"inLanguage":"en-US","potentialAction":[{"@type":"ReadAction","target":["https:\/\/cncmakinamarket.com.tr\/product\/craft-mc50-yuksek-verimli-sanzimanli-matkap-tezgahi\/"]}]},{"@type":"BreadcrumbList","@id":"https:\/\/cncmakinamarket.com.tr\/product\/craft-mc50-yuksek-verimli-sanzimanli-matkap-tezgahi\/#breadcrumb","itemListElement":[{"@type":"ListItem","position":1,"name":"Anasayfa","item":"https:\/\/cncmakinamarket.com.tr\/"},{"@type":"ListItem","position":2,"name":"\u00dcr\u00fcnler","item":"https:\/\/cncmakinamarket.com.tr\/urunler\/"},{"@type":"ListItem","position":3,"name":"CRAFT MC50 Y\u00fcksek Verimli \u015eanz\u0131manl\u0131 Matkap Tezgah\u0131"}]},{"@type":"WebSite","@id":"https:\/\/cncmakinamarket.com.tr\/#website","url":"https:\/\/cncmakinamarket.com.tr\/","name":"CNC Makina Market","description":"","potentialAction":[{"@type":"SearchAction","target":{"@type":"EntryPoint","urlTemplate":"https:\/\/cncmakinamarket.com.tr\/?s={search_term_string}"},"query-input":"required name=search_term_string"}],"inLanguage":"en-US"}]}},"_links":{"self":[{"href":"https:\/\/cncmakinamarket.com.tr\/en\/wp-json\/wp\/v2\/product\/1008"}],"collection":[{"href":"https:\/\/cncmakinamarket.com.tr\/en\/wp-json\/wp\/v2\/product"}],"about":[{"href":"https:\/\/cncmakinamarket.com.tr\/en\/wp-json\/wp\/v2\/types\/product"}],"wp:featuredmedia":[{"embeddable":true,"href":"https:\/\/cncmakinamarket.com.tr\/en\/wp-json\/wp\/v2\/media\/1009"}],"wp:attachment":[{"href":"https:\/\/cncmakinamarket.com.tr\/en\/wp-json\/wp\/v2\/media?parent=1008"}],"wp:term":[{"taxonomy":"product_cat","embeddable":true,"href":"https:\/\/cncmakinamarket.com.tr\/en\/wp-json\/wp\/v2\/product_cat?post=1008"},{"taxonomy":"product_tag","embeddable":true,"href":"https:\/\/cncmakinamarket.com.tr\/en\/wp-json\/wp\/v2\/product_tag?post=1008"}],"curies":[{"name":"wp","href":"https:\/\/api.w.org\/{rel}","templated":true}]}}